{"id":10398,"date":"2021-03-30T21:42:20","date_gmt":"2021-03-30T21:42:20","guid":{"rendered":"https:\/\/54.68.147.74\/~lfs\/cambridge-english\/"},"modified":"2025-07-10T06:23:36","modified_gmt":"2025-07-10T06:23:36","slug":"cambridge-english","status":"publish","type":"page","link":"https:\/\/lfseoul.org\/en\/cambridge-english\/","title":{"rendered":"CAMBRIDGE ENGLISH EXAMS"},"content":{"rendered":"<div class=\"gb-container gb-container-3873c796\"><div class=\"gb-inside-container\">\n\n<p class=\"has-text-color\" style=\"color:#d72335\">Since 2009, Lyc\u00e9e Fran\u00e7ais de S\u00e9oul (LFS) has been a certified examination center for <em>Cambridge Assessment English<\/em> exams for both its own students and external candidates.<\/p>\n\n\n\n<p>Internationally recognized by both higher education and corporate institutions, <em>Cambridge English Qualifications: General English and Higher Education <\/em>exams provide students and adults alike with certified evidence of their proficiency and communication skills in English. <em>Cambridge English Qualifications <\/em>cover <span style=\"color: #de1515;\" data=\"#de1515\" class=\"qubely-text-has-color\">4 examinations based on the age and skills of the candidates<\/span>, with results valid indefinitely. These exams developed and managed by Cambridge Assessment English, a department of the University of Cambridge, are made available worldwide through a network of 2800 examination centers in 130 countries.&nbsp; <\/p>\n\n<\/div><\/div>\n\n<div class=\"gb-container gb-container-508d52a4\"><div class=\"gb-inside-container\">\n\n<h1 class=\"wp-block-heading has-text-align-center has-text-color\" style=\"color:#0f145a\">Practical INFORMATION<\/h1>\n\n\n<div class=\"gb-container gb-container-21c0868d\"><div class=\"gb-inside-container\">\n<div class=\"gb-grid-wrapper gb-grid-wrapper-ca9385e0\">\n<div class=\"gb-grid-column gb-grid-column-00cc8fd7\"><div class=\"gb-container gb-container-00cc8fd7\"><div class=\"gb-inside-container\">\n\n<figure class=\"wp-block-image size-full\"><img loading=\"lazy\" decoding=\"async\" width=\"2560\" height=\"1707\" src=\"https:\/\/lfseoul.org\/wp-content\/uploads\/2024\/11\/R5CC2599-2-scaled.jpg\" alt=\"\" class=\"wp-image-20255\" srcset=\"https:\/\/lfseoul.org\/wp-content\/uploads\/2024\/11\/R5CC2599-2-scaled.jpg 2560w, https:\/\/lfseoul.org\/wp-content\/uploads\/2024\/11\/R5CC2599-2-300x200.jpg 300w, https:\/\/lfseoul.org\/wp-content\/uploads\/2024\/11\/R5CC2599-2-1024x683.jpg 1024w, https:\/\/lfseoul.org\/wp-content\/uploads\/2024\/11\/R5CC2599-2-768x512.jpg 768w, https:\/\/lfseoul.org\/wp-content\/uploads\/2024\/11\/R5CC2599-2-1536x1024.jpg 1536w, https:\/\/lfseoul.org\/wp-content\/uploads\/2024\/11\/R5CC2599-2-2048x1366.jpg 2048w, https:\/\/lfseoul.org\/wp-content\/uploads\/2024\/11\/R5CC2599-2-1200x800.jpg 1200w, https:\/\/lfseoul.org\/wp-content\/uploads\/2024\/11\/R5CC2599-2-10x7.jpg 10w, https:\/\/lfseoul.org\/wp-content\/uploads\/2024\/11\/R5CC2599-2-15x10.jpg 15w, https:\/\/lfseoul.org\/wp-content\/uploads\/2024\/11\/R5CC2599-2-48x32.jpg 48w\" sizes=\"auto, (max-width: 2560px) 100vw, 2560px\" \/><\/figure>\n\n<\/div><\/div><\/div>\n\n<div class=\"gb-grid-column gb-grid-column-68e822b7\"><div class=\"gb-container gb-container-68e822b7\"><div class=\"gb-inside-container\">\n\n<p class=\"has-text-color\" style=\"color:#d72335\">The exam fees are entirely covered by the school for CM2, 3\u00e8me and Terminale students at LFS.&nbsp;&nbsp;<\/p>\n\n\n\n<p>Students from other classes as well as external candidates may register for an exam by completing the online registration form here (LINK) and paying the corresponding exam fee.&nbsp;<\/p>\n\n\n\n<p>All middle and high school students at LFS benefit from training classes organized outside of school hours on Saturday mornings.<\/p>\n\n\n\n<p>Please note that LFS does not provide training classes for external candidates.&nbsp;<\/p>\n\n\n\n<p class=\"has-text-color\" style=\"color:#d72335\">Two exam sessions are organized at LFS:<\/p>\n\n\n\n<ul class=\"wp-block-list\">\n<li>the first one in December : FCE &amp; CAE <\/li>\n\n\n\n<li>the second one in May \/ June : KETfs, PETfs, FCEfs<\/li>\n<\/ul>\n\n\n\n<p class=\"has-text-color\" style=\"color:#d72335\"><\/p>\n\n\n\n<p><\/p>\n\n<\/div><\/div><\/div>\n<\/div>\n<\/div><\/div>\n\n<div class=\"gb-container gb-container-b4d71afc\"><div class=\"gb-inside-container\">\n<div class=\"gb-container gb-container-95e560f4 alignwide\"><div class=\"gb-inside-container\">\n<div class=\"gb-button-wrapper gb-button-wrapper-15130ffa\">\n\n<a class=\"gb-button gb-button-ad19d546 gb-button-text\" href=\"https:\/\/forms.gle\/giw5S9hv4Kei9XqL7\" target=\"_blank\" rel=\"noopener noreferrer\"><strong>REGISTRATION FOR LFS STUDENTS<\/strong><\/a>\n\n\n\n<a class=\"gb-button gb-button-ef68aa20 gb-button-text\" href=\"https:\/\/forms.gle\/WPtpQQeg86rXi1Gq5\" target=\"_blank\" rel=\"noopener noreferrer\"><strong>REGISTRATION FOR EXTERNAL CANDIDATES <\/strong><\/a>\n\n<\/div>\n<\/div><\/div>\n<\/div><\/div>\n<\/div><\/div>\n\n<div class=\"gb-container gb-container-58b8d9af\"><div class=\"gb-inside-container\">\n\n<p class=\"has-text-align-left\">For more information, please contact<\/p>\n\n\n<div class=\"wp-block-image\">\n<figure class=\"aligncenter size-large\"><img loading=\"lazy\" decoding=\"async\" width=\"186\" height=\"120\" src=\"https:\/\/lfseoul.org\/wp-content\/uploads\/2021\/03\/email-icon.jpg\" alt=\"\" class=\"wp-image-8902\" srcset=\"https:\/\/lfseoul.org\/wp-content\/uploads\/2021\/03\/email-icon.jpg 186w, https:\/\/lfseoul.org\/wp-content\/uploads\/2021\/03\/email-icon-10x6.jpg 10w, https:\/\/lfseoul.org\/wp-content\/uploads\/2021\/03\/email-icon-15x10.jpg 15w, https:\/\/lfseoul.org\/wp-content\/uploads\/2021\/03\/email-icon-48x31.jpg 48w\" sizes=\"auto, (max-width: 186px) 100vw, 186px\" \/><\/figure><\/div>\n\n\n<p class=\"gb-headline gb-headline-f83bc444 gb-headline-text\"><strong><strong><strong><strong>LFS <\/strong><\/strong>CAMBRIDGE ENGLISH<\/strong><\/strong> <strong>EXAMS SERVICES<\/strong>  <br><img loading=\"lazy\" decoding=\"async\" width=\"20\" height=\"17\" class=\"wp-image-7332\" style=\"width: 20px;\" src=\"https:\/\/lfseoul.org\/wp-content\/uploads\/2021\/02\/mail-icon-blue.png\" alt=\"\" srcset=\"https:\/\/lfseoul.org\/wp-content\/uploads\/2021\/02\/mail-icon-blue.png 96w, https:\/\/lfseoul.org\/wp-content\/uploads\/2021\/02\/mail-icon-blue-10x8.png 10w, https:\/\/lfseoul.org\/wp-content\/uploads\/2021\/02\/mail-icon-blue-15x13.png 15w, https:\/\/lfseoul.org\/wp-content\/uploads\/2021\/02\/mail-icon-blue-48x41.png 48w\" sizes=\"auto, (max-width: 20px) 100vw, 20px\" \/> <a href=\"mailto:finance@lfseoul.org\" class=\"rank-math-link\">examinations@lfseoul.org<\/a><a href=\"examinations@lfseoul.org\" class=\"rank-math-link\"> <\/a> <\/p>\n\n<\/div><\/div>\n\n<div class=\"gb-container gb-container-5daf6756\"><div class=\"gb-inside-container\">\n\n<h1 class=\"wp-block-heading has-text-align-center has-text-color\" style=\"color:#0f145a\"><strong><strong>DIFFERENT EXAMS FOR DIFFERENT LANGUAGE LEVELS&nbsp;<\/strong><\/strong><\/h1>\n\n\n<div class=\"gb-container gb-container-e5991482 animated fadeInRight\"><div class=\"gb-inside-container\">\n<div class=\"gb-grid-wrapper gb-grid-wrapper-01aa7da3\">\n<div class=\"gb-grid-column gb-grid-column-923dca97\"><div class=\"gb-container gb-container-923dca97\"><div class=\"gb-inside-container\">\n\n<h3 class=\"wp-block-heading has-text-align-center has-text-color\" style=\"color:#d72335;font-size:100px\">A2<\/h3>\n\n<\/div><\/div><\/div>\n\n<div class=\"gb-grid-column gb-grid-column-929423be\"><div class=\"gb-container gb-container-929423be\"><div class=\"gb-inside-container\">\n\n<h1 class=\"wp-block-heading has-text-color has-medium-font-size\" style=\"color:#d72335\"><strong><strong>A2 KEY for Schools (KETfs)<\/strong><\/strong><\/h1>\n\n\n\n<p>As the first level in Cambridge exams, A2 Key certifies a student has the basic knowledge of English required for communication in everyday life. The A2 level is expected in 6\u00e8me.&nbsp;<\/p>\n\n\n\n<p class=\"has-text-color\" style=\"color:#d72335\">Exam format :&nbsp;<\/p>\n\n\n\n<ul class=\"wp-block-list\">\n<li>Reading and Writing: 1 hour&nbsp;<\/li>\n\n\n\n<li>Listening: about 30 minutes&nbsp;<\/li>\n\n\n\n<li>Speaking: 8 to 10 minutes per pair of candidates<\/li>\n<\/ul>\n\n\n\n<p class=\"has-text-color\" style=\"color:#d72335\">KET for schools (A2) for LFS and external students:&nbsp;<\/p>\n\n\n\n<ul class=\"wp-block-list\">\n<li>Exam date : <strong>May 23, 2026<\/strong><\/li>\n\n\n\n<li>Registration deadline : <strong>March 14, 2026<\/strong><\/li>\n\n\n\n<li>Fee : 150 000 KRW<\/li>\n<\/ul>\n\n<\/div><\/div><\/div>\n<\/div>\n<\/div><\/div>\n\n<div class=\"gb-container gb-container-dc279ea0\"><div class=\"gb-inside-container\">\n<div class=\"gb-grid-wrapper gb-grid-wrapper-db6d4626 animated fadeInRight\">\n<div class=\"gb-grid-column gb-grid-column-4675c9dd\"><div class=\"gb-container gb-container-4675c9dd\"><div class=\"gb-inside-container\">\n\n<h3 class=\"wp-block-heading has-text-align-center has-text-color\" style=\"color:#d72335;font-size:100px\">B1<\/h3>\n\n<\/div><\/div><\/div>\n\n<div class=\"gb-grid-column gb-grid-column-8060662d\"><div class=\"gb-container gb-container-8060662d\"><div class=\"gb-inside-container\">\n\n<h1 class=\"wp-block-heading has-text-color has-medium-font-size\" style=\"color:#d72335\">B1 PRELIMINARY for Schools (PETfs) <\/h1>\n\n\n\n<p>The second qualification B1 Preliminary corresponds to an intermediate level in English and tests the candidates&#8217; ability to handle written and oral communications in everyday life. The B1 level is expected at the end of middle school.<\/p>\n\n\n\n<p class=\"has-text-color\" style=\"color:#d72335\">Exam format:<\/p>\n\n\n\n<ul class=\"wp-block-list\">\n<li>Reading: 45 minutes&nbsp;<\/li>\n\n\n\n<li>Writing: 45 minutes&nbsp;&nbsp;<\/li>\n\n\n\n<li>Listening: about 30 minutes&nbsp;<\/li>\n\n\n\n<li>Speaking: 12 &#8211; 17 minutes per pair of candidates<\/li>\n<\/ul>\n\n\n\n<p class=\"has-text-color\" style=\"color:#d72335\">Preliminary for schools (B1) for LFS and external students: <\/p>\n\n\n\n<ul id=\"block-f846b8e0-66f4-4639-a3c9-fb3ccee8bf77\" class=\"wp-block-list\">\n<li>Exam date : <strong>May 23, 2026<\/strong><\/li>\n\n\n\n<li>Registration deadline : <strong>March 14, 2026<\/strong><\/li>\n\n\n\n<li>Fee : 190 000 KRW<\/li>\n<\/ul>\n\n<\/div><\/div><\/div>\n<\/div>\n\n<div class=\"gb-grid-wrapper gb-grid-wrapper-0cfac2fb animated fadeInRight\">\n<div class=\"gb-grid-column gb-grid-column-19702ffc\"><div class=\"gb-container gb-container-19702ffc\"><div class=\"gb-inside-container\">\n\n<h3 class=\"wp-block-heading has-text-align-center has-text-color\" style=\"color:#d72335;font-size:100px\">B2<\/h3>\n\n<\/div><\/div><\/div>\n\n<div class=\"gb-grid-column gb-grid-column-b2bbf527\"><div class=\"gb-container gb-container-b2bbf527\"><div class=\"gb-inside-container\">\n\n<h1 class=\"wp-block-heading has-text-color has-medium-font-size\" style=\"color:#d72335\"><strong>B2 FIRST (FCE)<\/strong><\/h1>\n\n\n\n<p>B2 First is an upper intermediate language qualification for those who wish to communicate fluently and work or study in an English-speaking country. The B2 level is expected at the end of Terminale.&nbsp;<\/p>\n\n\n\n<p class=\"has-text-color\" style=\"color:#d72335\">Exam format:<\/p>\n\n\n\n<ul class=\"wp-block-list\">\n<li>Reading and Use of English: 1 hour 15 minutes&nbsp;<\/li>\n\n\n\n<li>Writing: 1 hour 20 minutes&nbsp;<\/li>\n\n\n\n<li>Listening: about 40 minutes&nbsp;<\/li>\n\n\n\n<li>Speaking: 14 minutes per pair of candidates<\/li>\n<\/ul>\n\n\n\n<p>LFS organizes two exam sessions for this qualification:&nbsp;<\/p>\n\n\n\n<p class=\"has-text-color\" style=\"color:#d72335\">1- FCE for schools (B2) for LFS and external students:<\/p>\n\n\n\n<ul id=\"block-f846b8e0-66f4-4639-a3c9-fb3ccee8bf77\" class=\"wp-block-list\">\n<li>Exam date : <strong>May 30, 2026<\/strong><\/li>\n\n\n\n<li>Registration deadline : <strong>March 14, 2026<\/strong><\/li>\n\n\n\n<li>Fee : 250 000 KRW<\/li>\n<\/ul>\n\n\n\n<p class=\"has-text-color\" style=\"color:#d72335\">2- FCE (B2) for LFS and external students aged 14+ as well as adults:<\/p>\n\n\n\n<ul id=\"block-f846b8e0-66f4-4639-a3c9-fb3ccee8bf77\" class=\"wp-block-list\">\n<li>Exam date : <strong>December 13, 2025<\/strong><\/li>\n\n\n\n<li>Registration deadline : <strong>October 19, 2025<\/strong><\/li>\n\n\n\n<li>Fee : 250 000 KRW<\/li>\n<\/ul>\n\n<\/div><\/div><\/div>\n<\/div>\n\n<div class=\"gb-grid-wrapper gb-grid-wrapper-96631861 animated fadeInRight\">\n<div class=\"gb-grid-column gb-grid-column-8e466417\"><div class=\"gb-container gb-container-8e466417\"><div class=\"gb-inside-container\">\n\n<h3 class=\"wp-block-heading has-text-align-center has-text-color\" style=\"color:#d72335;font-size:100px\">C1<\/h3>\n\n<\/div><\/div><\/div>\n\n<div class=\"gb-grid-column gb-grid-column-5656322c\"><div class=\"gb-container gb-container-5656322c\"><div class=\"gb-inside-container\">\n\n<h1 class=\"wp-block-heading has-text-color has-medium-font-size\" style=\"color:#d72335\"><strong><strong>C1 Advanced (CAE) <\/strong><\/strong><\/h1>\n\n\n\n<p>C1 Advanced is for effective and flexible language users who are able to grasp the implicit meaning of long and demanding texts, express themselves with ease and confidence and tackle complex subjects in a clear, structured and detailed manner.<\/p>\n\n\n\n<p class=\"has-text-color\" style=\"color:#d72335\">Exam format:<\/p>\n\n\n\n<ul class=\"wp-block-list\">\n<li>Reading and Use of English: 1 hour 30 minutes&nbsp;<\/li>\n\n\n\n<li>Writing: 1 hour 30 minutes&nbsp;<\/li>\n\n\n\n<li>Listening: about 40 minutes&nbsp;<\/li>\n\n\n\n<li>Speaking: 15 minutes per pair of candidates<\/li>\n<\/ul>\n\n\n\n<p class=\"has-text-color\" style=\"color:#d72335\">CAE (C1) for LFS and external students aged 16+ as well as adults: <\/p>\n\n\n\n<ul id=\"block-f846b8e0-66f4-4639-a3c9-fb3ccee8bf77\" class=\"wp-block-list\">\n<li>Exam date : <strong>December 6, 2025<\/strong><\/li>\n\n\n\n<li>Registration deadline : <strong>October 12, 2025<\/strong><\/li>\n\n\n\n<li>Fee : 300 000 KRW<\/li>\n<\/ul>\n\n<\/div><\/div><\/div>\n<\/div>\n<\/div><\/div>\n<\/div><\/div>\n\n<div class=\"gb-container gb-container-86ff5084\"><div class=\"gb-inside-container\">\n<div class=\"gb-grid-wrapper gb-grid-wrapper-17e3a3bc\">\n<div class=\"gb-grid-column gb-grid-column-7e397e2f\"><div class=\"gb-container gb-container-7e397e2f\"><div class=\"gb-inside-container\">\n\n<p class=\"gb-headline gb-headline-ee8af7eb\"><span class=\"gb-icon\"><svg xmlns=\"http:\/\/www.w3.org\/2000\/svg\" viewBox=\"0 0 384 512\" width=\"1em\" height=\"1em\" aria-hidden=\"true\"><path d=\"M97.12 362.63c-8.69-8.69-4.16-6.24-25.12-11.85-9.51-2.55-17.87-7.45-25.43-13.32L1.2 448.7c-4.39 10.77 3.81 22.47 15.43 22.03l52.69-2.01L105.56 507c8 8.44 22.04 5.81 26.43-4.96l52.05-127.62c-10.84 6.04-22.87 9.58-35.31 9.58-19.5 0-37.82-7.59-51.61-21.37zM382.8 448.7l-45.37-111.24c-7.56 5.88-15.92 10.77-25.43 13.32-21.07 5.64-16.45 3.18-25.12 11.85-13.79 13.78-32.12 21.37-51.62 21.37-12.44 0-24.47-3.55-35.31-9.58L252 502.04c4.39 10.77 18.44 13.4 26.43 4.96l36.25-38.28 52.69 2.01c11.62.44 19.82-11.27 15.43-22.03zM263 340c15.28-15.55 17.03-14.21 38.79-20.14 13.89-3.79 24.75-14.84 28.47-28.98 7.48-28.4 5.54-24.97 25.95-45.75 10.17-10.35 14.14-25.44 10.42-39.58-7.47-28.38-7.48-24.42 0-52.83 3.72-14.14-.25-29.23-10.42-39.58-20.41-20.78-18.47-17.36-25.95-45.75-3.72-14.14-14.58-25.19-28.47-28.98-27.88-7.61-24.52-5.62-44.95-26.41-10.17-10.35-25-14.4-38.89-10.61-27.87 7.6-23.98 7.61-51.9 0-13.89-3.79-28.72.25-38.89 10.61-20.41 20.78-17.05 18.8-44.94 26.41-13.89 3.79-24.75 14.84-28.47 28.98-7.47 28.39-5.54 24.97-25.95 45.75-10.17 10.35-14.15 25.44-10.42 39.58 7.47 28.36 7.48 24.4 0 52.82-3.72 14.14.25 29.23 10.42 39.59 20.41 20.78 18.47 17.35 25.95 45.75 3.72 14.14 14.58 25.19 28.47 28.98C104.6 325.96 106.27 325 121 340c13.23 13.47 33.84 15.88 49.74 5.82a39.676 39.676 0 0 1 42.53 0c15.89 10.06 36.5 7.65 49.73-5.82zM97.66 175.96c0-53.03 42.24-96.02 94.34-96.02s94.34 42.99 94.34 96.02-42.24 96.02-94.34 96.02-94.34-42.99-94.34-96.02z\" fill=\"currentColor\"><\/path><\/svg><\/span><span class=\"gb-headline-text\"><strong>For an accredited French education, <\/strong><br><strong>offering multilingual pathways<\/strong><\/span><\/p>\n\n<\/div><\/div><\/div>\n<\/div>\n\n<div class=\"gb-button-wrapper gb-button-wrapper-85abd2b2\">\n\n<a class=\"gb-button gb-button-fe840f80 gb-button-text\" href=\"https:\/\/lfseoul.org\/en\/apply\/\" target=\"_blank\" rel=\"noopener noreferrer\">APPLY NOW<\/a>\n\n<\/div>\n<\/div><\/div>","protected":false},"excerpt":{"rendered":"<p>Since 2009, Lyc\u00e9e Fran\u00e7ais de S\u00e9oul (LFS) has been a certified examination center for Cambridge Assessment English exams for both its own students and external candidates. Internationally recognized by both higher education and corporate institutions, Cambridge English Qualifications: General English &#8230; <\/p>\n<p class=\"read-more-container\"><a title=\"CAMBRIDGE ENGLISH EXAMS\" class=\"read-more button\" href=\"https:\/\/lfseoul.org\/en\/cambridge-english\/#more-10398\" aria-label=\"Read more about CAMBRIDGE ENGLISH EXAMS\">En savoir plus<\/a><\/p>\n","protected":false},"author":4,"featured_media":20250,"parent":0,"menu_order":0,"comment_status":"closed","ping_status":"closed","template":"","meta":{"qubely_global_settings":"","qubely_interactions":"","inline_featured_image":false,"footnotes":""},"class_list":{"0":"post-10398","1":"page","2":"type-page","3":"status-publish","4":"has-post-thumbnail","6":"infinite-scroll-item","7":"resize-featured-image"},"_links":{"self":[{"href":"https:\/\/lfseoul.org\/en\/wp-json\/wp\/v2\/pages\/10398","targetHints":{"allow":["GET"]}}],"collection":[{"href":"https:\/\/lfseoul.org\/en\/wp-json\/wp\/v2\/pages"}],"about":[{"href":"https:\/\/lfseoul.org\/en\/wp-json\/wp\/v2\/types\/page"}],"author":[{"embeddable":true,"href":"https:\/\/lfseoul.org\/en\/wp-json\/wp\/v2\/users\/4"}],"replies":[{"embeddable":true,"href":"https:\/\/lfseoul.org\/en\/wp-json\/wp\/v2\/comments?post=10398"}],"version-history":[{"count":18,"href":"https:\/\/lfseoul.org\/en\/wp-json\/wp\/v2\/pages\/10398\/revisions"}],"predecessor-version":[{"id":21254,"href":"https:\/\/lfseoul.org\/en\/wp-json\/wp\/v2\/pages\/10398\/revisions\/21254"}],"wp:featuredmedia":[{"embeddable":true,"href":"https:\/\/lfseoul.org\/en\/wp-json\/wp\/v2\/media\/20250"}],"wp:attachment":[{"href":"https:\/\/lfseoul.org\/en\/wp-json\/wp\/v2\/media?parent=10398"}],"curies":[{"name":"wp","href":"https:\/\/api.w.org\/{rel}","templated":true}]}}