{"id":10405,"date":"2021-03-30T22:08:04","date_gmt":"2021-03-30T22:08:04","guid":{"rendered":"https:\/\/54.68.147.74\/~lfs\/parents-volontaires\/"},"modified":"2025-11-18T07:03:55","modified_gmt":"2025-11-18T07:03:55","slug":"parent-volunteers","status":"publish","type":"page","link":"https:\/\/lfseoul.org\/en\/parent-volunteers\/","title":{"rendered":"PARENT VOLUNTEERS"},"content":{"rendered":"<div class=\"gb-container gb-container-d08d25ea\"><div class=\"gb-inside-container\">\n\n<p>Lyc\u00e9e Fran\u00e7ais de S\u00e9oul&nbsp; (LFS) offers many opportunities for parents to play an active role in the school&#8217;s community, governing bodies and educational projects.&nbsp;<\/p>\n\n\n\n<p>Feel free to contact us for further information:<\/p>\n\n<\/div><\/div>\n\n<div class=\"gb-container gb-container-0c38f7b1\"><div class=\"gb-inside-container\">\n<div class=\"gb-container gb-container-ba6d0f87\"><div class=\"gb-inside-container\">\n<div class=\"wp-block-image\">\n<figure class=\"aligncenter size-large is-resized\"><img loading=\"lazy\" decoding=\"async\" width=\"186\" height=\"120\" src=\"https:\/\/lfseoul.org\/wp-content\/uploads\/2021\/03\/email-icon.jpg\" alt=\"\" class=\"wp-image-8903\" style=\"width:186px;height:120px\" srcset=\"https:\/\/lfseoul.org\/wp-content\/uploads\/2021\/03\/email-icon.jpg 186w, https:\/\/lfseoul.org\/wp-content\/uploads\/2021\/03\/email-icon-10x6.jpg 10w, https:\/\/lfseoul.org\/wp-content\/uploads\/2021\/03\/email-icon-15x10.jpg 15w, https:\/\/lfseoul.org\/wp-content\/uploads\/2021\/03\/email-icon-48x31.jpg 48w\" sizes=\"auto, (max-width: 186px) 100vw, 186px\" \/><\/figure><\/div>\n<\/div><\/div>\n\n<div class=\"gb-grid-wrapper gb-grid-wrapper-da4627f1\">\n<div class=\"gb-grid-column gb-grid-column-84c7466f\"><div class=\"gb-container gb-container-84c7466f\"><div class=\"gb-inside-container\">\n\n<p class=\"gb-headline gb-headline-e26b7db0 gb-headline-text\"><strong><strong><strong>LFS Secretary<\/strong><\/strong><\/strong><\/p>\n\n\n\n<h3 class=\"wp-block-heading has-text-align-center has-text-color has-normal-font-size\" id=\"block-6f3ddfe1-f2e4-41b7-a76f-7f41f8df6722\" style=\"color:#0f145a\"><img loading=\"lazy\" decoding=\"async\" width=\"20\" height=\"17\" class=\"wp-image-7333\" style=\"width: 20px;\" src=\"https:\/\/lfseoul.org\/wp-content\/uploads\/2021\/02\/mail-icon-blue.png\" alt=\"\" srcset=\"https:\/\/lfseoul.org\/wp-content\/uploads\/2021\/02\/mail-icon-blue.png 96w, https:\/\/lfseoul.org\/wp-content\/uploads\/2021\/02\/mail-icon-blue-10x8.png 10w, https:\/\/lfseoul.org\/wp-content\/uploads\/2021\/02\/mail-icon-blue-15x13.png 15w, https:\/\/lfseoul.org\/wp-content\/uploads\/2021\/02\/mail-icon-blue-48x41.png 48w\" sizes=\"auto, (max-width: 20px) 100vw, 20px\" \/><a href=\"mailto:Secretariat@lfseoul.org\" class=\"rank-math-link\">Secretariat@lfseoul.org<\/a><br><img decoding=\"async\" class=\"wp-image-7444\" style=\"width: 20px;\" src=\"https:\/\/lfseoul.org\/wp-content\/uploads\/2021\/02\/call-icon.png\" alt=\"\"><a href=\"tel:02-535-1158\" class=\"rank-math-link\">02 535 1158<\/a><\/h3>\n\n<\/div><\/div><\/div>\n<\/div>\n<\/div><\/div>\n\n<div class=\"gb-container gb-container-574af366\"><div class=\"gb-inside-container\">\n<div class=\"gb-grid-wrapper gb-grid-wrapper-833e90d8\">\n<div class=\"gb-grid-column gb-grid-column-1139f842\"><div class=\"gb-container gb-container-1139f842\"><div class=\"gb-inside-container\">\n\n<h1 class=\"wp-block-heading has-text-color has-medium-font-size\" style=\"color:#d72335\">INSTITUTIONAL engagement<\/h1>\n\n\n\n<div style=\"height:30px\" aria-hidden=\"true\" class=\"wp-block-spacer\"><\/div>\n\n\n\n<p>The participation of parents in the following governing bodies is an integral part of <a href=\"https:\/\/lfseoul.org\/en\/governance\/\" target=\"_blank\" data-type=\"page\" data-id=\"9602\" rel=\"noreferrer noopener\">school operation<\/a>:&nbsp;<\/p>\n\n\n\n<ul class=\"wp-block-list animated fadeInDown\">\n<li>Parents elected to the <span style=\"color: #de1515;\" data=\"#de1515\" class=\"qubely-text-has-color\">Board of the Parents&#8217; Association (APE)<\/span> who sit on the Management Board (Conseil de gestion). To contact an APE member please send an email at <a href=\"mailto:ape@lfseoul.org\" target=\"_blank\" rel=\"noreferrer noopener\">ape@lfseoul.org<\/a>&nbsp;<\/li>\n\n\n\n<li>Parent representatives elected to sit on the <span style=\"color: #de1515;\" data=\"#de1515\" class=\"qubely-text-has-color\">LFS Council (Conseil d\u2019\u00e9tablissement)<\/span><em>. <\/em>High school parent representatives are also members of several commissions in the fields of school discipline, education, health and citizenship education, catering and field trips<\/li>\n\n\n\n<li>Parent representatives elected to the <span style=\"color: #de1515;\" data=\"#de1515\" class=\"qubely-text-has-color\">Primary School Council (Conseil d\u2019\u00e9cole)<\/span>, acting as a liaison between the parents of the class and the teacher, and sitting on the Primary School Council. To be a parent delegate, please apply at the beginning of October at<a href=\"mailto:secretariat@lfseoul.org\"> secretariat@lfseoul.org<\/a><\/li>\n\n\n\n<li>parent representatives who are class delegates of each high school class, sitting on <span style=\"color: #de1515;\" data=\"#de1515\" class=\"qubely-text-has-color\">class councils (conseils de classe)<\/span> and acting as a liaison between the school and other parents of the class and the teacher. To become a parent delegate, please apply at the beginning of October at<strong> <\/strong><a class=\"rank-math-link\" href=\"mailto:cpe@lfseoul.org\">cpe@lfseoul.org<\/a><\/li>\n<\/ul>\n\n<\/div><\/div><\/div>\n\n<div class=\"gb-grid-column gb-grid-column-49f95900\"><div class=\"gb-container gb-container-49f95900\"><div class=\"gb-inside-container\">\n\n<h2 class=\"wp-block-heading has-text-color has-medium-font-size\" id=\"block-8a81201d-71fc-4b2e-a5fe-a5a0f9c9bc0d\" style=\"color:#d72335\"><strong>EDUCATIONAL ENGAGEMENT<\/strong><\/h2>\n\n\n\n<div style=\"height:30px\" aria-hidden=\"true\" class=\"wp-block-spacer\"><\/div>\n\n\n\n<p>Parents of the students can participate in the life of the school on a more ad hoc basis:supervision of students during school outings or field trips<\/p>\n\n\n\n<ul class=\"wp-block-list animated fadeInDown\">\n<li><span style=\"color: #de1515;\" data=\"#de1515\" class=\"qubely-text-has-color\">supervision<\/span> of students during school outings or field trips<\/li>\n\n\n\n<li>speaking at career fairs and sharing experiences with students as promoted by the &#8220;<span style=\"color: #de1515;\" data=\"#de1515\" class=\"qubely-text-has-color\">Citizen Volunteers<\/span>&#8221; program of the French National Education<\/li>\n\n\n\n<li>participation in <span style=\"color: #de1515;\" data=\"#de1515\" class=\"qubely-text-has-color\">educational and festive activities<\/span> such as the Christmas party and the end-of-year fair in primary school<\/li>\n\n\n\n<li>becoming a member of the <span style=\"color: #de1515;\" data=\"#de1515\" class=\"qubely-text-has-color\">Parents&#8217; Association (APE) Welcome Committee<\/span> to assist new parents. Click<a href=\"https:\/\/lfseoul.org\/wp-content\/uploads\/2022\/06\/Livret-Septembre-2022-2023-v1.pdf\" target=\"_blank\" rel=\"noreferrer noopener\"> <\/a>the button below for the 2023-2024 Welcome Committee\u2019s leaflet and contact details.<\/li>\n<\/ul>\n\n\n\n<div class=\"wp-block-qubely-button qubely-block-9058c1\"><div class=\"qubely-block-btn-wrapper \"><div class=\"qubely-block-btn\"><a class=\"qubely-block-btn-anchor is-large\" href=\"https:\/\/lfseoul.org\/wp-content\/uploads\/2025\/11\/WC-Leaflet-Final-8.7.25_compressed.pdf\" target=\"_blank\" rel=\"noopener noreferrer\">2025-2026 APE WELCOME COMMITTEE LEAFLET<\/a><\/div><\/div><\/div>\n\n<\/div><\/div><\/div>\n<\/div>\n<\/div><\/div>\n\n<div class=\"gb-container gb-container-76af44f5\"><div class=\"gb-inside-container\">\n\n<h1 class=\"wp-block-heading has-text-align-center has-text-color\" style=\"color:#0f145a\">TESTIMONIAL<\/h1>\n\n<\/div><\/div>\n\n\n<div class=\"wp-block-qubely-testimonial qubely-block-9b64b1 animated fadeInDown\"><div class=\"qubely-block-testimonial \"><div class=\"qubely-testimonial-content\"><div><em>The co-management between parents-LFS is a crucial asset that contributes to the well-being of the community and the success of the school\u2019s organization. Being a member of the APE allowed me to better understand the challenges of the LFS, promote exchanges between parents and the school and use my project management skills to help the LFS team.<br><\/em><\/div><\/div><div class=\"qubely-testimonial-ratings\" style=\"--qubely-testimonial-rating:90%\"><\/div><div class=\"qubely-testimonial-author\"><div class=\"qubely-testimonial-avatar-layout-left\"><img decoding=\"async\" class=\"qubely-testimonial-avatar\" src=\"https:\/\/lfseoul.org\/wp-content\/uploads\/2021\/03\/Jessica-1.jpg\" srcset=\"\" alt=\"\"\/><div class=\"qubely-testimonial-author-info\"><div class=\"qubely-testimonial-author-name\"><span><em>Jessica Diaw<\/em><\/span><\/div><div class=\"qubely-testimonial-author-designation\"><span><em><em>Vice-President of the APE and <\/em><\/em><br><em><em>the Communication and Marketing Committee member<\/em> <\/em><\/span><\/div><\/div><\/div><\/div><\/div><\/div>\n\n\n\n<p><\/p>\n","protected":false},"excerpt":{"rendered":"<p>Lyc\u00e9e Fran\u00e7ais de S\u00e9oul&nbsp; (LFS) offers many opportunities for parents to play an active role in the school&#8217;s community, governing bodies and educational projects.&nbsp; Feel free to contact us for further information: TESTIMONIAL<\/p>\n","protected":false},"author":4,"featured_media":18432,"parent":0,"menu_order":0,"comment_status":"closed","ping_status":"closed","template":"","meta":{"qubely_global_settings":"","qubely_interactions":"","inline_featured_image":false,"footnotes":""},"class_list":{"0":"post-10405","1":"page","2":"type-page","3":"status-publish","4":"has-post-thumbnail","6":"infinite-scroll-item","7":"resize-featured-image"},"_links":{"self":[{"href":"https:\/\/lfseoul.org\/en\/wp-json\/wp\/v2\/pages\/10405","targetHints":{"allow":["GET"]}}],"collection":[{"href":"https:\/\/lfseoul.org\/en\/wp-json\/wp\/v2\/pages"}],"about":[{"href":"https:\/\/lfseoul.org\/en\/wp-json\/wp\/v2\/types\/page"}],"author":[{"embeddable":true,"href":"https:\/\/lfseoul.org\/en\/wp-json\/wp\/v2\/users\/4"}],"replies":[{"embeddable":true,"href":"https:\/\/lfseoul.org\/en\/wp-json\/wp\/v2\/comments?post=10405"}],"version-history":[{"count":11,"href":"https:\/\/lfseoul.org\/en\/wp-json\/wp\/v2\/pages\/10405\/revisions"}],"predecessor-version":[{"id":21574,"href":"https:\/\/lfseoul.org\/en\/wp-json\/wp\/v2\/pages\/10405\/revisions\/21574"}],"wp:featuredmedia":[{"embeddable":true,"href":"https:\/\/lfseoul.org\/en\/wp-json\/wp\/v2\/media\/18432"}],"wp:attachment":[{"href":"https:\/\/lfseoul.org\/en\/wp-json\/wp\/v2\/media?parent=10405"}],"curies":[{"name":"wp","href":"https:\/\/api.w.org\/{rel}","templated":true}]}}