{"id":10409,"date":"2021-03-30T22:10:10","date_gmt":"2021-03-30T22:10:10","guid":{"rendered":"https:\/\/54.68.147.74\/~lfs\/rejoignez-nous\/"},"modified":"2025-11-18T02:03:01","modified_gmt":"2025-11-18T02:03:01","slug":"join-us","status":"publish","type":"page","link":"https:\/\/lfseoul.org\/en\/join-us\/","title":{"rendered":"JOIN US"},"content":{"rendered":"\n<style>\n.site-content {\n    display: block !important;\n}\n<\/style>\n\n\n<div class=\"gb-container gb-container-11cc4cd4\"><div class=\"gb-inside-container\">\n\n<p>Le Lyc\u00e9e Fran\u00e7ais de S\u00e9oul (LFS) welcomes <span style=\"color: #d72335;\" data=\"#d72335\" class=\"qubely-text-has-color\">students from 3 to 18 years old<\/span> of all nationalities. Open Houses are held throughout the year and campus tours are offered by appointment. <\/p>\n\n\n\n<p><\/p>\n\n\n\n<p>Our admissions team is available to answer your questions and assist you with the registration process via our online platform <a href=\"https:\/\/lfseoul.eduka.school\" target=\"_blank\" rel=\"noreferrer noopener\">Eduka<\/a>. Join our French, Korean and international community and give your child an international Frencheducation in just a few clicks!<\/p>\n\n<\/div><\/div>\n\n<div class=\"gb-container gb-container-f35a94d1\"><div class=\"gb-inside-container\">\n<div class=\"gb-container gb-container-c45e8906\"><div class=\"gb-inside-container\">\n\n<h2 class=\"gb-headline gb-headline-c8f04c1c gb-headline-text\">VISIT OUR SCHOOL ALL YEAR LONG!<\/h2>\n\n<\/div><\/div>\n\n<div class=\"gb-container gb-container-d2ae5d47\"><div class=\"gb-inside-container\">\n<div class=\"gb-grid-wrapper gb-grid-wrapper-302b5f40\">\n<div class=\"gb-grid-column gb-grid-column-742ab63b\"><div class=\"gb-container gb-container-742ab63b\">\n\n<figure class=\"wp-block-image size-large is-resized\"><img loading=\"lazy\" decoding=\"async\" width=\"1024\" height=\"682\" src=\"https:\/\/lfseoul.org\/wp-content\/uploads\/2025\/11\/20190419_LFSEOUL_0544_FINAL_compressed-1024x682.jpg\" alt=\"\" class=\"wp-image-21472\" style=\"aspect-ratio:1.501466275659824;width:611px;height:auto\" srcset=\"https:\/\/lfseoul.org\/wp-content\/uploads\/2025\/11\/20190419_LFSEOUL_0544_FINAL_compressed-1024x682.jpg 1024w, https:\/\/lfseoul.org\/wp-content\/uploads\/2025\/11\/20190419_LFSEOUL_0544_FINAL_compressed-300x200.jpg 300w, https:\/\/lfseoul.org\/wp-content\/uploads\/2025\/11\/20190419_LFSEOUL_0544_FINAL_compressed-768x512.jpg 768w, https:\/\/lfseoul.org\/wp-content\/uploads\/2025\/11\/20190419_LFSEOUL_0544_FINAL_compressed-1536x1024.jpg 1536w, https:\/\/lfseoul.org\/wp-content\/uploads\/2025\/11\/20190419_LFSEOUL_0544_FINAL_compressed-1200x800.jpg 1200w, https:\/\/lfseoul.org\/wp-content\/uploads\/2025\/11\/20190419_LFSEOUL_0544_FINAL_compressed-10x7.jpg 10w, https:\/\/lfseoul.org\/wp-content\/uploads\/2025\/11\/20190419_LFSEOUL_0544_FINAL_compressed-15x10.jpg 15w, https:\/\/lfseoul.org\/wp-content\/uploads\/2025\/11\/20190419_LFSEOUL_0544_FINAL_compressed-48x32.jpg 48w, https:\/\/lfseoul.org\/wp-content\/uploads\/2025\/11\/20190419_LFSEOUL_0544_FINAL_compressed.jpg 2000w\" sizes=\"auto, (max-width: 1024px) 100vw, 1024px\" \/><\/figure>\n\n<\/div><\/div>\n\n<div class=\"gb-grid-column gb-grid-column-6fe37178\"><div class=\"gb-container gb-container-6fe37178\"><div class=\"gb-inside-container\">\n\n<p>LFS regularly organizes <span style=\"color: #d72335;\" data=\"#d72335\" class=\"qubely-text-has-color\">Open Houses,<\/span> available only by online reservation, to all families interested in the French education.&nbsp;&nbsp;<\/p>\n\n\n\n<p>You will learn about our unique pedagogical system , our language pathways and our Bridge Class for non-French speaking students. You will also have the opportunity to visit the classrooms and various school facilities, to find out more about our extracurricular activities and services, and to ask any questions you may have.<\/p>\n\n\n\n<p><\/p>\n\n\n\n<p><a href=\"https:\/\/lfseoul.org\/en\/visiting-lfs\/\" target=\"_blank\" data-type=\"link\" data-id=\"https:\/\/lfseoul.org\/en\/visiting-lfs\/\" rel=\"noreferrer noopener\">Learn more about our Open Houses<\/a><\/p>\n\n<\/div><\/div><\/div>\n<\/div>\n<\/div><\/div>\n<\/div><\/div>\n\n<div class=\"gb-container gb-container-8cd2ddf9\"><div class=\"gb-inside-container\">\n<div class=\"gb-container gb-container-8649343d\"><div class=\"gb-inside-container\">\n\n<h2 class=\"gb-headline gb-headline-2b4538d0 gb-headline-text\"><strong>QUICK AND EASY ENROLLMENT PROCESS<\/strong><\/h2>\n\n<\/div><\/div>\n\n<div class=\"gb-container gb-container-b52747c9\"><div class=\"gb-inside-container\">\n<div class=\"gb-grid-wrapper gb-grid-wrapper-33063861\">\n<div class=\"gb-grid-column gb-grid-column-a525a753\"><div class=\"gb-container gb-container-a525a753\"><div class=\"gb-inside-container\">\n\n<p>The LFS registration is a simple process found online via the <a href=\"https:\/\/lfseoul.eduka.school\" target=\"_blank\" rel=\"noreferrer noopener\">Eduka<\/a> platform&nbsp; and requires only a few minutes.&nbsp;<\/p>\n\n\n\n<p>Once you have consulted the admission requirements and checked the class that your child will be enrolled, simply follow the registration steps.<\/p>\n\n\n\n<p>The Admissions Team is available to assist you throughout the registration process.<\/p>\n\n\n\n<p><a href=\"https:\/\/lfseoul.org\/en\/apply\/\" target=\"_blank\" rel=\"noreferrer noopener\">More <\/a><a href=\"https:\/\/lfseoul.org\/en\/apply\/\" data-type=\"link\" data-id=\"https:\/\/lfseoul.org\/en\/apply\/\">details on admission requirements and steps<\/a><\/p>\n\n<\/div><\/div><\/div>\n\n<div class=\"gb-grid-column gb-grid-column-4d8f4f23\"><div class=\"gb-container gb-container-4d8f4f23\"><div class=\"gb-inside-container\"><\/div><\/div><\/div>\n<\/div>\n<\/div><\/div>\n<\/div><\/div>\n\n<div class=\"gb-container gb-container-cfef8eef\"><div class=\"gb-inside-container\">\n<div class=\"gb-grid-wrapper gb-grid-wrapper-7e453663\">\n<div class=\"gb-grid-column gb-grid-column-ad527439\"><div class=\"gb-container gb-container-ad527439\"><div class=\"gb-inside-container\">\n\n<figure class=\"wp-block-image size-large\"><img loading=\"lazy\" decoding=\"async\" width=\"1024\" height=\"682\" src=\"https:\/\/lfseoul.org\/wp-content\/uploads\/2021\/04\/S_JIK_4009-1024x682.jpg\" alt=\"\" class=\"wp-image-10506\" srcset=\"https:\/\/lfseoul.org\/wp-content\/uploads\/2021\/04\/S_JIK_4009-1024x682.jpg 1024w, https:\/\/lfseoul.org\/wp-content\/uploads\/2021\/04\/S_JIK_4009-300x200.jpg 300w, https:\/\/lfseoul.org\/wp-content\/uploads\/2021\/04\/S_JIK_4009-768x512.jpg 768w, https:\/\/lfseoul.org\/wp-content\/uploads\/2021\/04\/S_JIK_4009-1536x1023.jpg 1536w, https:\/\/lfseoul.org\/wp-content\/uploads\/2021\/04\/S_JIK_4009-2048x1365.jpg 2048w, https:\/\/lfseoul.org\/wp-content\/uploads\/2021\/04\/S_JIK_4009-1200x800.jpg 1200w, https:\/\/lfseoul.org\/wp-content\/uploads\/2021\/04\/S_JIK_4009-10x7.jpg 10w, https:\/\/lfseoul.org\/wp-content\/uploads\/2021\/04\/S_JIK_4009-15x10.jpg 15w, https:\/\/lfseoul.org\/wp-content\/uploads\/2021\/04\/S_JIK_4009-48x32.jpg 48w\" sizes=\"auto, (max-width: 1024px) 100vw, 1024px\" \/><\/figure>\n\n<\/div><\/div><\/div>\n\n<div class=\"gb-grid-column gb-grid-column-d3a589b4\"><div class=\"gb-container gb-container-d3a589b4\"><div class=\"gb-inside-container\">\n\n<h1 class=\"wp-block-heading has-text-color\" id=\"block-de8dbe18-3389-40f9-9cec-54a3f934b69d\" style=\"color:#0f145a\"><strong>TUITION AND FEES<\/strong><\/h1>\n\n\n\n<div style=\"height:20px\" aria-hidden=\"true\" class=\"wp-block-spacer\"><\/div>\n\n\n\n<p>When registering for the first time, a one-time non-refundable First Registration Fee (DPI) is added to the <span style=\"color: #d72335;\" data=\"#d72335\" class=\"qubely-text-has-color\">Tution and Fees.<\/span> Tuition fees, additional fees and financial conditions are detailed in the <span style=\"color: #d72335;\" data=\"#d72335\" class=\"qubely-text-has-color\">LFS Financial Regulations<\/span>, which are updated each year. This document also outlines the examination fees for internal and external candidates.<\/p>\n\n\n\n<p>LFS is a non-profit organization and all tuition fees are dedicated to the efficient running of the school and the education of its students.<\/p>\n\n\n\n<p><a href=\"https:\/\/lfseoul.org\/en\/tuition-and-fees\/\" target=\"_blank\" rel=\"noreferrer noopener\"><\/a><a href=\"https:\/\/lfseoul.org\/en\/tuition-and-fees\/\" data-type=\"link\" data-id=\"https:\/\/lfseoul.org\/en\/tuition-and-fees\/\">Click here to know more about LFS Tuition and Fees.<\/a><\/p>\n\n\n\n<div style=\"height:20px\" aria-hidden=\"true\" class=\"wp-block-spacer\"><\/div>\n\n\n\n<h1 class=\"wp-block-heading has-text-align-left has-text-color\" style=\"color:#0f145a\">contact<\/h1>\n\n\n\n<div style=\"height:20px\" aria-hidden=\"true\" class=\"wp-block-spacer\"><\/div>\n\n\n\n<p>Find all <span style=\"color: #d72335;\" data=\"#d72335\" class=\"qubely-text-has-color\">Key LFS Contacts<\/span> for admissions, open house, financial or partnership issues, extracurricular activities, the American International Section or <em>Cambridge English<\/em> exams on the Contacts page.&nbsp;<\/p>\n\n\n\n<p>Our team speaks French, English and Korean and will be happy to answer your questions.<\/p>\n\n\n\n<p><a href=\"https:\/\/lfseoul.org\/en\/contacts\/\" target=\"_blank\" rel=\"noreferrer noopener\"><\/a><a href=\"https:\/\/lfseoul.org\/en\/contacts\/\" data-type=\"link\" data-id=\"https:\/\/lfseoul.org\/en\/contacts\/\">View LFS contacts and address<\/a><\/p>\n\n<\/div><\/div><\/div>\n<\/div>\n<\/div><\/div>\n\n<div class=\"gb-container gb-container-947c40ef\"><div class=\"gb-inside-container\">\n<div class=\"gb-container gb-container-26d0d135\"><div class=\"gb-inside-container\">\n\n<h2 class=\"gb-headline gb-headline-e4b02a70 gb-headline-text\"><strong>BE PART OF A DYNAMIC TEAM<\/strong><\/h2>\n\n<\/div><\/div>\n\n<div class=\"gb-container gb-container-5a634fa6\"><div class=\"gb-inside-container\">\n<div class=\"gb-grid-wrapper gb-grid-wrapper-0b729368\">\n<div class=\"gb-grid-column gb-grid-column-b104a812\"><div class=\"gb-container gb-container-b104a812\"><div class=\"gb-inside-container\">\n\n<p>The LFS team is made up of <span style=\"color: #d72335;\" data=\"#d72335\" class=\"qubely-text-has-color\">75 people<\/span> with rich and diverse backgrounds. The teaching and pedagogical teams, as well as the administrative staff, contribute daily to the education of the students and to school life, and offer a stimulating work environment to all.<\/p>\n\n\n\n<p>Each year, LFS recruits teachers, members of its administrative or pedagogical teams, or individual contractors for its extracurricular activities.<\/p>\n\n\n\n<p><br><a href=\"https:\/\/lfseoul.org\/en\/careers\/\" target=\"_blank\" rel=\"noreferrer noopener\"><\/a><a href=\"https:\/\/lfseoul.org\/en\/careers\/\" data-type=\"link\" data-id=\"https:\/\/lfseoul.org\/en\/careers\/\">Please check our job and service postings regularly and apply!<\/a><\/p>\n\n<\/div><\/div><\/div>\n\n<div class=\"gb-grid-column gb-grid-column-80bcbfeb\"><div class=\"gb-container gb-container-80bcbfeb\"><div class=\"gb-inside-container\"><\/div><\/div><\/div>\n<\/div>\n<\/div><\/div>\n<\/div><\/div>\n\n<div class=\"gb-container gb-container-0e51be54\"><div class=\"gb-inside-container\">\n<div class=\"gb-grid-wrapper gb-grid-wrapper-94349098\">\n<div class=\"gb-grid-column gb-grid-column-5fd25750\"><div class=\"gb-container gb-container-5fd25750\"><div class=\"gb-inside-container\">\n\n<p class=\"gb-headline gb-headline-ddf570af\"><span class=\"gb-icon\"><svg xmlns=\"http:\/\/www.w3.org\/2000\/svg\" viewBox=\"0 0 384 512\" width=\"1em\" height=\"1em\" aria-hidden=\"true\"><path d=\"M97.12 362.63c-8.69-8.69-4.16-6.24-25.12-11.85-9.51-2.55-17.87-7.45-25.43-13.32L1.2 448.7c-4.39 10.77 3.81 22.47 15.43 22.03l52.69-2.01L105.56 507c8 8.44 22.04 5.81 26.43-4.96l52.05-127.62c-10.84 6.04-22.87 9.58-35.31 9.58-19.5 0-37.82-7.59-51.61-21.37zM382.8 448.7l-45.37-111.24c-7.56 5.88-15.92 10.77-25.43 13.32-21.07 5.64-16.45 3.18-25.12 11.85-13.79 13.78-32.12 21.37-51.62 21.37-12.44 0-24.47-3.55-35.31-9.58L252 502.04c4.39 10.77 18.44 13.4 26.43 4.96l36.25-38.28 52.69 2.01c11.62.44 19.82-11.27 15.43-22.03zM263 340c15.28-15.55 17.03-14.21 38.79-20.14 13.89-3.79 24.75-14.84 28.47-28.98 7.48-28.4 5.54-24.97 25.95-45.75 10.17-10.35 14.14-25.44 10.42-39.58-7.47-28.38-7.48-24.42 0-52.83 3.72-14.14-.25-29.23-10.42-39.58-20.41-20.78-18.47-17.36-25.95-45.75-3.72-14.14-14.58-25.19-28.47-28.98-27.88-7.61-24.52-5.62-44.95-26.41-10.17-10.35-25-14.4-38.89-10.61-27.87 7.6-23.98 7.61-51.9 0-13.89-3.79-28.72.25-38.89 10.61-20.41 20.78-17.05 18.8-44.94 26.41-13.89 3.79-24.75 14.84-28.47 28.98-7.47 28.39-5.54 24.97-25.95 45.75-10.17 10.35-14.15 25.44-10.42 39.58 7.47 28.36 7.48 24.4 0 52.82-3.72 14.14.25 29.23 10.42 39.59 20.41 20.78 18.47 17.35 25.95 45.75 3.72 14.14 14.58 25.19 28.47 28.98C104.6 325.96 106.27 325 121 340c13.23 13.47 33.84 15.88 49.74 5.82a39.676 39.676 0 0 1 42.53 0c15.89 10.06 36.5 7.65 49.73-5.82zM97.66 175.96c0-53.03 42.24-96.02 94.34-96.02s94.34 42.99 94.34 96.02-42.24 96.02-94.34 96.02-94.34-42.99-94.34-96.02z\" fill=\"currentColor\"><\/path><\/svg><\/span><span class=\"gb-headline-text\"><strong>FOR AN ACCREDITED FRENCH EDUCATION,<\/strong><br><strong>OFFERING MULTILINGUAL PATHWAYS<\/strong><\/span><\/p>\n\n<\/div><\/div><\/div>\n<\/div>\n\n<div class=\"gb-button-wrapper gb-button-wrapper-ab38a6fa\">\n\n<a class=\"gb-button gb-button-c9ee888c gb-button-text\" href=\"https:\/\/lfseoul.org\/en\/apply\/\" target=\"_blank\" rel=\"noopener noreferrer\">APPLY NOW<\/a>\n\n<\/div>\n<\/div><\/div>","protected":false},"excerpt":{"rendered":"<p>Le Lyc\u00e9e Fran\u00e7ais de S\u00e9oul (LFS) welcomes students from 3 to 18 years old of all nationalities. Open Houses are held throughout the year and campus tours are offered by appointment. Our admissions team is available to answer your questions &#8230; <\/p>\n<p class=\"read-more-container\"><a title=\"JOIN US\" class=\"read-more button\" href=\"https:\/\/lfseoul.org\/en\/join-us\/#more-10409\" aria-label=\"Read more about JOIN US\">En savoir plus<\/a><\/p>\n","protected":false},"author":4,"featured_media":18658,"parent":0,"menu_order":0,"comment_status":"closed","ping_status":"closed","template":"qubely_full_width","meta":{"qubely_global_settings":"","qubely_interactions":"","inline_featured_image":false,"footnotes":""},"class_list":{"0":"post-10409","1":"page","2":"type-page","3":"status-publish","4":"has-post-thumbnail","6":"infinite-scroll-item","7":"resize-featured-image"},"_links":{"self":[{"href":"https:\/\/lfseoul.org\/en\/wp-json\/wp\/v2\/pages\/10409","targetHints":{"allow":["GET"]}}],"collection":[{"href":"https:\/\/lfseoul.org\/en\/wp-json\/wp\/v2\/pages"}],"about":[{"href":"https:\/\/lfseoul.org\/en\/wp-json\/wp\/v2\/types\/page"}],"author":[{"embeddable":true,"href":"https:\/\/lfseoul.org\/en\/wp-json\/wp\/v2\/users\/4"}],"replies":[{"embeddable":true,"href":"https:\/\/lfseoul.org\/en\/wp-json\/wp\/v2\/comments?post=10409"}],"version-history":[{"count":23,"href":"https:\/\/lfseoul.org\/en\/wp-json\/wp\/v2\/pages\/10409\/revisions"}],"predecessor-version":[{"id":21475,"href":"https:\/\/lfseoul.org\/en\/wp-json\/wp\/v2\/pages\/10409\/revisions\/21475"}],"wp:featuredmedia":[{"embeddable":true,"href":"https:\/\/lfseoul.org\/en\/wp-json\/wp\/v2\/media\/18658"}],"wp:attachment":[{"href":"https:\/\/lfseoul.org\/en\/wp-json\/wp\/v2\/media?parent=10409"}],"curies":[{"name":"wp","href":"https:\/\/api.w.org\/{rel}","templated":true}]}}