{"id":10471,"date":"2021-03-31T22:07:36","date_gmt":"2021-03-31T22:07:36","guid":{"rendered":"https:\/\/54.68.147.74\/~lfs\/initiation-aux-technologies\/"},"modified":"2025-04-16T06:21:14","modified_gmt":"2025-04-16T06:21:14","slug":"science-and-technology","status":"publish","type":"page","link":"https:\/\/lfseoul.org\/en\/science-and-technology\/","title":{"rendered":"SCIENCE &#038; TECHNOLOGY AT LFS"},"content":{"rendered":"<div class=\"gb-container gb-container-263cd2c7\"><div class=\"gb-inside-container\">\n\n<p>Technology and digital tools are in constant evolution. They are part of our daily lives and have now entered the French educational sphere. Thanks to their diversity and flexibility, these tools provide students with <span style=\"color: #de1515;\" data=\"#de1515\" class=\"qubely-text-has-color\">specialized learning opportunities and skills development<\/span>,&nbsp; as well as opportunities to <span style=\"color: #de1515;\" data=\"#de1515\" class=\"qubely-text-has-color\">participate in scientific competitions.<\/span><\/p>\n\n\n\n<p>Lyc\u00e9e Fran\u00e7ais de S\u00e9oul (LFS) has adopted <span style=\"color: #de1515;\" data=\"#de1515\" class=\"qubely-text-has-color\">an innovative and progressive approach to the use of new technologies and digital tools<\/span>. Students are initiated to a moderate use in Kindergarten, encouraged to develop research and organizational skills in elementary school, and then guided to an independent and methodical use of computers and the Fab Lab in secondary school.&nbsp;<\/p>\n\n\n\n<p>These skills acquired during their school years give them the keys to further studies in higher education. &nbsp; &nbsp; &nbsp;<\/p>\n\n\n<div class=\"wp-block-image animated fadeInLeft\">\n<figure class=\"aligncenter size-large\"><img loading=\"lazy\" decoding=\"async\" width=\"1024\" height=\"302\" src=\"https:\/\/lfseoul.org\/wp-content\/uploads\/2021\/06\/Initiation-aux-techno-ENG-.001-edited-e1623123154493-1024x302.jpeg\" alt=\"\" class=\"wp-image-13210\" srcset=\"https:\/\/lfseoul.org\/wp-content\/uploads\/2021\/06\/Initiation-aux-techno-ENG-.001-edited-e1623123154493-1024x302.jpeg 1024w, https:\/\/lfseoul.org\/wp-content\/uploads\/2021\/06\/Initiation-aux-techno-ENG-.001-edited-e1623123154493-300x89.jpeg 300w, https:\/\/lfseoul.org\/wp-content\/uploads\/2021\/06\/Initiation-aux-techno-ENG-.001-edited-e1623123154493-768x227.jpeg 768w, https:\/\/lfseoul.org\/wp-content\/uploads\/2021\/06\/Initiation-aux-techno-ENG-.001-edited-e1623123154493-1536x453.jpeg 1536w, https:\/\/lfseoul.org\/wp-content\/uploads\/2021\/06\/Initiation-aux-techno-ENG-.001-edited-e1623123154493-10x3.jpeg 10w, https:\/\/lfseoul.org\/wp-content\/uploads\/2021\/06\/Initiation-aux-techno-ENG-.001-edited-e1623123154493-15x4.jpeg 15w, https:\/\/lfseoul.org\/wp-content\/uploads\/2021\/06\/Initiation-aux-techno-ENG-.001-edited-e1623123154493-48x14.jpeg 48w, https:\/\/lfseoul.org\/wp-content\/uploads\/2021\/06\/Initiation-aux-techno-ENG-.001-edited-e1623123154493.jpeg 1698w\" sizes=\"auto, (max-width: 1024px) 100vw, 1024px\" \/><\/figure><\/div>\n<\/div><\/div>\n\n<div class=\"gb-container gb-container-6b812668\"><div class=\"gb-inside-container\">\n\n<h2 class=\"wp-block-heading has-text-align-center\" id=\"cycle\"><strong><strong><strong>AGE APPROPRIATE USE OF TECHNOLOGY<\/strong><\/strong><\/strong><\/h2>\n\n\n\n<div style=\"height:34px\" aria-hidden=\"true\" class=\"wp-block-spacer\"><\/div>\n\n\n<div class=\"gb-grid-wrapper gb-grid-wrapper-af793326\">\n<div class=\"gb-grid-column gb-grid-column-ab306a76\"><div class=\"gb-container gb-container-ab306a76\">\n<div class=\"wp-block-image\">\n<figure class=\"aligncenter size-large\"><img loading=\"lazy\" decoding=\"async\" width=\"1024\" height=\"683\" src=\"https:\/\/lfseoul.org\/wp-content\/uploads\/2024\/09\/R5CC5657_reduced-1024x683.jpg\" alt=\"\" class=\"wp-image-19906\" style=\"object-fit:cover\" srcset=\"https:\/\/lfseoul.org\/wp-content\/uploads\/2024\/09\/R5CC5657_reduced-1024x683.jpg 1024w, https:\/\/lfseoul.org\/wp-content\/uploads\/2024\/09\/R5CC5657_reduced-300x200.jpg 300w, https:\/\/lfseoul.org\/wp-content\/uploads\/2024\/09\/R5CC5657_reduced-768x512.jpg 768w, https:\/\/lfseoul.org\/wp-content\/uploads\/2024\/09\/R5CC5657_reduced-1536x1024.jpg 1536w, https:\/\/lfseoul.org\/wp-content\/uploads\/2024\/09\/R5CC5657_reduced-1200x800.jpg 1200w, https:\/\/lfseoul.org\/wp-content\/uploads\/2024\/09\/R5CC5657_reduced-10x7.jpg 10w, https:\/\/lfseoul.org\/wp-content\/uploads\/2024\/09\/R5CC5657_reduced-15x10.jpg 15w, https:\/\/lfseoul.org\/wp-content\/uploads\/2024\/09\/R5CC5657_reduced-48x32.jpg 48w\" sizes=\"auto, (max-width: 1024px) 100vw, 1024px\" \/><\/figure><\/div>\n<\/div><\/div>\n\n<div class=\"gb-grid-column gb-grid-column-691d4da6\"><div class=\"gb-container gb-container-691d4da6\">\n\n<ul class=\"wp-block-list\">\n<li>A<span style=\"color: #de1515;\" data=\"#de1515\" class=\"qubely-text-has-color\"> Fab Lab<\/span>, opened in 2019, where students learn how to handle a 3D printer, mini drills, a welding station, a guillotine shear, a thermoplastic machine, a laser cutting machine etc. <\/li>\n\n\n\n<li><span style=\"color: #de1515;\" data=\"#de1515\" class=\"qubely-text-has-color\">1 weather station<\/span> on the rooftop of LFS allowing students to analyze <a href=\"https:\/\/www.infoclimat.fr\/observations-meteo\/temps-reel\/-mae-lycee-francais-de-seoul\/ME142.html?\" target=\"_blank\" rel=\"noreferrer noopener\">climate data in real time<\/a><\/li>\n\n\n\n<li><span style=\"color: #de1515;\" data=\"#de1515\" class=\"qubely-text-has-color\">1 self-service computer space at the Secondary School Library (CDI)<\/span> for middle and high school students<\/li>\n\n\n\n<li>Weekly lessons on <span style=\"color: #de1515;\" data=\"#de1515\" class=\"qubely-text-has-color\">technology from 6\u00e8me (grade 6) to Seconde (grade 10)<\/span><\/li>\n\n\n\n<li>Participation in high school robotics (Zigzag) and coding (Code Night) contests<\/li>\n\n\n\n<li><span style=\"color: #de1515;\" data=\"#de1515\" class=\"qubely-text-has-color\">120 iPads<\/span> to support reading, mathematics and multidisciplinary collaborative projects<\/li>\n\n\n\n<li>Occasional use of digital tools in <span style=\"color: #de1515;\" data=\"#de1515\" class=\"qubely-text-has-color\">Kindergarten with limited and controlled exposure&nbsp;<\/span><\/li>\n\n\n\n<li>Use of the <span style=\"color: #de1515;\" data=\"#de1515\" class=\"qubely-text-has-color\">Google Classroom<\/span> online platform for collaborative projects starting in elementary school and scientific data analysis in high school.<\/li>\n\n\n\n<li><span style=\"color: #de1515;\" data=\"#de1515\" class=\"qubely-text-has-color\">10 Mbot robots, 15 Thymio robots and 2 drones<\/span> to be piloted and programmed by primary middle school students<\/li>\n\n\n\n<li><span style=\"color: #de1515;\" data=\"#de1515\" class=\"qubely-text-has-color\">1 Physical Education and Sports (EPS) mobile application<\/span> developed at LFS to record physical data during workout<\/li>\n\n\n\n<li>Learning <span style=\"color: #de1515;\" data=\"#de1515\" class=\"qubely-text-has-color\">Scratch and Python languages<\/span> starting in CM classes (grades 4 and 5) through high school<\/li>\n\n\n\n<li><span style=\"color: #de1515;\" data=\"#de1515\" class=\"qubely-text-has-color\">2 interactive digital boards<\/span> and <span style=\"color: #de1515;\" data=\"#de1515\" class=\"qubely-text-has-color\">1 interactive video projector<\/span> for the use of students from elementary to high school<\/li>\n<\/ul>\n\n<\/div><\/div>\n<\/div>\n<\/div><\/div>\n\n<div class=\"gb-container gb-container-0bd9cf04 alignwide\"><div class=\"gb-inside-container\">\n\n<h2 class=\"wp-block-heading has-text-align-center\"><strong>AN ANNUAL WEEK DEDICATED TO SCIENCE<\/strong><\/h2>\n\n\n\n<div style=\"height:30px\" aria-hidden=\"true\" class=\"wp-block-spacer\"><\/div>\n\n\n<div class=\"wp-block-image\">\n<figure class=\"aligncenter size-full\"><img loading=\"lazy\" decoding=\"async\" width=\"632\" height=\"422\" src=\"https:\/\/lfseoul.org\/wp-content\/uploads\/2024\/09\/Lab-reduced-1.png\" alt=\"\" class=\"wp-image-20030\" srcset=\"https:\/\/lfseoul.org\/wp-content\/uploads\/2024\/09\/Lab-reduced-1.png 632w, https:\/\/lfseoul.org\/wp-content\/uploads\/2024\/09\/Lab-reduced-1-300x200.png 300w, https:\/\/lfseoul.org\/wp-content\/uploads\/2024\/09\/Lab-reduced-1-10x7.png 10w, https:\/\/lfseoul.org\/wp-content\/uploads\/2024\/09\/Lab-reduced-1-15x10.png 15w, https:\/\/lfseoul.org\/wp-content\/uploads\/2024\/09\/Lab-reduced-1-48x32.png 48w\" sizes=\"auto, (max-width: 632px) 100vw, 632px\" \/><\/figure><\/div>\n\n\n<div style=\"height:30px\" aria-hidden=\"true\" class=\"wp-block-spacer\"><\/div>\n\n\n<div class=\"gb-container gb-container-f865d6a6\">\n\n<p>Each year, LFS organizes a <span style=\"color: #de1515;\" data=\"#de1515\" class=\"qubely-text-has-color\">Science Week<\/span>, an initiative shared by all French schools throughout the world within the AEFE network.<\/p>\n\n\n\n<p>During this week, students from <span style=\"color: #de1515;\" data=\"#de1515\" class=\"qubely-text-has-color\">Kindergarten to high school<\/span> participate in projects in their classes:&nbsp;&nbsp; <\/p>\n\n\n\n<ul class=\"wp-block-list animated fadeInRight\">\n<li>Middle school students introduce CM1 (grade 4) and CM2 (grade 5) students to the laboratories in secondary school, guide them in the use of microscopes and share their scientific knowledge with them<\/li>\n\n\n\n<li>The school exhibits student projects on a shared theme (in 2020\/2021: the weather)<\/li>\n\n\n\n<li>Exhibitions and activities are organized for middle and high school students at the CDI<\/li>\n<\/ul>\n\n<\/div>\n<\/div><\/div>\n\n<div class=\"gb-container gb-container-88c1f8cd\"><div class=\"gb-inside-container\">\n\n<h2 class=\"wp-block-heading has-text-align-center\"><strong>NUMEROUS COMPETITIONS AVAILABLE DURING THE SCHOOL YEAR<\/strong><\/h2>\n\n\n\n<div style=\"height:30px\" aria-hidden=\"true\" class=\"wp-block-spacer\"><\/div>\n\n\n<div class=\"gb-grid-wrapper gb-grid-wrapper-48bcf3b3\">\n<div class=\"gb-grid-column gb-grid-column-5c8f7c42\"><div class=\"gb-container gb-container-5c8f7c42\">\n\n<p>LFS is an examination center for the national mathematics test, <a href=\"https:\/\/www.aores-sci.fr\/accueil\" target=\"_blank\" rel=\"noreferrer noopener\">TeSciA<\/a>.<\/p>\n\n\n\n<p>Our students also participate each year in national and international mathematics and science competitions, such as Mathematics Olympiads, Mathematics Kangaroo, Geosciences Olympiads, Algor\u00e9a Competition, Zig Zag Competition, Night of C0de\u2026<\/p>\n\n<\/div><\/div>\n\n<div class=\"gb-grid-column gb-grid-column-ad1c2cfa\"><div class=\"gb-container gb-container-ad1c2cfa\">\n\n<figure class=\"wp-block-image size-large\"><img loading=\"lazy\" decoding=\"async\" width=\"1024\" height=\"272\" src=\"https:\/\/lfseoul.org\/wp-content\/uploads\/2024\/09\/tescia-logo-1024x272.png\" alt=\"\" class=\"wp-image-19997\" srcset=\"https:\/\/lfseoul.org\/wp-content\/uploads\/2024\/09\/tescia-logo-1024x272.png 1024w, https:\/\/lfseoul.org\/wp-content\/uploads\/2024\/09\/tescia-logo-300x80.png 300w, https:\/\/lfseoul.org\/wp-content\/uploads\/2024\/09\/tescia-logo-768x204.png 768w, https:\/\/lfseoul.org\/wp-content\/uploads\/2024\/09\/tescia-logo-10x3.png 10w, https:\/\/lfseoul.org\/wp-content\/uploads\/2024\/09\/tescia-logo-15x4.png 15w, https:\/\/lfseoul.org\/wp-content\/uploads\/2024\/09\/tescia-logo-48x13.png 48w, https:\/\/lfseoul.org\/wp-content\/uploads\/2024\/09\/tescia-logo.png 1500w\" sizes=\"auto, (max-width: 1024px) 100vw, 1024px\" \/><\/figure>\n\n<\/div><\/div>\n<\/div>\n<\/div><\/div>\n\n<div class=\"gb-container gb-container-35a14bf3\"><div class=\"gb-inside-container\">\n<div class=\"gb-grid-wrapper gb-grid-wrapper-37c27312\">\n<div class=\"gb-grid-column gb-grid-column-d7101fa8\"><div class=\"gb-container gb-container-d7101fa8\"><div class=\"gb-inside-container\">\n\n<p class=\"gb-headline gb-headline-038e23d8\"><span class=\"gb-icon\"><svg aria-hidden=\"true\" height=\"1em\" width=\"1em\" viewBox=\"0 0 384 512\" xmlns=\"http:\/\/www.w3.org\/2000\/svg\"><path fill=\"currentColor\" d=\"M97.12 362.63c-8.69-8.69-4.16-6.24-25.12-11.85-9.51-2.55-17.87-7.45-25.43-13.32L1.2 448.7c-4.39 10.77 3.81 22.47 15.43 22.03l52.69-2.01L105.56 507c8 8.44 22.04 5.81 26.43-4.96l52.05-127.62c-10.84 6.04-22.87 9.58-35.31 9.58-19.5 0-37.82-7.59-51.61-21.37zM382.8 448.7l-45.37-111.24c-7.56 5.88-15.92 10.77-25.43 13.32-21.07 5.64-16.45 3.18-25.12 11.85-13.79 13.78-32.12 21.37-51.62 21.37-12.44 0-24.47-3.55-35.31-9.58L252 502.04c4.39 10.77 18.44 13.4 26.43 4.96l36.25-38.28 52.69 2.01c11.62.44 19.82-11.27 15.43-22.03zM263 340c15.28-15.55 17.03-14.21 38.79-20.14 13.89-3.79 24.75-14.84 28.47-28.98 7.48-28.4 5.54-24.97 25.95-45.75 10.17-10.35 14.14-25.44 10.42-39.58-7.47-28.38-7.48-24.42 0-52.83 3.72-14.14-.25-29.23-10.42-39.58-20.41-20.78-18.47-17.36-25.95-45.75-3.72-14.14-14.58-25.19-28.47-28.98-27.88-7.61-24.52-5.62-44.95-26.41-10.17-10.35-25-14.4-38.89-10.61-27.87 7.6-23.98 7.61-51.9 0-13.89-3.79-28.72.25-38.89 10.61-20.41 20.78-17.05 18.8-44.94 26.41-13.89 3.79-24.75 14.84-28.47 28.98-7.47 28.39-5.54 24.97-25.95 45.75-10.17 10.35-14.15 25.44-10.42 39.58 7.47 28.36 7.48 24.4 0 52.82-3.72 14.14.25 29.23 10.42 39.59 20.41 20.78 18.47 17.35 25.95 45.75 3.72 14.14 14.58 25.19 28.47 28.98C104.6 325.96 106.27 325 121 340c13.23 13.47 33.84 15.88 49.74 5.82a39.676 39.676 0 0 1 42.53 0c15.89 10.06 36.5 7.65 49.73-5.82zM97.66 175.96c0-53.03 42.24-96.02 94.34-96.02s94.34 42.99 94.34 96.02-42.24 96.02-94.34 96.02-94.34-42.99-94.34-96.02z\"><\/path><\/svg><\/span><span class=\"gb-headline-text\"><strong>For an accredited French education, <\/strong><br><strong>offering multilingual pathways<\/strong><\/span><\/p>\n\n<\/div><\/div><\/div>\n<\/div>\n\n<div class=\"gb-button-wrapper gb-button-wrapper-a284bc53\">\n\n<a class=\"gb-button gb-button-9d712240 gb-button-text\" href=\"https:\/\/lfseoul.org\/en\/apply\/\" target=\"_blank\" rel=\"noopener noreferrer\">APPLY NOW<\/a>\n\n<\/div>\n<\/div><\/div>","protected":false},"excerpt":{"rendered":"<p>Technology and digital tools are in constant evolution. They are part of our daily lives and have now entered the French educational sphere. Thanks to their diversity and flexibility, these tools provide students with specialized learning opportunities and skills development,&nbsp; &#8230; <\/p>\n<p class=\"read-more-container\"><a title=\"SCIENCE &#038; TECHNOLOGY AT LFS\" class=\"read-more button\" href=\"https:\/\/lfseoul.org\/en\/science-and-technology\/#more-10471\" aria-label=\"Read more about SCIENCE &#038; TECHNOLOGY AT LFS\">En savoir plus<\/a><\/p>\n","protected":false},"author":4,"featured_media":19902,"parent":0,"menu_order":0,"comment_status":"closed","ping_status":"closed","template":"","meta":{"qubely_global_settings":"","qubely_interactions":"","inline_featured_image":false,"footnotes":""},"class_list":{"0":"post-10471","1":"page","2":"type-page","3":"status-publish","4":"has-post-thumbnail","6":"infinite-scroll-item","7":"resize-featured-image"},"_links":{"self":[{"href":"https:\/\/lfseoul.org\/en\/wp-json\/wp\/v2\/pages\/10471","targetHints":{"allow":["GET"]}}],"collection":[{"href":"https:\/\/lfseoul.org\/en\/wp-json\/wp\/v2\/pages"}],"about":[{"href":"https:\/\/lfseoul.org\/en\/wp-json\/wp\/v2\/types\/page"}],"author":[{"embeddable":true,"href":"https:\/\/lfseoul.org\/en\/wp-json\/wp\/v2\/users\/4"}],"replies":[{"embeddable":true,"href":"https:\/\/lfseoul.org\/en\/wp-json\/wp\/v2\/comments?post=10471"}],"version-history":[{"count":113,"href":"https:\/\/lfseoul.org\/en\/wp-json\/wp\/v2\/pages\/10471\/revisions"}],"predecessor-version":[{"id":21016,"href":"https:\/\/lfseoul.org\/en\/wp-json\/wp\/v2\/pages\/10471\/revisions\/21016"}],"wp:featuredmedia":[{"embeddable":true,"href":"https:\/\/lfseoul.org\/en\/wp-json\/wp\/v2\/media\/19902"}],"wp:attachment":[{"href":"https:\/\/lfseoul.org\/en\/wp-json\/wp\/v2\/media?parent=10471"}],"curies":[{"name":"wp","href":"https:\/\/api.w.org\/{rel}","templated":true}]}}