{"id":10478,"date":"2021-03-31T22:23:46","date_gmt":"2021-03-31T22:23:46","guid":{"rendered":"https:\/\/54.68.147.74\/~lfs\/orientation\/"},"modified":"2026-01-20T02:30:25","modified_gmt":"2026-01-20T02:30:25","slug":"university-counseling","status":"publish","type":"page","link":"https:\/\/lfseoul.org\/en\/university-counseling\/","title":{"rendered":"UNIVERSITY COUNSELING"},"content":{"rendered":"<div class=\"gb-container gb-container-154294be\"><div class=\"gb-inside-container\">\n\n<p>As part of of a program known as <span style=\"color: #de1515;\" data=\"#de1515\" class=\"qubely-text-has-color\">Parcours Avenir<\/span>, the Lyc\u00e9e Fran\u00e7ais de S\u00e9oul (LFS) assists middle and high school students to prepare for their career paths through an introduction to the professional world, the selection of courses for the Baccalaureate and the planning of their university studies.<\/p>\n\n\n\n<p>LFS organizes <span style=\"color: #de1515;\" data=\"#de1515\" class=\"qubely-text-has-color\">many events and meetings dedicated to university counseling and career guidance<\/span> throughout the year thanks to a committed team made up of an Appointed University Guidance Teacher (Personnel R\u00e9f\u00e9rent en Information et Orientation), the Secondary School Academic Advisor (Conseiller Principal d&#8217;Education) and the CDI Librarian and Head Teachers in secondary school.<\/p>\n\n<\/div><\/div>\n\n<div class=\"gb-container gb-container-358b348a\"><div class=\"gb-inside-container\">\n\n<h2 class=\"wp-block-heading has-text-align-center\" id=\"cycle\"><strong><strong><strong><strong><strong><strong><strong><strong>AN INTRODUCTION TO THE WORKPLACE IN MIDDLE SCHOOL&nbsp;<\/strong><\/strong><\/strong><\/strong><\/strong><\/strong><\/strong><\/strong><\/h2>\n\n\n\n<div style=\"height:20px\" aria-hidden=\"true\" class=\"wp-block-spacer\"><\/div>\n\n\n<div class=\"gb-container gb-container-c6a5957e\"><div class=\"gb-inside-container\">\n<div class=\"gb-grid-wrapper gb-grid-wrapper-d056d23f\">\n<div class=\"gb-grid-column gb-grid-column-65939b8d\"><div class=\"gb-container gb-container-65939b8d\"><div class=\"gb-inside-container\">\n\n<figure class=\"wp-block-image size-large\"><img loading=\"lazy\" decoding=\"async\" width=\"1024\" height=\"576\" src=\"https:\/\/lfseoul.org\/wp-content\/uploads\/2021\/03\/20191130_110705-1024x576.jpg\" alt=\"\" class=\"wp-image-10462\" srcset=\"https:\/\/lfseoul.org\/wp-content\/uploads\/2021\/03\/20191130_110705-1024x576.jpg 1024w, https:\/\/lfseoul.org\/wp-content\/uploads\/2021\/03\/20191130_110705-300x169.jpg 300w, https:\/\/lfseoul.org\/wp-content\/uploads\/2021\/03\/20191130_110705-768x432.jpg 768w, https:\/\/lfseoul.org\/wp-content\/uploads\/2021\/03\/20191130_110705-1536x864.jpg 1536w, https:\/\/lfseoul.org\/wp-content\/uploads\/2021\/03\/20191130_110705-2048x1152.jpg 2048w, https:\/\/lfseoul.org\/wp-content\/uploads\/2021\/03\/20191130_110705-10x6.jpg 10w, https:\/\/lfseoul.org\/wp-content\/uploads\/2021\/03\/20191130_110705-15x8.jpg 15w, https:\/\/lfseoul.org\/wp-content\/uploads\/2021\/03\/20191130_110705-48x27.jpg 48w\" sizes=\"auto, (max-width: 1024px) 100vw, 1024px\" \/><\/figure>\n\n<\/div><\/div><\/div>\n\n<div class=\"gb-grid-column gb-grid-column-a46cb01b\"><div class=\"gb-container gb-container-a46cb01b\"><div class=\"gb-inside-container\">\n\n<p>In middle school, the development of the university guidance program is based on skills promoted in the common core such as autonomy, initiative, social and civic skills. Depending on the grade, the activities meet different objectives:<\/p>\n\n\n\n<ul class=\"wp-block-list animated fadeInRight\">\n<li><span style=\"color: #de1515;\" data=\"#de1515\" class=\"qubely-text-has-color\">In<\/span> <span style=\"color: #de1515;\" data=\"#de1515\" class=\"qubely-text-has-color\">6\u00e8me  and 5\u00e8me<\/span> (grade 6 and 7): explore the nature of various jobs, gather information, identify one&#8217;s interests, imagine one&#8217;s future;&nbsp;<\/li>\n\n\n\n<li><span style=\"color: #de1515;\" data=\"#de1515\" class=\"qubely-text-has-color\">In 4\u00e8me<\/span> (grade 8): adopt a rational approach, acquire methods of analysis and data processing, develop one&#8217;s critical sense and one&#8217;s capacity for questioning;<\/li>\n\n\n\n<li><span style=\"color: #de1515;\" data=\"#de1515\" class=\"qubely-text-has-color\">In 3\u00e8me<\/span> (grade 9): weigh and integrate&nbsp; personal preferences, use one&#8217;s knowledge to make informed choices.<\/li>\n<\/ul>\n\n\n\n<p><span style=\"color: #de1515;\" data=\"#de1515\" class=\"qubely-text-has-color\">Initiatives and projects<\/span> coordinated by the main teacher throughout the year allow students to learn about the professional world.<\/p>\n\n\n\n<p>Middle school students have access to the <span style=\"color: #de1515;\" data=\"#de1515\" class=\"qubely-text-has-color\">resources available at the Secondary School Library (CDI)<\/span> and attend exhibitions and events organized by LFS.<\/p>\n\n<\/div><\/div><\/div>\n<\/div>\n<\/div><\/div>\n<\/div><\/div>\n\n<div class=\"gb-container gb-container-6177bf32\"><div class=\"gb-inside-container\">\n\n<h2 class=\"wp-block-heading has-text-align-center\"><strong><strong><strong>PERSONALIZED GUIDANCE IN HIGH SCHOOL&nbsp;<\/strong><\/strong><\/strong><\/h2>\n\n\n\n<div style=\"height:20px\" aria-hidden=\"true\" class=\"wp-block-spacer\"><\/div>\n\n\n<div class=\"gb-container gb-container-2fb04760\"><div class=\"gb-inside-container\">\n\n<p>In high school, this program moves on to university guidance and focuses on the preparation for higher education. The objectives vary according to the grades:<\/p>\n\n\n\n<ul class=\"wp-block-list\">\n<li><span style=\"color: #de1515;\" data=\"#de1515\" class=\"qubely-text-has-color\">In Seconde <\/span>(grade 10): research and structure useful information to outline one&#8217;s path from high school to further education;<\/li>\n\n\n\n<li><span style=\"color: #de1515;\" data=\"#de1515\" class=\"qubely-text-has-color\">In Premi\u00e8re<\/span> (grade 11): plan post-Baccalaureate further education;<\/li>\n\n\n\n<li><span style=\"color: #de1515;\" data=\"#de1515\" class=\"qubely-text-has-color\">In Terminale<\/span> (grade 12): finalize choices, prepare admission applications, convince institutions, prepare for competitive exams.<\/li>\n<\/ul>\n\n\n\n<p>High school students benefit from weekly hours dedicated to their university guidance project.<\/p>\n\n\n\n<p>Starting in Seconde, each student benefits from an annual <span style=\"color: #de1515;\" data=\"#de1515\" class=\"qubely-text-has-color\">one-on-one interview with the teacher-counselor in charge of university guidance (PRIO)<\/span> in order to discuss his or her plans. Families may request an additional meeting with the PRIO at any time or contact the head teachers for a different perspective on the student&#8217;s choices.&nbsp; In Seconde, students select specializations for Premi\u00e8re and Terminale years according to their skills, interests and career plans; in Premi\u00e8re and Terminale, students develop and finalize their plans and&nbsp; applications for higher education.<\/p>\n\n\n\n<p>The development of each university guidance plan involves the commitment of the student, his or her family, the teachers and the PRIO during several months so that the student can make informed decisions about his or her future academic and career choices.<\/p>\n\n\n\n<div style=\"height:36px\" aria-hidden=\"true\" class=\"wp-block-spacer\"><\/div>\n\n\n<div class=\"wp-block-image\">\n<figure class=\"aligncenter size-large is-resized\"><img loading=\"lazy\" decoding=\"async\" width=\"1024\" height=\"637\" src=\"https:\/\/lfseoul.org\/wp-content\/uploads\/2025\/09\/Team-orientation-e1757376179669-1024x637.jpg\" alt=\"\" class=\"wp-image-21371\" style=\"width:551px;height:auto\" srcset=\"https:\/\/lfseoul.org\/wp-content\/uploads\/2025\/09\/Team-orientation-e1757376179669-1024x637.jpg 1024w, https:\/\/lfseoul.org\/wp-content\/uploads\/2025\/09\/Team-orientation-e1757376179669-300x186.jpg 300w, https:\/\/lfseoul.org\/wp-content\/uploads\/2025\/09\/Team-orientation-e1757376179669-768x477.jpg 768w, https:\/\/lfseoul.org\/wp-content\/uploads\/2025\/09\/Team-orientation-e1757376179669-1536x955.jpg 1536w, https:\/\/lfseoul.org\/wp-content\/uploads\/2025\/09\/Team-orientation-e1757376179669-10x6.jpg 10w, https:\/\/lfseoul.org\/wp-content\/uploads\/2025\/09\/Team-orientation-e1757376179669-15x9.jpg 15w, https:\/\/lfseoul.org\/wp-content\/uploads\/2025\/09\/Team-orientation-e1757376179669-48x30.jpg 48w, https:\/\/lfseoul.org\/wp-content\/uploads\/2025\/09\/Team-orientation-e1757376179669.jpg 1673w\" sizes=\"auto, (max-width: 1024px) 100vw, 1024px\" \/><\/figure><\/div>\n\n\n<p class=\"has-text-align-center\">Teacher-councelor team in charge of university guidance (PRIO)<\/p>\n\n<\/div><\/div>\n<\/div><\/div>\n\n<div class=\"gb-container gb-container-65d3eac5\"><div class=\"gb-inside-container\">\n\n<h2 class=\"wp-block-heading has-text-align-center\" id=\"cycle\"><strong><strong><strong><strong><strong><strong><strong><strong><strong>A WIDE RANGE OF RESOURCES TO INFORM AND GUIDE YOU&nbsp;<\/strong><\/strong><\/strong><\/strong><\/strong><\/strong><\/strong><\/strong><\/strong><\/h2>\n\n\n<div class=\"gb-container gb-container-12419ada\"><div class=\"gb-inside-container\">\n<div class=\"gb-container gb-container-05c04cc8 animated fadeInRight\"><div class=\"gb-inside-container\">\n<div class=\"gb-grid-wrapper gb-grid-wrapper-30cdef0c\">\n<div class=\"gb-grid-column gb-grid-column-df94a58d\"><div class=\"gb-container gb-container-df94a58d\"><div class=\"gb-inside-container\">\n\n<h3 class=\"wp-block-heading has-text-align-center has-text-color\" style=\"color:#d72335;font-size:100px\">1<\/h3>\n\n<\/div><\/div><\/div>\n\n<div class=\"gb-grid-column gb-grid-column-e24cd4af\"><div class=\"gb-container gb-container-e24cd4af\"><div class=\"gb-inside-container\">\n\n<p class=\"has-medium-font-size\"><span style=\"text-transform: uppercase;\" class=\"qubely-text-uppercase\"><strong><span style=\"color: #de1515;\" data=\"#de1515\" class=\"qubely-text-has-color\">CDI and the University Counseling Space<\/span><\/strong><\/span><\/p>\n\n\n\n<p>The Information and Documentation Center (CDI) and its \u201cUniversity Counseling Space\u201d is the first place where information is available to students: school and university brochures, ONISEP magazines, dedicated magazines such as l&#8217;Etudiant, books, etc.<\/p>\n\n<\/div><\/div><\/div>\n<\/div>\n<\/div><\/div>\n\n<div class=\"gb-container gb-container-f7d1c5d5\"><div class=\"gb-inside-container\">\n<div class=\"gb-grid-wrapper gb-grid-wrapper-55ef66df animated fadeInRight\">\n<div class=\"gb-grid-column gb-grid-column-0bd34b25\"><div class=\"gb-container gb-container-0bd34b25 animated fadeInRight\"><div class=\"gb-inside-container\">\n\n<h3 class=\"wp-block-heading has-text-align-center has-text-color\" style=\"color:#d72335;font-size:100px\">2<\/h3>\n\n<\/div><\/div><\/div>\n\n<div class=\"gb-grid-column gb-grid-column-7f7a5d01\"><div class=\"gb-container gb-container-7f7a5d01 animated fadeInRight\"><div class=\"gb-inside-container\">\n\n<p class=\"has-text-color has-medium-font-size\" style=\"color:#d72335\"><span style=\"text-transform: uppercase;\" class=\"qubely-text-uppercase\"><strong>Online resources<\/strong><\/span><\/p>\n\n\n\n<ul class=\"wp-block-list\">\n<li>The website <a href=\"http:\/\/www.parcoursup.fr\/\" target=\"_blank\" rel=\"noreferrer noopener\">Parcoursup<\/a> is the French national procedure for pre-registration for higher education and access to all education courses in France.<\/li>\n<\/ul>\n\n\n\n<ul class=\"wp-block-list\">\n<li>Combine your specialties and find out which higher education and career opportunities are available to you: <a href=\"https:\/\/www.horizons21.fr\/\" target=\"_blank\" rel=\"noreferrer noopener\">https:\/\/www.horizons21.fr\/<\/a><\/li>\n<\/ul>\n\n\n\n<ul class=\"wp-block-list\">\n<li><a href=\"http:\/\/www.onisep.fr\/\" target=\"_blank\" rel=\"noreferrer noopener\">L&#8217;Onisep<\/a> ,<strong> <\/strong>the official website for higher education in France, provides information on university guidance, studies&nbsp; and careers. Its counselors answer any questions you may have on these issues. Secondary school and university students, as well as parents, can contact them by phone, chat or email : <a href=\"http:\/\/www.monorientationenligne.fr\/\" target=\"_blank\" rel=\"noreferrer noopener\">http:\/\/www.monorientationenligne.fr\/<\/a><\/li>\n<\/ul>\n\n\n\n<ul class=\"wp-block-list\">\n<li>The University Guidance and Higher Education Service of <a href=\"https:\/\/www.aefe.fr\/orientation\/construire-son-parcours\/parcours-individuel-de-leleve\" target=\"_blank\" rel=\"noreferrer noopener\">AEFE <\/a>offers a wide range of information online.<\/li>\n<\/ul>\n\n\n\n<ul class=\"wp-block-list\">\n<li>The interaction platform<a href=\"https:\/\/www.agora-aefe.fr\/\" target=\"_blank\" rel=\"noreferrer noopener\"> AGORA<\/a> : a unique platform for discussion and information sharing between the 6,000 current and future alumni from AEFE schools around the world. Our high school students have access to this platform as of Seconde and as such can consult many interviews and testimonials and ask questions to other members.<\/li>\n<\/ul>\n\n<\/div><\/div><\/div>\n<\/div>\n\n<div class=\"gb-container gb-container-d1de3602\"><div class=\"gb-inside-container\">\n\n<figure class=\"wp-block-embed is-type-video is-provider-youtube wp-block-embed-youtube wp-embed-aspect-16-9 wp-has-aspect-ratio\"><div class=\"wp-block-embed__wrapper\">\n<iframe loading=\"lazy\" title=\"AGORA MONDE  - QUI SOMMES-NOUS ?\" width=\"1200\" height=\"675\" src=\"https:\/\/www.youtube.com\/embed\/BgaxqGj3MFs?feature=oembed\" frameborder=\"0\" allow=\"accelerometer; autoplay; clipboard-write; encrypted-media; gyroscope; picture-in-picture; web-share\" referrerpolicy=\"strict-origin-when-cross-origin\" allowfullscreen><\/iframe>\n<\/div><\/figure>\n\n<\/div><\/div>\n<\/div><\/div>\n\n<div class=\"gb-container gb-container-b285cc9d animated fadeInRight\"><div class=\"gb-inside-container\">\n<div class=\"gb-grid-wrapper gb-grid-wrapper-2d52637b\">\n<div class=\"gb-grid-column gb-grid-column-ce09af0a\"><div class=\"gb-container gb-container-ce09af0a\"><div class=\"gb-inside-container\">\n\n<h3 class=\"wp-block-heading has-text-align-center has-text-color\" style=\"color:#d72335;font-size:100px\">3<\/h3>\n\n<\/div><\/div><\/div>\n\n<div class=\"gb-grid-column gb-grid-column-93d36b2d\"><div class=\"gb-container gb-container-93d36b2d\"><div class=\"gb-inside-container\">\n\n<p class=\"has-text-color has-medium-font-size\" style=\"color:#d72335\"><span style=\"text-transform: uppercase;\" class=\"qubely-text-uppercase\"><strong>Meetings and events at LFS :<\/strong><\/span><\/p>\n\n\n\n<p>LFS organizes information meetings and events every year for students to understand the university application process and to make informed choices for higher education.<\/p>\n\n\n\n<ul class=\"wp-block-list\">\n<li><span style=\"color: #de1515;\" data=\"#de1515\" class=\"qubely-text-has-color\">Information meetings<\/span> for parents of students from 3\u00e8me to Terminale during which LFS presents, in French or in English, its curriculum, available specialties in high school, as well as the French university system and the registration procedure&nbsp; on <a href=\"https:\/\/www.parcoursup.fr\/\" target=\"_blank\" rel=\"noreferrer noopener\">Parcoursup<\/a>.&nbsp;&nbsp;<\/li>\n\n\n\n<li><span style=\"color: #de1515;\" data=\"#de1515\" class=\"qubely-text-has-color\">Career Forum in November:<\/span> students from 4\u00e8me to Terminale have the opportunity to meet with 30 to 40 professionals.<\/li>\n\n\n\n<li><span style=\"color: #de1515;\" data=\"#de1515\" class=\"qubely-text-has-color\">University guidance week in January:<\/span> numerous meetings and activities are organized at the CDI in order to raise students&#8217; awareness and remind them of the central role of this facility in providing information.<\/li>\n\n\n\n<li><span style=\"color: #de1515;\" data=\"#de1515\" class=\"qubely-text-has-color\">Meetings with higher education institutions throughout the year:<\/span> representatives from schools and universities in France and around the world meet with students on our premises or by videoconference, present their courses and registration procedures, and answer various questions.<\/li>\n\n\n\n<li><span style=\"color: #de1515;\" data=\"#de1515\" class=\"qubely-text-has-color\">Student forum organized every two years by Campus France: <\/span>students can meet staffs and representatives of schools and universities to find out about entry, study and student life conditions.<\/li>\n<\/ul>\n\n<\/div><\/div><\/div>\n<\/div>\n<\/div><\/div>\n<\/div><\/div>\n<\/div><\/div>\n\n<div class=\"gb-container gb-container-dc463694\" id=\"postbac\"><div class=\"gb-inside-container\">\n\n<h2 class=\"wp-block-heading has-text-align-center\"><strong><strong><strong><strong>PRESTIGIOUS UNIVERSITY DESTINATIONS IN FRANCE AND AROUND THE WORLD<\/strong><\/strong><\/strong><\/strong><\/h2>\n\n\n\n<div style=\"height:38px\" aria-hidden=\"true\" class=\"wp-block-spacer\"><\/div>\n\n\n<div class=\"gb-grid-wrapper gb-grid-wrapper-4fa08164\">\n<div class=\"gb-grid-column gb-grid-column-8f7ae403\"><div class=\"gb-container gb-container-8f7ae403\">\n\n<figure class=\"gb-block-image gb-block-image-c99ed46e\"><img loading=\"lazy\" decoding=\"async\" width=\"1203\" height=\"683\" class=\"gb-image gb-image-c99ed46e\" src=\"https:\/\/lfseoul.org\/wp-content\/uploads\/2026\/01\/Destinations-universite-updated-2025.png\" alt=\"\" title=\"Destinations universit\u00e9 updated 2025\" srcset=\"https:\/\/lfseoul.org\/wp-content\/uploads\/2026\/01\/Destinations-universite-updated-2025.png 1203w, https:\/\/lfseoul.org\/wp-content\/uploads\/2026\/01\/Destinations-universite-updated-2025-300x170.png 300w, https:\/\/lfseoul.org\/wp-content\/uploads\/2026\/01\/Destinations-universite-updated-2025-1024x581.png 1024w, https:\/\/lfseoul.org\/wp-content\/uploads\/2026\/01\/Destinations-universite-updated-2025-768x436.png 768w, https:\/\/lfseoul.org\/wp-content\/uploads\/2026\/01\/Destinations-universite-updated-2025-10x6.png 10w, https:\/\/lfseoul.org\/wp-content\/uploads\/2026\/01\/Destinations-universite-updated-2025-15x9.png 15w, https:\/\/lfseoul.org\/wp-content\/uploads\/2026\/01\/Destinations-universite-updated-2025-48x27.png 48w\" sizes=\"auto, (max-width: 1203px) 100vw, 1203px\" \/><\/figure>\n\n<\/div><\/div>\n\n<div class=\"gb-grid-column gb-grid-column-61518e5e\"><div class=\"gb-container gb-container-61518e5e\"><div class=\"gb-inside-container\">\n\n<p class=\"has-text-color\" style=\"color:#d72335\">Each year, LFS is proud to report a 100% success rate in the Baccalaur\u00e9ate with over 90% passed with honors.<\/p>\n\n\n\n<p>Most students then go on to higher education in France, however many also choose to attend university around the world (England, Switzerland, Canada, etc). Our students study in fields as diverse as science, business, art, law, literature, hospitality or political science.<\/p>\n\n\n\n<p>Consult this document to know more about the <span style=\"color: #dd1414;\" data=\"#dd1414\" class=\"qubely-text-has-color\">university destinations chosen by our students<\/span>.<\/p>\n\n\n\n<div class=\"wp-block-qubely-button qubely-block-2c7b3b\"><div class=\"qubely-block-btn-wrapper \"><div class=\"qubely-block-btn\"><a class=\"qubely-block-btn-anchor is-large\" href=\"https:\/\/lfseoul.org\/wp-content\/uploads\/2026\/01\/LFS-UNIVERSITY-ORIENTATION_2016-2025.pdf\" target=\"_blank\" rel=\"noopener noreferrer\">List of University Destinations<\/a><\/div><\/div><\/div>\n\n\n\n<p>The <span style=\"color: #d72335;\" data=\"#d72335\" class=\"qubely-text-has-color\">Excellence-Major Scholarship<\/span> may be awarded to non-French students whose track record and commitment to the school have been particularly outstanding and inspiring. To benefit from this scholarship, the student must commit to studying in France for 5 years and must present a structured and ambitious higher education project. The head teacher, in consultation with the class&#8217;s educational team, selects the students likely to be eligible for this scholarship, and submits their names to the headmaster for approval. A specific AEFE commission then decides on the allocation of the scholarships.<\/p>\n\n<\/div><\/div><\/div>\n<\/div>\n<\/div><\/div>\n\n<div class=\"gb-container gb-container-5acbc7e4\"><div class=\"gb-inside-container\">\n\n<h2 class=\"wp-block-heading has-text-align-center\">TESTIMONIAL<\/h2>\n\n\n\n<div style=\"height:30px\" aria-hidden=\"true\" class=\"wp-block-spacer\"><\/div>\n\n\n\n<div class=\"wp-block-qubely-testimonial qubely-block-9f9f03 animated fadeInDown\"><div class=\"qubely-block-testimonial \"><div class=\"qubely-testimonial-content\"><div><em>When I started Premi\u00e8re (grade 11), I didn&#8217;t know where to look for a higher education course that would suit me. The hours dedicated to higher education counseling and one-to-one interviews with the Appointed University Guidance Teacher (PRIO) gave me all the necessary information on the different courses of study available after the Baccalaureate. It helped me overcome my worries and I have now succeeded in building a coherent and realistic project.<\/em><\/div><\/div><div class=\"qubely-testimonial-ratings\" style=\"--qubely-testimonial-rating:90%\"><\/div><div class=\"qubely-testimonial-author\"><div class=\"qubely-testimonial-avatar-layout-left\"><img decoding=\"async\" class=\"qubely-testimonial-avatar\" src=\"https:\/\/lfseoul.org\/wp-content\/uploads\/2021\/04\/Lycee-copie-scaled.jpeg\" srcset=\"\" alt=\"\"\/><div class=\"qubely-testimonial-author-info\"><div class=\"qubely-testimonial-author-name\"><span><em>Heymin Suh<\/em><\/span><\/div><div class=\"qubely-testimonial-author-designation\"><span><em><em>Terminale (grade 12)<\/em><\/em><\/span><\/div><\/div><\/div><\/div><\/div><\/div>\n\n<\/div><\/div>\n\n<div class=\"gb-container gb-container-d934a3e6\"><div class=\"gb-inside-container\">\n<div class=\"gb-grid-wrapper gb-grid-wrapper-a8dedee6\">\n<div class=\"gb-grid-column gb-grid-column-9b488067\"><div class=\"gb-container gb-container-9b488067\"><div class=\"gb-inside-container\">\n\n<p class=\"gb-headline gb-headline-60bdd447\"><span class=\"gb-icon\"><svg aria-hidden=\"true\" height=\"1em\" width=\"1em\" viewBox=\"0 0 384 512\" xmlns=\"http:\/\/www.w3.org\/2000\/svg\"><path fill=\"currentColor\" d=\"M97.12 362.63c-8.69-8.69-4.16-6.24-25.12-11.85-9.51-2.55-17.87-7.45-25.43-13.32L1.2 448.7c-4.39 10.77 3.81 22.47 15.43 22.03l52.69-2.01L105.56 507c8 8.44 22.04 5.81 26.43-4.96l52.05-127.62c-10.84 6.04-22.87 9.58-35.31 9.58-19.5 0-37.82-7.59-51.61-21.37zM382.8 448.7l-45.37-111.24c-7.56 5.88-15.92 10.77-25.43 13.32-21.07 5.64-16.45 3.18-25.12 11.85-13.79 13.78-32.12 21.37-51.62 21.37-12.44 0-24.47-3.55-35.31-9.58L252 502.04c4.39 10.77 18.44 13.4 26.43 4.96l36.25-38.28 52.69 2.01c11.62.44 19.82-11.27 15.43-22.03zM263 340c15.28-15.55 17.03-14.21 38.79-20.14 13.89-3.79 24.75-14.84 28.47-28.98 7.48-28.4 5.54-24.97 25.95-45.75 10.17-10.35 14.14-25.44 10.42-39.58-7.47-28.38-7.48-24.42 0-52.83 3.72-14.14-.25-29.23-10.42-39.58-20.41-20.78-18.47-17.36-25.95-45.75-3.72-14.14-14.58-25.19-28.47-28.98-27.88-7.61-24.52-5.62-44.95-26.41-10.17-10.35-25-14.4-38.89-10.61-27.87 7.6-23.98 7.61-51.9 0-13.89-3.79-28.72.25-38.89 10.61-20.41 20.78-17.05 18.8-44.94 26.41-13.89 3.79-24.75 14.84-28.47 28.98-7.47 28.39-5.54 24.97-25.95 45.75-10.17 10.35-14.15 25.44-10.42 39.58 7.47 28.36 7.48 24.4 0 52.82-3.72 14.14.25 29.23 10.42 39.59 20.41 20.78 18.47 17.35 25.95 45.75 3.72 14.14 14.58 25.19 28.47 28.98C104.6 325.96 106.27 325 121 340c13.23 13.47 33.84 15.88 49.74 5.82a39.676 39.676 0 0 1 42.53 0c15.89 10.06 36.5 7.65 49.73-5.82zM97.66 175.96c0-53.03 42.24-96.02 94.34-96.02s94.34 42.99 94.34 96.02-42.24 96.02-94.34 96.02-94.34-42.99-94.34-96.02z\"><\/path><\/svg><\/span><span class=\"gb-headline-text\"><strong>For an accredited French education, <\/strong><br><strong>offering multilingual pathways<\/strong><\/span><\/p>\n\n<\/div><\/div><\/div>\n<\/div>\n\n<div class=\"gb-button-wrapper gb-button-wrapper-b23e3b79\">\n\n<a class=\"gb-button gb-button-da645d2e gb-button-text\" href=\"https:\/\/lfseoul.org\/en\/apply\/\" target=\"_blank\" rel=\"noopener noreferrer\">APPLY NOW<\/a>\n\n<\/div>\n<\/div><\/div>","protected":false},"excerpt":{"rendered":"<p>As part of of a program known as Parcours Avenir, the Lyc\u00e9e Fran\u00e7ais de S\u00e9oul (LFS) assists middle and high school students to prepare for their career paths through an introduction to the professional world, the selection of courses for &#8230; <\/p>\n<p class=\"read-more-container\"><a title=\"UNIVERSITY COUNSELING\" class=\"read-more button\" href=\"https:\/\/lfseoul.org\/en\/university-counseling\/#more-10478\" aria-label=\"Read more about UNIVERSITY COUNSELING\">En savoir plus<\/a><\/p>\n","protected":false},"author":4,"featured_media":10461,"parent":0,"menu_order":0,"comment_status":"closed","ping_status":"closed","template":"","meta":{"qubely_global_settings":"","qubely_interactions":"","inline_featured_image":false,"footnotes":""},"class_list":{"0":"post-10478","1":"page","2":"type-page","3":"status-publish","4":"has-post-thumbnail","6":"infinite-scroll-item","7":"resize-featured-image"},"_links":{"self":[{"href":"https:\/\/lfseoul.org\/en\/wp-json\/wp\/v2\/pages\/10478","targetHints":{"allow":["GET"]}}],"collection":[{"href":"https:\/\/lfseoul.org\/en\/wp-json\/wp\/v2\/pages"}],"about":[{"href":"https:\/\/lfseoul.org\/en\/wp-json\/wp\/v2\/types\/page"}],"author":[{"embeddable":true,"href":"https:\/\/lfseoul.org\/en\/wp-json\/wp\/v2\/users\/4"}],"replies":[{"embeddable":true,"href":"https:\/\/lfseoul.org\/en\/wp-json\/wp\/v2\/comments?post=10478"}],"version-history":[{"count":23,"href":"https:\/\/lfseoul.org\/en\/wp-json\/wp\/v2\/pages\/10478\/revisions"}],"predecessor-version":[{"id":21661,"href":"https:\/\/lfseoul.org\/en\/wp-json\/wp\/v2\/pages\/10478\/revisions\/21661"}],"wp:featuredmedia":[{"embeddable":true,"href":"https:\/\/lfseoul.org\/en\/wp-json\/wp\/v2\/media\/10461"}],"wp:attachment":[{"href":"https:\/\/lfseoul.org\/en\/wp-json\/wp\/v2\/media?parent=10478"}],"curies":[{"name":"wp","href":"https:\/\/api.w.org\/{rel}","templated":true}]}}