{"id":10634,"date":"2021-04-05T13:40:44","date_gmt":"2021-04-05T13:40:44","guid":{"rendered":"https:\/\/54.68.147.74\/~lfs\/systeme-educatif\/"},"modified":"2025-04-16T06:17:02","modified_gmt":"2025-04-16T06:17:02","slug":"our-educational-system","status":"publish","type":"page","link":"https:\/\/lfseoul.org\/en\/our-educational-system\/","title":{"rendered":"OUR EDUCATIONAL SYSTEM"},"content":{"rendered":"<div class=\"gb-container gb-container-2ad69b3a\"><div class=\"gb-inside-container\">\n\n<p>French education is based on <span style=\"color: #de1515;\" data=\"#de1515\" class=\"qubely-text-has-color\">3-year cycles<\/span> from Petite Section (PS) to 3<sup>\u00e8me<\/sup> (grade 9) with a common core of skills to be acquired from CP (grade 1) to 3\u00e8me.<\/p>\n\n\n\n<p>This cycle-based approach allows students to <span style=\"color: #de1515;\" data=\"#de1515\" class=\"qubely-text-has-color\">develop skills at their own pace<\/span> while gradually learning knowledge and attitudes.&nbsp;<\/p>\n\n\n\n<p>At the end of 3\u00e8me, students obtain their first diploma, the Brevet, and make their first university guidance choices. In Seconde (grade 10), they follow a common core of courses and select the specialties they will take in Final Cycle (1\u00e8re, Terminale (grade 11, 12)) up to the BaccalaurEate diploma, which gives them access to higher education in France and around the world.&nbsp;<\/p>\n\n\n\n<div style=\"height:30px\" aria-hidden=\"true\" class=\"wp-block-spacer\"><\/div>\n\n<\/div><\/div>\n\n<div class=\"gb-container gb-container-41831be9\"><div class=\"gb-inside-container\">\n<div class=\"wp-block-image animated fadeInLeft\">\n<figure class=\"aligncenter size-large\"><img loading=\"lazy\" decoding=\"async\" width=\"1024\" height=\"229\" src=\"https:\/\/lfseoul.org\/wp-content\/uploads\/2021\/04\/the-cycles-4-1024x229.png\" alt=\"\" class=\"wp-image-11640\" srcset=\"https:\/\/lfseoul.org\/wp-content\/uploads\/2021\/04\/the-cycles-4-1024x229.png 1024w, https:\/\/lfseoul.org\/wp-content\/uploads\/2021\/04\/the-cycles-4-300x67.png 300w, https:\/\/lfseoul.org\/wp-content\/uploads\/2021\/04\/the-cycles-4-768x172.png 768w, https:\/\/lfseoul.org\/wp-content\/uploads\/2021\/04\/the-cycles-4-1536x343.png 1536w, https:\/\/lfseoul.org\/wp-content\/uploads\/2021\/04\/the-cycles-4-2048x458.png 2048w, https:\/\/lfseoul.org\/wp-content\/uploads\/2021\/04\/the-cycles-4-10x2.png 10w, https:\/\/lfseoul.org\/wp-content\/uploads\/2021\/04\/the-cycles-4-15x3.png 15w, https:\/\/lfseoul.org\/wp-content\/uploads\/2021\/04\/the-cycles-4-48x11.png 48w\" sizes=\"auto, (max-width: 1024px) 100vw, 1024px\" \/><\/figure><\/div>\n\n\n<p><\/p>\n\n<\/div><\/div>\n\n<div class=\"gb-container gb-container-4da9b5f7\"><div class=\"gb-inside-container\">\n\n<h2 class=\"wp-block-heading has-text-align-center\">LFS BROCHURE<\/h2>\n\n\n<div class=\"gb-container gb-container-011ee599\"><div class=\"gb-inside-container\">\n\n<p>Discover more about our educational system from the LFS pedagogical brochure presenting the key figures, our curriculum from kindergarten to high school with the two specific educational programs specific to LFS: the Bridge Class and the two English language courses. You will also find information on university counseling, extracurricular activities and collaborative projects in the Asia-Pacific zone.<\/p>\n\n<\/div><\/div>\n\n<div class=\"gb-button-wrapper gb-button-wrapper-04e79efe\">\n\n<a class=\"gb-button gb-button-8b72c773 gb-button-text\" href=\"https:\/\/lfseoul.org\/wp-content\/uploads\/2023\/02\/2023-FR-LFS-Brochure.pdf\" target=\"_blank\" rel=\"noopener noreferrer\"><strong><strong><strong><strong>BROCHURE P\u00c9DAGOGIQUE<\/strong><\/strong><\/strong><\/strong><\/a>\n\n\n\n<a class=\"gb-button gb-button-9f411801 gb-button-text\" href=\"https:\/\/lfseoul.org\/wp-content\/uploads\/2023\/02\/2023-EN-LFS-Brochure.pdf\" target=\"_blank\" rel=\"noopener noreferrer\"><strong><strong><strong><strong>PEDAGOGICAL BROCHURE<\/strong><\/strong><\/strong><\/strong><\/a>\n\n\n\n<a class=\"gb-button gb-button-12c39e01 gb-button-text\" href=\"https:\/\/lfseoul.org\/wp-content\/uploads\/2023\/02\/2023-KR-LFS-Brochure.pdf\" target=\"_blank\" rel=\"noopener noreferrer\"><strong><strong><strong><strong>\uad50\uc721 \ube0c\ub85c\uc154<\/strong><\/strong><\/strong><\/strong><\/a>\n\n<\/div>\n<\/div><\/div>\n\n<div class=\"gb-container gb-container-d73c5a90\"><div class=\"gb-inside-container\">\n\n<h2 class=\"wp-block-heading has-text-align-center has-text-color\" id=\"cycle\" style=\"color:#0f145a\"><strong><strong><strong>PROGRESSIVE LEARNING ENHANCED THROUGHOUT SCHOOL YEARS<\/strong><\/strong><\/strong><\/h2>\n\n\n\n<div style=\"height:30px\" aria-hidden=\"true\" class=\"wp-block-spacer\"><\/div>\n\n\n<div class=\"wp-block-image\">\n<figure class=\"aligncenter size-large\"><img loading=\"lazy\" decoding=\"async\" width=\"1024\" height=\"926\" src=\"https:\/\/lfseoul.org\/wp-content\/uploads\/2021\/04\/socle-common-1-1024x926.jpg\" alt=\"\" class=\"wp-image-11644\" srcset=\"https:\/\/lfseoul.org\/wp-content\/uploads\/2021\/04\/socle-common-1-1024x926.jpg 1024w, https:\/\/lfseoul.org\/wp-content\/uploads\/2021\/04\/socle-common-1-300x271.jpg 300w, https:\/\/lfseoul.org\/wp-content\/uploads\/2021\/04\/socle-common-1-768x695.jpg 768w, https:\/\/lfseoul.org\/wp-content\/uploads\/2021\/04\/socle-common-1-1536x1389.jpg 1536w, https:\/\/lfseoul.org\/wp-content\/uploads\/2021\/04\/socle-common-1-2048x1852.jpg 2048w, https:\/\/lfseoul.org\/wp-content\/uploads\/2021\/04\/socle-common-1-10x10.jpg 10w, https:\/\/lfseoul.org\/wp-content\/uploads\/2021\/04\/socle-common-1-15x15.jpg 15w, https:\/\/lfseoul.org\/wp-content\/uploads\/2021\/04\/socle-common-1-48x43.jpg 48w\" sizes=\"auto, (max-width: 1024px) 100vw, 1024px\" \/><\/figure><\/div>\n<\/div><\/div>\n\n<div class=\"gb-container gb-container-a1709ce8\"><div class=\"gb-inside-container\"><\/div><\/div>\n\n<div class=\"gb-container gb-container-d60bb5c8\"><div class=\"gb-inside-container\">\n\n<h2 class=\"wp-block-heading has-text-align-center\"><strong><strong>AN AMBITIOUS AND ALL INCLUSIVE SCHOOL PROJECT<\/strong><\/strong><\/h2>\n\n\n\n<div style=\"height:30px\" aria-hidden=\"true\" class=\"wp-block-spacer\"><\/div>\n\n\n\n<p>Each school elaborates a <span style=\"color: #de1515;\" data=\"#de1515\" class=\"qubely-text-has-color\">3-year school plan<\/span> to set its priorities and guiding principles in the education provided.<\/p>\n\n\n\n<p>Lyc\u00e9e Fran\u00e7ais de S\u00e9oul has identified 4 major areas of focus in its 2018\/2021 school project centered on <em><span style=\"color: #de1515;\" data=\"#de1515\" class=\"qubely-text-has-color\">Growing Together<\/span><\/em> as its objective:<\/p>\n\n<\/div><\/div>\n\n<div class=\"gb-container gb-container-bb850a97\"><div class=\"gb-inside-container\">\n<div class=\"gb-grid-wrapper gb-grid-wrapper-ef4befb7 animated fadeInRight\">\n<div class=\"gb-grid-column gb-grid-column-b02515d8\"><div class=\"gb-container gb-container-b02515d8\"><div class=\"gb-inside-container\">\n\n<h3 class=\"wp-block-heading has-text-align-center has-text-color\" style=\"color:#d72335;font-size:100px\">1<\/h3>\n\n<\/div><\/div><\/div>\n\n<div class=\"gb-grid-column gb-grid-column-f8ab254b\"><div class=\"gb-container gb-container-f8ab254b\"><div class=\"gb-inside-container\">\n\n<h1 class=\"wp-block-heading has-text-color has-medium-font-size\" style=\"color:#d72335\"><strong><strong><strong>TO PROVIDE ALL STUDENTS WITH MULTILINGUAL EDUCATIONAL PATHWAYS<\/strong><\/strong><\/strong><\/h1>\n\n\n\n<p>LFS aims to ensure <span style=\"color: #de1515;\" data=\"#de1515\" class=\"qubely-text-has-color\">proficiency in French<\/span> for all and at the same time provide adapted and strengthened courses in <span style=\"color: #de1515;\" data=\"#de1515\" class=\"qubely-text-has-color\">foreign languages<\/span>, giving access to higher education in France and throughout the world.<\/p>\n\n<\/div><\/div><\/div>\n<\/div>\n<\/div><\/div>\n\n<div class=\"gb-container gb-container-8e1978e3\"><div class=\"gb-inside-container\">\n<div class=\"gb-grid-wrapper gb-grid-wrapper-f53adc47 animated fadeInRight\">\n<div class=\"gb-grid-column gb-grid-column-1d434be1\"><div class=\"gb-container gb-container-1d434be1\"><div class=\"gb-inside-container\">\n\n<h3 class=\"wp-block-heading has-text-align-center has-text-color\" style=\"color:#d72335;font-size:100px\">2<\/h3>\n\n<\/div><\/div><\/div>\n\n<div class=\"gb-grid-column gb-grid-column-12c27db0\"><div class=\"gb-container gb-container-12c27db0\"><div class=\"gb-inside-container\">\n\n<h1 class=\"wp-block-heading has-text-color has-medium-font-size\" style=\"color:#d72335\"><strong><strong><strong><strong>TO OFFER EDUCATIONAL PATHWAYS FOR ALL FORMS OF SUCCESS<\/strong><\/strong><\/strong><\/strong><\/h1>\n\n\n\n<p>LFS aims to support students in need and at the same time guide to excellence those who already demonstrate a high level of academic performance, in particular by assisting the students in their <span style=\"color: #de1515;\" data=\"#de1515\" class=\"qubely-text-has-color\">different schooling paths<\/span>, <span style=\"color: #de1515;\" data=\"#de1515\" class=\"qubely-text-has-color\">enhancing teaching skills<\/span> and implementing <span style=\"color: #de1515;\" data=\"#de1515\" class=\"qubely-text-has-color\">Parcours Avenir (Future Path)<\/span>.<\/p>\n\n<\/div><\/div><\/div>\n<\/div>\n<\/div><\/div>\n\n<div class=\"gb-container gb-container-35bfd1c6\"><div class=\"gb-inside-container\">\n<div class=\"gb-grid-wrapper gb-grid-wrapper-36bc1bcd animated fadeInRight\">\n<div class=\"gb-grid-column gb-grid-column-ad365de8\"><div class=\"gb-container gb-container-ad365de8\"><div class=\"gb-inside-container\">\n\n<h3 class=\"wp-block-heading has-text-align-center has-text-color\" style=\"color:#d72335;font-size:100px\">3<\/h3>\n\n<\/div><\/div><\/div>\n\n<div class=\"gb-grid-column gb-grid-column-59900609\"><div class=\"gb-container gb-container-59900609\"><div class=\"gb-inside-container\">\n\n<h1 class=\"wp-block-heading has-text-color has-medium-font-size\" style=\"color:#d72335\"><strong><strong><strong><strong><strong>TO BUILD A SCHOOL COMMUNITY FULLY ENGAGED WITH THE REST OF THE WORLD<\/strong><\/strong><\/strong><\/strong><\/strong><\/h1>\n\n\n\n<p>via interaction with other student communities, the promotion of the culture of our host country, Korea, and school trips.<\/p>\n\n<\/div><\/div><\/div>\n<\/div>\n<\/div><\/div>\n\n<div class=\"gb-container gb-container-5207e639\"><div class=\"gb-inside-container\">\n<div class=\"gb-grid-wrapper gb-grid-wrapper-250c09a3 animated fadeInRight\">\n<div class=\"gb-grid-column gb-grid-column-789b89fd\"><div class=\"gb-container gb-container-789b89fd\"><div class=\"gb-inside-container\">\n\n<h3 class=\"wp-block-heading has-text-align-center has-text-color\" style=\"color:#d72335;font-size:100px\">4<\/h3>\n\n<\/div><\/div><\/div>\n\n<div class=\"gb-grid-column gb-grid-column-4f017efb\"><div class=\"gb-container gb-container-4f017efb\"><div class=\"gb-inside-container\">\n\n<h1 class=\"wp-block-heading has-text-color has-medium-font-size\" style=\"color:#d72335\"><strong><strong><strong><strong><strong><strong>TO ESTABLISH LFS AS A PLACE FOR LIVING, LEARNING AND GROWING TOGETHER<\/strong><\/strong><\/strong><\/strong><\/strong><\/strong><\/h1>\n\n\n\n<p>where the living and working environment suits each one&#8217;s activities, where dialogue, attention and commitment are made possible in a secure environment. LFS also offers <span style=\"color: #de1515;\" data=\"#de1515\" class=\"qubely-text-has-color\">extracurricular activities<\/span> which support its educational mission and strengthen the sense of belonging to the school community<strong>.<\/strong><\/p>\n\n<\/div><\/div><\/div>\n<\/div>\n<\/div><\/div>\n\n<div class=\"gb-container gb-container-0d0d2681\"><div class=\"gb-inside-container\">\n\n<h2 class=\"wp-block-heading has-text-align-center\"><strong><strong><strong>WHICH GRADE SHOULD YOUR CHILD BE IN?<\/strong><\/strong><\/strong><\/h2>\n\n\n\n<div style=\"height:30px\" aria-hidden=\"true\" class=\"wp-block-spacer\"><\/div>\n\n\n<div class=\"gb-grid-wrapper gb-grid-wrapper-0a948f52\">\n<div class=\"gb-grid-column gb-grid-column-a99d1d98\"><div class=\"gb-container gb-container-a99d1d98\"><div class=\"gb-inside-container\">\n\n<figure class=\"wp-block-image size-large\"><img loading=\"lazy\" decoding=\"async\" width=\"1024\" height=\"683\" src=\"https:\/\/lfseoul.org\/wp-content\/uploads\/2024\/07\/R5CC4748-1024x683.jpg\" alt=\"\" class=\"wp-image-19552\" srcset=\"https:\/\/lfseoul.org\/wp-content\/uploads\/2024\/07\/R5CC4748-1024x683.jpg 1024w, https:\/\/lfseoul.org\/wp-content\/uploads\/2024\/07\/R5CC4748-300x200.jpg 300w, https:\/\/lfseoul.org\/wp-content\/uploads\/2024\/07\/R5CC4748-768x512.jpg 768w, https:\/\/lfseoul.org\/wp-content\/uploads\/2024\/07\/R5CC4748-1536x1025.jpg 1536w, https:\/\/lfseoul.org\/wp-content\/uploads\/2024\/07\/R5CC4748-1200x800.jpg 1200w, https:\/\/lfseoul.org\/wp-content\/uploads\/2024\/07\/R5CC4748-10x7.jpg 10w, https:\/\/lfseoul.org\/wp-content\/uploads\/2024\/07\/R5CC4748-15x10.jpg 15w, https:\/\/lfseoul.org\/wp-content\/uploads\/2024\/07\/R5CC4748-48x32.jpg 48w\" sizes=\"auto, (max-width: 1024px) 100vw, 1024px\" \/><\/figure>\n\n<\/div><\/div><\/div>\n\n<div class=\"gb-grid-column gb-grid-column-7853a09f\"><div class=\"gb-container gb-container-7853a09f\"><div class=\"gb-inside-container\">\n\n<p><span style=\"color: #de1515;\" data=\"#de1515\" class=\"qubely-text-has-color\">The French education system welcomes children born in the same calendar year, between January 1st and December 31st, with the school year starting in September.<\/span><\/p>\n\n\n\n<p>For example, a child born on November 1st who has not yet turned 3 years old at the beginning of the school year can start school in September in the Petite Section (PS, First year of Kindergarten)<\/p>\n\n\n\n<p>Click <a href=\"https:\/\/lfseoul.org\/en\/apply\/#class\" target=\"_blank\" rel=\"noreferrer noopener\">here<\/a> to find out which grade of your child should be in according to his\/her year of birth and the French grade equivalents to the American and Korean educational system.&nbsp;<\/p>\n\n<\/div><\/div><\/div>\n<\/div>\n<\/div><\/div>\n\n<div class=\"gb-container gb-container-86ff5084\"><div class=\"gb-inside-container\">\n<div class=\"gb-grid-wrapper gb-grid-wrapper-17e3a3bc\">\n<div class=\"gb-grid-column gb-grid-column-7e397e2f\"><div class=\"gb-container gb-container-7e397e2f\"><div class=\"gb-inside-container\">\n\n<p class=\"gb-headline gb-headline-ee8af7eb\"><span class=\"gb-icon\"><svg aria-hidden=\"true\" height=\"1em\" width=\"1em\" viewBox=\"0 0 384 512\" xmlns=\"http:\/\/www.w3.org\/2000\/svg\"><path fill=\"currentColor\" d=\"M97.12 362.63c-8.69-8.69-4.16-6.24-25.12-11.85-9.51-2.55-17.87-7.45-25.43-13.32L1.2 448.7c-4.39 10.77 3.81 22.47 15.43 22.03l52.69-2.01L105.56 507c8 8.44 22.04 5.81 26.43-4.96l52.05-127.62c-10.84 6.04-22.87 9.58-35.31 9.58-19.5 0-37.82-7.59-51.61-21.37zM382.8 448.7l-45.37-111.24c-7.56 5.88-15.92 10.77-25.43 13.32-21.07 5.64-16.45 3.18-25.12 11.85-13.79 13.78-32.12 21.37-51.62 21.37-12.44 0-24.47-3.55-35.31-9.58L252 502.04c4.39 10.77 18.44 13.4 26.43 4.96l36.25-38.28 52.69 2.01c11.62.44 19.82-11.27 15.43-22.03zM263 340c15.28-15.55 17.03-14.21 38.79-20.14 13.89-3.79 24.75-14.84 28.47-28.98 7.48-28.4 5.54-24.97 25.95-45.75 10.17-10.35 14.14-25.44 10.42-39.58-7.47-28.38-7.48-24.42 0-52.83 3.72-14.14-.25-29.23-10.42-39.58-20.41-20.78-18.47-17.36-25.95-45.75-3.72-14.14-14.58-25.19-28.47-28.98-27.88-7.61-24.52-5.62-44.95-26.41-10.17-10.35-25-14.4-38.89-10.61-27.87 7.6-23.98 7.61-51.9 0-13.89-3.79-28.72.25-38.89 10.61-20.41 20.78-17.05 18.8-44.94 26.41-13.89 3.79-24.75 14.84-28.47 28.98-7.47 28.39-5.54 24.97-25.95 45.75-10.17 10.35-14.15 25.44-10.42 39.58 7.47 28.36 7.48 24.4 0 52.82-3.72 14.14.25 29.23 10.42 39.59 20.41 20.78 18.47 17.35 25.95 45.75 3.72 14.14 14.58 25.19 28.47 28.98C104.6 325.96 106.27 325 121 340c13.23 13.47 33.84 15.88 49.74 5.82a39.676 39.676 0 0 1 42.53 0c15.89 10.06 36.5 7.65 49.73-5.82zM97.66 175.96c0-53.03 42.24-96.02 94.34-96.02s94.34 42.99 94.34 96.02-42.24 96.02-94.34 96.02-94.34-42.99-94.34-96.02z\"><\/path><\/svg><\/span><span class=\"gb-headline-text\"><strong>For an accredited French education, offering multilingual pathways<\/strong><\/span><\/p>\n\n<\/div><\/div><\/div>\n<\/div>\n\n<div class=\"gb-button-wrapper gb-button-wrapper-85abd2b2\">\n\n<a class=\"gb-button gb-button-fe840f80 gb-button-text\" href=\"https:\/\/lfseoul.org\/en\/apply\/\" target=\"_blank\" rel=\"noopener noreferrer\">APPLY NOW<\/a>\n\n<\/div>\n<\/div><\/div>","protected":false},"excerpt":{"rendered":"<p>French education is based on 3-year cycles from Petite Section (PS) to 3\u00e8me (grade 9) with a common core of skills to be acquired from CP (grade 1) to 3\u00e8me. This cycle-based approach allows students to develop skills at their &#8230; <\/p>\n<p class=\"read-more-container\"><a title=\"OUR EDUCATIONAL SYSTEM\" class=\"read-more button\" href=\"https:\/\/lfseoul.org\/en\/our-educational-system\/#more-10634\" aria-label=\"Read more about OUR EDUCATIONAL SYSTEM\">En savoir plus<\/a><\/p>\n","protected":false},"author":4,"featured_media":18541,"parent":0,"menu_order":0,"comment_status":"closed","ping_status":"closed","template":"","meta":{"qubely_global_settings":"","qubely_interactions":"","inline_featured_image":false,"footnotes":""},"class_list":{"0":"post-10634","1":"page","2":"type-page","3":"status-publish","4":"has-post-thumbnail","6":"infinite-scroll-item","7":"resize-featured-image"},"_links":{"self":[{"href":"https:\/\/lfseoul.org\/en\/wp-json\/wp\/v2\/pages\/10634","targetHints":{"allow":["GET"]}}],"collection":[{"href":"https:\/\/lfseoul.org\/en\/wp-json\/wp\/v2\/pages"}],"about":[{"href":"https:\/\/lfseoul.org\/en\/wp-json\/wp\/v2\/types\/page"}],"author":[{"embeddable":true,"href":"https:\/\/lfseoul.org\/en\/wp-json\/wp\/v2\/users\/4"}],"replies":[{"embeddable":true,"href":"https:\/\/lfseoul.org\/en\/wp-json\/wp\/v2\/comments?post=10634"}],"version-history":[{"count":10,"href":"https:\/\/lfseoul.org\/en\/wp-json\/wp\/v2\/pages\/10634\/revisions"}],"predecessor-version":[{"id":21013,"href":"https:\/\/lfseoul.org\/en\/wp-json\/wp\/v2\/pages\/10634\/revisions\/21013"}],"wp:featuredmedia":[{"embeddable":true,"href":"https:\/\/lfseoul.org\/en\/wp-json\/wp\/v2\/media\/18541"}],"wp:attachment":[{"href":"https:\/\/lfseoul.org\/en\/wp-json\/wp\/v2\/media?parent=10634"}],"curies":[{"name":"wp","href":"https:\/\/api.w.org\/{rel}","templated":true}]}}