{"id":11626,"date":"2021-04-22T00:28:22","date_gmt":"2021-04-22T00:28:22","guid":{"rendered":"https:\/\/54.68.147.74\/~lfs\/espace-parents-2\/"},"modified":"2025-09-09T01:19:56","modified_gmt":"2025-09-09T01:19:56","slug":"parent-portal","status":"publish","type":"page","link":"https:\/\/lfseoul.org\/en\/parent-portal\/","title":{"rendered":"PARENT PORTAL"},"content":{"rendered":"\n<style>\n.site-content {\n    display: block !important;\n}\n<\/style>\n\n\n<div class=\"gb-container gb-container-11cc4cd4\"><div class=\"gb-inside-container\">\n\n<p>Lyc\u00e9e Fran\u00e7ais de S\u00e9oul (LFS) brings together caring <span style=\"color: #de1515;\" data=\"#de1515\" class=\"qubely-text-has-color\">French, Korean and international communities<\/span> which are committed to the well-being of all.&nbsp;<\/p>\n\n\n\n<p>In the Parent Portal, you will find all the information and platforms you need to keep track of your child&#8217;s academic progress and find out more about getting involved in school life.<\/p>\n\n<\/div><\/div>\n\n<div class=\"gb-container gb-container-f35a94d1\"><div class=\"gb-inside-container\">\n<div class=\"gb-container gb-container-01a3638a\"><div class=\"gb-inside-container\">\n<div class=\"gb-grid-wrapper gb-grid-wrapper-fc7ea230\">\n<div class=\"gb-grid-column gb-grid-column-2181b0ee\"><div class=\"gb-container gb-container-2181b0ee\"><div class=\"gb-inside-container\"><\/div><\/div><\/div>\n\n<div class=\"gb-grid-column gb-grid-column-48c3227a\"><div class=\"gb-container gb-container-48c3227a\"><div class=\"gb-inside-container\">\n\n<h2 class=\"wp-block-heading\">ACADEMIC CALENDAR<\/h2>\n\n\n\n<div style=\"height:20px\" aria-hidden=\"true\" class=\"wp-block-spacer\"><\/div>\n\n\n\n<p>Download the current academic calendar showing the start and end date of the school year, as well as, the school vacation periods.<\/p>\n\n\n\n<p><a href=\"https:\/\/lfseoul.org\/en\/calendar\/\" target=\"_blank\" data-type=\"page\" data-id=\"9596\" rel=\"noreferrer noopener\">Download the Academic Calendar here.<\/a><\/p>\n\n\n\n<div style=\"height:30px\" aria-hidden=\"true\" class=\"wp-block-spacer\"><\/div>\n\n\n\n<h2 class=\"wp-block-heading\">PRACTICAL INFORMATION<\/h2>\n\n\n\n<div style=\"height:20px\" aria-hidden=\"true\" class=\"wp-block-spacer\"><\/div>\n\n\n\n<p>Learn about the school hours, information and conditions to access the school building, and procedures in case of student&#8217;s late arrival or absence. You can also find the summary of the communication tools that shows you how to best use the LFS digital platforms.<\/p>\n\n\n\n<p><a href=\"https:\/\/lfseoul.org\/en\/practical-informations\/\" target=\"_blank\" data-type=\"page\" data-id=\"6961\" rel=\"noreferrer noopener\">Find out more at Practical Information<\/a>.<\/p>\n\n<\/div><\/div><\/div>\n<\/div>\n<\/div><\/div>\n<\/div><\/div>\n\n<div class=\"gb-container gb-container-8cd2ddf9\"><div class=\"gb-inside-container\">\n\n<h2 class=\"wp-block-heading has-text-align-center\"><strong><strong>ONLINE PLATFORMS TO FOLLOW UP ON SCHOOL LIFE<\/strong><\/strong><\/h2>\n\n<\/div><\/div>\n\n<div class=\"gb-container gb-container-d09528de\"><div class=\"gb-inside-container\">\n<div class=\"gb-container gb-container-75792e55\"><div class=\"gb-inside-container\">\n<div class=\"gb-grid-wrapper gb-grid-wrapper-bb5349fb\">\n<div class=\"gb-grid-column gb-grid-column-f7bca456\"><div class=\"gb-container gb-container-f7bca456\"><div class=\"gb-inside-container\">\n\n<h4 class=\"gb-headline gb-headline-6eac8409 gb-headline-text\">Eduka<\/h4>\n\n\n\n<p class=\"gb-headline gb-headline-5d740cb2 gb-headline-text\">The Eduka platform allows you to retrieve your personal information, to fill in enrollment or de-enrollment forms, to consult the catalog and register your child for extracurricular activities, and to access your invoices and other important documents.<br><a href=\"https:\/\/lfseoul.eduka.school\/\" target=\"_blank\" rel=\"noreferrer noopener\">Click on the logo to have access to the Eduka platform.<\/a><\/p>\n\n<\/div><\/div><\/div>\n\n<div class=\"gb-grid-column gb-grid-column-d9b4d5bf\"><div class=\"gb-container gb-container-d9b4d5bf\"><div class=\"gb-inside-container\">\n<div class=\"wp-block-image\">\n<figure class=\"aligncenter size-full is-resized\"><a href=\"https:\/\/lfseoul.eduka.school\" target=\"_blank\" rel=\"noopener\"><img loading=\"lazy\" decoding=\"async\" width=\"290\" height=\"290\" src=\"https:\/\/lfseoul.org\/wp-content\/uploads\/2021\/02\/Practical-information_Eduka.png\" alt=\"\" class=\"wp-image-7110\" style=\"width:150px;height:150px\" srcset=\"https:\/\/lfseoul.org\/wp-content\/uploads\/2021\/02\/Practical-information_Eduka.png 290w, https:\/\/lfseoul.org\/wp-content\/uploads\/2021\/02\/Practical-information_Eduka-150x150.png 150w, https:\/\/lfseoul.org\/wp-content\/uploads\/2021\/02\/Practical-information_Eduka-10x10.png 10w, https:\/\/lfseoul.org\/wp-content\/uploads\/2021\/02\/Practical-information_Eduka-15x15.png 15w, https:\/\/lfseoul.org\/wp-content\/uploads\/2021\/02\/Practical-information_Eduka-48x48.png 48w\" sizes=\"auto, (max-width: 290px) 100vw, 290px\" \/><\/a><\/figure><\/div>\n<\/div><\/div><\/div>\n<\/div>\n\n<div class=\"gb-grid-wrapper gb-grid-wrapper-b1d2f4cb\">\n<div class=\"gb-grid-column gb-grid-column-23c9d1ad\"><div class=\"gb-container gb-container-23c9d1ad\"><div class=\"gb-inside-container\">\n\n<h4 class=\"gb-headline gb-headline-1e8cb3ab gb-headline-text\">Pronote<\/h4>\n\n\n\n<p class=\"gb-headline gb-headline-71abf0df gb-headline-text\">The Pronote platform gives you access to your child&#8217;s schedule and homework and can be used to receive communications from LFS, contact your child&#8217;s teaching team, report an absence or a late arrival, etc.<br><a href=\"https:\/\/2390001c.index-education.net\/pronote\/\" target=\"_blank\" rel=\"noreferrer noopener\">Click on the logo to have access to the Pronote platform.<\/a><\/p>\n\n<\/div><\/div><\/div>\n\n<div class=\"gb-grid-column gb-grid-column-f45e2fa3\"><div class=\"gb-container gb-container-f45e2fa3\"><div class=\"gb-inside-container\">\n<div class=\"wp-block-image\">\n<figure class=\"aligncenter size-full is-resized\"><a href=\"https:\/\/2390001c.index-education.net\/pronote\/\" target=\"_blank\" rel=\"noopener\"><img loading=\"lazy\" decoding=\"async\" width=\"290\" height=\"290\" src=\"https:\/\/lfseoul.org\/wp-content\/uploads\/2021\/02\/Practical-information_Pronote-1.png\" alt=\"\" class=\"wp-image-7108\" style=\"width:150px;height:150px\" srcset=\"https:\/\/lfseoul.org\/wp-content\/uploads\/2021\/02\/Practical-information_Pronote-1.png 290w, https:\/\/lfseoul.org\/wp-content\/uploads\/2021\/02\/Practical-information_Pronote-1-150x150.png 150w, https:\/\/lfseoul.org\/wp-content\/uploads\/2021\/02\/Practical-information_Pronote-1-10x10.png 10w, https:\/\/lfseoul.org\/wp-content\/uploads\/2021\/02\/Practical-information_Pronote-1-15x15.png 15w, https:\/\/lfseoul.org\/wp-content\/uploads\/2021\/02\/Practical-information_Pronote-1-48x48.png 48w\" sizes=\"auto, (max-width: 290px) 100vw, 290px\" \/><\/a><\/figure><\/div>\n<\/div><\/div><\/div>\n\n<div class=\"gb-grid-column gb-grid-column-aa507c9d\"><div class=\"gb-container gb-container-aa507c9d\"><div class=\"gb-inside-container\"><\/div><\/div><\/div>\n<\/div>\n\n\n<p><a href=\"https:\/\/lfseoul.org\/wp-content\/uploads\/2021\/06\/21-22-LFS-DIGITAL-TOOLS-guide-ENG-KR.pdf\" target=\"_blank\" rel=\"noreferrer noopener\">Click here to download the user guide for these platforms.<\/a><\/p>\n\n<\/div><\/div>\n<\/div><\/div>\n\n<div class=\"gb-container gb-container-cfef8eef\"><div class=\"gb-inside-container\">\n\n<h2 class=\"wp-block-heading has-text-align-center\" id=\"pour\"><a href=\"https:\/\/lfseoul.org\/student-project\/\" class=\"rank-math-link\"><\/a><strong><strong>PARENT VOLUNTEERS<\/strong><\/strong><\/h2>\n\n\n\n<div style=\"height:30px\" aria-hidden=\"true\" class=\"wp-block-spacer\"><\/div>\n\n\n<div class=\"gb-grid-wrapper gb-grid-wrapper-05826e3f\">\n<div class=\"gb-grid-column gb-grid-column-3cb04722\"><div class=\"gb-container gb-container-3cb04722\"><div class=\"gb-inside-container\">\n<div class=\"gb-grid-wrapper gb-grid-wrapper-9f6431dd\">\n<div class=\"gb-grid-column gb-grid-column-311d4c04\"><div class=\"gb-container gb-container-311d4c04\">\n\n<figure class=\"wp-block-image size-large\"><img loading=\"lazy\" decoding=\"async\" width=\"1024\" height=\"499\" src=\"https:\/\/lfseoul.org\/wp-content\/uploads\/2025\/02\/IMG_4446_Edited_Compressed_Cropped-1024x499.jpg\" alt=\"\" class=\"wp-image-20571\" srcset=\"https:\/\/lfseoul.org\/wp-content\/uploads\/2025\/02\/IMG_4446_Edited_Compressed_Cropped-1024x499.jpg 1024w, https:\/\/lfseoul.org\/wp-content\/uploads\/2025\/02\/IMG_4446_Edited_Compressed_Cropped-300x146.jpg 300w, https:\/\/lfseoul.org\/wp-content\/uploads\/2025\/02\/IMG_4446_Edited_Compressed_Cropped-768x374.jpg 768w, https:\/\/lfseoul.org\/wp-content\/uploads\/2025\/02\/IMG_4446_Edited_Compressed_Cropped-1536x748.jpg 1536w, https:\/\/lfseoul.org\/wp-content\/uploads\/2025\/02\/IMG_4446_Edited_Compressed_Cropped-10x5.jpg 10w, https:\/\/lfseoul.org\/wp-content\/uploads\/2025\/02\/IMG_4446_Edited_Compressed_Cropped-15x7.jpg 15w, https:\/\/lfseoul.org\/wp-content\/uploads\/2025\/02\/IMG_4446_Edited_Compressed_Cropped-48x23.jpg 48w, https:\/\/lfseoul.org\/wp-content\/uploads\/2025\/02\/IMG_4446_Edited_Compressed_Cropped.jpg 1822w\" sizes=\"auto, (max-width: 1024px) 100vw, 1024px\" \/><\/figure>\n\n<\/div><\/div>\n\n<div class=\"gb-grid-column gb-grid-column-780c72b1\"><div class=\"gb-container gb-container-780c72b1\">\n<div class=\"gb-container gb-container-fe594381\">\n\n<p class=\"has-text-align-center\">LFS is managed locally in Seoul and develops <span style=\"color: #de1515;\" data=\"#de1515\" class=\"qubely-text-has-color\">thanks to the commitment of the volunteer parents<\/span> involved in the management and life of the school.&nbsp;<\/p>\n\n\n\n<p class=\"has-text-align-center\">They are key players in the dynamism and evolution of LFS.&nbsp;<\/p>\n\n\n\n<p class=\"has-text-align-center\">Find out more about the different roles and responsibilities you can get involved in for an hour or a year.<\/p>\n\n\n\n<p class=\"has-text-align-center\"><a href=\"https:\/\/lfseoul.org\/en\/parent-volunteers\/\" data-type=\"page\" data-id=\"10405\" target=\"_blank\" rel=\"noreferrer noopener\">Find out more at Parent Volunteers. <\/a><\/p>\n\n\n\n<p class=\"has-text-align-center\"><\/p>\n\n<\/div>\n<\/div><\/div>\n<\/div>\n<\/div><\/div><\/div>\n<\/div>\n<\/div><\/div>\n\n<div class=\"gb-container gb-container-d78c4f11\"><div class=\"gb-inside-container\">\n<div class=\"gb-grid-wrapper gb-grid-wrapper-34822592\">\n<div class=\"gb-grid-column gb-grid-column-8d5e50e3\"><div class=\"gb-container gb-container-8d5e50e3\"><div class=\"gb-inside-container\">\n\n<p class=\"gb-headline gb-headline-cf7ee4ce\"><span class=\"gb-icon\"><svg aria-hidden=\"true\" height=\"1em\" width=\"1em\" viewBox=\"0 0 384 512\" xmlns=\"http:\/\/www.w3.org\/2000\/svg\"><path fill=\"currentColor\" d=\"M97.12 362.63c-8.69-8.69-4.16-6.24-25.12-11.85-9.51-2.55-17.87-7.45-25.43-13.32L1.2 448.7c-4.39 10.77 3.81 22.47 15.43 22.03l52.69-2.01L105.56 507c8 8.44 22.04 5.81 26.43-4.96l52.05-127.62c-10.84 6.04-22.87 9.58-35.31 9.58-19.5 0-37.82-7.59-51.61-21.37zM382.8 448.7l-45.37-111.24c-7.56 5.88-15.92 10.77-25.43 13.32-21.07 5.64-16.45 3.18-25.12 11.85-13.79 13.78-32.12 21.37-51.62 21.37-12.44 0-24.47-3.55-35.31-9.58L252 502.04c4.39 10.77 18.44 13.4 26.43 4.96l36.25-38.28 52.69 2.01c11.62.44 19.82-11.27 15.43-22.03zM263 340c15.28-15.55 17.03-14.21 38.79-20.14 13.89-3.79 24.75-14.84 28.47-28.98 7.48-28.4 5.54-24.97 25.95-45.75 10.17-10.35 14.14-25.44 10.42-39.58-7.47-28.38-7.48-24.42 0-52.83 3.72-14.14-.25-29.23-10.42-39.58-20.41-20.78-18.47-17.36-25.95-45.75-3.72-14.14-14.58-25.19-28.47-28.98-27.88-7.61-24.52-5.62-44.95-26.41-10.17-10.35-25-14.4-38.89-10.61-27.87 7.6-23.98 7.61-51.9 0-13.89-3.79-28.72.25-38.89 10.61-20.41 20.78-17.05 18.8-44.94 26.41-13.89 3.79-24.75 14.84-28.47 28.98-7.47 28.39-5.54 24.97-25.95 45.75-10.17 10.35-14.15 25.44-10.42 39.58 7.47 28.36 7.48 24.4 0 52.82-3.72 14.14.25 29.23 10.42 39.59 20.41 20.78 18.47 17.35 25.95 45.75 3.72 14.14 14.58 25.19 28.47 28.98C104.6 325.96 106.27 325 121 340c13.23 13.47 33.84 15.88 49.74 5.82a39.676 39.676 0 0 1 42.53 0c15.89 10.06 36.5 7.65 49.73-5.82zM97.66 175.96c0-53.03 42.24-96.02 94.34-96.02s94.34 42.99 94.34 96.02-42.24 96.02-94.34 96.02-94.34-42.99-94.34-96.02z\"><\/path><\/svg><\/span><span class=\"gb-headline-text\"><strong>For an accredited French education, <\/strong><br><strong>offering multilingual pathways<\/strong><\/span><\/p>\n\n<\/div><\/div><\/div>\n<\/div>\n\n<div class=\"gb-button-wrapper gb-button-wrapper-ed68aea2\">\n\n<a class=\"gb-button gb-button-d72c0b18 gb-button-text\" href=\"https:\/\/lfseoul.org\/en\/apply\/\" target=\"_blank\" rel=\"noopener noreferrer\">APPLY NOW<\/a>\n\n<\/div>\n<\/div><\/div>","protected":false},"excerpt":{"rendered":"<p>Lyc\u00e9e Fran\u00e7ais de S\u00e9oul (LFS) brings together caring French, Korean and international communities which are committed to the well-being of all.&nbsp; In the Parent Portal, you will find all the information and platforms you need to keep track of your &#8230; <\/p>\n<p class=\"read-more-container\"><a title=\"PARENT PORTAL\" class=\"read-more button\" href=\"https:\/\/lfseoul.org\/en\/parent-portal\/#more-11626\" aria-label=\"Read more about PARENT PORTAL\">En savoir plus<\/a><\/p>\n","protected":false},"author":7,"featured_media":10065,"parent":0,"menu_order":0,"comment_status":"closed","ping_status":"closed","template":"qubely_full_width","meta":{"qubely_global_settings":"","qubely_interactions":"","inline_featured_image":false,"footnotes":""},"class_list":{"0":"post-11626","1":"page","2":"type-page","3":"status-publish","4":"has-post-thumbnail","6":"infinite-scroll-item","7":"resize-featured-image"},"_links":{"self":[{"href":"https:\/\/lfseoul.org\/en\/wp-json\/wp\/v2\/pages\/11626","targetHints":{"allow":["GET"]}}],"collection":[{"href":"https:\/\/lfseoul.org\/en\/wp-json\/wp\/v2\/pages"}],"about":[{"href":"https:\/\/lfseoul.org\/en\/wp-json\/wp\/v2\/types\/page"}],"author":[{"embeddable":true,"href":"https:\/\/lfseoul.org\/en\/wp-json\/wp\/v2\/users\/7"}],"replies":[{"embeddable":true,"href":"https:\/\/lfseoul.org\/en\/wp-json\/wp\/v2\/comments?post=11626"}],"version-history":[{"count":8,"href":"https:\/\/lfseoul.org\/en\/wp-json\/wp\/v2\/pages\/11626\/revisions"}],"predecessor-version":[{"id":21395,"href":"https:\/\/lfseoul.org\/en\/wp-json\/wp\/v2\/pages\/11626\/revisions\/21395"}],"wp:featuredmedia":[{"embeddable":true,"href":"https:\/\/lfseoul.org\/en\/wp-json\/wp\/v2\/media\/10065"}],"wp:attachment":[{"href":"https:\/\/lfseoul.org\/en\/wp-json\/wp\/v2\/media?parent=11626"}],"curies":[{"name":"wp","href":"https:\/\/api.w.org\/{rel}","templated":true}]}}