{"id":11896,"date":"2021-04-26T06:27:00","date_gmt":"2021-04-26T06:27:00","guid":{"rendered":"https:\/\/54.68.147.74\/~lfs\/sante-vie-scolaire-2\/"},"modified":"2025-04-22T07:56:44","modified_gmt":"2025-04-22T07:56:44","slug":"health-and-student-affairs","status":"publish","type":"page","link":"https:\/\/lfseoul.org\/en\/health-and-student-affairs\/","title":{"rendered":"HEALTH &#038; STUDENT AFFAIRS"},"content":{"rendered":"<div class=\"gb-container gb-container-d08d25ea\"><div class=\"gb-inside-container\">\n\n<p>The health, safety and well-being of students are top priorities at Lyc\u00e9e Fran\u00e7ais de S\u00e9oul (LFS).&nbsp;<\/p>\n\n\n\n<p>A <span style=\"color: #de1515;\" data=\"#de1515\" class=\"qubely-text-has-color\">French, English and Korean-speaking school nurse<\/span> is available to students, parents and staff on a daily basis for any physical, relational or psychological reason.<\/p>\n\n\n\n<p><span style=\"color: #de1515;\" data=\"#de1515\" class=\"qubely-text-has-color\">Student Affairs (Vie Scolaire) team<\/span> ensures that the students respect the <span style=\"color: #de1515;\" data=\"#de1515\" class=\"qubely-text-has-color\">hygiene and<\/span> <span style=\"color: #de1515;\" data=\"#de1515\" class=\"qubely-text-has-color\">safety rules<\/span> and that everyone follows their schooling in <span style=\"color: #de1515;\" data=\"#de1515\" class=\"qubely-text-has-color\">the best possible conditions<\/span>.<\/p>\n\n<\/div><\/div>\n\n<div class=\"gb-container gb-container-0c38f7b1\"><div class=\"gb-inside-container\">\n<div class=\"gb-container gb-container-ba6d0f87\"><div class=\"gb-inside-container\">\n<div class=\"wp-block-image\">\n<figure class=\"aligncenter size-large is-resized\"><img loading=\"lazy\" decoding=\"async\" width=\"186\" height=\"120\" src=\"https:\/\/lfseoul.org\/wp-content\/uploads\/2021\/03\/email-icon.jpg\" alt=\"\" class=\"wp-image-8903\" style=\"width:186px;height:120px\" srcset=\"https:\/\/lfseoul.org\/wp-content\/uploads\/2021\/03\/email-icon.jpg 186w, https:\/\/lfseoul.org\/wp-content\/uploads\/2021\/03\/email-icon-10x6.jpg 10w, https:\/\/lfseoul.org\/wp-content\/uploads\/2021\/03\/email-icon-15x10.jpg 15w, https:\/\/lfseoul.org\/wp-content\/uploads\/2021\/03\/email-icon-48x31.jpg 48w\" sizes=\"auto, (max-width: 186px) 100vw, 186px\" \/><\/figure><\/div>\n<\/div><\/div>\n\n<div class=\"gb-grid-wrapper gb-grid-wrapper-da4627f1\">\n<div class=\"gb-grid-column gb-grid-column-126d6be5\"><div class=\"gb-container gb-container-126d6be5\"><div class=\"gb-inside-container\">\n\n<p class=\"gb-headline gb-headline-7fa714b9 gb-headline-text\"><strong><strong><span style=\"text-transform: uppercase;\" class=\"qubely-text-uppercase\">Nurse<\/span><\/strong><\/strong><\/p>\n\n\n\n<h3 class=\"wp-block-heading has-text-align-center has-text-color has-normal-font-size\" style=\"color:#0f145a\">Monday to Friday: 8am to 5pm<br><img loading=\"lazy\" decoding=\"async\" width=\"20\" height=\"17\" class=\"wp-image-7333\" style=\"width: 20px;\" src=\"https:\/\/lfseoul.org\/wp-content\/uploads\/2021\/02\/mail-icon-blue.png\" alt=\"\" srcset=\"https:\/\/lfseoul.org\/wp-content\/uploads\/2021\/02\/mail-icon-blue.png 96w, https:\/\/lfseoul.org\/wp-content\/uploads\/2021\/02\/mail-icon-blue-10x8.png 10w, https:\/\/lfseoul.org\/wp-content\/uploads\/2021\/02\/mail-icon-blue-15x13.png 15w, https:\/\/lfseoul.org\/wp-content\/uploads\/2021\/02\/mail-icon-blue-48x41.png 48w\" sizes=\"auto, (max-width: 20px) 100vw, 20px\" \/> <a href=\"mailto:infirmerie@lfseoul.org\" class=\"rank-math-link\">infirmerie@lfseoul.org<\/a><br><img decoding=\"async\" class=\"wp-image-7444\" style=\"width: 20px;\" src=\"https:\/\/lfseoul.org\/wp-content\/uploads\/2021\/02\/call-icon.png\" alt=\"\"> <a href=\"tel:02-535-1158\" class=\"rank-math-link\">02 535 1158<\/a><\/h3>\n\n<\/div><\/div><\/div>\n\n<div class=\"gb-grid-column gb-grid-column-84c7466f\"><div class=\"gb-container gb-container-84c7466f\"><div class=\"gb-inside-container\">\n\n<p class=\"gb-headline gb-headline-fc576cbd gb-headline-text\"><strong><strong><span style=\"text-transform: uppercase;\" class=\"qubely-text-uppercase\">Student Affairs <\/span><\/strong><\/strong><\/p>\n\n\n\n<h3 class=\"wp-block-heading has-text-align-center has-text-color has-normal-font-size\" id=\"block-6f3ddfe1-f2e4-41b7-a76f-7f41f8df6722\" style=\"color:#0f145a\">Monday to Friday: 7:45am to 5:15pm<br><img loading=\"lazy\" decoding=\"async\" width=\"20\" height=\"17\" class=\"wp-image-7333\" style=\"width: 20px;\" src=\"https:\/\/lfseoul.org\/wp-content\/uploads\/2021\/02\/mail-icon-blue.png\" alt=\"\" srcset=\"https:\/\/lfseoul.org\/wp-content\/uploads\/2021\/02\/mail-icon-blue.png 96w, https:\/\/lfseoul.org\/wp-content\/uploads\/2021\/02\/mail-icon-blue-10x8.png 10w, https:\/\/lfseoul.org\/wp-content\/uploads\/2021\/02\/mail-icon-blue-15x13.png 15w, https:\/\/lfseoul.org\/wp-content\/uploads\/2021\/02\/mail-icon-blue-48x41.png 48w\" sizes=\"auto, (max-width: 20px) 100vw, 20px\" \/> <a href=\"mailto:viescolaire@lfseoul.org\" class=\"rank-math-link\">viescolaire@lfseoul.org<\/a><br><img decoding=\"async\" class=\"wp-image-7444\" style=\"width: 20px;\" src=\"https:\/\/lfseoul.org\/wp-content\/uploads\/2021\/02\/call-icon.png\" alt=\"\"> <a href=\"tel:02-535-1158\" class=\"rank-math-link\">02 535 1158<\/a><\/h3>\n\n<\/div><\/div><\/div>\n<\/div>\n<\/div><\/div>\n\n<div class=\"gb-container gb-container-d73c5a90\"><div class=\"gb-inside-container\">\n\n<h2 class=\"wp-block-heading has-text-align-center\" id=\"cycle\"><strong><strong>PREPARING FOR A HEALTHY SCHOOL YEAR<\/strong><\/strong><\/h2>\n\n\n\n<div style=\"height:20px\" aria-hidden=\"true\" class=\"wp-block-spacer\"><\/div>\n\n<\/div><\/div>\n\n<div class=\"gb-container gb-container-ef49d047\"><div class=\"gb-inside-container\">\n\n<p>Before each new school year, <span style=\"color: #de1515;\" data=\"#de1515\" class=\"qubely-text-has-color\">medical information must be indicated or updated<\/span> on <a href=\"https:\/\/lfseoul.eduka.school\/\" class=\"rank-math-link\" target=\"_blank\" rel=\"noopener\">Eduka<\/a> so that we can take good care of your child. Any changes during the year must be reported by email to the nurse and updated in <a href=\"https:\/\/lfseoul.eduka.school\/\" class=\"rank-math-link\" target=\"_blank\" rel=\"noopener\">Eduka.<\/a><\/p>\n\n\n\n<p>In order to attend LFS, students <span style=\"color: #de1515;\" data=\"#de1515\" class=\"qubely-text-has-color\">obligated to vaccinate<\/span> against<\/p>\n\n\n\n<ul class=\"wp-block-list animated fadeInRight\">\n<li>Diphtheria<\/li>\n\n\n\n<li>Tetanus<\/li>\n\n\n\n<li>Poliomyelitis<\/li>\n<\/ul>\n\n\n\n<p>The vaccinations below are <span style=\"color: #de1515;\" data=\"#de1515\" class=\"qubely-text-has-color\">strongly recommended<\/span> and are <span style=\"color: #de1515;\" data=\"#de1515\" class=\"qubely-text-has-color\">mandatory for children born on or after January 1, 2018:<\/span><\/p>\n\n\n\n<ul class=\"wp-block-list animated fadeInRight\">\n<li>Haemophilus influenzae type b&nbsp;<\/li>\n\n\n\n<li>Hepatitis B&nbsp;<\/li>\n\n\n\n<li>Pneumococcal infections<\/li>\n\n\n\n<li>Invasive meningococcal serogroup C infections<\/li>\n\n\n\n<li>Measles<\/li>\n\n\n\n<li>Mumps<\/li>\n\n\n\n<li>Rubella<\/li>\n<\/ul>\n\n\n\n<p>Vaccinations against BCG, hepatitis A and Japanese encephalitis (JE) are also recommended when living in Korea.<\/p>\n\n\n\n<p>Find more information on <a href=\"https:\/\/lfseoul.org\/wp-content\/uploads\/2021\/03\/calendrier_vaccinations_2020.png\" target=\"_blank\" rel=\"noreferrer noopener\">French vaccination calendar<\/a>.<\/p>\n\n\n\n<p>Please contact the nurse for the implementation of an Individualized Healthcare Plan (PAI) in case of long-term treatment.<\/p>\n\n<\/div><\/div>\n\n<div class=\"gb-container gb-container-32094419 alignwide\"><div class=\"gb-inside-container\">\n<div class=\"gb-grid-wrapper gb-grid-wrapper-fb18af66\">\n<div class=\"gb-grid-column gb-grid-column-f2502241\"><div class=\"gb-container gb-container-f2502241\"><div class=\"gb-inside-container\">\n\n<h2 class=\"wp-block-heading has-text-align-center\"><strong><strong>CAREFUL MEDICAL FOLLOW-UP AT SCHOOL<\/strong><\/strong><\/h2>\n\n\n<div class=\"gb-container gb-container-65eac021\"><div class=\"gb-inside-container\">\n<div class=\"gb-grid-wrapper gb-grid-wrapper-2152769a\">\n<div class=\"gb-grid-column gb-grid-column-c4de004e\"><div class=\"gb-container gb-container-c4de004e\"><div class=\"gb-inside-container\">\n\n<figure class=\"wp-block-image size-full\"><img loading=\"lazy\" decoding=\"async\" width=\"2560\" height=\"1707\" src=\"https:\/\/lfseoul.org\/wp-content\/uploads\/2021\/03\/DSC05111-scaled.jpg\" alt=\"\" class=\"wp-image-9703\" srcset=\"https:\/\/lfseoul.org\/wp-content\/uploads\/2021\/03\/DSC05111-scaled.jpg 2560w, https:\/\/lfseoul.org\/wp-content\/uploads\/2021\/03\/DSC05111-300x200.jpg 300w, https:\/\/lfseoul.org\/wp-content\/uploads\/2021\/03\/DSC05111-1024x683.jpg 1024w, https:\/\/lfseoul.org\/wp-content\/uploads\/2021\/03\/DSC05111-768x512.jpg 768w, https:\/\/lfseoul.org\/wp-content\/uploads\/2021\/03\/DSC05111-1536x1024.jpg 1536w, https:\/\/lfseoul.org\/wp-content\/uploads\/2021\/03\/DSC05111-2048x1365.jpg 2048w, https:\/\/lfseoul.org\/wp-content\/uploads\/2021\/03\/DSC05111-1200x800.jpg 1200w, https:\/\/lfseoul.org\/wp-content\/uploads\/2021\/03\/DSC05111-10x7.jpg 10w, https:\/\/lfseoul.org\/wp-content\/uploads\/2021\/03\/DSC05111-15x10.jpg 15w, https:\/\/lfseoul.org\/wp-content\/uploads\/2021\/03\/DSC05111-48x32.jpg 48w\" sizes=\"auto, (max-width: 2560px) 100vw, 2560px\" \/><\/figure>\n\n<\/div><\/div><\/div>\n\n<div class=\"gb-grid-column gb-grid-column-933ce315\"><div class=\"gb-container gb-container-933ce315\"><div class=\"gb-inside-container\">\n\n<p>In order to limit the spread of contagious diseases, we apply strict hygiene measures and ask you to comply with the following rules:&nbsp;<\/p>\n\n\n\n<ul class=\"wp-block-list animated fadeInRight\">\n<li>Respect of hygiene protocols at LFS: careful hand washing, ventilation and disinfection of the premises.<\/li>\n\n\n\n<li>When ill, children should not enter or stay in school (in case of fever over 37.5\u00b0, vomiting, diarrhea&#8230;).<\/li>\n\n\n\n<li>If a health issue occurs, parents are contacted and asked to pick up their child as soon as possible.<\/li>\n\n\n\n<li>If your child has a contagious disease, you must notify the school as soon as possible by phone or email so that we can take the necessary steps to limit any spread within the school.<\/li>\n<\/ul>\n\n<\/div><\/div><\/div>\n<\/div>\n\n<div class=\"gb-container gb-container-b1178b46\"><div class=\"gb-inside-container\">\n\n<p><span style=\"color: #de1515;\" data=\"#de1515\" class=\"qubely-text-has-color\">It is forbidden for students to carry medication within the school premises.<\/span> If your child requires treatment during school hours, medication must be handed over to the nurse along with a medical prescription on which the dosage and duration of the treatment should be stated and the form to download <a href=\"https:\/\/lfseoul.org\/wp-content\/uploads\/2021\/03\/autorisation-dadministrer-des-traitements-medicals.docx\" data-type=\"link\" data-id=\"https:\/\/lfseoul.org\/wp-content\/uploads\/2021\/03\/autorisation-dadministrer-des-traitements-medicals.docx\">here<\/a>.\u00a0<\/p>\n\n\n\n<p><span style=\"color: #de1515;\" data=\"#de1515\" class=\"qubely-text-has-color\">Allergies or food restrictions<\/span> should be communicated to the nurse who will liaise with canteen staff,&nbsp; and teachers.<\/p>\n\n\n\n<p>If your child is suddenly ill at school, he or she will be taken to the nurse\u2019s office for a health assessment. He\/she will then either rest for a few moments and return to class or you will be called to pick him\/her up.&nbsp;<\/p>\n\n\n\n<p>In the event of an accident, the school will call the nearest hospital if you gave your consent at the beginning of the year. It is essential that medical data and decisions relative to your child are properly filled in on <a href=\"https:\/\/lfseoul.eduka.school\/\" class=\"rank-math-link\" target=\"_blank\" rel=\"noopener\">Eduka<\/a> in order to deal with those situations.&nbsp;<\/p>\n\n\n\n<p>As part of the health monitoring of students, <span style=\"color: #de1515;\" data=\"#de1515\" class=\"qubely-text-has-color\">a first compulsory check-up is conducted in Grande Section (GS)<\/span>. The presence of a parent is strongly recommended. This examination includes the early identification of signs that may lead to later learning difficulties: visual, hearing, cognitive problems,etc.&nbsp;<\/p>\n\n\n\n<p><span style=\"color: #de1515;\" data=\"#de1515\" class=\"qubely-text-has-color\">A second assessment is carried out during the year of 6\u00e8me (grade 6).<\/span><\/p>\n\n<\/div><\/div>\n<\/div><\/div>\n<\/div><\/div><\/div>\n<\/div>\n<\/div><\/div>\n\n<div class=\"gb-container gb-container-0c115c5d\"><div class=\"gb-inside-container\">\n\n<div style=\"height:30px\" aria-hidden=\"true\" class=\"wp-block-spacer\"><\/div>\n\n\n\n<h2 class=\"wp-block-heading has-text-align-center\">STUDENT AFFAIRS, LIVING AND WORKING TOGETHER<\/h2>\n\n\n<div class=\"gb-container gb-container-7dba7581\"><div class=\"gb-inside-container\">\n<div class=\"gb-grid-wrapper gb-grid-wrapper-d1552291\">\n<div class=\"gb-grid-column gb-grid-column-7eca3eb4\"><div class=\"gb-container gb-container-7eca3eb4\"><div class=\"gb-inside-container\">\n\n<p>The Student Affairs (Vie Scolaire) Department is made up of seven Educational Assistants (AED) and the Secondary School Dean of Students (CPE). <span style=\"color: #de1515;\" data=\"#de1515\" class=\"qubely-text-has-color\">Its main mission is to ensure that each student attends school in the best possible conditions and that people, property and the rules of community life are respected. <\/span><\/p>\n\n\n\n<p>The Student Affairs office is a welcoming place where students can, at any time of the day, discuss their school or personal problems and obtain information on the daily organization of middle and high schools. They play an educational role by promoting respect for internal rules, managing absences and lateness, helping students solve problems and setting up school projects, etc..<\/p>\n\n\n\n<p>The Dean of Students (CPE), Mr. Delabrosse, ensures the individual follow-up of students jointly with head teachers and the school nurse, and informs families of any issue affecting the schooling of their children.<\/p>\n\n<\/div><\/div><\/div>\n\n<div class=\"gb-grid-column gb-grid-column-b8dfdb60\"><div class=\"gb-container gb-container-b8dfdb60\"><div class=\"gb-inside-container\">\n\n<figure class=\"wp-block-image size-large\"><img loading=\"lazy\" decoding=\"async\" width=\"1024\" height=\"682\" src=\"https:\/\/lfseoul.org\/wp-content\/uploads\/2021\/03\/JIK_1800-1024x682.jpg\" alt=\"\" class=\"wp-image-9707\" srcset=\"https:\/\/lfseoul.org\/wp-content\/uploads\/2021\/03\/JIK_1800-1024x682.jpg 1024w, https:\/\/lfseoul.org\/wp-content\/uploads\/2021\/03\/JIK_1800-300x200.jpg 300w, https:\/\/lfseoul.org\/wp-content\/uploads\/2021\/03\/JIK_1800-768x512.jpg 768w, https:\/\/lfseoul.org\/wp-content\/uploads\/2021\/03\/JIK_1800-1536x1023.jpg 1536w, https:\/\/lfseoul.org\/wp-content\/uploads\/2021\/03\/JIK_1800-2048x1365.jpg 2048w, https:\/\/lfseoul.org\/wp-content\/uploads\/2021\/03\/JIK_1800-1200x800.jpg 1200w, https:\/\/lfseoul.org\/wp-content\/uploads\/2021\/03\/JIK_1800-10x7.jpg 10w, https:\/\/lfseoul.org\/wp-content\/uploads\/2021\/03\/JIK_1800-15x10.jpg 15w, https:\/\/lfseoul.org\/wp-content\/uploads\/2021\/03\/JIK_1800-48x32.jpg 48w\" sizes=\"auto, (max-width: 1024px) 100vw, 1024px\" \/><\/figure>\n\n<\/div><\/div><\/div>\n<\/div>\n<\/div><\/div>\n<\/div><\/div>\n\n<div class=\"gb-container gb-container-86ff5084\"><div class=\"gb-inside-container\">\n<div class=\"gb-grid-wrapper gb-grid-wrapper-17e3a3bc\">\n<div class=\"gb-grid-column gb-grid-column-7e397e2f\"><div class=\"gb-container gb-container-7e397e2f\"><div class=\"gb-inside-container\">\n\n<p class=\"gb-headline gb-headline-ee8af7eb\"><span class=\"gb-icon\"><svg xmlns=\"http:\/\/www.w3.org\/2000\/svg\" viewBox=\"0 0 384 512\" width=\"1em\" height=\"1em\" aria-hidden=\"true\"><path d=\"M97.12 362.63c-8.69-8.69-4.16-6.24-25.12-11.85-9.51-2.55-17.87-7.45-25.43-13.32L1.2 448.7c-4.39 10.77 3.81 22.47 15.43 22.03l52.69-2.01L105.56 507c8 8.44 22.04 5.81 26.43-4.96l52.05-127.62c-10.84 6.04-22.87 9.58-35.31 9.58-19.5 0-37.82-7.59-51.61-21.37zM382.8 448.7l-45.37-111.24c-7.56 5.88-15.92 10.77-25.43 13.32-21.07 5.64-16.45 3.18-25.12 11.85-13.79 13.78-32.12 21.37-51.62 21.37-12.44 0-24.47-3.55-35.31-9.58L252 502.04c4.39 10.77 18.44 13.4 26.43 4.96l36.25-38.28 52.69 2.01c11.62.44 19.82-11.27 15.43-22.03zM263 340c15.28-15.55 17.03-14.21 38.79-20.14 13.89-3.79 24.75-14.84 28.47-28.98 7.48-28.4 5.54-24.97 25.95-45.75 10.17-10.35 14.14-25.44 10.42-39.58-7.47-28.38-7.48-24.42 0-52.83 3.72-14.14-.25-29.23-10.42-39.58-20.41-20.78-18.47-17.36-25.95-45.75-3.72-14.14-14.58-25.19-28.47-28.98-27.88-7.61-24.52-5.62-44.95-26.41-10.17-10.35-25-14.4-38.89-10.61-27.87 7.6-23.98 7.61-51.9 0-13.89-3.79-28.72.25-38.89 10.61-20.41 20.78-17.05 18.8-44.94 26.41-13.89 3.79-24.75 14.84-28.47 28.98-7.47 28.39-5.54 24.97-25.95 45.75-10.17 10.35-14.15 25.44-10.42 39.58 7.47 28.36 7.48 24.4 0 52.82-3.72 14.14.25 29.23 10.42 39.59 20.41 20.78 18.47 17.35 25.95 45.75 3.72 14.14 14.58 25.19 28.47 28.98C104.6 325.96 106.27 325 121 340c13.23 13.47 33.84 15.88 49.74 5.82a39.676 39.676 0 0 1 42.53 0c15.89 10.06 36.5 7.65 49.73-5.82zM97.66 175.96c0-53.03 42.24-96.02 94.34-96.02s94.34 42.99 94.34 96.02-42.24 96.02-94.34 96.02-94.34-42.99-94.34-96.02z\" fill=\"currentColor\"><\/path><\/svg><\/span><span class=\"gb-headline-text\"><strong>For an accredited French education, <\/strong><br><strong>offering multilingual pathways<\/strong><\/span><\/p>\n\n<\/div><\/div><\/div>\n<\/div>\n\n<div class=\"gb-button-wrapper gb-button-wrapper-85abd2b2\">\n\n<a class=\"gb-button gb-button-fe840f80 gb-button-text\" href=\"https:\/\/lfseoul.org\/en\/apply\/\" target=\"_blank\" rel=\"noopener noreferrer\">APPLY NOW<\/a>\n\n<\/div>\n<\/div><\/div>","protected":false},"excerpt":{"rendered":"<p>The health, safety and well-being of students are top priorities at Lyc\u00e9e Fran\u00e7ais de S\u00e9oul (LFS).&nbsp; A French, English and Korean-speaking school nurse is available to students, parents and staff on a daily basis for any physical, relational or psychological &#8230; <\/p>\n<p class=\"read-more-container\"><a title=\"HEALTH &#038; STUDENT AFFAIRS\" class=\"read-more button\" href=\"https:\/\/lfseoul.org\/en\/health-and-student-affairs\/#more-11896\" aria-label=\"Read more about HEALTH &#038; STUDENT AFFAIRS\">En savoir plus<\/a><\/p>\n","protected":false},"author":4,"featured_media":9721,"parent":0,"menu_order":0,"comment_status":"closed","ping_status":"closed","template":"","meta":{"qubely_global_settings":"","qubely_interactions":"","inline_featured_image":false,"footnotes":""},"class_list":{"0":"post-11896","1":"page","2":"type-page","3":"status-publish","4":"has-post-thumbnail","6":"infinite-scroll-item","7":"resize-featured-image"},"_links":{"self":[{"href":"https:\/\/lfseoul.org\/en\/wp-json\/wp\/v2\/pages\/11896","targetHints":{"allow":["GET"]}}],"collection":[{"href":"https:\/\/lfseoul.org\/en\/wp-json\/wp\/v2\/pages"}],"about":[{"href":"https:\/\/lfseoul.org\/en\/wp-json\/wp\/v2\/types\/page"}],"author":[{"embeddable":true,"href":"https:\/\/lfseoul.org\/en\/wp-json\/wp\/v2\/users\/4"}],"replies":[{"embeddable":true,"href":"https:\/\/lfseoul.org\/en\/wp-json\/wp\/v2\/comments?post=11896"}],"version-history":[{"count":9,"href":"https:\/\/lfseoul.org\/en\/wp-json\/wp\/v2\/pages\/11896\/revisions"}],"predecessor-version":[{"id":21043,"href":"https:\/\/lfseoul.org\/en\/wp-json\/wp\/v2\/pages\/11896\/revisions\/21043"}],"wp:featuredmedia":[{"embeddable":true,"href":"https:\/\/lfseoul.org\/en\/wp-json\/wp\/v2\/media\/9721"}],"wp:attachment":[{"href":"https:\/\/lfseoul.org\/en\/wp-json\/wp\/v2\/media?parent=11896"}],"curies":[{"name":"wp","href":"https:\/\/api.w.org\/{rel}","templated":true}]}}