{"id":6875,"date":"2021-01-28T02:53:43","date_gmt":"2021-01-28T02:53:43","guid":{"rendered":"https:\/\/54.68.147.74\/~lfs\/?page_id=6875"},"modified":"2025-04-22T07:51:04","modified_gmt":"2025-04-22T07:51:04","slug":"our-specificities","status":"publish","type":"page","link":"https:\/\/lfseoul.org\/en\/our-specificities\/","title":{"rendered":"OUR SPECIFICITIES"},"content":{"rendered":"\n<style>\n.site-content {\n    display: block !important;\n}\n<\/style>\n\n\n<div class=\"gb-container gb-container-11cc4cd4\"><div class=\"gb-inside-container\">\n\n<p class=\"has-normal-font-size\">Lyc\u00e9e Fran\u00e7ais de S\u00e9oul (LFS) offers French education <span style=\"color: #de1515;\" data=\"#de1515\" class=\"qubely-text-has-color\">recognized and certified by the French Ministry of National Education,<\/span> while structuring the courses adapted to its community of students, in terms of learning French, English, and Korean.<\/p>\n\n\n\n<p>LFS continues to offer knowledge and values to our students through competition and co-organized events between LFS and other schools in Seoul or the Asia-Pacific region. These opportunities strengthen our students\u2019 initiative and expertise, while also creating cohesive and collaborative community.<\/p>\n\n<\/div><\/div>\n\n<div class=\"gb-container gb-container-f35a94d1\"><div class=\"gb-inside-container\">\n\n<h2 class=\"wp-block-heading has-text-align-center\"><strong>A MULTILINGUAL EDUCATION<\/strong><\/h2>\n\n\n\n<div style=\"height:30px\" aria-hidden=\"true\" class=\"wp-block-spacer\"><\/div>\n\n\n<div class=\"gb-grid-wrapper gb-grid-wrapper-6a268e48\">\n<div class=\"gb-grid-column gb-grid-column-0ce56bfb\"><div class=\"gb-container gb-container-0ce56bfb\"><div class=\"gb-inside-container\"><\/div><\/div><\/div>\n\n<div class=\"gb-grid-column gb-grid-column-7adf3ba9\"><div class=\"gb-container gb-container-7adf3ba9\"><div class=\"gb-inside-container\">\n\n<p class=\"has-normal-font-size\">LFS offers an academic program based on the curriculum of the French Ministry of National Education, reinforced by a <span style=\"color: #de1515;\" data=\"#de1515\" class=\"qubely-text-has-color\">strong linguistic concentration<\/span>: <\/p>\n\n\n\n<ul class=\"wp-block-list\">\n<li>the <span style=\"color: #de1515;\" data=\"#de1515\" class=\"qubely-text-has-color\">PARLE pathway<\/span> starting from PS (First year of Kindergarten),<\/li>\n\n\n\n<li>the <span style=\"color: #de1515;\" data=\"#de1515\" class=\"qubely-text-has-color\">American International Section<\/span> from GS (Third year of Kindergarten) to high school,<\/li>\n\n\n\n<li><span style=\"color: #de1515;\" data=\"#de1515\" class=\"qubely-text-has-color\">Korean<\/span> language class starting from Kindergarten,<\/li>\n\n\n\n<li><span style=\"color: #de1515;\" data=\"#de1515\" class=\"qubely-text-has-color\">Spanish<\/span> and <span style=\"color: #de1515;\" data=\"#de1515\" class=\"qubely-text-has-color\">German<\/span> language classes starting from 6\u00e8me (grade 6),<\/li>\n\n\n\n<li><span style=\"color: #de1515;\" data=\"#de1515\" class=\"qubely-text-has-color\">Latin<\/span> optional class starting from 5\u00e8me (grade 7).<\/li>\n<\/ul>\n\n\n\n<p class=\"has-normal-font-size\"><\/p>\n\n\n\n<p class=\"has-normal-font-size\">LFS is also a certified examination center for Cambridge English Assessment exams for both its students and for external candidates. Our students have the opportunity to pass the exam three times during their school years at LFS.<\/p>\n\n\n\n<p class=\"has-normal-font-size\"><span style=\"color: #deb52e;\" data=\"#deb52e\" class=\"qubely-text-has-color\"><a href=\"https:\/\/lfseoul.org\/en\/learning-languages\/\" target=\"_blank\" rel=\"noreferrer noopener\" class=\"rank-math-link\">Find out more at Learning Languages<\/a><\/span><\/p>\n\n<\/div><\/div><\/div>\n<\/div>\n<\/div><\/div>\n\n<div class=\"gb-container gb-container-8cd2ddf9\"><div class=\"gb-inside-container\">\n\n<h2 class=\"wp-block-heading has-text-align-center\"><strong>A CLASS DEDICATED FOR THE NON-FRENCH SPEAKING STUDENTS<\/strong><\/h2>\n\n<\/div><\/div>\n\n<div class=\"gb-container gb-container-d09528de\"><div class=\"gb-inside-container\">\n<div class=\"gb-grid-wrapper gb-grid-wrapper-4ded30c5\">\n<div class=\"gb-grid-column gb-grid-column-7946faf3\"><div class=\"gb-container gb-container-7946faf3\"><div class=\"gb-inside-container\">\n\n<p class=\"has-text-color has-normal-font-size\" style=\"color:#d72335\">In 2019, LFS started to offer a Bridge Class for the elementary students (CP to CM2) so that they will learn French with a teacher specialized in integrating them to the regular class.<\/p>\n\n\n\n<p class=\"has-normal-font-size\"><br>In Kindergarten, the students learn French in the regular class directly with the guidance of their French native teacher and a English and Korean speaking assistant teacher.<\/p>\n\n\n\n<p class=\"has-normal-font-size\"><\/p>\n\n\n\n<p class=\"has-normal-font-size\">From Secondary school, the prospective students must obtain DELF B1 level&nbsp; in order to join LFS. <\/p>\n\n\n\n<p><\/p>\n\n\n\n<p class=\"has-text-color has-normal-font-size\" style=\"color:#deb52e\"><a href=\"https:\/\/lfseoul.org\/en\/bridge-class\/\" target=\"_blank\" rel=\"noreferrer noopener\" class=\"rank-math-link\">Find out more at Bridge Class.<\/a><\/p>\n\n<\/div><\/div><\/div>\n\n<div class=\"gb-grid-column gb-grid-column-67b6001f\"><div class=\"gb-container gb-container-67b6001f\"><div class=\"gb-inside-container\"><\/div><\/div><\/div>\n<\/div>\n<\/div><\/div>\n\n<div class=\"gb-container gb-container-cfef8eef\"><div class=\"gb-inside-container\">\n\n<h2 class=\"wp-block-heading has-text-align-center\" id=\"pour\"><strong>STUDENTS PROJECTS ALL YEAR LONG<\/strong><\/h2>\n\n\n\n<div style=\"height:30px\" aria-hidden=\"true\" class=\"wp-block-spacer\"><\/div>\n\n\n<div  class=\"ultp-post-grid-block wp-block-ultimate-post-post-grid-6 ultp-block-0b7a4f\"><div class=\"ultp-block-wrapper\"><div class=\"ultp-loading\"><div class=\"ultp-loading-blocks\" style=\"width:100%;height:100%;\"><div style=\"left: 0;top: 0;animation-delay:0s;\"><\/div><div style=\"left: 21px;top: 0;animation-delay:0.125s;\"><\/div><div style=\"left: 42px;top: 0;animation-delay:0.25s;\"><\/div><div style=\"left: 0;top: 21px;animation-delay:0.875s;\"><\/div><div style=\"left: 42px;top: 21px;animation-delay:0.375s;\"><\/div><div style=\"left: 0;top: 42px;animation-delay:0.75s;\"><\/div><div style=\"left: 42px;top: 42px;animation-delay:0.625s;\"><\/div><div style=\"left: 21px;top: 42px;animation-delay:0.5s;\"><\/div><\/div><\/div><div class=\"ultp-block-items-wrap ultp-block-row ultp-layout1 ultp-block-content-false\"><div class=\"ultp-block-item post-id-18888 ultp-block-item-0\"><div class=\"ultp-block-content-wrap ultp-block-content-overlay\"><div class=\"ultp-block-image ultp-block-image-zoomIn ultp-block-image-overlay ultp-block-image-simgleGradient\"><a href=\"https:\/\/lfseoul.org\/en\/primary-school-newspaper-ma-vie-au-lfs\/\" target=\"_blank\"><img decoding=\"async\"   alt=\"Primary School Newspaper : Ma Vie au LFS\" src=\"https:\/\/lfseoul.org\/wp-content\/uploads\/2023\/12\/Gazette-photo-870x570.jpg\" \/><\/a><\/div><div class=\"ultp-block-content ultp-block-content-bottomPosition\"><div class=\"ultp-block-content-inner\"><h3 class=\"ultp-block-title \"><a href=\"https:\/\/lfseoul.org\/en\/primary-school-newspaper-ma-vie-au-lfs\/\" target=\"_blank\">Primary School Newspaper : Ma Vie au LFS<\/a><\/h3><div class=\"ultp-block-excerpt\"><p>The AES Gazette brings together a small group of budding journalists in charge of the magazine &#8220;Ma vie au LFS&hellip;<\/p>\n<\/div><\/div><\/div><\/div><\/div><div class=\"ultp-block-item post-id-18915 ultp-block-item-1\"><div class=\"ultp-block-content-wrap ultp-block-content-overlay\"><div class=\"ultp-block-image ultp-block-image-zoomIn ultp-block-image-overlay ultp-block-image-simgleGradient\"><a href=\"https:\/\/lfseoul.org\/en\/radio-lfs-2023-2024-2\/\" target=\"_blank\"><img decoding=\"async\"   alt=\"Radio LFS 2023-2024\" src=\"https:\/\/lfseoul.org\/wp-content\/uploads\/2023\/12\/Banner-600x600.jpg\" \/><\/a><\/div><div class=\"ultp-block-content ultp-block-content-bottomPosition\"><div class=\"ultp-block-content-inner\"><h3 class=\"ultp-block-title \"><a href=\"https:\/\/lfseoul.org\/en\/radio-lfs-2023-2024-2\/\" target=\"_blank\">Radio LFS 2023-2024<\/a><\/h3><\/div><\/div><\/div><\/div><div class=\"ultp-block-item post-id-19432 ultp-block-item-2\"><div class=\"ultp-block-content-wrap ultp-block-content-overlay\"><div class=\"ultp-block-image ultp-block-image-zoomIn ultp-block-image-overlay ultp-block-image-simgleGradient\"><a href=\"https:\/\/lfseoul.org\/en\/secondary-school-lfs-gazette-2\/\" target=\"_blank\"><img decoding=\"async\"   alt=\"Secondary School LFS Gazette\" src=\"https:\/\/lfseoul.org\/wp-content\/uploads\/2023\/09\/JIK_5706-600x600.jpg\" \/><\/a><\/div><div class=\"ultp-block-content ultp-block-content-bottomPosition\"><div class=\"ultp-block-content-inner\"><h3 class=\"ultp-block-title \"><a href=\"https:\/\/lfseoul.org\/en\/secondary-school-lfs-gazette-2\/\" target=\"_blank\">Secondary School LFS Gazette<\/a><\/h3><\/div><\/div><\/div><\/div><div class=\"ultp-block-item post-id-20843 ultp-block-item-3\"><div class=\"ultp-block-content-wrap ultp-block-content-overlay\"><div class=\"ultp-block-image ultp-block-image-zoomIn ultp-block-image-overlay ultp-block-image-simgleGradient\"><a href=\"https:\/\/lfseoul.org\/en\/primary-school-newspaper-2024-2025-ma-vie-au-lfs\/\" target=\"_blank\"><img decoding=\"async\"   alt=\"Primary School Newspaper 2024-2025 : Ma vie au LFS\" src=\"https:\/\/lfseoul.org\/wp-content\/uploads\/2025\/03\/IMG_8828-Copie-600x600.jpg\" \/><\/a><\/div><div class=\"ultp-block-content ultp-block-content-bottomPosition\"><div class=\"ultp-block-content-inner\"><h3 class=\"ultp-block-title \"><a href=\"https:\/\/lfseoul.org\/en\/primary-school-newspaper-2024-2025-ma-vie-au-lfs\/\" target=\"_blank\">Primary School Newspaper 2024-2025 : Ma vie au LFS<\/a><\/h3><\/div><\/div><\/div><\/div><div class=\"ultp-block-item post-id-21911 ultp-block-item-4\"><div class=\"ultp-block-content-wrap ultp-block-content-overlay\"><div class=\"ultp-block-image ultp-block-image-zoomIn ultp-block-image-overlay ultp-block-image-simgleGradient\"><a href=\"https:\/\/lfseoul.org\/en\/primary-school-newspaper-2025-2026\/\" target=\"_blank\"><img decoding=\"async\"   alt=\"Primary School Newspaper 2025 &amp; 2026\" src=\"https:\/\/lfseoul.org\/wp-content\/uploads\/2026\/02\/groupe-en-reportage-1-600x600.jpg\" \/><\/a><\/div><div class=\"ultp-block-content ultp-block-content-bottomPosition\"><div class=\"ultp-block-content-inner\"><h3 class=\"ultp-block-title \"><a href=\"https:\/\/lfseoul.org\/en\/primary-school-newspaper-2025-2026\/\" target=\"_blank\">Primary School Newspaper 2025 &amp; 2026<\/a><\/h3><\/div><\/div><\/div><\/div><\/div><\/div><div class=\"pagination-block-html\" aria-hidden=\"true\" style=\"display: none;\"><\/div><\/div>\n<\/div><\/div>\n\n<div class=\"gb-container gb-container-a34b4d1b\"><div class=\"gb-inside-container\">\n\n<h2 class=\"wp-block-heading has-text-align-center\" id=\"4-une-approche-intelligente-des-sciences\"><strong>PROVIDING INTELLIGENT AND TECHNOLOGICAL ENVIRONMENT<\/strong><\/h2>\n\n<\/div><\/div>\n\n<div class=\"gb-container gb-container-e5cb257b\"><div class=\"gb-inside-container\">\n<div class=\"gb-grid-wrapper gb-grid-wrapper-ac7c4248\">\n<div class=\"gb-grid-column gb-grid-column-6011e1f0\"><div class=\"gb-container gb-container-6011e1f0\"><div class=\"gb-inside-container\"><\/div><\/div><\/div>\n\n<div class=\"gb-grid-column gb-grid-column-6280f427\"><div class=\"gb-container gb-container-6280f427\"><div class=\"gb-inside-container\">\n\n<p>At primary school, the students are <span style=\"color: #de1515;\" data=\"#de1515\" class=\"qubely-text-has-color\">introduced in a progressive and controlled manner to the use of digital tools<\/span> which bring added value to our academic curriculum.<\/p>\n\n\n\n<p>At secondary school, the students <span style=\"color: #de1515;\" data=\"#de1515\" class=\"qubely-text-has-color\">regularly use digital and technological tools, as subject and teaching support<\/span>.<\/p>\n\n\n\n<p>The Fab Lab, opened in 2019, is where students can work with 3D printers, robotics equipment during the technology and arts class.<\/p>\n\n\n\n<p><a href=\"https:\/\/lfseoul.org\/en\/science-and-technology\/\" target=\"_blank\" rel=\"noreferrer noopener\" class=\"rank-math-link\">Find out more on Technology &amp; Digital Tools for Learning.<\/a><\/p>\n\n<\/div><\/div><\/div>\n<\/div>\n<\/div><\/div>\n\n<div class=\"gb-container gb-container-d78c4f11\"><div class=\"gb-inside-container\">\n<div class=\"gb-grid-wrapper gb-grid-wrapper-34822592\">\n<div class=\"gb-grid-column gb-grid-column-8d5e50e3\"><div class=\"gb-container gb-container-8d5e50e3\"><div class=\"gb-inside-container\">\n\n<p class=\"gb-headline gb-headline-cf7ee4ce\"><span class=\"gb-icon\"><svg aria-hidden=\"true\" height=\"1em\" width=\"1em\" viewBox=\"0 0 384 512\" xmlns=\"http:\/\/www.w3.org\/2000\/svg\"><path fill=\"currentColor\" d=\"M97.12 362.63c-8.69-8.69-4.16-6.24-25.12-11.85-9.51-2.55-17.87-7.45-25.43-13.32L1.2 448.7c-4.39 10.77 3.81 22.47 15.43 22.03l52.69-2.01L105.56 507c8 8.44 22.04 5.81 26.43-4.96l52.05-127.62c-10.84 6.04-22.87 9.58-35.31 9.58-19.5 0-37.82-7.59-51.61-21.37zM382.8 448.7l-45.37-111.24c-7.56 5.88-15.92 10.77-25.43 13.32-21.07 5.64-16.45 3.18-25.12 11.85-13.79 13.78-32.12 21.37-51.62 21.37-12.44 0-24.47-3.55-35.31-9.58L252 502.04c4.39 10.77 18.44 13.4 26.43 4.96l36.25-38.28 52.69 2.01c11.62.44 19.82-11.27 15.43-22.03zM263 340c15.28-15.55 17.03-14.21 38.79-20.14 13.89-3.79 24.75-14.84 28.47-28.98 7.48-28.4 5.54-24.97 25.95-45.75 10.17-10.35 14.14-25.44 10.42-39.58-7.47-28.38-7.48-24.42 0-52.83 3.72-14.14-.25-29.23-10.42-39.58-20.41-20.78-18.47-17.36-25.95-45.75-3.72-14.14-14.58-25.19-28.47-28.98-27.88-7.61-24.52-5.62-44.95-26.41-10.17-10.35-25-14.4-38.89-10.61-27.87 7.6-23.98 7.61-51.9 0-13.89-3.79-28.72.25-38.89 10.61-20.41 20.78-17.05 18.8-44.94 26.41-13.89 3.79-24.75 14.84-28.47 28.98-7.47 28.39-5.54 24.97-25.95 45.75-10.17 10.35-14.15 25.44-10.42 39.58 7.47 28.36 7.48 24.4 0 52.82-3.72 14.14.25 29.23 10.42 39.59 20.41 20.78 18.47 17.35 25.95 45.75 3.72 14.14 14.58 25.19 28.47 28.98C104.6 325.96 106.27 325 121 340c13.23 13.47 33.84 15.88 49.74 5.82a39.676 39.676 0 0 1 42.53 0c15.89 10.06 36.5 7.65 49.73-5.82zM97.66 175.96c0-53.03 42.24-96.02 94.34-96.02s94.34 42.99 94.34 96.02-42.24 96.02-94.34 96.02-94.34-42.99-94.34-96.02z\"><\/path><\/svg><\/span><span class=\"gb-headline-text\"><strong>For an accredited French education, <\/strong><br><strong>offering multilingual pathways<\/strong><\/span><\/p>\n\n<\/div><\/div><\/div>\n<\/div>\n\n<div class=\"gb-button-wrapper gb-button-wrapper-ed68aea2\">\n\n<a class=\"gb-button gb-button-d72c0b18 gb-button-text\" href=\"https:\/\/lfseoul.org\/en\/apply\/\" target=\"_blank\" rel=\"noopener noreferrer\">APPLY NOW<\/a>\n\n<\/div>\n<\/div><\/div>","protected":false},"excerpt":{"rendered":"<p>Lyc\u00e9e Fran\u00e7ais de S\u00e9oul (LFS) offers French education recognized and certified by the French Ministry of National Education, while structuring the courses adapted to its community of students, in terms of learning French, English, and Korean. LFS continues to offer &#8230; <\/p>\n<p class=\"read-more-container\"><a title=\"OUR SPECIFICITIES\" class=\"read-more button\" href=\"https:\/\/lfseoul.org\/en\/our-specificities\/#more-6875\" aria-label=\"Read more about OUR SPECIFICITIES\">En savoir plus<\/a><\/p>\n","protected":false},"author":4,"featured_media":0,"parent":0,"menu_order":0,"comment_status":"closed","ping_status":"closed","template":"qubely_full_width","meta":{"qubely_global_settings":"","qubely_interactions":"","inline_featured_image":false,"footnotes":""},"class_list":{"0":"post-6875","1":"page","2":"type-page","3":"status-publish","5":"infinite-scroll-item"},"_links":{"self":[{"href":"https:\/\/lfseoul.org\/en\/wp-json\/wp\/v2\/pages\/6875","targetHints":{"allow":["GET"]}}],"collection":[{"href":"https:\/\/lfseoul.org\/en\/wp-json\/wp\/v2\/pages"}],"about":[{"href":"https:\/\/lfseoul.org\/en\/wp-json\/wp\/v2\/types\/page"}],"author":[{"embeddable":true,"href":"https:\/\/lfseoul.org\/en\/wp-json\/wp\/v2\/users\/4"}],"replies":[{"embeddable":true,"href":"https:\/\/lfseoul.org\/en\/wp-json\/wp\/v2\/comments?post=6875"}],"version-history":[{"count":68,"href":"https:\/\/lfseoul.org\/en\/wp-json\/wp\/v2\/pages\/6875\/revisions"}],"predecessor-version":[{"id":21040,"href":"https:\/\/lfseoul.org\/en\/wp-json\/wp\/v2\/pages\/6875\/revisions\/21040"}],"wp:attachment":[{"href":"https:\/\/lfseoul.org\/en\/wp-json\/wp\/v2\/media?parent=6875"}],"curies":[{"name":"wp","href":"https:\/\/api.w.org\/{rel}","templated":true}]}}