{"id":6889,"date":"2021-01-28T03:25:59","date_gmt":"2021-01-28T03:25:59","guid":{"rendered":"https:\/\/54.68.147.74\/~lfs\/?page_id=6889"},"modified":"2025-09-08T23:58:54","modified_gmt":"2025-09-08T23:58:54","slug":"our-curriculum","status":"publish","type":"page","link":"https:\/\/lfseoul.org\/en\/our-curriculum\/","title":{"rendered":"OUR CURRICULUM"},"content":{"rendered":"<div class=\"gb-container gb-container-11cc4cd4\"><div class=\"gb-inside-container\">\n\n<p>Lyc\u00e9e Fran\u00e7ais de S\u00e9oul (LFS) welcomes students of all nationalities from the age of 3 and provides schooling in all levels <span style=\"color: #d72335;\" data=\"#d72335\" class=\"qubely-text-has-color\">from PS (First year of Kindergarten) to Terminale (grade 12)<\/span>.&nbsp;<\/p>\n\n\n\n<p><span style=\"color: #d72335;\" data=\"#d72335\" class=\"qubely-text-has-color\">All levels are accredited by the French Ministry of National Education<\/span>, a guarantee that the education provided conforms to the French curriculum. Throughout their schooling, students study French, languages, mathematics and science, humanities and social sciences, sports and art. They acquire knowledge, methods and tools; they build skills and ethics; they develop a vision for their future.<\/p>\n\n<\/div><\/div>\n\n<div class=\"gb-container gb-container-e537fb9a\"><div class=\"gb-inside-container\">\n\n<h2 class=\"wp-block-heading has-text-align-center\" id=\"1-une-%C3%A9ducation-plurilingue\"><strong>A CYCLE-BASED EDUCATION SYSTEM<\/strong><\/h2>\n\n<\/div><\/div>\n\n<div class=\"gb-container gb-container-00ecb478\"><div class=\"gb-inside-container\">\n\n<p class=\"has-normal-font-size\">As of Kindergarten, the French education system is structured in three-year cycles, enabling students to <span style=\"color: #d72335;\" data=\"#d72335\" class=\"qubely-text-has-color\">develop skills at their own pace and according to their needs<\/span> with a guarantee of pedagogical continuity from one level to the next. Its articulation around a common core of 5 skills provides a rich and multidisciplinary education.<\/p>\n\n\n\n<p class=\"has-normal-font-size\">The 2018 &#8211; 2021 school project elaborated by LFS has set as priorities the development of each individual and openness to the world.<\/p>\n\n\n\n<p class=\"has-text-color has-normal-font-size\" style=\"color:#deb52e\"><a href=\"https:\/\/lfseoul.org\/en\/our-educational-system\/\" target=\"_blank\" data-type=\"page\" data-id=\"10634\" rel=\"noreferrer noopener\" class=\"rank-math-link\">Find out more about our educational system and school project here.<\/a><\/p>\n\n\n<div class=\"gb-container gb-container-de36d633\"><div class=\"gb-inside-container\">\n<div class=\"gb-container gb-container-73f0e5a7\"><div class=\"gb-inside-container\">\n<div class=\"gb-grid-wrapper gb-grid-wrapper-e84e5562\">\n<div class=\"gb-grid-column gb-grid-column-5df13ab5\"><div class=\"gb-container gb-container-5df13ab5\"><a class=\"gb-container-link\" href=\"https:\/\/lfseoul.org\/en\/kindergarten\/\" rel=\"noopener noreferrer\" target=\"_blank\"><\/a><div class=\"gb-inside-container\">\n<div class=\"gb-container gb-container-6861fbe0\"><div class=\"gb-inside-container\">\n\n<h3 class=\"wp-block-heading has-text-align-center animated fadeInUp has-white-color has-text-color\"><span style=\"color: var(--qubely-color-5);\" data=\"var(--qubely-color-5)\" class=\"qubely-text-has-color\"><strong>Kindergarten <\/strong><\/span><br><span style=\"color: var(--qubely-color-5);\" data=\"var(--qubely-color-5)\" class=\"qubely-text-has-color\"><strong>3-5 years old<\/strong><\/span><\/h3>\n\n<\/div><\/div>\n\n<div class=\"gb-container gb-container-d6b3604f\"><div class=\"gb-inside-container\">\n\n<p><strong>Early Learning Cycle<\/strong><\/p>\n\n\n\n<p class=\"animated fadeInUp delay-100ms\">LFS guides your child towards language acquisition, autonomy and socialization, with play as the main vector of learning, experience and exploration.<\/p>\n\n<\/div><\/div>\n<\/div><\/div><\/div>\n\n<div class=\"gb-grid-column gb-grid-column-2442eee1\"><div class=\"gb-container gb-container-2442eee1\"><a class=\"gb-container-link\" href=\"https:\/\/lfseoul.org\/en\/elementary\/\" rel=\"noopener noreferrer\" target=\"_blank\"><\/a><div class=\"gb-inside-container\">\n<div class=\"gb-container gb-container-923a852f\"><div class=\"gb-inside-container\">\n\n<h3 class=\"wp-block-heading has-text-align-center animated fadeInUp has-white-color has-text-color\"><span style=\"color: var(--qubely-color-5);\" data=\"var(--qubely-color-5)\" class=\"qubely-text-has-color\"><strong><strong>Elementary<\/strong><\/strong><\/span> <strong>school<\/strong><br><span style=\"color: var(--qubely-color-5);\" data=\"var(--qubely-color-5)\" class=\"qubely-text-has-color\"><strong><strong>6-10 years old<\/strong><\/strong><\/span><\/h3>\n\n<\/div><\/div>\n\n<div class=\"gb-container gb-container-0a55793d\"><div class=\"gb-inside-container\">\n\n<p><strong><strong>Foundations Cycle, Consolidation Cycle<\/strong><\/strong><\/p>\n\n\n\n<p class=\"animated fadeInUp delay-200ms\">LFS sees the structuring of early learning foundations and ensures proficiency in French and mathematics is achieved. Students begin to explore reasoning and develop their critical thinking and argumentation skills.<\/p>\n\n<\/div><\/div>\n<\/div><\/div><\/div>\n\n<div class=\"gb-grid-column gb-grid-column-387552d1\"><div class=\"gb-container gb-container-387552d1\"><a class=\"gb-container-link\" href=\"https:\/\/lfseoul.org\/en\/middle-school\/\" rel=\"noopener noreferrer\" target=\"_blank\"><\/a><div class=\"gb-inside-container\">\n<div class=\"gb-container gb-container-7a712c6b\"><div class=\"gb-inside-container\">\n\n<h3 class=\"wp-block-heading has-text-align-center animated fadeInUp has-white-color has-text-color\"><span style=\"color: var(--qubely-color-5);\" data=\"var(--qubely-color-5)\" class=\"qubely-text-has-color\"><strong><strong><strong>Middle school<\/strong><\/strong><\/strong><\/span><br><span style=\"color: var(--qubely-color-5);\" data=\"var(--qubely-color-5)\" class=\"qubely-text-has-color\"><strong><strong><strong>11-14 years old<\/strong><\/strong><\/strong><\/span><\/h3>\n\n<\/div><\/div>\n\n<div class=\"gb-container gb-container-bac9760c\"><div class=\"gb-inside-container\">\n\n<p><strong><strong>Advanced Learning Cycle<\/strong><\/strong><\/p>\n\n\n\n<p class=\"animated fadeInUp delay-200ms\">LFS ensures the acquisition and development of academically-driven skills and a shared general knowledge. Opportunities for students to take optional courses are introduced in this cycle.<\/p>\n\n<\/div><\/div>\n<\/div><\/div><\/div>\n\n<div class=\"gb-grid-column gb-grid-column-778856d5\"><div class=\"gb-container gb-container-778856d5\"><a class=\"gb-container-link\" href=\"https:\/\/lfseoul.org\/en\/high-school\/\" rel=\"noopener noreferrer\" target=\"_blank\"><\/a><div class=\"gb-inside-container\">\n<div class=\"gb-container gb-container-ccae2960\"><div class=\"gb-inside-container\">\n\n<h3 class=\"wp-block-heading has-text-align-center animated fadeInUp has-white-color has-text-color\"><span style=\"color: var(--qubely-color-5);\" data=\"var(--qubely-color-5)\" class=\"qubely-text-has-color\"><strong><strong><strong><strong>High school<\/strong><\/strong><\/strong><\/strong><\/span><br><span style=\"color: var(--qubely-color-5);\" data=\"var(--qubely-color-5)\" class=\"qubely-text-has-color\"><strong><strong><strong><strong>15-18 years old<\/strong><\/strong><\/strong><\/strong><\/span><\/h3>\n\n<\/div><\/div>\n\n<div class=\"gb-container gb-container-eee3e7a6\"><div class=\"gb-inside-container\">\n\n<p><strong><strong>Higher Education Guidance Cycle<\/strong><\/strong><\/p>\n\n\n\n<p class=\"animated fadeInUp delay-100ms\">LFS prepares students for success in the Baccalaureate and supports them in the preparation of their higher education project.<\/p>\n\n<\/div><\/div>\n<\/div><\/div><\/div>\n<\/div>\n<\/div><\/div>\n<\/div><\/div>\n<\/div><\/div>\n\n<div class=\"gb-container gb-container-1d429a61\"><div class=\"gb-inside-container\">\n\n<h2 class=\"wp-block-heading has-text-align-center\" id=\"2-une-classe-d%C3%A9di%C3%A9e-pour-les-non-francophones-\"><strong><strong>COMPREHENSIVE GUIDANCE TOWARDS HIGHER EDUCATION<\/strong><\/strong><\/h2>\n\n<\/div><\/div>\n\n<div class=\"gb-container gb-container-d09528de\"><div class=\"gb-inside-container\">\n<div class=\"gb-grid-wrapper gb-grid-wrapper-4ded30c5\">\n<div class=\"gb-grid-column gb-grid-column-67b6001f\"><div class=\"gb-container gb-container-67b6001f\"><div class=\"gb-inside-container\">\n\n<figure class=\"wp-block-image size-large\"><img loading=\"lazy\" decoding=\"async\" width=\"1024\" height=\"556\" src=\"https:\/\/lfseoul.org\/wp-content\/uploads\/2024\/10\/Carte-universitare-1-1024x556.png\" alt=\"\" class=\"wp-image-20204\" srcset=\"https:\/\/lfseoul.org\/wp-content\/uploads\/2024\/10\/Carte-universitare-1-1024x556.png 1024w, https:\/\/lfseoul.org\/wp-content\/uploads\/2024\/10\/Carte-universitare-1-300x163.png 300w, https:\/\/lfseoul.org\/wp-content\/uploads\/2024\/10\/Carte-universitare-1-768x417.png 768w, https:\/\/lfseoul.org\/wp-content\/uploads\/2024\/10\/Carte-universitare-1-10x5.png 10w, https:\/\/lfseoul.org\/wp-content\/uploads\/2024\/10\/Carte-universitare-1-15x8.png 15w, https:\/\/lfseoul.org\/wp-content\/uploads\/2024\/10\/Carte-universitare-1-48x26.png 48w, https:\/\/lfseoul.org\/wp-content\/uploads\/2024\/10\/Carte-universitare-1.png 1321w\" sizes=\"auto, (max-width: 1024px) 100vw, 1024px\" \/><\/figure>\n\n<\/div><\/div><\/div>\n\n<div class=\"gb-grid-column gb-grid-column-7946faf3\"><div class=\"gb-container gb-container-7946faf3\"><div class=\"gb-inside-container\">\n\n<p class=\"has-normal-font-size\">As part of of a program known as &#8220;Parcours Avenir&#8221;, <span style=\"color: #d72335;\" data=\"#d72335\" class=\"qubely-text-has-color\">the Lyc\u00e9e Fran\u00e7ais de S\u00e9oul (LFS) assists middle and high school students in their future academic and career choices<\/span> through various events and meetings all year round, a documentation space dedicated to university guidance and specifically appointed teacher-counsellor in charge of meetings with students and parents.<\/p>\n\n\n\n<p class=\"has-normal-font-size\">With a<span style=\"color: #d72335;\" data=\"#d72335\" class=\"qubely-text-has-color\"> <strong>100% success rate in the Baccalaureate<\/strong>, <\/span>our students go on to higher education in the best universities in France and around the world.<br><br><a href=\"https:\/\/lfseoul.org\/en\/university-counseling\/\" target=\"_blank\" data-type=\"page\" data-id=\"10478\" rel=\"noreferrer noopener\" class=\"rank-math-link\">Click here to learn more about university guidance and destinations.<\/a><\/p>\n\n<\/div><\/div><\/div>\n<\/div>\n<\/div><\/div>\n\n<div class=\"gb-container gb-container-d78c4f11\"><div class=\"gb-inside-container\">\n<div class=\"gb-grid-wrapper gb-grid-wrapper-34822592\">\n<div class=\"gb-grid-column gb-grid-column-8d5e50e3\"><div class=\"gb-container gb-container-8d5e50e3\"><div class=\"gb-inside-container\">\n\n<p class=\"gb-headline gb-headline-cf7ee4ce\"><span class=\"gb-icon\"><svg aria-hidden=\"true\" height=\"1em\" width=\"1em\" viewBox=\"0 0 384 512\" xmlns=\"http:\/\/www.w3.org\/2000\/svg\"><path fill=\"currentColor\" d=\"M97.12 362.63c-8.69-8.69-4.16-6.24-25.12-11.85-9.51-2.55-17.87-7.45-25.43-13.32L1.2 448.7c-4.39 10.77 3.81 22.47 15.43 22.03l52.69-2.01L105.56 507c8 8.44 22.04 5.81 26.43-4.96l52.05-127.62c-10.84 6.04-22.87 9.58-35.31 9.58-19.5 0-37.82-7.59-51.61-21.37zM382.8 448.7l-45.37-111.24c-7.56 5.88-15.92 10.77-25.43 13.32-21.07 5.64-16.45 3.18-25.12 11.85-13.79 13.78-32.12 21.37-51.62 21.37-12.44 0-24.47-3.55-35.31-9.58L252 502.04c4.39 10.77 18.44 13.4 26.43 4.96l36.25-38.28 52.69 2.01c11.62.44 19.82-11.27 15.43-22.03zM263 340c15.28-15.55 17.03-14.21 38.79-20.14 13.89-3.79 24.75-14.84 28.47-28.98 7.48-28.4 5.54-24.97 25.95-45.75 10.17-10.35 14.14-25.44 10.42-39.58-7.47-28.38-7.48-24.42 0-52.83 3.72-14.14-.25-29.23-10.42-39.58-20.41-20.78-18.47-17.36-25.95-45.75-3.72-14.14-14.58-25.19-28.47-28.98-27.88-7.61-24.52-5.62-44.95-26.41-10.17-10.35-25-14.4-38.89-10.61-27.87 7.6-23.98 7.61-51.9 0-13.89-3.79-28.72.25-38.89 10.61-20.41 20.78-17.05 18.8-44.94 26.41-13.89 3.79-24.75 14.84-28.47 28.98-7.47 28.39-5.54 24.97-25.95 45.75-10.17 10.35-14.15 25.44-10.42 39.58 7.47 28.36 7.48 24.4 0 52.82-3.72 14.14.25 29.23 10.42 39.59 20.41 20.78 18.47 17.35 25.95 45.75 3.72 14.14 14.58 25.19 28.47 28.98C104.6 325.96 106.27 325 121 340c13.23 13.47 33.84 15.88 49.74 5.82a39.676 39.676 0 0 1 42.53 0c15.89 10.06 36.5 7.65 49.73-5.82zM97.66 175.96c0-53.03 42.24-96.02 94.34-96.02s94.34 42.99 94.34 96.02-42.24 96.02-94.34 96.02-94.34-42.99-94.34-96.02z\"><\/path><\/svg><\/span><span class=\"gb-headline-text\"><strong>For an accredited French education, <\/strong><br><strong>offering multilingual pathways<\/strong><\/span><\/p>\n\n<\/div><\/div><\/div>\n<\/div>\n\n<div class=\"gb-button-wrapper gb-button-wrapper-ed68aea2\">\n\n<a class=\"gb-button gb-button-d72c0b18 gb-button-text\" href=\"https:\/\/lfseoul.org\/en\/apply\/\" target=\"_blank\" rel=\"noopener noreferrer\">APPLY NOW<\/a>\n\n<\/div>\n<\/div><\/div>","protected":false},"excerpt":{"rendered":"<p>Lyc\u00e9e Fran\u00e7ais de S\u00e9oul (LFS) welcomes students of all nationalities from the age of 3 and provides schooling in all levels from PS (First year of Kindergarten) to Terminale (grade 12).&nbsp; All levels are accredited by the French Ministry of &#8230; <\/p>\n<p class=\"read-more-container\"><a title=\"OUR CURRICULUM\" class=\"read-more button\" href=\"https:\/\/lfseoul.org\/en\/our-curriculum\/#more-6889\" aria-label=\"Read more about OUR CURRICULUM\">En savoir plus<\/a><\/p>\n","protected":false},"author":4,"featured_media":8654,"parent":0,"menu_order":0,"comment_status":"closed","ping_status":"closed","template":"","meta":{"qubely_global_settings":"","qubely_interactions":"","inline_featured_image":false,"footnotes":""},"class_list":{"0":"post-6889","1":"page","2":"type-page","3":"status-publish","4":"has-post-thumbnail","6":"infinite-scroll-item","7":"resize-featured-image"},"_links":{"self":[{"href":"https:\/\/lfseoul.org\/en\/wp-json\/wp\/v2\/pages\/6889","targetHints":{"allow":["GET"]}}],"collection":[{"href":"https:\/\/lfseoul.org\/en\/wp-json\/wp\/v2\/pages"}],"about":[{"href":"https:\/\/lfseoul.org\/en\/wp-json\/wp\/v2\/types\/page"}],"author":[{"embeddable":true,"href":"https:\/\/lfseoul.org\/en\/wp-json\/wp\/v2\/users\/4"}],"replies":[{"embeddable":true,"href":"https:\/\/lfseoul.org\/en\/wp-json\/wp\/v2\/comments?post=6889"}],"version-history":[{"count":8,"href":"https:\/\/lfseoul.org\/en\/wp-json\/wp\/v2\/pages\/6889\/revisions"}],"predecessor-version":[{"id":21369,"href":"https:\/\/lfseoul.org\/en\/wp-json\/wp\/v2\/pages\/6889\/revisions\/21369"}],"wp:featuredmedia":[{"embeddable":true,"href":"https:\/\/lfseoul.org\/en\/wp-json\/wp\/v2\/media\/8654"}],"wp:attachment":[{"href":"https:\/\/lfseoul.org\/en\/wp-json\/wp\/v2\/media?parent=6889"}],"curies":[{"name":"wp","href":"https:\/\/api.w.org\/{rel}","templated":true}]}}