{"id":7257,"date":"2021-02-03T08:14:00","date_gmt":"2021-02-03T08:14:00","guid":{"rendered":"https:\/\/54.68.147.74\/~lfs\/?page_id=7257"},"modified":"2026-03-30T05:39:06","modified_gmt":"2026-03-30T05:39:06","slug":"careers","status":"publish","type":"page","link":"https:\/\/lfseoul.org\/en\/careers\/","title":{"rendered":"CAREERS"},"content":{"rendered":"<div class=\"gb-container gb-container-508d52a4\"><div class=\"gb-inside-container\">\n\n<p class=\"has-normal-font-size\">Join a <span style=\"color: #de1515;\" data=\"#de1515\" class=\"qubely-text-has-color\">dynamic, close-knit and project-oriented team<\/span> in a human sized school!<\/p>\n\n\n\n<p>Lyc\u00e9e Fran\u00e7ais de S\u00e9oul (French School of Seoul, LFS) has been welcoming students from French and international communities,&nbsp; expatriates and residents, since 1974.<\/p>\n\n\n\n<p>Its location in the heart of the French community and the city of Seoul, in a shopping and family neighborhood, makes it <span style=\"color: #de1515;\" data=\"#de1515\" class=\"qubely-text-has-color\">an ideal place to work and grow<\/span>.<\/p>\n\n\n\n<p class=\"has-normal-font-size\">If you have any questions, please contact us at<\/p>\n\n\n<div class=\"wp-block-image\">\n<figure class=\"aligncenter size-large\"><img loading=\"lazy\" decoding=\"async\" width=\"186\" height=\"120\" src=\"https:\/\/lfseoul.org\/wp-content\/uploads\/2021\/03\/email-icon.jpg\" alt=\"\" class=\"wp-image-8902\" srcset=\"https:\/\/lfseoul.org\/wp-content\/uploads\/2021\/03\/email-icon.jpg 186w, https:\/\/lfseoul.org\/wp-content\/uploads\/2021\/03\/email-icon-10x6.jpg 10w, https:\/\/lfseoul.org\/wp-content\/uploads\/2021\/03\/email-icon-15x10.jpg 15w, https:\/\/lfseoul.org\/wp-content\/uploads\/2021\/03\/email-icon-48x31.jpg 48w\" sizes=\"auto, (max-width: 186px) 100vw, 186px\" \/><\/figure><\/div>\n\n\n<p class=\"has-text-align-center\"><strong><strong><span style=\"color: #0f145a;\" data=\"#0f145a\" class=\"qubely-text-has-color\"><strong><span style=\"text-transform: uppercase;\" class=\"qubely-text-uppercase\">Human Resources Team<\/span><\/strong><\/span><\/strong><\/strong><\/p>\n\n\n\n<p class=\"has-text-align-center\"><img loading=\"lazy\" decoding=\"async\" width=\"20\" height=\"17\" class=\"wp-image-7332\" style=\"width: 20px;\" src=\"https:\/\/lfseoul.org\/wp-content\/uploads\/2021\/02\/mail-icon-blue.png\" alt=\"\" srcset=\"https:\/\/lfseoul.org\/wp-content\/uploads\/2021\/02\/mail-icon-blue.png 96w, https:\/\/lfseoul.org\/wp-content\/uploads\/2021\/02\/mail-icon-blue-10x8.png 10w, https:\/\/lfseoul.org\/wp-content\/uploads\/2021\/02\/mail-icon-blue-15x13.png 15w, https:\/\/lfseoul.org\/wp-content\/uploads\/2021\/02\/mail-icon-blue-48x41.png 48w\" sizes=\"auto, (max-width: 20px) 100vw, 20px\" \/><a href=\"mailto:recrutement@lfseoul.org\" class=\"rank-math-link\"> recrutement@lfseoul.org<\/a><\/p>\n\n<\/div><\/div>\n\n<div class=\"gb-container gb-container-58b8d9af\"><div class=\"gb-inside-container\">\n<div class=\"gb-container gb-container-7b4fdb3f\"><div class=\"gb-inside-container\">\n\n<h2 class=\"wp-block-heading has-text-align-center\"><strong><span style=\"text-transform: uppercase;\" class=\"qubely-text-uppercase\">Job Offers and Services<\/span><\/strong><\/h2>\n\n\n\n<div style=\"height:31px\" aria-hidden=\"true\" class=\"wp-block-spacer\"><\/div>\n\n\n\n<p>Any recruitment or service provision falls within the framework of Korean labor law, requiring a work visa, and the LFS&#8217; own labor regulations. In the case of employees on Local Contract only, with the first 1-year fixed-term contract, renewable once, which can turn into a permanent contract at the end of the second fixed-term contract.<\/p>\n\n\n\n<div style=\"height:20px\" aria-hidden=\"true\" class=\"wp-block-spacer\"><\/div>\n\n\n\n<div class=\"wp-block-getwid-tabs\" data-active-tab=\"0\"><ul class=\"wp-block-getwid-tabs__nav-links\"><\/ul>\n<div class=\"wp-block-getwid-tabs__nav-link\"><span class=\"wp-block-getwid-tabs__title-wrapper\"><a href=\"#\"><span class=\"wp-block-getwid-tabs__title\"><mark style=\"background-color:rgba(0, 0, 0, 0);color:#0f145a\" class=\"has-inline-color\"><strong>Open posts&nbsp; <\/strong><\/mark><\/span><\/a><\/span><\/div><div class=\"wp-block-getwid-tabs__tab-content-wrapper\"><div class=\"wp-block-getwid-tabs__tab-content\">\n<p class=\"has-text-color\" style=\"color:#0f145a\">We advise you to consult this section regularly since positions are published as and when required.<\/p>\n\n\n\n<p class=\"has-text-color\" style=\"color:#0f145a\">Recruitment openings are on LOCAL CONTRACT status under Korean law. They cannot be the subject of secondment for permanent French National Education teachers.<\/p>\n\n\n\n<p><span style=\"color: #de1515;\" data=\"#de1515\" class=\"qubely-text-has-color\">Please click on the job post title for more details, <\/span><\/p>\n\n\n\n<div style=\"height:10px\" aria-hidden=\"true\" class=\"wp-block-spacer\"><\/div>\n\n\n\n<figure class=\"wp-block-table is-style-regular\"><table class=\"has-text-color has-link-color\" style=\"color:#1a0f53\"><tbody><tr><td><strong>Open post<\/strong><\/td><td><strong>Type of contract<\/strong><\/td><td><strong>Contract start date<\/strong><\/td><td><strong>Application Deadline<\/strong><\/td><\/tr><tr><td><strong><a href=\"https:\/\/lfseoul.org\/wp-content\/uploads\/2026\/03\/2026.03.-Analyste-comptable-3.pdf\" target=\"_blank\" data-type=\"link\" data-id=\"https:\/\/lfseoul.org\/wp-content\/uploads\/2026\/03\/2026.03.-Analyste-comptable-1.pdf\" rel=\"noreferrer noopener\">Financial Analyst<\/a><\/strong><\/td><td>Fixed term contract<\/td><td>August 19, 2026<\/td><td>April 24, 2026<\/td><\/tr><\/tbody><\/table><\/figure>\n<\/div><\/div>\n\n\n\n<div class=\"wp-block-getwid-tabs__nav-link\"><span class=\"wp-block-getwid-tabs__title-wrapper\"><a href=\"#\"><span class=\"wp-block-getwid-tabs__title\"><strong><strong><span style=\"color:#d72335\" class=\"has-inline-color\">Spontaneous Application<\/span><\/strong><\/strong><\/span><\/a><\/span><\/div><div class=\"wp-block-getwid-tabs__tab-content-wrapper\"><div class=\"wp-block-getwid-tabs__tab-content\">\n<p class=\"has-text-color\" style=\"color:#d72335\"><span style=\"color: var(--qubely-color-3);\" data=\"var(--qubely-color-3)\" class=\"qubely-text-has-color\">Do not hesitate to send your application. In particular, we may need the following positions throughout the year.<\/span><\/p>\n\n\n\n<p><span style=\"color: #de1414;\" data=\"#de1414\" class=\"qubely-text-has-color\">Please click on the job post title for more details.<\/span><\/p>\n\n\n\n<div class=\"wp-block-qubely-table alignwide qubely-block-e042ea\"><div class=\"qubely-block-table column-stripe fixed-width\"><figure class=\"qubely-table-figure\"><table style=\"width:100%\" class=\"qubely-table no-vertical-border\"><thead><tr class=\"head-row\"><th class=\"qubely-block-table_cell-content\">Job post <\/th><th class=\"qubely-block-table_cell-content\" rowspan=\"1\">Post Status<\/th><th class=\"qubely-block-table_cell-content\" rowspan=\"1\">Type of contract<\/th><\/tr><\/thead><tbody><tr class=\"\"><td class=\"qubely-block-table_cell-content\" rowspan=\"3\"><strong><a href=\"https:\/\/lfseoul.org\/wp-content\/uploads\/2021\/06\/LFS-OFFRE-PERMANENTE-EMPLOI-tout-poste-enseignant-susceptible.pdf\" target=\"_blank\" rel=\"noreferrer noopener\">Teacher of all subjects <\/a><\/strong><br><strong><a href=\"https:\/\/lfseoul.org\/wp-content\/uploads\/2021\/06\/LFS-OFFRE-PERMANENTE-EMPLOI-tout-poste-enseignant-susceptible.pdf\" target=\"_blank\" rel=\"noreferrer noopener\">from Kindergarten to High school<\/a><\/strong><\/td><td class=\"qubely-block-table_cell-content\" rowspan=\"1\"><span style=\"color: var(--qubely-color-3);\" data=\"var(--qubely-color-3)\" class=\"qubely-text-has-color\">Susceptible to be vacant<\/span><\/td><td class=\"qubely-block-table_cell-content\" rowspan=\"3\"><span style=\"color: var(--qubely-color-3);\" data=\"var(--qubely-color-3)\" class=\"qubely-text-has-color\">Local contract<\/span><\/td><\/tr><\/tbody><\/table><\/figure><\/div><\/div>\n\n\n\n<p class=\"has-text-color\" style=\"color:#d72335\"><span style=\"color: var(--qubely-color-3);\" data=\"var(--qubely-color-3)\" class=\"qubely-text-has-color\">We receive many applications throughout the year so please note that individual feedback is not necessarily given.<\/span><\/p>\n<\/div><\/div>\n<\/div>\n\n<\/div><\/div>\n<\/div><\/div>\n\n<div class=\"gb-container gb-container-673ebfc9\"><div class=\"gb-inside-container\">\n<div class=\"gb-container gb-container-b6812722\"><div class=\"gb-inside-container\">\n\n<p><\/p>\n\n\n\n<h2 class=\"wp-block-heading has-text-align-center\"><strong><strong><span style=\"text-transform: uppercase;\" class=\"qubely-text-uppercase\">Application documents to be provided<\/span><\/strong><\/strong> FOR CANDIDATES UNDER LOCAL CONTRACT<\/h2>\n\n\n\n<div style=\"height:30px\" aria-hidden=\"true\" class=\"wp-block-spacer\"><\/div>\n\n\n\n<p class=\"has-text-color\" style=\"color:#434345\">As stated by Korean legislation, a visa will only be provided to applicants for teaching positions upon proof of <span style=\"color: #de1515;\" data=\"#de1515\" class=\"qubely-text-has-color\">2 years<\/span> of cumulative and attested experience.<br><br>For your application to be considered, please respect the following format and send the supporting documents below in a single document.<\/p>\n\n\n\n<p><\/p>\n\n\n\n<p><span style=\"color: #de1515;\" data=\"#de1515\" class=\"qubely-text-has-color\">1. Send your application to recrutement@lfseoul.org \/ Subject of the email: Recruitment &#8211; Position applied for &#8211; Your name<\/span><\/p>\n\n\n\n<p><\/p>\n\n\n\n<p>Please copy the following message in the body of your email, to comply with Korean laws on the collection and use of personal data:<\/p>\n\n\n\n<p><em>\u201c I have read and agree to the <a href=\"https:\/\/lfseoul.org\/wp-content\/uploads\/2021\/04\/LFS-Privacy-Policy-external-2021.03.23.pdf\">Privacy Policy<\/a> of the LFS, and I accept that the LFS collects and uses, as described below, the Personal Information I provide in this email, including the Unique Identifying Information included in the passport, visa and registration card: this Personal Information is collected, held and used for the purposes of the management of human resources (HR), for administrative processing, including for potential visa formalities, during the application process, during the working period at the LFS, if such, and for 3 years after the end of the recruitment process r the departure from the LFS ; as requested by the applicable regulations for schools in Korea; I know that, if I wish to withdraw my consent, I should exercise my right by contacting the HR department of the school; however, I am aware that such data withholding may result in an inability to apply to, or practice my job at, the LFS.\u201d<\/em><\/p>\n\n\n\n<p><\/p>\n\n\n\n<p><span style=\"color: #de1515;\" data=\"#de1515\" class=\"qubely-text-has-color\">2. Documents to send for any application (1 pdf only)<\/span><\/p>\n\n\n\n<ol class=\"wp-block-list\">\n<li>Curriculum vitae<\/li>\n\n\n\n<li>Cover letter<\/li>\n\n\n\n<li>Current employment certificate<\/li>\n\n\n\n<li>Copy of passport<\/li>\n\n\n\n<li>Copy of the family record book or birth certificate&nbsp;<\/li>\n\n\n\n<li>Criminal record certificate&nbsp;<\/li>\n\n\n\n<li>Alien Registration Card for applicants living in Korea<\/li>\n\n\n\n<li>Copies of diplomas mentioned in the CV<\/li>\n\n\n\n<li>Any other document in support of the application (certificates, references, experience reports, visit reports etc.).<\/li>\n<\/ol>\n\n\n\n<p><span style=\"color: #de1515;\" data=\"#de1515\" class=\"qubely-text-has-color\">3. For candidates holding a French National Education degree<\/span><\/p>\n\n\n\n<ol class=\"wp-block-list\">\n<li>Copy of the last promotion statement<\/li>\n\n\n\n<li>Copy of the latest rating certificate<\/li>\n\n\n\n<li>Copies of the last 2 inspection reports&nbsp;<\/li>\n\n\n\n<li>Copy of the current contract for agents posted abroad<\/li>\n\n\n\n<li>iPROF summary sheet&nbsp;<\/li>\n<\/ol>\n\n<\/div><\/div>\n<\/div><\/div>\n\n<div class=\"gb-container gb-container-ef0bf83d\"><div class=\"gb-inside-container\">\n<div class=\"gb-container gb-container-07cbd45b\"><div class=\"gb-inside-container\">\n\n<h2 class=\"wp-block-heading has-text-align-center\"><strong><strong><strong>Processing of applications<\/strong><\/strong><\/strong><\/h2>\n\n\n\n<div style=\"height:30px\" aria-hidden=\"true\" class=\"wp-block-spacer\"><\/div>\n\n\n\n<div style=\"height:30px\" aria-hidden=\"true\" class=\"wp-block-spacer\"><\/div>\n\n\n<div class=\"gb-container gb-container-8e3ac5ca\"><div class=\"gb-inside-container\">\n<div class=\"gb-grid-wrapper gb-grid-wrapper-44b796f9\">\n<div class=\"gb-grid-column gb-grid-column-d1595b84\"><div class=\"gb-container gb-container-d1595b84 animated fadeInUp\"><div class=\"gb-inside-container\">\n\n<p class=\"has-drop-cap\"><span style=\"color: #0f145a;\" data=\"#0f145a\" class=\"qubely-text-has-color\">1<\/span> The date the email is sent is decisive when a deadline is specified.<\/p>\n\n<\/div><\/div><\/div>\n\n<div class=\"gb-grid-column gb-grid-column-4b5b21b0\"><div class=\"gb-container gb-container-4b5b21b0 animated fadeInUp slow\"><div class=\"gb-inside-container\">\n\n<p class=\"has-drop-cap\"><span style=\"color: #d72335;\" data=\"#d72335\" class=\"qubely-text-has-color\">2<\/span> Acknowledgement of receipt is sent by the school to all applicants.<\/p>\n\n<\/div><\/div><\/div>\n\n<div class=\"gb-grid-column gb-grid-column-53106681\"><div class=\"gb-container gb-container-53106681 animated fadeInUp slower\"><div class=\"gb-inside-container\">\n\n<p class=\"has-drop-cap\"><span style=\"color: #0f145a;\" data=\"#0f145a\" class=\"qubely-text-has-color\">3<\/span> Short-listed candidates are invited for an interview (by videoconference if the candidate is not in Korea).<\/p>\n\n<\/div><\/div><\/div>\n\n<div class=\"gb-grid-column gb-grid-column-9d7bcbcc\"><div class=\"gb-container gb-container-9d7bcbcc animated fadeInUp \"><div class=\"gb-inside-container\">\n\n<p class=\"has-drop-cap\"><span style=\"color: #d72335;\" data=\"#d72335\" class=\"qubely-text-has-color\">4<\/span> Interviewed candidates are notified of the outcome of their application.<\/p>\n\n<\/div><\/div><\/div>\n<\/div>\n\n<div class=\"gb-grid-wrapper gb-grid-wrapper-8f5dcb39\">\n<div class=\"gb-grid-column gb-grid-column-31c706d4\"><div class=\"gb-container gb-container-31c706d4 animated fadeInUp\"><div class=\"gb-inside-container\">\n\n<p class=\"has-drop-cap\"><span style=\"color: #d72335;\" data=\"#d72335\" class=\"qubely-text-has-color\">5<\/span> A job offer is made by the Headmaster and a draft of a contract is sent.<\/p>\n\n\n\n<div style=\"height:20px\" aria-hidden=\"true\" class=\"wp-block-spacer\"><\/div>\n\n<\/div><\/div><\/div>\n\n<div class=\"gb-grid-column gb-grid-column-10e2cc8e\"><div class=\"gb-container gb-container-10e2cc8e animated fadeInUp slow\"><div class=\"gb-inside-container\">\n\n<p class=\"has-drop-cap\"><span style=\"color: #0f145a;\" data=\"#0f145a\" class=\"qubely-text-has-color\">6<\/span> Once accepted, the proposal is submitted for final approval by the HR Committee and the President of the Parents\u2019 Association acting as signatory of the employment contract.<\/p>\n\n\n\n<div style=\"height:20px\" aria-hidden=\"true\" class=\"wp-block-spacer\"><\/div>\n\n<\/div><\/div><\/div>\n\n<div class=\"gb-grid-column gb-grid-column-d3d9179c\"><div class=\"gb-container gb-container-d3d9179c animated fadeInUp slower\"><div class=\"gb-inside-container\">\n\n<p class=\"has-drop-cap\"><span style=\"color: #d72335;\" data=\"#d72335\" class=\"qubely-text-has-color\">7<\/span> Holders of the French National Education certificate should attach a request for leave of absence made to the DSDEN authority or to the rectorate.<\/p>\n\n\n\n<div style=\"height:20px\" aria-hidden=\"true\" class=\"wp-block-spacer\"><\/div>\n\n<\/div><\/div><\/div>\n\n<div class=\"gb-grid-column gb-grid-column-c9e94cbb\"><div class=\"gb-container gb-container-c9e94cbb animated fadeInUp\"><div class=\"gb-inside-container\">\n\n<p class=\"has-drop-cap\"><span style=\"color: #0f145a;\" data=\"#0f145a\" class=\"qubely-text-has-color\">8<\/span> Information on the school and the visa application procedure is communicated by email.<\/p>\n\n<\/div><\/div><\/div>\n<\/div>\n\n\n<div style=\"height:30px\" aria-hidden=\"true\" class=\"wp-block-spacer\"><\/div>\n\n<\/div><\/div>\n\n\n<p>Korean regulations for obtaining work permits and visas vary according to the type of employment. Personalized documents along with terms and conditions are communicated by the school to each employee. Subsequent dealings with the immigration authorities are individual.<\/p>\n\n\n\n<p>The recruitment process is only finalized once the school has received the leave of absence certificate (for teachers holding a permanent position in the French National Education system), the contract has been signed by both parties and the work visa obtained.<\/p>\n\n\n\n<p>A blood test is carried out upon arrival in Korea as requested by local authorities.<\/p>\n\n<\/div><\/div>\n<\/div><\/div>","protected":false},"excerpt":{"rendered":"<p>Join a dynamic, close-knit and project-oriented team in a human sized school! Lyc\u00e9e Fran\u00e7ais de S\u00e9oul (French School of Seoul, LFS) has been welcoming students from French and international communities,&nbsp; expatriates and residents, since 1974. Its location in the heart &#8230; <\/p>\n<p class=\"read-more-container\"><a title=\"CAREERS\" class=\"read-more button\" href=\"https:\/\/lfseoul.org\/en\/careers\/#more-7257\" aria-label=\"Read more about CAREERS\">En savoir plus<\/a><\/p>\n","protected":false},"author":4,"featured_media":16835,"parent":0,"menu_order":0,"comment_status":"closed","ping_status":"closed","template":"","meta":{"qubely_global_settings":"","qubely_interactions":"","inline_featured_image":false,"footnotes":""},"class_list":{"0":"post-7257","1":"page","2":"type-page","3":"status-publish","4":"has-post-thumbnail","6":"infinite-scroll-item","7":"resize-featured-image"},"_links":{"self":[{"href":"https:\/\/lfseoul.org\/en\/wp-json\/wp\/v2\/pages\/7257","targetHints":{"allow":["GET"]}}],"collection":[{"href":"https:\/\/lfseoul.org\/en\/wp-json\/wp\/v2\/pages"}],"about":[{"href":"https:\/\/lfseoul.org\/en\/wp-json\/wp\/v2\/types\/page"}],"author":[{"embeddable":true,"href":"https:\/\/lfseoul.org\/en\/wp-json\/wp\/v2\/users\/4"}],"replies":[{"embeddable":true,"href":"https:\/\/lfseoul.org\/en\/wp-json\/wp\/v2\/comments?post=7257"}],"version-history":[{"count":35,"href":"https:\/\/lfseoul.org\/en\/wp-json\/wp\/v2\/pages\/7257\/revisions"}],"predecessor-version":[{"id":22027,"href":"https:\/\/lfseoul.org\/en\/wp-json\/wp\/v2\/pages\/7257\/revisions\/22027"}],"wp:featuredmedia":[{"embeddable":true,"href":"https:\/\/lfseoul.org\/en\/wp-json\/wp\/v2\/media\/16835"}],"wp:attachment":[{"href":"https:\/\/lfseoul.org\/en\/wp-json\/wp\/v2\/media?parent=7257"}],"curies":[{"name":"wp","href":"https:\/\/api.w.org\/{rel}","templated":true}]}}