{"id":9941,"date":"2021-03-24T14:02:40","date_gmt":"2021-03-24T14:02:40","guid":{"rendered":"https:\/\/54.68.147.74\/~lfs\/cantine-bus-fournitures\/"},"modified":"2026-03-27T04:56:24","modified_gmt":"2026-03-27T04:56:24","slug":"cafeteria-bus-and-supplies","status":"publish","type":"page","link":"https:\/\/lfseoul.org\/en\/cafeteria-bus-and-supplies\/","title":{"rendered":"CAFETERIA &amp; UNIFORMS"},"content":{"rendered":"<div class=\"gb-container gb-container-154294be\"><div class=\"gb-inside-container\">\n\n<p>Lyc\u00e9e Fran\u00e7ais de S\u00e9oul (LFS) provides students with <span style=\"color: #de1515;\" data=\"#de1515\" class=\"qubely-text-has-color\">school meals<\/span> run by professionals. We aim to ensure students benefit from the best possible environment for their well-being throughout their school day.<\/p>\n\n<\/div><\/div>\n\n<div class=\"gb-container gb-container-762911f0\"><div class=\"gb-inside-container\">\n\n<h2 class=\"wp-block-heading has-text-align-center\" id=\"1-well-balanced-french-meals-in-a-refurbished-cafeteria\">WELL-BALANCED FRENCH MEALS IN A REFURBISHED CAFETERIA<\/h2>\n\n\n\n<div style=\"height:30px\" aria-hidden=\"true\" class=\"wp-block-spacer\"><\/div>\n\n\n<div class=\"gb-grid-wrapper gb-grid-wrapper-dcac8a74\">\n<div class=\"gb-grid-column gb-grid-column-2c5de52d\"><div class=\"gb-container gb-container-2c5de52d\"><div class=\"gb-inside-container\">\n\n<figure class=\"wp-block-image size-large\"><img loading=\"lazy\" decoding=\"async\" width=\"1024\" height=\"682\" src=\"https:\/\/lfseoul.org\/wp-content\/uploads\/2023\/09\/JIK_5953-1-1024x682.jpg\" alt=\"\" class=\"wp-image-18578\" srcset=\"https:\/\/lfseoul.org\/wp-content\/uploads\/2023\/09\/JIK_5953-1-1024x682.jpg 1024w, https:\/\/lfseoul.org\/wp-content\/uploads\/2023\/09\/JIK_5953-1-300x200.jpg 300w, https:\/\/lfseoul.org\/wp-content\/uploads\/2023\/09\/JIK_5953-1-768x512.jpg 768w, https:\/\/lfseoul.org\/wp-content\/uploads\/2023\/09\/JIK_5953-1-1536x1023.jpg 1536w, https:\/\/lfseoul.org\/wp-content\/uploads\/2023\/09\/JIK_5953-1-2048x1365.jpg 2048w, https:\/\/lfseoul.org\/wp-content\/uploads\/2023\/09\/JIK_5953-1-1200x800.jpg 1200w, https:\/\/lfseoul.org\/wp-content\/uploads\/2023\/09\/JIK_5953-1-10x7.jpg 10w, https:\/\/lfseoul.org\/wp-content\/uploads\/2023\/09\/JIK_5953-1-15x10.jpg 15w, https:\/\/lfseoul.org\/wp-content\/uploads\/2023\/09\/JIK_5953-1-48x32.jpg 48w\" sizes=\"auto, (max-width: 1024px) 100vw, 1024px\" \/><\/figure>\n\n<\/div><\/div><\/div>\n\n<div class=\"gb-grid-column gb-grid-column-daa43def\"><div class=\"gb-container gb-container-daa43def animated slideInRight\"><div class=\"gb-inside-container\">\n\n<p><strong>Mandatory Canteen Registration:<\/strong><br><\/p>\n\n\n\n<ul class=\"wp-block-list\">\n<li><strong>September<\/strong>: All kindergarten and elementary students must register for canteen from Monday to Friday. Middle and high school students must register for all weekdays. On Wednesdays, it&#8217;s required for students in the SIA program.<\/li>\n<\/ul>\n\n\n\n<ul class=\"wp-block-list\">\n<li><strong>All year on Wednesdays<\/strong>: Required for students using the school bus.<\/li>\n<\/ul>\n\n\n\n<p><\/p>\n\n\n\n<p><br><strong>Optional Canteen Registration:<\/strong><\/p>\n\n\n\n<ul class=\"wp-block-list\">\n<li><strong>From October<\/strong>: \n<ul class=\"wp-block-list\">\n<li>Kindergarten and elementary students can choose to eat at the canteen every day or not at all, with no changes allowed during the year. <\/li>\n\n\n\n<li>Middle school and Seconde students can also choose to eat every day or not at all. <\/li>\n\n\n\n<li>Premiere and Terminale students can choose specific days for lunch, but the choice is fixed for the whole year.<\/li>\n<\/ul>\n<\/li>\n<\/ul>\n\n<\/div><\/div><\/div>\n<\/div>\n\n<div class=\"gb-container gb-container-b1964f31\"><div class=\"gb-inside-container\">\n<div class=\"gb-grid-wrapper gb-grid-wrapper-4e239c44\">\n<div class=\"gb-grid-column gb-grid-column-aebbe3d8\"><div class=\"gb-container gb-container-aebbe3d8\"><div class=\"gb-inside-container\">\n\n<p>Children enjoy healthy, nutritionally balanced food and a traditional, quality French meal every day. Because education also involves learning about taste and dietary balance, a country-themed menu is featured once a month and<span style=\"color: #de1515;\" data=\"#de1515\" class=\"qubely-text-has-color\"> Korean cuisine<\/span> is served twice a month.<\/p>\n\n\n\n<p>Menus are designed by the School Lunch Committee in which a dietician, the school nurse and representatives of students, staff and parents participate. The meals are all prepared on site by our caterer <a href=\"https:\/\/www.cjfreshway.com\/en\/index.jsp\" target=\"_blank\" data-type=\"link\" data-id=\"https:\/\/www.cjfreshway.com\/en\/index.jsp\" rel=\"noreferrer noopener\"><strong>&nbsp;<\/strong>CJ Freshway<\/a>.&nbsp; You can find the menus online via the <a class=\"rank-math-link\" href=\"https:\/\/2390001c.index-education.net\/pronote\/\" target=\"_blank\" rel=\"noopener\">Pronote<\/a> app.<\/p>\n\n\n\n<p><em>Note: parents should report food allergies to the nurse who liaises with the meal services staff and teachers. A nut-free policy is followed in all our catering provision for the health and safety of all our students.<\/em><\/p>\n\n<\/div><\/div><\/div>\n\n<div class=\"gb-grid-column gb-grid-column-51450b00\"><div class=\"gb-container gb-container-51450b00\">\n\n<figure class=\"wp-block-image size-large\"><a href=\"https:\/\/lfseoul.org\/wp-content\/uploads\/2025\/02\/menu.png\" target=\"_blank\" rel=\"noreferrer noopener\"><img loading=\"lazy\" decoding=\"async\" width=\"1024\" height=\"554\" src=\"https:\/\/lfseoul.org\/wp-content\/uploads\/2025\/02\/menu-1024x554.png\" alt=\"\" class=\"wp-image-20421\" srcset=\"https:\/\/lfseoul.org\/wp-content\/uploads\/2025\/02\/menu-1024x554.png 1024w, https:\/\/lfseoul.org\/wp-content\/uploads\/2025\/02\/menu-300x162.png 300w, https:\/\/lfseoul.org\/wp-content\/uploads\/2025\/02\/menu-768x415.png 768w, https:\/\/lfseoul.org\/wp-content\/uploads\/2025\/02\/menu-1536x831.png 1536w, https:\/\/lfseoul.org\/wp-content\/uploads\/2025\/02\/menu-10x5.png 10w, https:\/\/lfseoul.org\/wp-content\/uploads\/2025\/02\/menu-15x8.png 15w, https:\/\/lfseoul.org\/wp-content\/uploads\/2025\/02\/menu-48x26.png 48w, https:\/\/lfseoul.org\/wp-content\/uploads\/2025\/02\/menu.png 1559w\" sizes=\"auto, (max-width: 1024px) 100vw, 1024px\" \/><\/a><\/figure>\n\n<\/div><\/div>\n<\/div>\n<\/div><\/div>\n\n\n<p>A cafeteria was recently renovated in 2018 into a <span style=\"color: #de1515;\" data=\"#de1515\" class=\"qubely-text-has-color\">space dedicated and for the service adapted to the various age groups<\/span>. Kindergarten students have their meals served at the table on a tray. CP (grade 1) and older students serve themselves with a choice of two starters and two main courses available daily. Education assistants (AED) are present throughout the meal to assist the students.<\/p>\n\n<\/div><\/div>\n\n<div class=\"gb-container gb-container-6177bf32\"><div class=\"gb-inside-container\">\n\n<h2 class=\"wp-block-heading has-text-align-center\" id=\"2--school-supplies-and-books-\"><strong>SCHOOL SUPPLIES AND BOOKS<\/strong><\/h2>\n\n\n<div class=\"gb-container gb-container-2fb04760\"><div class=\"gb-inside-container\">\n\n<p><span style=\"color: #de1212;\" data=\"#de1212\" class=\"qubely-text-has-color\">In primary school, supplies are made available free of charge in class<\/span>, with the exception of the pencil case and its contents for the CP to CM2 (grade 1 to 5) students. Only a spare bag is required in kindergarten; a school bag and a kit (including small supplies: pens, glue, colored pencils, pencils, scissors, etc.) are to be brought to elementary school from CP to CM2.<\/p>\n\n\n\n<p><span style=\"color: #de1515;\" data=\"#de1515\" class=\"qubely-text-has-color\">In secondary school, a list of required supplies and reading materials<\/span>, such as literary works or fiction, <span style=\"color: #de1515;\" data=\"#de1515\" class=\"qubely-text-has-color\">is prepared by each teacher and communicated in June<\/span>. Parents can order school supplies to be delivered to LFS in time for back to school directly from the <a class=\"rank-math-link\" href=\"https:\/\/www.lde.fr\/\" target=\"_blank\" rel=\"noopener\">LDE<\/a> website. These orders are distributed at the beginning of the school year.<\/p>\n\n\n\n<p>For the LFS parents, you can find the list of school supplies &amp; textbooks and the LDE ordering instructions on<a href=\"https:\/\/lfseoul.eduka.school\/documents\/main\" target=\"_blank\" rel=\"noreferrer noopener\"> EDUKA Documents<\/a>, after signing into your parent\u2019s account.<\/p>\n\n\n\n<p>During the year, supplies are available for purchase via Student Affairs Office: <a href=\"mailto:viescolaire@lfseoul.org\" class=\"rank-math-link\">viescolaire@lfseoul.org<\/a>.<\/p>\n\n\n\n<p>Textbooks are borrowed from the school at the beginning of the school year and are to be handed back at the end of the school year.<\/p>\n\n\n\n<p><\/p>\n\n<\/div><\/div>\n<\/div><\/div>\n\n<div class=\"gb-container gb-container-638474fb\"><div class=\"gb-inside-container\">\n\n<h2 class=\"wp-block-heading has-text-align-center\">SCHOOL UNIFORMS<\/h2>\n\n\n<div class=\"gb-container gb-container-d4001734\">\n<div class=\"gb-container gb-container-b26e5893\"><div class=\"gb-inside-container\">\n\n<p>The Lyc\u00e9e Fran\u00e7ais de S\u00e9oul will introduce a school uniform starting from the 2026\/2027 school year. <span style=\"color: #dd1717;\" data=\"#dd1717\" class=\"qubely-text-has-color\">The purchase of a minimum uniform kit is mandatory to validate any new enrollment or re-enrollment.<\/span><br><\/p>\n\n\n\n<p><span style=\"color: #e31717;\" data=\"#e31717\" class=\"qubely-text-has-color\"><strong>Minimum required kit (per student) : <\/strong><\/span><\/p>\n\n\n\n<div class=\"wp-block-columns is-layout-flex wp-container-core-columns-is-layout-9d6595d7 wp-block-columns-is-layout-flex\">\n<div class=\"wp-block-column is-layout-flow wp-block-column-is-layout-flow\">\n<figure class=\"wp-block-gallery has-nested-images columns-default is-cropped wp-block-gallery-1 is-layout-flex wp-block-gallery-is-layout-flex\">\n<figure class=\"wp-block-image size-large\"><img loading=\"lazy\" decoding=\"async\" width=\"1024\" height=\"970\" data-id=\"21993\" src=\"https:\/\/lfseoul.org\/wp-content\/uploads\/2026\/03\/Untitled-2-6-1024x970.jpeg\" alt=\"\" class=\"wp-image-21993\" srcset=\"https:\/\/lfseoul.org\/wp-content\/uploads\/2026\/03\/Untitled-2-6-1024x970.jpeg 1024w, https:\/\/lfseoul.org\/wp-content\/uploads\/2026\/03\/Untitled-2-6-300x284.jpeg 300w, https:\/\/lfseoul.org\/wp-content\/uploads\/2026\/03\/Untitled-2-6-768x728.jpeg 768w, https:\/\/lfseoul.org\/wp-content\/uploads\/2026\/03\/Untitled-2-6-1536x1455.jpeg 1536w, https:\/\/lfseoul.org\/wp-content\/uploads\/2026\/03\/Untitled-2-6-2048x1940.jpeg 2048w, https:\/\/lfseoul.org\/wp-content\/uploads\/2026\/03\/Untitled-2-6-10x10.jpeg 10w, https:\/\/lfseoul.org\/wp-content\/uploads\/2026\/03\/Untitled-2-6-15x15.jpeg 15w, https:\/\/lfseoul.org\/wp-content\/uploads\/2026\/03\/Untitled-2-6-48x45.jpeg 48w\" sizes=\"auto, (max-width: 1024px) 100vw, 1024px\" \/><\/figure>\n<\/figure>\n\n\n\n<p class=\"has-text-align-center\">2 long-sleeved polos (white)<\/p>\n<\/div>\n\n\n\n<div class=\"wp-block-column is-layout-flow wp-block-column-is-layout-flow\"><div class=\"wp-block-image\">\n<figure class=\"aligncenter size-large is-resized\"><img loading=\"lazy\" decoding=\"async\" width=\"1015\" height=\"1024\" src=\"https:\/\/lfseoul.org\/wp-content\/uploads\/2026\/03\/Untitled-1-5-1015x1024.jpeg\" alt=\"\" class=\"wp-image-21992\" style=\"width:354px;height:auto\" srcset=\"https:\/\/lfseoul.org\/wp-content\/uploads\/2026\/03\/Untitled-1-5-1015x1024.jpeg 1015w, https:\/\/lfseoul.org\/wp-content\/uploads\/2026\/03\/Untitled-1-5-297x300.jpeg 297w, https:\/\/lfseoul.org\/wp-content\/uploads\/2026\/03\/Untitled-1-5-150x150.jpeg 150w, https:\/\/lfseoul.org\/wp-content\/uploads\/2026\/03\/Untitled-1-5-768x775.jpeg 768w, https:\/\/lfseoul.org\/wp-content\/uploads\/2026\/03\/Untitled-1-5-1523x1536.jpeg 1523w, https:\/\/lfseoul.org\/wp-content\/uploads\/2026\/03\/Untitled-1-5-2030x2048.jpeg 2030w, https:\/\/lfseoul.org\/wp-content\/uploads\/2026\/03\/Untitled-1-5-10x10.jpeg 10w, https:\/\/lfseoul.org\/wp-content\/uploads\/2026\/03\/Untitled-1-5-15x15.jpeg 15w, https:\/\/lfseoul.org\/wp-content\/uploads\/2026\/03\/Untitled-1-5-48x48.jpeg 48w, https:\/\/lfseoul.org\/wp-content\/uploads\/2026\/03\/Untitled-1-5.jpeg 2048w\" sizes=\"auto, (max-width: 1015px) 100vw, 1015px\" \/><\/figure><\/div>\n\n<div class=\"gb-container gb-container-395a1952\">\n\n<p class=\"has-text-align-center\">2 short-sleeved polos (white)<\/p>\n\n<\/div><\/div>\n\n\n\n<div class=\"wp-block-column is-layout-flow wp-block-column-is-layout-flow\"><div class=\"wp-block-image\">\n<figure class=\"aligncenter size-large is-resized\"><img loading=\"lazy\" decoding=\"async\" width=\"864\" height=\"1024\" src=\"https:\/\/lfseoul.org\/wp-content\/uploads\/2026\/03\/Untitled-8-864x1024.jpeg\" alt=\"\" class=\"wp-image-21996\" style=\"width:300px;height:auto\" srcset=\"https:\/\/lfseoul.org\/wp-content\/uploads\/2026\/03\/Untitled-8-864x1024.jpeg 864w, https:\/\/lfseoul.org\/wp-content\/uploads\/2026\/03\/Untitled-8-253x300.jpeg 253w, https:\/\/lfseoul.org\/wp-content\/uploads\/2026\/03\/Untitled-8-768x910.jpeg 768w, https:\/\/lfseoul.org\/wp-content\/uploads\/2026\/03\/Untitled-8-1296x1536.jpeg 1296w, https:\/\/lfseoul.org\/wp-content\/uploads\/2026\/03\/Untitled-8-1728x2048.jpeg 1728w, https:\/\/lfseoul.org\/wp-content\/uploads\/2026\/03\/Untitled-8-8x10.jpeg 8w, https:\/\/lfseoul.org\/wp-content\/uploads\/2026\/03\/Untitled-8-13x15.jpeg 13w, https:\/\/lfseoul.org\/wp-content\/uploads\/2026\/03\/Untitled-8-40x48.jpeg 40w, https:\/\/lfseoul.org\/wp-content\/uploads\/2026\/03\/Untitled-8.jpeg 1888w\" sizes=\"auto, (max-width: 864px) 100vw, 864px\" \/><\/figure><\/div>\n\n\n<p class=\"has-text-align-center\">1 zip-up hooded sweatshirt (navy blue)<\/p>\n<\/div>\n<\/div>\n\n\n\n<p>Orders must be placed exclusively through the online store on <a href=\"https:\/\/lfseoul.eduka.school\/login\" data-type=\"link\" data-id=\"https:\/\/lfseoul.eduka.school\/login\" target=\"_blank\" rel=\"noreferrer noopener\">EDUKA<\/a>.<\/p>\n\n\n\n<p><br><strong>Advice : <\/strong><br>Find the complete guide to LFS school uniforms (product sheets, size guide, care instructions, detailed FAQ on exchanges, delivery, financial aid, etc.) on <a href=\"https:\/\/lfseoul.eduka.school\/documents\/download\/535\/9c02529bdfd5f4d6\/Guide%20uniforms%202026-27%20English\" data-type=\"link\" data-id=\"https:\/\/lfseoul.eduka.school\/documents\/download\/535\/9c02529bdfd5f4d6\/Guide%20uniforms%202026-27%20English\" target=\"_blank\" rel=\"noreferrer noopener\">EDUKA<\/a>.<br><br>For any additional questions : <a href=\"mailto:uniform@lfseoul.org\">uniform@lfseoul.org<\/a>.<\/p>\n\n<\/div><\/div>\n<\/div>\n<\/div><\/div>\n\n<div class=\"gb-container gb-container-86ff5084\"><div class=\"gb-inside-container\">\n<div class=\"gb-grid-wrapper gb-grid-wrapper-17e3a3bc\">\n<div class=\"gb-grid-column gb-grid-column-7e397e2f\"><div class=\"gb-container gb-container-7e397e2f\"><div class=\"gb-inside-container\">\n\n<p class=\"gb-headline gb-headline-ee8af7eb\"><span class=\"gb-icon\"><svg xmlns=\"http:\/\/www.w3.org\/2000\/svg\" viewBox=\"0 0 384 512\" width=\"1em\" height=\"1em\" aria-hidden=\"true\"><path d=\"M97.12 362.63c-8.69-8.69-4.16-6.24-25.12-11.85-9.51-2.55-17.87-7.45-25.43-13.32L1.2 448.7c-4.39 10.77 3.81 22.47 15.43 22.03l52.69-2.01L105.56 507c8 8.44 22.04 5.81 26.43-4.96l52.05-127.62c-10.84 6.04-22.87 9.58-35.31 9.58-19.5 0-37.82-7.59-51.61-21.37zM382.8 448.7l-45.37-111.24c-7.56 5.88-15.92 10.77-25.43 13.32-21.07 5.64-16.45 3.18-25.12 11.85-13.79 13.78-32.12 21.37-51.62 21.37-12.44 0-24.47-3.55-35.31-9.58L252 502.04c4.39 10.77 18.44 13.4 26.43 4.96l36.25-38.28 52.69 2.01c11.62.44 19.82-11.27 15.43-22.03zM263 340c15.28-15.55 17.03-14.21 38.79-20.14 13.89-3.79 24.75-14.84 28.47-28.98 7.48-28.4 5.54-24.97 25.95-45.75 10.17-10.35 14.14-25.44 10.42-39.58-7.47-28.38-7.48-24.42 0-52.83 3.72-14.14-.25-29.23-10.42-39.58-20.41-20.78-18.47-17.36-25.95-45.75-3.72-14.14-14.58-25.19-28.47-28.98-27.88-7.61-24.52-5.62-44.95-26.41-10.17-10.35-25-14.4-38.89-10.61-27.87 7.6-23.98 7.61-51.9 0-13.89-3.79-28.72.25-38.89 10.61-20.41 20.78-17.05 18.8-44.94 26.41-13.89 3.79-24.75 14.84-28.47 28.98-7.47 28.39-5.54 24.97-25.95 45.75-10.17 10.35-14.15 25.44-10.42 39.58 7.47 28.36 7.48 24.4 0 52.82-3.72 14.14.25 29.23 10.42 39.59 20.41 20.78 18.47 17.35 25.95 45.75 3.72 14.14 14.58 25.19 28.47 28.98C104.6 325.96 106.27 325 121 340c13.23 13.47 33.84 15.88 49.74 5.82a39.676 39.676 0 0 1 42.53 0c15.89 10.06 36.5 7.65 49.73-5.82zM97.66 175.96c0-53.03 42.24-96.02 94.34-96.02s94.34 42.99 94.34 96.02-42.24 96.02-94.34 96.02-94.34-42.99-94.34-96.02z\" fill=\"currentColor\"><\/path><\/svg><\/span><span class=\"gb-headline-text\"><strong>For an accredited French education, <\/strong><br><strong>offering multilingual pathways<\/strong><\/span><\/p>\n\n<\/div><\/div><\/div>\n<\/div>\n\n<div class=\"gb-button-wrapper gb-button-wrapper-85abd2b2\">\n\n<a class=\"gb-button gb-button-fe840f80 gb-button-text\" href=\"https:\/\/lfseoul.org\/en\/apply\/\" target=\"_blank\" rel=\"noopener noreferrer\">APPLY NOW<\/a>\n\n<\/div>\n<\/div><\/div>","protected":false},"excerpt":{"rendered":"<p>Lyc\u00e9e Fran\u00e7ais de S\u00e9oul (LFS) provides students with school meals run by professionals. We aim to ensure students benefit from the best possible environment for their well-being throughout their school day. WELL-BALANCED FRENCH MEALS IN A REFURBISHED CAFETERIA A cafeteria &#8230; <\/p>\n<p class=\"read-more-container\"><a title=\"CAFETERIA &amp; UNIFORMS\" class=\"read-more button\" href=\"https:\/\/lfseoul.org\/en\/cafeteria-bus-and-supplies\/#more-9941\" aria-label=\"Read more about CAFETERIA &amp; UNIFORMS\">En savoir plus<\/a><\/p>\n","protected":false},"author":7,"featured_media":18581,"parent":0,"menu_order":0,"comment_status":"closed","ping_status":"closed","template":"","meta":{"qubely_global_settings":"","qubely_interactions":"","inline_featured_image":false,"footnotes":""},"class_list":{"0":"post-9941","1":"page","2":"type-page","3":"status-publish","4":"has-post-thumbnail","6":"infinite-scroll-item","7":"resize-featured-image"},"_links":{"self":[{"href":"https:\/\/lfseoul.org\/en\/wp-json\/wp\/v2\/pages\/9941","targetHints":{"allow":["GET"]}}],"collection":[{"href":"https:\/\/lfseoul.org\/en\/wp-json\/wp\/v2\/pages"}],"about":[{"href":"https:\/\/lfseoul.org\/en\/wp-json\/wp\/v2\/types\/page"}],"author":[{"embeddable":true,"href":"https:\/\/lfseoul.org\/en\/wp-json\/wp\/v2\/users\/7"}],"replies":[{"embeddable":true,"href":"https:\/\/lfseoul.org\/en\/wp-json\/wp\/v2\/comments?post=9941"}],"version-history":[{"count":46,"href":"https:\/\/lfseoul.org\/en\/wp-json\/wp\/v2\/pages\/9941\/revisions"}],"predecessor-version":[{"id":22014,"href":"https:\/\/lfseoul.org\/en\/wp-json\/wp\/v2\/pages\/9941\/revisions\/22014"}],"wp:featuredmedia":[{"embeddable":true,"href":"https:\/\/lfseoul.org\/en\/wp-json\/wp\/v2\/media\/18581"}],"wp:attachment":[{"href":"https:\/\/lfseoul.org\/en\/wp-json\/wp\/v2\/media?parent=9941"}],"curies":[{"name":"wp","href":"https:\/\/api.w.org\/{rel}","templated":true}]}}