{"id":9947,"date":"2021-03-24T14:07:55","date_gmt":"2021-03-24T14:07:55","guid":{"rendered":"https:\/\/54.68.147.74\/~lfs\/vie-au-lycee\/"},"modified":"2025-09-09T01:22:00","modified_gmt":"2025-09-09T01:22:00","slug":"school-life","status":"publish","type":"page","link":"https:\/\/lfseoul.org\/en\/school-life\/","title":{"rendered":"SCHOOL LIFE"},"content":{"rendered":"\n<style>\n.site-content {\n    display: block !important;\n}\n<\/style>\n\n\n<div class=\"gb-container gb-container-11cc4cd4\"><div class=\"gb-inside-container\">\n\n<p>Lyc\u00e9e Fran\u00e7ais de S\u00e9oul (LFS) provides <span style=\"color: #de1515;\" data=\"#de1515\" class=\"qubely-text-has-color\">a stimulating and rewarding environment<\/span> for students.<\/p>\n\n\n\n<p>They participate in <span style=\"color: #de1515;\" data=\"#de1515\" class=\"qubely-text-has-color\">group projects, sports competitions, educational and cultural events<\/span> through class projects and extra-curricular activities. Students have the opportunity to learn about many subjects and to enhance their skills in their favorite fields.&nbsp;<\/p>\n\n\n\n<p>The teaching and administrative teams encourage students in their projects while paying particular attention to each of them so that they grow and flourish in the best possible environment.<\/p>\n\n<\/div><\/div>\n\n<div class=\"gb-container gb-container-8cd2ddf9\"><div class=\"gb-inside-container\">\n\n<h2 class=\"wp-block-heading has-text-align-center\"><strong><strong>EXTRACURRICULAR ACTIVITIES<\/strong><\/strong><\/h2>\n\n<\/div><\/div>\n\n<div class=\"gb-container gb-container-d09528de\"><div class=\"gb-inside-container\">\n<div class=\"gb-container gb-container-f2a46632\"><div class=\"gb-inside-container\">\n<div class=\"gb-container gb-container-dc9ccaf4\"><div class=\"gb-inside-container\">\n<div class=\"gb-grid-wrapper gb-grid-wrapper-7897b0ea\">\n<div class=\"gb-grid-column gb-grid-column-859885b6\"><div class=\"gb-container gb-container-859885b6\"><div class=\"gb-inside-container\">\n\n<figure class=\"wp-block-image alignfull size-large\"><img loading=\"lazy\" decoding=\"async\" width=\"1024\" height=\"568\" src=\"https:\/\/lfseoul.org\/wp-content\/uploads\/2021\/03\/JIK_2832-copie-1024x568.jpg\" alt=\"\" class=\"wp-image-9994\" srcset=\"https:\/\/lfseoul.org\/wp-content\/uploads\/2021\/03\/JIK_2832-copie-1024x568.jpg 1024w, https:\/\/lfseoul.org\/wp-content\/uploads\/2021\/03\/JIK_2832-copie-300x166.jpg 300w, https:\/\/lfseoul.org\/wp-content\/uploads\/2021\/03\/JIK_2832-copie-768x426.jpg 768w, https:\/\/lfseoul.org\/wp-content\/uploads\/2021\/03\/JIK_2832-copie-1536x852.jpg 1536w, https:\/\/lfseoul.org\/wp-content\/uploads\/2021\/03\/JIK_2832-copie-2048x1136.jpg 2048w, https:\/\/lfseoul.org\/wp-content\/uploads\/2021\/03\/JIK_2832-copie-10x6.jpg 10w, https:\/\/lfseoul.org\/wp-content\/uploads\/2021\/03\/JIK_2832-copie-15x8.jpg 15w, https:\/\/lfseoul.org\/wp-content\/uploads\/2021\/03\/JIK_2832-copie-48x27.jpg 48w\" sizes=\"auto, (max-width: 1024px) 100vw, 1024px\" \/><\/figure>\n\n<\/div><\/div><\/div>\n\n<div class=\"gb-grid-column gb-grid-column-411bd688\"><div class=\"gb-container gb-container-411bd688\"><div class=\"gb-inside-container\">\n\n<p>LFS offers <span style=\"color: #de1515;\" data=\"#de1515\" class=\"qubely-text-has-color\">extracurricular activities for students (AES) from PS to Terminale (Kindergarten to Highschool)<\/span>. In addition to their academic learning, engaging in sports, music, art, educational, scientific and cultural activities allows students to develop complementary skills and meet other students from other classes.<\/p>\n\n\n\n<p>Primary school students also have the opportunity to register for extra-curricular services such as <span style=\"color: #de1515;\" data=\"#de1515\" class=\"qubely-text-has-color\">Childcare, Supervised Homework sessions, or French as a foreign language classes<\/span> after school.<\/p>\n\n\n\n<p>Last, a summer camp is offered to LFS and external students in July.<\/p>\n\n\n\n<p><a href=\"https:\/\/lfseoul.org\/en\/eca\/\" target=\"_blank\" rel=\"noreferrer noopener\">Find out more on Extracurricular Activities.<\/a><\/p>\n\n<\/div><\/div><\/div>\n<\/div>\n<\/div><\/div>\n<\/div><\/div>\n<\/div><\/div>\n\n<div class=\"gb-container gb-container-cfef8eef\"><div class=\"gb-inside-container\">\n\n<h2 class=\"wp-block-heading has-text-align-center\" id=\"pour\"><a href=\"https:\/\/lfseoul.org\/student-project\/\" class=\"rank-math-link\"><\/a><strong><strong>HEALTH &amp; STUDENT AFFAIRS<\/strong><\/strong><\/h2>\n\n\n\n<div style=\"height:20px\" aria-hidden=\"true\" class=\"wp-block-spacer\"><\/div>\n\n\n<div class=\"gb-grid-wrapper gb-grid-wrapper-7e453663\">\n<div class=\"gb-grid-column gb-grid-column-d3a589b4\"><div class=\"gb-container gb-container-d3a589b4\"><div class=\"gb-inside-container\">\n\n<p>The school nurse coordinates <span style=\"color: #de1515;\" data=\"#de1515\" class=\"qubely-text-has-color\">health education<\/span> and <span style=\"color: #de1515;\" data=\"#de1515\" class=\"qubely-text-has-color\">preventive health initiatives<\/span>. She contributes to the physical, emotional and psychological health monitoring of all.<\/p>\n\n\n\n<p>LFS is also a safe and caring place where the pedagogical and administrative teams work to ensure the well-being and development of each student. The Student Affairs team is responsible for the <span style=\"color: #de1515;\" data=\"#de1515\" class=\"qubely-text-has-color\">supervision<\/span> and <span style=\"color: #de1515;\" data=\"#de1515\" class=\"qubely-text-has-color\">safety<\/span> of the students at all times outside of class hours. It also plays an essential role as a contact and liaison between the students and the school.<\/p>\n\n\n\n<p><a href=\"https:\/\/lfseoul.org\/en\/health-and-student-affairs\/\" target=\"_blank\" rel=\"noreferrer noopener\">More information available on Health &amp; School Life<\/a><\/p>\n\n<\/div><\/div><\/div>\n\n<div class=\"gb-grid-column gb-grid-column-ad527439\"><div class=\"gb-container gb-container-ad527439\"><div class=\"gb-inside-container\">\n\n<figure class=\"wp-block-image size-large\"><img loading=\"lazy\" decoding=\"async\" width=\"1024\" height=\"706\" src=\"https:\/\/lfseoul.org\/wp-content\/uploads\/2025\/09\/Vie-scolaire-1-1024x706.jpg\" alt=\"\" class=\"wp-image-21339\" srcset=\"https:\/\/lfseoul.org\/wp-content\/uploads\/2025\/09\/Vie-scolaire-1-1024x706.jpg 1024w, https:\/\/lfseoul.org\/wp-content\/uploads\/2025\/09\/Vie-scolaire-1-300x207.jpg 300w, https:\/\/lfseoul.org\/wp-content\/uploads\/2025\/09\/Vie-scolaire-1-768x529.jpg 768w, https:\/\/lfseoul.org\/wp-content\/uploads\/2025\/09\/Vie-scolaire-1-1536x1058.jpg 1536w, https:\/\/lfseoul.org\/wp-content\/uploads\/2025\/09\/Vie-scolaire-1-10x7.jpg 10w, https:\/\/lfseoul.org\/wp-content\/uploads\/2025\/09\/Vie-scolaire-1-15x10.jpg 15w, https:\/\/lfseoul.org\/wp-content\/uploads\/2025\/09\/Vie-scolaire-1-48x33.jpg 48w, https:\/\/lfseoul.org\/wp-content\/uploads\/2025\/09\/Vie-scolaire-1.jpg 2048w\" sizes=\"auto, (max-width: 1024px) 100vw, 1024px\" \/><\/figure>\n\n<\/div><\/div><\/div>\n<\/div>\n<\/div><\/div>\n\n<div class=\"gb-container gb-container-e4bde444\"><div class=\"gb-inside-container\">\n\n<h2 class=\"wp-block-heading has-text-align-center\" id=\"pour\"><strong><strong>SCHOOL MEALS, BUS SERVICE &amp; SUPPLIES<\/strong><\/strong><\/h2>\n\n\n\n<div style=\"height:20px\" aria-hidden=\"true\" class=\"wp-block-spacer\"><\/div>\n\n\n<div class=\"gb-grid-wrapper gb-grid-wrapper-34cd0b68\">\n<div class=\"gb-grid-column gb-grid-column-439a12b5\"><div class=\"gb-container gb-container-439a12b5\"><div class=\"gb-inside-container\">\n<div class=\"wp-block-image\">\n<figure class=\"aligncenter size-large\"><img loading=\"lazy\" decoding=\"async\" width=\"1024\" height=\"682\" src=\"https:\/\/lfseoul.org\/wp-content\/uploads\/2021\/03\/JIK_5023-1024x682.jpg\" alt=\"\" class=\"wp-image-9910\" srcset=\"https:\/\/lfseoul.org\/wp-content\/uploads\/2021\/03\/JIK_5023-1024x682.jpg 1024w, https:\/\/lfseoul.org\/wp-content\/uploads\/2021\/03\/JIK_5023-300x200.jpg 300w, https:\/\/lfseoul.org\/wp-content\/uploads\/2021\/03\/JIK_5023-768x512.jpg 768w, https:\/\/lfseoul.org\/wp-content\/uploads\/2021\/03\/JIK_5023-1536x1024.jpg 1536w, https:\/\/lfseoul.org\/wp-content\/uploads\/2021\/03\/JIK_5023-2048x1365.jpg 2048w, https:\/\/lfseoul.org\/wp-content\/uploads\/2021\/03\/JIK_5023-1200x800.jpg 1200w, https:\/\/lfseoul.org\/wp-content\/uploads\/2021\/03\/JIK_5023-10x7.jpg 10w, https:\/\/lfseoul.org\/wp-content\/uploads\/2021\/03\/JIK_5023-15x10.jpg 15w, https:\/\/lfseoul.org\/wp-content\/uploads\/2021\/03\/JIK_5023-48x32.jpg 48w\" sizes=\"auto, (max-width: 1024px) 100vw, 1024px\" \/><\/figure><\/div>\n<\/div><\/div><\/div>\n\n<div class=\"gb-grid-column gb-grid-column-4388ce35\"><div class=\"gb-container gb-container-4388ce35\"><div class=\"gb-inside-container\">\n\n<p>LFS students enjoy access to a <span style=\"color: #de1515;\" data=\"#de1515\" class=\"qubely-text-has-color\">cafeteria renovated<\/span> in 2019 and are served<span style=\"color: #de1515;\" data=\"#de1515\" class=\"qubely-text-has-color\"> traditional French meals<\/span> prepared on site. A Korean or country-themed menu is regularly featured for students to discover the flavors of the world.<\/p>\n\n\n\n<p>These days, the dining hall has been fitted out to meet the current sanitary conditions required for students to eat together.<\/p>\n\n\n\n<p>The company Tazyo operates a <span style=\"color: #de1515;\" data=\"#de1515\" class=\"qubely-text-has-color\">bus service<\/span> from Monday to Friday. A Bus Monitor&nbsp; is present throughout the trip.<\/p>\n\n\n\n<p><span style=\"color: #de1515;\" data=\"#de1515\" class=\"qubely-text-has-color\">School supplies<\/span> are provided in elementary school and textbooks are supplied in secondary school.<\/p>\n\n\n\n<p><a href=\"https:\/\/lfseoul.org\/en\/cafeteria-bus-and-supplies\/\" target=\"_blank\" rel=\"noreferrer noopener\">More information is available on School Meals, Bus service and Supplies.<\/a><\/p>\n\n<\/div><\/div><\/div>\n<\/div>\n<\/div><\/div>\n\n<div class=\"gb-container gb-container-59833cc8\"><div class=\"gb-inside-container\">\n\n<h2 class=\"wp-block-heading has-text-align-center\" id=\"pour\"><strong><strong>HEALTH &amp; SAFETY PROTOCOLS<\/strong><\/strong><\/h2>\n\n\n\n<div style=\"height:20px\" aria-hidden=\"true\" class=\"wp-block-spacer\"><\/div>\n\n\n<div class=\"gb-grid-wrapper gb-grid-wrapper-020b8d26\">\n<div class=\"gb-grid-column gb-grid-column-b155b3ff\"><div class=\"gb-container gb-container-b155b3ff\"><div class=\"gb-inside-container\">\n\n<p>LFS has established <span style=\"color: #de1515;\" data=\"#de1515\" class=\"qubely-text-has-color\">dedicated protocols adapted to the school and its environment<\/span> to ensure the health and safety of everyone in the school.<\/p>\n\n\n\n<p>All LFS staff are made aware of the protocols:<\/p>\n\n\n\n<ul class=\"wp-block-list animated fadeInRight\">\n<li><span style=\"color: #de1515;\" data=\"#de1515\" class=\"qubely-text-has-color\">air pollution protocol<\/span> which adapts students&#8217; outdoor activity to the AQI<\/li>\n\n\n\n<li><span style=\"color: #de1515;\" data=\"#de1515\" class=\"qubely-text-has-color\">hygiene protocol<\/span> for anyone entering the facility, in particular the protocol specific to the COVID-19 health situation<\/li>\n\n\n\n<li><span style=\"color: #de1515;\" data=\"#de1515\" class=\"qubely-text-has-color\">accident protocol<\/span> in case of an injury occurring inside or outside the school<\/li>\n\n\n\n<li><span style=\"color: #de1515;\" data=\"#de1515\" class=\"qubely-text-has-color\">safety protocol,<\/span> known as the Special Safety Plan (Plan Particulier de Mise en S\u00fbret\u00e9), to protect people inside the school in the event of a major incident or accident<\/li>\n<\/ul>\n\n\n\n<p><a href=\"https:\/\/lfseoul.org\/en\/health-and-safety-protocols\/\" target=\"_blank\" data-type=\"page\" data-id=\"10407\" rel=\"noreferrer noopener\">Find out more on Health &amp; Safety Protocols<\/a><\/p>\n\n<\/div><\/div><\/div>\n\n<div class=\"gb-grid-column gb-grid-column-0e08c952\"><div class=\"gb-container gb-container-0e08c952\"><div class=\"gb-inside-container\">\n\n<figure class=\"wp-block-image size-large\"><img loading=\"lazy\" decoding=\"async\" width=\"1024\" height=\"682\" src=\"https:\/\/lfseoul.org\/wp-content\/uploads\/2021\/04\/JIK_5895-1024x682.jpg\" alt=\"\" class=\"wp-image-11694\" srcset=\"https:\/\/lfseoul.org\/wp-content\/uploads\/2021\/04\/JIK_5895-1024x682.jpg 1024w, https:\/\/lfseoul.org\/wp-content\/uploads\/2021\/04\/JIK_5895-300x200.jpg 300w, https:\/\/lfseoul.org\/wp-content\/uploads\/2021\/04\/JIK_5895-768x512.jpg 768w, https:\/\/lfseoul.org\/wp-content\/uploads\/2021\/04\/JIK_5895-1536x1023.jpg 1536w, https:\/\/lfseoul.org\/wp-content\/uploads\/2021\/04\/JIK_5895-2048x1365.jpg 2048w, https:\/\/lfseoul.org\/wp-content\/uploads\/2021\/04\/JIK_5895-1200x800.jpg 1200w, https:\/\/lfseoul.org\/wp-content\/uploads\/2021\/04\/JIK_5895-10x7.jpg 10w, https:\/\/lfseoul.org\/wp-content\/uploads\/2021\/04\/JIK_5895-15x10.jpg 15w, https:\/\/lfseoul.org\/wp-content\/uploads\/2021\/04\/JIK_5895-48x32.jpg 48w\" sizes=\"auto, (max-width: 1024px) 100vw, 1024px\" \/><\/figure>\n\n<\/div><\/div><\/div>\n<\/div>\n<\/div><\/div>\n\n<div class=\"gb-container gb-container-d78c4f11\"><div class=\"gb-inside-container\">\n<div class=\"gb-grid-wrapper gb-grid-wrapper-34822592\">\n<div class=\"gb-grid-column gb-grid-column-8d5e50e3\"><div class=\"gb-container gb-container-8d5e50e3\"><div class=\"gb-inside-container\">\n\n<p class=\"gb-headline gb-headline-cf7ee4ce\"><span class=\"gb-icon\"><svg aria-hidden=\"true\" height=\"1em\" width=\"1em\" viewBox=\"0 0 384 512\" xmlns=\"http:\/\/www.w3.org\/2000\/svg\"><path fill=\"currentColor\" d=\"M97.12 362.63c-8.69-8.69-4.16-6.24-25.12-11.85-9.51-2.55-17.87-7.45-25.43-13.32L1.2 448.7c-4.39 10.77 3.81 22.47 15.43 22.03l52.69-2.01L105.56 507c8 8.44 22.04 5.81 26.43-4.96l52.05-127.62c-10.84 6.04-22.87 9.58-35.31 9.58-19.5 0-37.82-7.59-51.61-21.37zM382.8 448.7l-45.37-111.24c-7.56 5.88-15.92 10.77-25.43 13.32-21.07 5.64-16.45 3.18-25.12 11.85-13.79 13.78-32.12 21.37-51.62 21.37-12.44 0-24.47-3.55-35.31-9.58L252 502.04c4.39 10.77 18.44 13.4 26.43 4.96l36.25-38.28 52.69 2.01c11.62.44 19.82-11.27 15.43-22.03zM263 340c15.28-15.55 17.03-14.21 38.79-20.14 13.89-3.79 24.75-14.84 28.47-28.98 7.48-28.4 5.54-24.97 25.95-45.75 10.17-10.35 14.14-25.44 10.42-39.58-7.47-28.38-7.48-24.42 0-52.83 3.72-14.14-.25-29.23-10.42-39.58-20.41-20.78-18.47-17.36-25.95-45.75-3.72-14.14-14.58-25.19-28.47-28.98-27.88-7.61-24.52-5.62-44.95-26.41-10.17-10.35-25-14.4-38.89-10.61-27.87 7.6-23.98 7.61-51.9 0-13.89-3.79-28.72.25-38.89 10.61-20.41 20.78-17.05 18.8-44.94 26.41-13.89 3.79-24.75 14.84-28.47 28.98-7.47 28.39-5.54 24.97-25.95 45.75-10.17 10.35-14.15 25.44-10.42 39.58 7.47 28.36 7.48 24.4 0 52.82-3.72 14.14.25 29.23 10.42 39.59 20.41 20.78 18.47 17.35 25.95 45.75 3.72 14.14 14.58 25.19 28.47 28.98C104.6 325.96 106.27 325 121 340c13.23 13.47 33.84 15.88 49.74 5.82a39.676 39.676 0 0 1 42.53 0c15.89 10.06 36.5 7.65 49.73-5.82zM97.66 175.96c0-53.03 42.24-96.02 94.34-96.02s94.34 42.99 94.34 96.02-42.24 96.02-94.34 96.02-94.34-42.99-94.34-96.02z\"><\/path><\/svg><\/span><span class=\"gb-headline-text\"><strong>For an accredited French education, <\/strong><br><strong>offering multilingual pathways<\/strong><\/span><\/p>\n\n<\/div><\/div><\/div>\n<\/div>\n\n<div class=\"gb-button-wrapper gb-button-wrapper-ed68aea2\">\n\n<a class=\"gb-button gb-button-d72c0b18 gb-button-text\" href=\"https:\/\/lfseoul.org\/en\/apply\/\" target=\"_blank\" rel=\"noopener noreferrer\">APPLY NOW<\/a>\n\n<\/div>\n<\/div><\/div>\n\n<div class=\"gb-container gb-container-254ffd69\"><div class=\"gb-inside-container\"><\/div><\/div>\n\n\n<p><\/p>\n","protected":false},"excerpt":{"rendered":"<p>Lyc\u00e9e Fran\u00e7ais de S\u00e9oul (LFS) provides a stimulating and rewarding environment for students. They participate in group projects, sports competitions, educational and cultural events through class projects and extra-curricular activities. Students have the opportunity to learn about many subjects and &#8230; <\/p>\n<p class=\"read-more-container\"><a title=\"SCHOOL LIFE\" class=\"read-more button\" href=\"https:\/\/lfseoul.org\/en\/school-life\/#more-9947\" aria-label=\"Read more about SCHOOL LIFE\">En savoir plus<\/a><\/p>\n","protected":false},"author":4,"featured_media":18526,"parent":0,"menu_order":0,"comment_status":"closed","ping_status":"closed","template":"qubely_full_width","meta":{"qubely_global_settings":"","qubely_interactions":"","inline_featured_image":false,"footnotes":""},"class_list":{"0":"post-9947","1":"page","2":"type-page","3":"status-publish","4":"has-post-thumbnail","6":"infinite-scroll-item","7":"resize-featured-image"},"_links":{"self":[{"href":"https:\/\/lfseoul.org\/en\/wp-json\/wp\/v2\/pages\/9947","targetHints":{"allow":["GET"]}}],"collection":[{"href":"https:\/\/lfseoul.org\/en\/wp-json\/wp\/v2\/pages"}],"about":[{"href":"https:\/\/lfseoul.org\/en\/wp-json\/wp\/v2\/types\/page"}],"author":[{"embeddable":true,"href":"https:\/\/lfseoul.org\/en\/wp-json\/wp\/v2\/users\/4"}],"replies":[{"embeddable":true,"href":"https:\/\/lfseoul.org\/en\/wp-json\/wp\/v2\/comments?post=9947"}],"version-history":[{"count":7,"href":"https:\/\/lfseoul.org\/en\/wp-json\/wp\/v2\/pages\/9947\/revisions"}],"predecessor-version":[{"id":21397,"href":"https:\/\/lfseoul.org\/en\/wp-json\/wp\/v2\/pages\/9947\/revisions\/21397"}],"wp:featuredmedia":[{"embeddable":true,"href":"https:\/\/lfseoul.org\/en\/wp-json\/wp\/v2\/media\/18526"}],"wp:attachment":[{"href":"https:\/\/lfseoul.org\/en\/wp-json\/wp\/v2\/media?parent=9947"}],"curies":[{"name":"wp","href":"https:\/\/api.w.org\/{rel}","templated":true}]}}