{"id":10103,"date":"2021-03-26T03:23:26","date_gmt":"2021-03-26T03:23:26","guid":{"rendered":"https:\/\/54.68.147.74\/~lfs\/?page_id=10103"},"modified":"2026-03-27T04:23:43","modified_gmt":"2026-03-27T04:23:43","slug":"actualites","status":"publish","type":"page","link":"https:\/\/lfseoul.org\/fr\/actualites\/","title":{"rendered":"ACTUALIT\u00c9S"},"content":{"rendered":"<div class=\"gb-container gb-container-8dd262a5\"><div class=\"gb-inside-container\">\n<div class=\"gb-grid-wrapper gb-grid-wrapper-eb77141a\">\n<div class=\"gb-grid-column gb-grid-column-3ab23086\"><div class=\"gb-container gb-container-3ab23086\"><div class=\"gb-inside-container\"><\/div><\/div><\/div>\n<\/div>\n\n<div class=\"gb-container gb-container-732aab4c\"><div class=\"gb-inside-container\">\n\n<h2 class=\"wp-block-heading has-text-align-left\"><strong><strong>ACTUALIT\u00c9S<\/strong><\/strong><\/h2>\n\n<\/div><\/div>\n\n<div  class=\"ultp-post-grid-block wp-block-ultimate-post-post-grid-3 ultp-block-5097d1\"><div class=\"ultp-block-wrapper\"><div class=\"ultp-loading\"><div class=\"ultp-loading-blocks\" style=\"width:100%;height:100%;\"><div style=\"left: 0;top: 0;animation-delay:0s;\"><\/div><div style=\"left: 21px;top: 0;animation-delay:0.125s;\"><\/div><div style=\"left: 42px;top: 0;animation-delay:0.25s;\"><\/div><div style=\"left: 0;top: 21px;animation-delay:0.875s;\"><\/div><div style=\"left: 42px;top: 21px;animation-delay:0.375s;\"><\/div><div style=\"left: 0;top: 42px;animation-delay:0.75s;\"><\/div><div style=\"left: 42px;top: 42px;animation-delay:0.625s;\"><\/div><div style=\"left: 21px;top: 42px;animation-delay:0.5s;\"><\/div><\/div><\/div><div class=\"ultp-block-items-wrap ultp-block-row ultp-layout1 ultp-block-column2\"><div class=\"ultp-block-item post-id-21906\"><div class=\"ultp-block-content-wrap ultp-block-content-overlay\"><div class=\"ultp-block-image ultp-block-image-zoomIn ultp-block-image-overlay ultp-block-image-simgleGradient\"><a href=\"https:\/\/lfseoul.org\/fr\/gazette-du-primaire-2026-2027\/\" target=\"_blank\"><img decoding=\"async\"  alt=\"Gazette du primaire 2025 &amp; 2026\"  src=\"https:\/\/lfseoul.org\/wp-content\/uploads\/2026\/02\/groupe-en-reportage-1-870x570.jpg\" \/><\/a><\/div><div class=\"ultp-block-content ultp-block-content-bottomPosition\"><div class=\"ultp-block-content-inner\"><h3 class=\"ultp-block-title \"><a href=\"https:\/\/lfseoul.org\/fr\/gazette-du-primaire-2026-2027\/\" target=\"_blank\">Gazette du primaire 2025 &amp; 2026<\/a><\/h3><div class=\"ultp-block-meta ultp-block-meta-dot ultp-block-meta-icon\"><span class=\"ultp-block-date ultp-block-meta-element\"><svg xmlns=\"http:\/\/www.w3.org\/2000\/svg\" fill=\"none\" viewBox=\"0 0 24 24\">\n  <path stroke=\"currentColor\" stroke-linecap=\"round\" stroke-linejoin=\"round\" stroke-width=\"1.5\" d=\"M3 5.5a2 2 0 0 1 2-2h14a2 2 0 0 1 2 2v14a2 2 0 0 1-2 2H5a2 2 0 0 1-2-2v-14ZM8 2v3m8-3v3M3 9h18\"\/>\n<\/svg>\nF\u00e9v 27, 2026<\/span><\/div><div class=\"ultp-block-excerpt\"><p>L&rsquo;AES Gazette rassemble un petit groupe de journalistes en herbe\u2026<\/p>\n<\/div><div class=\"ultp-block-readmore\"><a aria-label=\"Gazette du primaire 2025 &amp; 2026\" href=\"https:\/\/lfseoul.org\/fr\/gazette-du-primaire-2026-2027\/\" target=\"_blank\">En savoir plus<svg xmlns=\"http:\/\/www.w3.org\/2000\/svg\" fill=\"none\" viewBox=\"0 0 24 24\">\n  <path stroke=\"currentColor\" stroke-linecap=\"round\" stroke-linejoin=\"round\" stroke-width=\"1.5\" d=\"m12 20.5 8.5-8.5m0 0L12 3.5m8.5 8.5h-17\"\/>\n<\/svg>\n<\/a><\/div><\/div><\/div><\/div><\/div><div class=\"ultp-block-item post-id-21801\"><div class=\"ultp-block-content-wrap ultp-block-content-overlay\"><div class=\"ultp-block-image ultp-block-image-zoomIn ultp-block-image-overlay ultp-block-image-simgleGradient\"><a href=\"https:\/\/lfseoul.org\/fr\/inscription-reinscription-pour-lannee-scolaire-2026-2027-au-lfs\/\" target=\"_blank\"><img decoding=\"async\"  alt=\"Inscription \/ R\u00e9inscription pour l&rsquo;ann\u00e9e scolaire 2026-2027 au LFS\"  src=\"https:\/\/lfseoul.org\/wp-content\/uploads\/2023\/09\/Copy-of-JIK_4787-1-1-1-600x600.jpg\" \/><\/a><\/div><div class=\"ultp-block-content ultp-block-content-bottomPosition\"><div class=\"ultp-block-content-inner\"><h3 class=\"ultp-block-title \"><a href=\"https:\/\/lfseoul.org\/fr\/inscription-reinscription-pour-lannee-scolaire-2026-2027-au-lfs\/\" target=\"_blank\">Inscription \/ R\u00e9inscription pour l&rsquo;ann\u00e9e scolaire 2026-2027 au LFS<\/a><\/h3><div class=\"ultp-block-meta ultp-block-meta-dot ultp-block-meta-icon\"><span class=\"ultp-block-date ultp-block-meta-element\"><svg xmlns=\"http:\/\/www.w3.org\/2000\/svg\" fill=\"none\" viewBox=\"0 0 24 24\">\n  <path stroke=\"currentColor\" stroke-linecap=\"round\" stroke-linejoin=\"round\" stroke-width=\"1.5\" d=\"M3 5.5a2 2 0 0 1 2-2h14a2 2 0 0 1 2 2v14a2 2 0 0 1-2 2H5a2 2 0 0 1-2-2v-14ZM8 2v3m8-3v3M3 9h18\"\/>\n<\/svg>\nF\u00e9v 10, 2026<\/span><\/div><\/div><\/div><\/div><\/div><div class=\"ultp-block-item post-id-21184\"><div class=\"ultp-block-content-wrap ultp-block-content-overlay\"><div class=\"ultp-block-image ultp-block-image-zoomIn ultp-block-image-overlay ultp-block-image-simgleGradient\"><a href=\"https:\/\/lfseoul.org\/fr\/rentree-sept-2025-information-pour-les-parents-du-lfs\/\" target=\"_blank\"><img decoding=\"async\"  alt=\"Rentr\u00e9e Sept. 2025 : Information pour les parents du LFS\"  src=\"https:\/\/lfseoul.org\/wp-content\/uploads\/2025\/07\/5-600x600.jpg\" \/><\/a><\/div><div class=\"ultp-block-content ultp-block-content-bottomPosition\"><div class=\"ultp-block-content-inner\"><h3 class=\"ultp-block-title \"><a href=\"https:\/\/lfseoul.org\/fr\/rentree-sept-2025-information-pour-les-parents-du-lfs\/\" target=\"_blank\">Rentr\u00e9e Sept. 2025 : Information pour les parents du LFS<\/a><\/h3><div class=\"ultp-block-meta ultp-block-meta-dot ultp-block-meta-icon\"><span class=\"ultp-block-date ultp-block-meta-element\"><svg xmlns=\"http:\/\/www.w3.org\/2000\/svg\" fill=\"none\" viewBox=\"0 0 24 24\">\n  <path stroke=\"currentColor\" stroke-linecap=\"round\" stroke-linejoin=\"round\" stroke-width=\"1.5\" d=\"M3 5.5a2 2 0 0 1 2-2h14a2 2 0 0 1 2 2v14a2 2 0 0 1-2 2H5a2 2 0 0 1-2-2v-14ZM8 2v3m8-3v3M3 9h18\"\/>\n<\/svg>\nJuil 11, 2025<\/span><\/div><\/div><\/div><\/div><\/div><div class=\"ultp-block-item post-id-21209\"><div class=\"ultp-block-content-wrap ultp-block-content-overlay\"><div class=\"ultp-block-image ultp-block-image-zoomIn ultp-block-image-overlay ultp-block-image-simgleGradient\"><a href=\"https:\/\/lfseoul.org\/fr\/fonds-daide-exceptionnelle\/\" target=\"_blank\"><img decoding=\"async\"  alt=\"Fonds d&rsquo;aide exceptionnelle\"  src=\"https:\/\/lfseoul.org\/wp-content\/uploads\/2025\/07\/canva-fond-daide-pour-site-1-600x424.png\" \/><\/a><\/div><div class=\"ultp-block-content ultp-block-content-bottomPosition\"><div class=\"ultp-block-content-inner\"><h3 class=\"ultp-block-title \"><a href=\"https:\/\/lfseoul.org\/fr\/fonds-daide-exceptionnelle\/\" target=\"_blank\">Fonds d&rsquo;aide exceptionnelle<\/a><\/h3><div class=\"ultp-block-meta ultp-block-meta-dot ultp-block-meta-icon\"><span class=\"ultp-block-date ultp-block-meta-element\"><svg xmlns=\"http:\/\/www.w3.org\/2000\/svg\" fill=\"none\" viewBox=\"0 0 24 24\">\n  <path stroke=\"currentColor\" stroke-linecap=\"round\" stroke-linejoin=\"round\" stroke-width=\"1.5\" d=\"M3 5.5a2 2 0 0 1 2-2h14a2 2 0 0 1 2 2v14a2 2 0 0 1-2 2H5a2 2 0 0 1-2-2v-14ZM8 2v3m8-3v3M3 9h18\"\/>\n<\/svg>\nJuil 8, 2025<\/span><\/div><\/div><\/div><\/div><\/div><div class=\"ultp-block-item post-id-20837\"><div class=\"ultp-block-content-wrap ultp-block-content-overlay\"><div class=\"ultp-block-image ultp-block-image-zoomIn ultp-block-image-overlay ultp-block-image-simgleGradient\"><a href=\"https:\/\/lfseoul.org\/fr\/gazette-du-primaire-2024-2025-ma-vie-au-lfs\/\" target=\"_blank\"><img decoding=\"async\"  alt=\"Gazette du primaire 2024-2025 : Ma Vie au LFS\"  src=\"https:\/\/lfseoul.org\/wp-content\/uploads\/2025\/03\/IMG_8828-Copie-600x600.jpg\" \/><\/a><\/div><div class=\"ultp-block-content ultp-block-content-bottomPosition\"><div class=\"ultp-block-content-inner\"><h3 class=\"ultp-block-title \"><a href=\"https:\/\/lfseoul.org\/fr\/gazette-du-primaire-2024-2025-ma-vie-au-lfs\/\" target=\"_blank\">Gazette du primaire 2024-2025 : Ma Vie au LFS<\/a><\/h3><div class=\"ultp-block-meta ultp-block-meta-dot ultp-block-meta-icon\"><span class=\"ultp-block-date ultp-block-meta-element\"><svg xmlns=\"http:\/\/www.w3.org\/2000\/svg\" fill=\"none\" viewBox=\"0 0 24 24\">\n  <path stroke=\"currentColor\" stroke-linecap=\"round\" stroke-linejoin=\"round\" stroke-width=\"1.5\" d=\"M3 5.5a2 2 0 0 1 2-2h14a2 2 0 0 1 2 2v14a2 2 0 0 1-2 2H5a2 2 0 0 1-2-2v-14ZM8 2v3m8-3v3M3 9h18\"\/>\n<\/svg>\nMar 21, 2025<\/span><\/div><\/div><\/div><\/div><\/div><\/div><\/div><div class=\"pagination-block-html\" aria-hidden=\"true\" style=\"display: none;\"><\/div><\/div>\n\n<div class=\"gb-container gb-container-eb20de4c\"><div class=\"gb-inside-container\">\n\n<h4 class=\"wp-block-heading\">Archives par th\u00e8me<\/h4>\n\n\n<ul class=\"wp-block-categories-list wp-block-categories\">\t<li class=\"cat-item cat-item-46\"><a href=\"https:\/\/lfseoul.org\/fr\/category\/actualites\/\">Actualit\u00e9s<\/a> (15)\n<\/li>\n\t<li class=\"cat-item cat-item-58\"><a href=\"https:\/\/lfseoul.org\/fr\/category\/evenement\/\">Ev\u00e9nement<\/a> (10)\n<\/li>\n\t<li class=\"cat-item cat-item-80\"><a href=\"https:\/\/lfseoul.org\/fr\/category\/event-2\/\">Event<\/a> (3)\n<\/li>\n\t<li class=\"cat-item cat-item-10\"><a href=\"https:\/\/lfseoul.org\/fr\/category\/non-classifiee\/\">Non classifi\u00e9(e)<\/a> (3)\n<\/li>\n\t<li class=\"cat-item cat-item-50\"><a href=\"https:\/\/lfseoul.org\/fr\/category\/primaire\/\">Primaire<\/a> (16)\n<\/li>\n\t<li class=\"cat-item cat-item-81\"><a href=\"https:\/\/lfseoul.org\/fr\/category\/primary-2\/\">Primary<\/a> (6)\n<\/li>\n\t<li class=\"cat-item cat-item-62\"><a href=\"https:\/\/lfseoul.org\/fr\/category\/projets-deleves\/\">Projets d&#039;\u00e9l\u00e8ves<\/a> (6)\n<\/li>\n\t<li class=\"cat-item cat-item-53\"><a href=\"https:\/\/lfseoul.org\/fr\/category\/secondaire\/\">Secondaire<\/a> (14)\n<\/li>\n\t<li class=\"cat-item cat-item-76\"><a href=\"https:\/\/lfseoul.org\/fr\/category\/secondary-2\/\">Secondary<\/a> (8)\n<\/li>\n\t<li class=\"cat-item cat-item-77\"><a href=\"https:\/\/lfseoul.org\/fr\/category\/students-project-2\/\">Students Project<\/a> (6)\n<\/li>\n<\/ul>\n<\/div><\/div>\n<\/div><\/div>\n\n<div class=\"gb-container gb-container-35a14bf3\"><div class=\"gb-inside-container\">\n<div class=\"gb-grid-wrapper gb-grid-wrapper-37c27312\">\n<div class=\"gb-grid-column gb-grid-column-d7101fa8\"><div class=\"gb-container gb-container-d7101fa8\"><div class=\"gb-inside-container\">\n\n<p class=\"gb-headline gb-headline-038e23d8\"><span class=\"gb-icon\"><svg aria-hidden=\"true\" height=\"1em\" width=\"1em\" viewBox=\"0 0 384 512\" xmlns=\"http:\/\/www.w3.org\/2000\/svg\"><path fill=\"currentColor\" d=\"M97.12 362.63c-8.69-8.69-4.16-6.24-25.12-11.85-9.51-2.55-17.87-7.45-25.43-13.32L1.2 448.7c-4.39 10.77 3.81 22.47 15.43 22.03l52.69-2.01L105.56 507c8 8.44 22.04 5.81 26.43-4.96l52.05-127.62c-10.84 6.04-22.87 9.58-35.31 9.58-19.5 0-37.82-7.59-51.61-21.37zM382.8 448.7l-45.37-111.24c-7.56 5.88-15.92 10.77-25.43 13.32-21.07 5.64-16.45 3.18-25.12 11.85-13.79 13.78-32.12 21.37-51.62 21.37-12.44 0-24.47-3.55-35.31-9.58L252 502.04c4.39 10.77 18.44 13.4 26.43 4.96l36.25-38.28 52.69 2.01c11.62.44 19.82-11.27 15.43-22.03zM263 340c15.28-15.55 17.03-14.21 38.79-20.14 13.89-3.79 24.75-14.84 28.47-28.98 7.48-28.4 5.54-24.97 25.95-45.75 10.17-10.35 14.14-25.44 10.42-39.58-7.47-28.38-7.48-24.42 0-52.83 3.72-14.14-.25-29.23-10.42-39.58-20.41-20.78-18.47-17.36-25.95-45.75-3.72-14.14-14.58-25.19-28.47-28.98-27.88-7.61-24.52-5.62-44.95-26.41-10.17-10.35-25-14.4-38.89-10.61-27.87 7.6-23.98 7.61-51.9 0-13.89-3.79-28.72.25-38.89 10.61-20.41 20.78-17.05 18.8-44.94 26.41-13.89 3.79-24.75 14.84-28.47 28.98-7.47 28.39-5.54 24.97-25.95 45.75-10.17 10.35-14.15 25.44-10.42 39.58 7.47 28.36 7.48 24.4 0 52.82-3.72 14.14.25 29.23 10.42 39.59 20.41 20.78 18.47 17.35 25.95 45.75 3.72 14.14 14.58 25.19 28.47 28.98C104.6 325.96 106.27 325 121 340c13.23 13.47 33.84 15.88 49.74 5.82a39.676 39.676 0 0 1 42.53 0c15.89 10.06 36.5 7.65 49.73-5.82zM97.66 175.96c0-53.03 42.24-96.02 94.34-96.02s94.34 42.99 94.34 96.02-42.24 96.02-94.34 96.02-94.34-42.99-94.34-96.02z\"><\/path><\/svg><\/span><span class=\"gb-headline-text\"><strong>Pour une \u00e9ducation fran\u00e7aise homologu\u00e9e, <\/strong><br><strong>offrant des parcours plurilingues<\/strong><\/span><\/p>\n\n<\/div><\/div><\/div>\n<\/div>\n\n<div class=\"gb-button-wrapper gb-button-wrapper-a284bc53\">\n\n<a class=\"gb-button gb-button-9d712240 gb-button-text\" href=\"https:\/\/lfseoul.org\/admission\/\" target=\"_blank\" rel=\"noopener noreferrer\">JE M&rsquo;INSCRIS<\/a>\n\n<\/div>\n<\/div><\/div>","protected":false},"excerpt":{"rendered":"<p>ACTUALIT\u00c9S Archives par th\u00e8me<\/p>\n","protected":false},"author":4,"featured_media":0,"parent":0,"menu_order":0,"comment_status":"closed","ping_status":"closed","template":"ultp_page_template","meta":{"qubely_global_settings":"","qubely_interactions":"","inline_featured_image":false,"footnotes":""},"class_list":{"0":"post-10103","1":"page","2":"type-page","3":"status-publish","5":"infinite-scroll-item"},"_links":{"self":[{"href":"https:\/\/lfseoul.org\/fr\/wp-json\/wp\/v2\/pages\/10103","targetHints":{"allow":["GET"]}}],"collection":[{"href":"https:\/\/lfseoul.org\/fr\/wp-json\/wp\/v2\/pages"}],"about":[{"href":"https:\/\/lfseoul.org\/fr\/wp-json\/wp\/v2\/types\/page"}],"author":[{"embeddable":true,"href":"https:\/\/lfseoul.org\/fr\/wp-json\/wp\/v2\/users\/4"}],"replies":[{"embeddable":true,"href":"https:\/\/lfseoul.org\/fr\/wp-json\/wp\/v2\/comments?post=10103"}],"version-history":[{"count":7,"href":"https:\/\/lfseoul.org\/fr\/wp-json\/wp\/v2\/pages\/10103\/revisions"}],"predecessor-version":[{"id":22009,"href":"https:\/\/lfseoul.org\/fr\/wp-json\/wp\/v2\/pages\/10103\/revisions\/22009"}],"wp:attachment":[{"href":"https:\/\/lfseoul.org\/fr\/wp-json\/wp\/v2\/media?parent=10103"}],"curies":[{"name":"wp","href":"https:\/\/api.w.org\/{rel}","templated":true}]}}