{"id":10238,"date":"2021-03-29T09:42:50","date_gmt":"2021-03-29T09:42:50","guid":{"rendered":"https:\/\/54.68.147.74\/~lfs\/?page_id=10238"},"modified":"2025-11-18T02:02:43","modified_gmt":"2025-11-18T02:02:43","slug":"rejoignez-nous","status":"publish","type":"page","link":"https:\/\/lfseoul.org\/fr\/rejoignez-nous\/","title":{"rendered":"REJOIGNEZ-NOUS"},"content":{"rendered":"\n<style>\n.site-content {\n    display: block !important;\n}\n<\/style>\n\n\n<div class=\"gb-container gb-container-11cc4cd4\"><div class=\"gb-inside-container\">\n\n<p>Le Lyc\u00e9e Fran\u00e7ais de S\u00e9oul (LFS) accueille les <span style=\"color: #d72335;\" data=\"#d72335\" class=\"qubely-text-has-color\">\u00e9l\u00e8ves de 3 \u00e0 18 ans<\/span>, de toutes nationalit\u00e9s. Des <span style=\"color: #d72335;\" data=\"#d72335\" class=\"qubely-text-has-color\">portes ouvertes<\/span> sont organis\u00e9es tout au long de l&rsquo;ann\u00e9e, et des visites de l&rsquo;\u00e9tablissement sont propos\u00e9es sur rendez-vous.<\/p>\n\n\n\n<p>Notre \u00e9quipe admission est \u00e0 votre disposition pour r\u00e9pondre \u00e0 vos questions et vous assister dans les \u00e9tapes d&rsquo;inscription via notre plateforme en-ligne <a href=\"https:\/\/lfseoul.eduka.school\" target=\"_blank\" rel=\"noreferrer noopener\">Eduka<\/a>. En quelques clics seulement, rejoignez notre communaut\u00e9 fran\u00e7aise, cor\u00e9enne et internationale, et offrez \u00e0 votre enfant une \u00e9ducation fran\u00e7aise et internationale !<\/p>\n\n<\/div><\/div>\n\n<div class=\"gb-container gb-container-f35a94d1\"><div class=\"gb-inside-container\">\n<div class=\"gb-container gb-container-c45e8906\"><div class=\"gb-inside-container\">\n\n<h2 class=\"gb-headline gb-headline-c8f04c1c gb-headline-text\">VISITEZ NOTRE \u00c9COLE TOUT AU LONG DE L&rsquo;ANN\u00c9E !<\/h2>\n\n<\/div><\/div>\n\n<div class=\"gb-container gb-container-d2ae5d47\"><div class=\"gb-inside-container\">\n<div class=\"gb-grid-wrapper gb-grid-wrapper-302b5f40\">\n<div class=\"gb-grid-column gb-grid-column-742ab63b\"><div class=\"gb-container gb-container-742ab63b\">\n\n<figure class=\"wp-block-image size-large is-resized\"><img loading=\"lazy\" decoding=\"async\" width=\"1024\" height=\"682\" src=\"https:\/\/lfseoul.org\/wp-content\/uploads\/2025\/11\/20190419_LFSEOUL_0544_FINAL_compressed-1024x682.jpg\" alt=\"\" class=\"wp-image-21473\" style=\"aspect-ratio:1.501466275659824;width:611px;height:auto\" srcset=\"https:\/\/lfseoul.org\/wp-content\/uploads\/2025\/11\/20190419_LFSEOUL_0544_FINAL_compressed-1024x682.jpg 1024w, https:\/\/lfseoul.org\/wp-content\/uploads\/2025\/11\/20190419_LFSEOUL_0544_FINAL_compressed-300x200.jpg 300w, https:\/\/lfseoul.org\/wp-content\/uploads\/2025\/11\/20190419_LFSEOUL_0544_FINAL_compressed-768x512.jpg 768w, https:\/\/lfseoul.org\/wp-content\/uploads\/2025\/11\/20190419_LFSEOUL_0544_FINAL_compressed-1536x1024.jpg 1536w, https:\/\/lfseoul.org\/wp-content\/uploads\/2025\/11\/20190419_LFSEOUL_0544_FINAL_compressed-1200x800.jpg 1200w, https:\/\/lfseoul.org\/wp-content\/uploads\/2025\/11\/20190419_LFSEOUL_0544_FINAL_compressed-10x7.jpg 10w, https:\/\/lfseoul.org\/wp-content\/uploads\/2025\/11\/20190419_LFSEOUL_0544_FINAL_compressed-15x10.jpg 15w, https:\/\/lfseoul.org\/wp-content\/uploads\/2025\/11\/20190419_LFSEOUL_0544_FINAL_compressed-48x32.jpg 48w, https:\/\/lfseoul.org\/wp-content\/uploads\/2025\/11\/20190419_LFSEOUL_0544_FINAL_compressed.jpg 2000w\" sizes=\"auto, (max-width: 1024px) 100vw, 1024px\" \/><\/figure>\n\n<\/div><\/div>\n\n<div class=\"gb-grid-column gb-grid-column-6fe37178\"><div class=\"gb-container gb-container-6fe37178\"><div class=\"gb-inside-container\">\n\n<p>Le LFS organise r\u00e9guli\u00e8rement des <span style=\"color: #d72335;\" data=\"#d72335\" class=\"qubely-text-has-color\">portes ouvertes<\/span> accessibles uniquement sur r\u00e9servation en ligne, \u00e0 toutes les familles int\u00e9ress\u00e9es par l\u2019\u00e9ducation fran\u00e7aise.&nbsp;<\/p>\n\n\n\n<p>Vous d\u00e9couvrirez notre offre p\u00e9dagogique unique, nos parcours linguistiques ainsi que notre classe passerelle pour les enfants non francophones. L\u2019occasion vous sera \u00e9galement donn\u00e9e de visiter les salles de classe et les diff\u00e9rentes installations de l\u2019\u00e9tablissement, et de recueillir diverses informations \u00e0 propos de notre offre d\u2019activit\u00e9s et de services extra-scolaires. Nous prenons \u00e9galement le temps de r\u00e9pondre \u00e0 toutes vos questions.<\/p>\n\n\n\n<p><\/p>\n\n\n\n<p><a href=\"https:\/\/lfseoul.org\/visite-du-lfs\/\" target=\"_blank\" rel=\"noreferrer noopener\">En savoir plus sur les portes ouvertes.<\/a><\/p>\n\n<\/div><\/div><\/div>\n<\/div>\n<\/div><\/div>\n<\/div><\/div>\n\n<div class=\"gb-container gb-container-8cd2ddf9\"><div class=\"gb-inside-container\">\n<div class=\"gb-container gb-container-8649343d\"><div class=\"gb-inside-container\">\n\n<h2 class=\"gb-headline gb-headline-2b4538d0 gb-headline-text\">INSCRIVEZ VOS ENFANTS EN TOUTE SIMPLICIT\u00c9<\/h2>\n\n<\/div><\/div>\n\n<div class=\"gb-container gb-container-b52747c9\"><div class=\"gb-inside-container\">\n<div class=\"gb-grid-wrapper gb-grid-wrapper-33063861\">\n<div class=\"gb-grid-column gb-grid-column-a525a753\"><div class=\"gb-container gb-container-a525a753\"><div class=\"gb-inside-container\">\n\n<p><span style=\"color: #d72335;\" data=\"#d72335\" class=\"qubely-text-has-color\">La proc\u00e9dure d\u2019inscription au LFS est simple. <\/span>Elle a lieu en ligne via le logiciel <a href=\"https:\/\/lfseoul.eduka.school\" target=\"_blank\" rel=\"noreferrer noopener\">Eduka<\/a> en quelques minutes seulement. <\/p>\n\n\n\n<p>Apr\u00e8s avoir consult\u00e9 les conditions d&rsquo;admission et la classe dans laquelle votre enfant devrait \u00eatre, laissez vous guider dans les \u00e9tapes d&rsquo;inscription.<\/p>\n\n\n\n<p>Le service des admissions se tient \u00e0 votre disposition pour vous aider et vous informer tout au long du processus d&rsquo;inscription.<\/p>\n\n\n\n<p><a href=\"https:\/\/lfseoul.org\/admission\/\" target=\"_blank\" rel=\"noreferrer noopener\">Plus de d\u00e9tails sur les conditions et \u00e9tapes d&rsquo;admission.<\/a><\/p>\n\n<\/div><\/div><\/div>\n\n<div class=\"gb-grid-column gb-grid-column-4d8f4f23\"><div class=\"gb-container gb-container-4d8f4f23\"><div class=\"gb-inside-container\"><\/div><\/div><\/div>\n<\/div>\n<\/div><\/div>\n<\/div><\/div>\n\n<div class=\"gb-container gb-container-cfef8eef\"><div class=\"gb-inside-container\">\n<div class=\"gb-grid-wrapper gb-grid-wrapper-7e453663\">\n<div class=\"gb-grid-column gb-grid-column-ad527439\"><div class=\"gb-container gb-container-ad527439\"><div class=\"gb-inside-container\">\n\n<figure class=\"wp-block-image size-large\"><img loading=\"lazy\" decoding=\"async\" width=\"1024\" height=\"682\" src=\"https:\/\/lfseoul.org\/wp-content\/uploads\/2021\/04\/S_JIK_4009-1024x682.jpg\" alt=\"\" class=\"wp-image-10506\" srcset=\"https:\/\/lfseoul.org\/wp-content\/uploads\/2021\/04\/S_JIK_4009-1024x682.jpg 1024w, https:\/\/lfseoul.org\/wp-content\/uploads\/2021\/04\/S_JIK_4009-300x200.jpg 300w, https:\/\/lfseoul.org\/wp-content\/uploads\/2021\/04\/S_JIK_4009-768x512.jpg 768w, https:\/\/lfseoul.org\/wp-content\/uploads\/2021\/04\/S_JIK_4009-1536x1023.jpg 1536w, https:\/\/lfseoul.org\/wp-content\/uploads\/2021\/04\/S_JIK_4009-2048x1365.jpg 2048w, https:\/\/lfseoul.org\/wp-content\/uploads\/2021\/04\/S_JIK_4009-1200x800.jpg 1200w, https:\/\/lfseoul.org\/wp-content\/uploads\/2021\/04\/S_JIK_4009-10x7.jpg 10w, https:\/\/lfseoul.org\/wp-content\/uploads\/2021\/04\/S_JIK_4009-15x10.jpg 15w, https:\/\/lfseoul.org\/wp-content\/uploads\/2021\/04\/S_JIK_4009-48x32.jpg 48w\" sizes=\"auto, (max-width: 1024px) 100vw, 1024px\" \/><\/figure>\n\n<\/div><\/div><\/div>\n\n<div class=\"gb-grid-column gb-grid-column-d3a589b4\"><div class=\"gb-container gb-container-d3a589b4\"><div class=\"gb-inside-container\">\n\n<h1 class=\"wp-block-heading has-text-color\" id=\"block-de8dbe18-3389-40f9-9cec-54a3f934b69d\" style=\"color:#0f145a\">FRAIS DE SCOLARIT\u00c9<\/h1>\n\n\n\n<div style=\"height:20px\" aria-hidden=\"true\" class=\"wp-block-spacer\"><\/div>\n\n\n\n<p>Pour s&rsquo;inscrire au LFS, vous devez vous acquitter de <span style=\"color: #d72335;\" data=\"#d72335\" class=\"qubely-text-has-color\">frais de scolarit\u00e9,<\/span> auxquels s&rsquo;ajoutent des Droits de Premi\u00e8re Inscription (DPI) non remboursables. Les frais de scolarit\u00e9, les frais compl\u00e9mentaires et les conditions financi\u00e8res sont d\u00e9taill\u00e9s dans le <span style=\"color: #d72335;\" data=\"#d72335\" class=\"qubely-text-has-color\">r\u00e8glement financier<\/span> du LFS, mis \u00e0 jour chaque ann\u00e9e. Les frais d&rsquo;examen pour les candidats internes et externes sont \u00e9galement pr\u00e9sent\u00e9s.<\/p>\n\n\n\n<p>Le LFS est une <span style=\"color: #d72335;\" data=\"#d72335\" class=\"qubely-text-has-color\">association \u00e0 but non lucratif<\/span>, la totalit\u00e9 des frais de scolarit\u00e9 est consacr\u00e9e au bon fonctionnement de l&rsquo;\u00e9tablissement et \u00e0 l&rsquo;\u00e9ducation de ses \u00e9l\u00e8ves.<\/p>\n\n\n\n<p><a href=\"https:\/\/lfseoul.org\/fr\/frais-de-scolarite\/\" target=\"_blank\" data-type=\"link\" data-id=\"https:\/\/lfseoul.org\/fr\/frais-de-scolarite\/\" rel=\"noreferrer noopener\">Consultez ici les frais de scolarit\u00e9 du LFS.<\/a><\/p>\n\n\n\n<div style=\"height:20px\" aria-hidden=\"true\" class=\"wp-block-spacer\"><\/div>\n\n\n\n<h1 class=\"wp-block-heading has-text-align-left has-text-color\" style=\"color:#0f145a\">contacts<\/h1>\n\n\n\n<div style=\"height:20px\" aria-hidden=\"true\" class=\"wp-block-spacer\"><\/div>\n\n\n\n<p>Retrouvez les <span style=\"color: #d72335;\" data=\"#d72335\" class=\"qubely-text-has-color\">contacts cl\u00e9s du LFS<\/span> pour les admissions, les portes ouvertes, les questions financi\u00e8res ou de partenariat, les activit\u00e9s extra-scolaires, la Section Internationale Am\u00e9ricaine ou le <em>Cambridge English<\/em> dans la page Contacts. <\/p>\n\n\n\n<p>Notre \u00e9quipe parle fran\u00e7ais, anglais et cor\u00e9en et sera ravie de r\u00e9pondre \u00e0 vos questions.<\/p>\n\n\n\n<p><a href=\"https:\/\/lfseoul.org\/fr\/contacts\/\" target=\"_blank\" data-type=\"link\" data-id=\"https:\/\/lfseoul.org\/fr\/contacts\/\" rel=\"noreferrer noopener\">Acc\u00e9dez aux contacts du LFS et \u00e0 son adresse<\/a>.<\/p>\n\n<\/div><\/div><\/div>\n<\/div>\n<\/div><\/div>\n\n<div class=\"gb-container gb-container-947c40ef\"><div class=\"gb-inside-container\">\n<div class=\"gb-container gb-container-26d0d135\"><div class=\"gb-inside-container\">\n\n<h2 class=\"gb-headline gb-headline-e4b02a70 gb-headline-text\">REJOIGNEZ UNE \u00c9QUIPE DYNAMIQUE<\/h2>\n\n<\/div><\/div>\n\n<div class=\"gb-container gb-container-5a634fa6\"><div class=\"gb-inside-container\">\n<div class=\"gb-grid-wrapper gb-grid-wrapper-0b729368\">\n<div class=\"gb-grid-column gb-grid-column-b104a812\"><div class=\"gb-container gb-container-b104a812\"><div class=\"gb-inside-container\">\n\n<p>L&rsquo;\u00e9quipe du LFS est constitu\u00e9e de <span style=\"color: #d72335;\" data=\"#d72335\" class=\"qubely-text-has-color\">75 personnes<\/span> aux parcours riches et vari\u00e9s. Les \u00e9quipes enseignantes et p\u00e9dagogiques, comme le personnel administratif s&rsquo;investissent au quotidien dans la vie de l&rsquo;\u00e9tablissement et l&rsquo;enseignement des \u00e9l\u00e8ves, offrant \u00e0 tous un environnement de travail stimulant.&nbsp;<\/p>\n\n\n\n<p>Le LFS recrute chaque ann\u00e9e des enseignants, des membres de ses \u00e9quipes administrative ou p\u00e9dagogique, ou des vacataires pour ses activit\u00e9s extra-scolaires.<a class=\"rank-math-link\" href=\"https:\/\/lfseoul.org\/recrutement\/\"> <\/a><br><a href=\"https:\/\/lfseoul.org\/recrutement\/\" target=\"_blank\" rel=\"noreferrer noopener\">Consultez r\u00e9guli\u00e8rement nos offres d&#8217;emploi et de service et postulez !<\/a><\/p>\n\n<\/div><\/div><\/div>\n\n<div class=\"gb-grid-column gb-grid-column-80bcbfeb\"><div class=\"gb-container gb-container-80bcbfeb\"><div class=\"gb-inside-container\"><\/div><\/div><\/div>\n<\/div>\n<\/div><\/div>\n<\/div><\/div>\n\n<div class=\"gb-container gb-container-0e51be54\"><div class=\"gb-inside-container\">\n<div class=\"gb-grid-wrapper gb-grid-wrapper-94349098\">\n<div class=\"gb-grid-column gb-grid-column-5fd25750\"><div class=\"gb-container gb-container-5fd25750\"><div class=\"gb-inside-container\">\n\n<p class=\"gb-headline gb-headline-ddf570af\"><span class=\"gb-icon\"><svg xmlns=\"http:\/\/www.w3.org\/2000\/svg\" viewBox=\"0 0 384 512\" width=\"1em\" height=\"1em\" aria-hidden=\"true\"><path d=\"M97.12 362.63c-8.69-8.69-4.16-6.24-25.12-11.85-9.51-2.55-17.87-7.45-25.43-13.32L1.2 448.7c-4.39 10.77 3.81 22.47 15.43 22.03l52.69-2.01L105.56 507c8 8.44 22.04 5.81 26.43-4.96l52.05-127.62c-10.84 6.04-22.87 9.58-35.31 9.58-19.5 0-37.82-7.59-51.61-21.37zM382.8 448.7l-45.37-111.24c-7.56 5.88-15.92 10.77-25.43 13.32-21.07 5.64-16.45 3.18-25.12 11.85-13.79 13.78-32.12 21.37-51.62 21.37-12.44 0-24.47-3.55-35.31-9.58L252 502.04c4.39 10.77 18.44 13.4 26.43 4.96l36.25-38.28 52.69 2.01c11.62.44 19.82-11.27 15.43-22.03zM263 340c15.28-15.55 17.03-14.21 38.79-20.14 13.89-3.79 24.75-14.84 28.47-28.98 7.48-28.4 5.54-24.97 25.95-45.75 10.17-10.35 14.14-25.44 10.42-39.58-7.47-28.38-7.48-24.42 0-52.83 3.72-14.14-.25-29.23-10.42-39.58-20.41-20.78-18.47-17.36-25.95-45.75-3.72-14.14-14.58-25.19-28.47-28.98-27.88-7.61-24.52-5.62-44.95-26.41-10.17-10.35-25-14.4-38.89-10.61-27.87 7.6-23.98 7.61-51.9 0-13.89-3.79-28.72.25-38.89 10.61-20.41 20.78-17.05 18.8-44.94 26.41-13.89 3.79-24.75 14.84-28.47 28.98-7.47 28.39-5.54 24.97-25.95 45.75-10.17 10.35-14.15 25.44-10.42 39.58 7.47 28.36 7.48 24.4 0 52.82-3.72 14.14.25 29.23 10.42 39.59 20.41 20.78 18.47 17.35 25.95 45.75 3.72 14.14 14.58 25.19 28.47 28.98C104.6 325.96 106.27 325 121 340c13.23 13.47 33.84 15.88 49.74 5.82a39.676 39.676 0 0 1 42.53 0c15.89 10.06 36.5 7.65 49.73-5.82zM97.66 175.96c0-53.03 42.24-96.02 94.34-96.02s94.34 42.99 94.34 96.02-42.24 96.02-94.34 96.02-94.34-42.99-94.34-96.02z\" fill=\"currentColor\"><\/path><\/svg><\/span><span class=\"gb-headline-text\"><strong>Pour une \u00e9ducation fran\u00e7aise homologu\u00e9e, <\/strong><br><strong>offrant des parcours plurilingues<\/strong><\/span><\/p>\n\n<\/div><\/div><\/div>\n<\/div>\n\n<div class=\"gb-button-wrapper gb-button-wrapper-ab38a6fa\">\n\n<a class=\"gb-button gb-button-c9ee888c gb-button-text\" href=\"https:\/\/lfseoul.org\/admission\/\" target=\"_blank\" rel=\"noopener noreferrer\">JE M&rsquo;INSCRIS<\/a>\n\n<\/div>\n<\/div><\/div>","protected":false},"excerpt":{"rendered":"<p>Le Lyc\u00e9e Fran\u00e7ais de S\u00e9oul (LFS) accueille les \u00e9l\u00e8ves de 3 \u00e0 18 ans, de toutes nationalit\u00e9s. Des portes ouvertes sont organis\u00e9es tout au long de l&rsquo;ann\u00e9e, et des visites de l&rsquo;\u00e9tablissement sont propos\u00e9es sur rendez-vous. Notre \u00e9quipe admission est &#8230; <\/p>\n<p class=\"read-more-container\"><a title=\"REJOIGNEZ-NOUS\" class=\"read-more button\" href=\"https:\/\/lfseoul.org\/fr\/rejoignez-nous\/#more-10238\" aria-label=\"En savoir plus sur REJOIGNEZ-NOUS\">En savoir plus<\/a><\/p>\n","protected":false},"author":4,"featured_media":18657,"parent":0,"menu_order":0,"comment_status":"closed","ping_status":"closed","template":"qubely_full_width","meta":{"qubely_global_settings":"","qubely_interactions":"","inline_featured_image":false,"footnotes":""},"class_list":{"0":"post-10238","1":"page","2":"type-page","3":"status-publish","4":"has-post-thumbnail","6":"infinite-scroll-item","7":"resize-featured-image"},"_links":{"self":[{"href":"https:\/\/lfseoul.org\/fr\/wp-json\/wp\/v2\/pages\/10238","targetHints":{"allow":["GET"]}}],"collection":[{"href":"https:\/\/lfseoul.org\/fr\/wp-json\/wp\/v2\/pages"}],"about":[{"href":"https:\/\/lfseoul.org\/fr\/wp-json\/wp\/v2\/types\/page"}],"author":[{"embeddable":true,"href":"https:\/\/lfseoul.org\/fr\/wp-json\/wp\/v2\/users\/4"}],"replies":[{"embeddable":true,"href":"https:\/\/lfseoul.org\/fr\/wp-json\/wp\/v2\/comments?post=10238"}],"version-history":[{"count":14,"href":"https:\/\/lfseoul.org\/fr\/wp-json\/wp\/v2\/pages\/10238\/revisions"}],"predecessor-version":[{"id":21476,"href":"https:\/\/lfseoul.org\/fr\/wp-json\/wp\/v2\/pages\/10238\/revisions\/21476"}],"wp:featuredmedia":[{"embeddable":true,"href":"https:\/\/lfseoul.org\/fr\/wp-json\/wp\/v2\/media\/18657"}],"wp:attachment":[{"href":"https:\/\/lfseoul.org\/fr\/wp-json\/wp\/v2\/media?parent=10238"}],"curies":[{"name":"wp","href":"https:\/\/api.w.org\/{rel}","templated":true}]}}