{"id":10335,"date":"2021-03-30T06:24:06","date_gmt":"2021-03-30T06:24:06","guid":{"rendered":"https:\/\/54.68.147.74\/~lfs\/?page_id=10335"},"modified":"2025-07-10T06:21:26","modified_gmt":"2025-07-10T06:21:26","slug":"cambridge-english","status":"publish","type":"page","link":"https:\/\/lfseoul.org\/fr\/cambridge-english\/","title":{"rendered":"CAMBRIDGE ENGLISH"},"content":{"rendered":"<div class=\"gb-container gb-container-3873c796\"><div class=\"gb-inside-container\">\n\n<p class=\"has-text-color\" style=\"color:#d72335\">Depuis 2009, le Lyc\u00e9e Fran\u00e7ais de S\u00e9oul (LFS) est habilit\u00e9 \u00e0 faire passer les examens <em>Cambridge Assessment English<\/em> aussi bien \u00e0 ses \u00e9l\u00e8ves qu\u2019\u00e0 des candidats ext\u00e9rieurs.&nbsp;<\/p>\n\n\n\n<p>Examens reconnus internationalement aussi bien par les \u00e9tablissements d\u2019\u00e9tudes sup\u00e9rieures qu\u2019au niveau professionnel, les <em>Cambridge English Qualifications: anglais g\u00e9n\u00e9ral et \u00e9tudes sup\u00e9rieures <\/em>permettent aux \u00e9l\u00e8ves comme aux adultes d\u2019avoir une certification de leur niveau de compr\u00e9hension et d\u2019expression en anglais. R\u00e9partis en <span style=\"color: #d72335;\" data=\"#d72335\" class=\"qubely-text-has-color\">4 examens selon l\u2019\u00e2ge et les comp\u00e9tences des candidats<\/span>, les <em>Cambridge English Qualifications <\/em>disposent de r\u00e9sultats avec une validit\u00e9 illimit\u00e9e. Ces examens du <em>Cambridge Assessment English<\/em>, d\u00e9partement de l\u2019Universit\u00e9 de Cambridge, sont pr\u00e9sents \u00e0 travers un r\u00e9seau de 2800 centres d\u2019examens dans 130 pays.&nbsp;<\/p>\n\n<\/div><\/div>\n\n<div class=\"gb-container gb-container-508d52a4\"><div class=\"gb-inside-container\">\n\n<h1 class=\"wp-block-heading has-text-align-center has-text-color\" style=\"color:#0f145a\">informations pratiques<\/h1>\n\n\n<div class=\"gb-container gb-container-21c0868d\"><div class=\"gb-inside-container\">\n<div class=\"gb-grid-wrapper gb-grid-wrapper-ca9385e0\">\n<div class=\"gb-grid-column gb-grid-column-00cc8fd7\"><div class=\"gb-container gb-container-00cc8fd7\"><div class=\"gb-inside-container\">\n\n<figure class=\"wp-block-image size-full\"><img loading=\"lazy\" decoding=\"async\" width=\"2560\" height=\"1707\" src=\"https:\/\/lfseoul.org\/wp-content\/uploads\/2024\/11\/R5CC2599-2-scaled.jpg\" alt=\"\" class=\"wp-image-20254\" srcset=\"https:\/\/lfseoul.org\/wp-content\/uploads\/2024\/11\/R5CC2599-2-scaled.jpg 2560w, https:\/\/lfseoul.org\/wp-content\/uploads\/2024\/11\/R5CC2599-2-300x200.jpg 300w, https:\/\/lfseoul.org\/wp-content\/uploads\/2024\/11\/R5CC2599-2-1024x683.jpg 1024w, https:\/\/lfseoul.org\/wp-content\/uploads\/2024\/11\/R5CC2599-2-768x512.jpg 768w, https:\/\/lfseoul.org\/wp-content\/uploads\/2024\/11\/R5CC2599-2-1536x1024.jpg 1536w, https:\/\/lfseoul.org\/wp-content\/uploads\/2024\/11\/R5CC2599-2-2048x1366.jpg 2048w, https:\/\/lfseoul.org\/wp-content\/uploads\/2024\/11\/R5CC2599-2-1200x800.jpg 1200w, https:\/\/lfseoul.org\/wp-content\/uploads\/2024\/11\/R5CC2599-2-10x7.jpg 10w, https:\/\/lfseoul.org\/wp-content\/uploads\/2024\/11\/R5CC2599-2-15x10.jpg 15w, https:\/\/lfseoul.org\/wp-content\/uploads\/2024\/11\/R5CC2599-2-48x32.jpg 48w\" sizes=\"auto, (max-width: 2560px) 100vw, 2560px\" \/><\/figure>\n\n<\/div><\/div><\/div>\n\n<div class=\"gb-grid-column gb-grid-column-68e822b7\"><div class=\"gb-container gb-container-68e822b7\"><div class=\"gb-inside-container\">\n\n<p class=\"has-text-color\" style=\"color:#d72335\">Pour les \u00e9l\u00e8ves des classes de CM2, 3\u00e8me et Terminale le co\u00fbt des examens est enti\u00e8rement pris en charge par l\u2019\u00e9tablissement.&nbsp;<\/p>\n\n\n\n<p>Les \u00e9l\u00e8ves des autres classes ainsi que les candidats ext\u00e9rieurs peuvent s\u2019inscrire \u00e0 l\u2019examen en compl\u00e9tant le formulaire d\u2019inscription en ligne et en r\u00e9glant le tarif correspondant \u00e0 l\u2019examen pr\u00e9sent\u00e9.&nbsp;<\/p>\n\n\n\n<p>Pour les coll\u00e9giens et lyc\u00e9ens du LFS, des p\u00e9riodes de pr\u00e9paration sont organis\u00e9es en dehors du temps scolaire, le samedi matin.<\/p>\n\n\n\n<p>Veuillez noter que le LFS n\u2019organise pas de session de pr\u00e9paration pour les candidats ext\u00e9rieurs.&nbsp;<\/p>\n\n\n\n<p class=\"has-text-color\" style=\"color:#d72335\">Deux sessions d\u2019examen sont organis\u00e9es au LFS :&nbsp;<\/p>\n\n\n\n<ul id=\"block-ea642358-cb12-4c23-a0f0-9d21601b6abb\" class=\"wp-block-list\">\n<li>En d\u00e9cembre : FCE et CAE<\/li>\n\n\n\n<li>Entre mai et juin : KETfs, PETfs et FCEfs<\/li>\n<\/ul>\n\n\n\n<p class=\"has-text-color\" style=\"color:#d72335\"><\/p>\n\n<\/div><\/div><\/div>\n<\/div>\n<\/div><\/div>\n\n<div class=\"gb-container gb-container-0e92a618\"><div class=\"gb-inside-container\">\n<div class=\"gb-button-wrapper gb-button-wrapper-da597c83\">\n\n<a class=\"gb-button gb-button-450ff545 gb-button-text\" href=\"https:\/\/forms.gle\/giw5S9hv4Kei9XqL7\" target=\"_blank\" rel=\"noopener noreferrer\"><strong>FORMULAIRE POUR LES \u00c9L\u00c8VES DU LFS<\/strong><\/a>\n\n\n\n<a class=\"gb-button gb-button-c752d3eb gb-button-text\" href=\"https:\/\/forms.gle\/WPtpQQeg86rXi1Gq5\" target=\"_blank\" rel=\"noopener noreferrer\"><strong>FORMULAIRE POUR LES CANDIDATS EXT\u00c9RIEURES<\/strong><\/a>\n\n<\/div>\n<\/div><\/div>\n<\/div><\/div>\n\n<div class=\"gb-container gb-container-58b8d9af\"><div class=\"gb-inside-container\">\n\n<p class=\"has-text-align-left\">Pour toute question, contactez notre \u00e9quipe d\u00e9di\u00e9e <\/p>\n\n\n<div class=\"wp-block-image\">\n<figure class=\"aligncenter size-large\"><img loading=\"lazy\" decoding=\"async\" width=\"186\" height=\"120\" src=\"https:\/\/lfseoul.org\/wp-content\/uploads\/2021\/03\/email-icon.jpg\" alt=\"\" class=\"wp-image-8902\" srcset=\"https:\/\/lfseoul.org\/wp-content\/uploads\/2021\/03\/email-icon.jpg 186w, https:\/\/lfseoul.org\/wp-content\/uploads\/2021\/03\/email-icon-10x6.jpg 10w, https:\/\/lfseoul.org\/wp-content\/uploads\/2021\/03\/email-icon-15x10.jpg 15w, https:\/\/lfseoul.org\/wp-content\/uploads\/2021\/03\/email-icon-48x31.jpg 48w\" sizes=\"auto, (max-width: 186px) 100vw, 186px\" \/><\/figure><\/div>\n\n\n<p class=\"gb-headline gb-headline-f83bc444 gb-headline-text\"><strong><strong><strong><strong>SERVICE<\/strong><\/strong> DU LFS DU CAMBRIDGE ENGLISH <\/strong><\/strong>  <br><img loading=\"lazy\" decoding=\"async\" width=\"20\" height=\"17\" class=\"wp-image-7332\" style=\"width: 20px;\" src=\"https:\/\/lfseoul.org\/wp-content\/uploads\/2021\/02\/mail-icon-blue.png\" alt=\"\" srcset=\"https:\/\/lfseoul.org\/wp-content\/uploads\/2021\/02\/mail-icon-blue.png 96w, https:\/\/lfseoul.org\/wp-content\/uploads\/2021\/02\/mail-icon-blue-10x8.png 10w, https:\/\/lfseoul.org\/wp-content\/uploads\/2021\/02\/mail-icon-blue-15x13.png 15w, https:\/\/lfseoul.org\/wp-content\/uploads\/2021\/02\/mail-icon-blue-48x41.png 48w\" sizes=\"auto, (max-width: 20px) 100vw, 20px\" \/> <a href=\"mailto:finance@lfseoul.org\" class=\"rank-math-link\">examinations@lfseoul.org<\/a><a href=\"examinations@lfseoul.org\" class=\"rank-math-link\"> <\/a> <\/p>\n\n<\/div><\/div>\n\n<div class=\"gb-container gb-container-5daf6756\"><div class=\"gb-inside-container\">\n\n<h1 class=\"wp-block-heading has-text-align-center has-text-color\" style=\"color:#0f145a\"><strong><strong>Diff\u00e9rents examens selon les niveaux&nbsp;<\/strong><\/strong><\/h1>\n\n\n\n<div style=\"height:30px\" aria-hidden=\"true\" class=\"wp-block-spacer\"><\/div>\n\n\n<div class=\"gb-container gb-container-e5991482 animated fadeInRight\"><div class=\"gb-inside-container\">\n<div class=\"gb-grid-wrapper gb-grid-wrapper-01aa7da3\">\n<div class=\"gb-grid-column gb-grid-column-923dca97\"><div class=\"gb-container gb-container-923dca97\"><div class=\"gb-inside-container\">\n\n<h3 class=\"wp-block-heading has-text-align-center has-text-color\" style=\"color:#d72335;font-size:100px\">A2<\/h3>\n\n<\/div><\/div><\/div>\n\n<div class=\"gb-grid-column gb-grid-column-929423be\"><div class=\"gb-container gb-container-929423be\"><div class=\"gb-inside-container\">\n\n<h1 class=\"wp-block-heading has-text-color has-medium-font-size\" style=\"color:#d72335\"><strong><strong>A2 KEY for Schools (KETfs)<\/strong><\/strong><\/h1>\n\n\n\n<p>Premier niveau des examens de Cambridge, le A2 Key atteste des connaissances de base en anglais afin de communiquer dans la vie quotidienne. Le niveau A2 est attendu en 6\u00e8me.&nbsp;<\/p>\n\n\n\n<p class=\"has-text-color\" style=\"color:#d72335\">Contenu des \u00e9preuves :&nbsp;<\/p>\n\n\n\n<ul class=\"wp-block-list\">\n<li>Compr\u00e9hension et expression \u00e9crites : 1 heure<\/li>\n\n\n\n<li>Compr\u00e9hension orale : environ 30 minutes&nbsp;<\/li>\n\n\n\n<li>Expression orale : 8 \u00e0 10 minutes par paire de candidats&nbsp;<\/li>\n<\/ul>\n\n\n\n<p class=\"has-text-color\" style=\"color:#d72335\">KEY for schools (A2) pour les \u00e9l\u00e8ves du LFS et \u00e9l\u00e8ves ext\u00e9rieurs :&nbsp;<\/p>\n\n\n\n<ul class=\"wp-block-list\">\n<li>Date d\u2019examen\u00a0: <strong>23 mai 2026<\/strong><\/li>\n\n\n\n<li>Date limite d\u2019inscription\u00a0: <strong>14 mars 2026<\/strong><\/li>\n\n\n\n<li>Prix&nbsp;: 150 000 KRW<\/li>\n<\/ul>\n\n<\/div><\/div><\/div>\n<\/div>\n<\/div><\/div>\n\n<div class=\"gb-container gb-container-dc279ea0\"><div class=\"gb-inside-container\">\n<div class=\"gb-grid-wrapper gb-grid-wrapper-db6d4626 animated fadeInRight\">\n<div class=\"gb-grid-column gb-grid-column-4675c9dd\"><div class=\"gb-container gb-container-4675c9dd\"><div class=\"gb-inside-container\">\n\n<h3 class=\"wp-block-heading has-text-align-center has-text-color\" style=\"color:#d72335;font-size:100px\">B1<\/h3>\n\n<\/div><\/div><\/div>\n\n<div class=\"gb-grid-column gb-grid-column-8060662d\"><div class=\"gb-container gb-container-8060662d\"><div class=\"gb-inside-container\">\n\n<h1 class=\"wp-block-heading has-text-color has-medium-font-size\" style=\"color:#d72335\">B1 PRELIMINARY for Schools (PETfs)&nbsp;<\/h1>\n\n\n\n<p>Examen interm\u00e9diaire correspondant au deuxi\u00e8me niveau, le B1 Preliminary teste la capacit\u00e9 des candidats \u00e0 traiter les communications \u00e9crites et orales de la vie quotidienne. Le niveau B1 est attendu en fin de coll\u00e8ge.&nbsp;<\/p>\n\n\n\n<p class=\"has-text-color\" style=\"color:#d72335\">Contenu des \u00e9preuves :&nbsp;<\/p>\n\n\n\n<ul class=\"wp-block-list\">\n<li>Compr\u00e9hension \u00e9crite : 45 minutes&nbsp;<\/li>\n\n\n\n<li>Expression \u00e9crite : 45 minutes&nbsp;<\/li>\n\n\n\n<li>Compr\u00e9hension orale : environ 40 minutes&nbsp;<\/li>\n\n\n\n<li>Expression orale : 12 &#8211; 17 minutes par paire de candidats&nbsp;&nbsp;<\/li>\n<\/ul>\n\n\n\n<p class=\"has-text-color\" style=\"color:#d72335\">Preliminary for schools (B1) pour les \u00e9l\u00e8ves du LFS et \u00e9l\u00e8ves ext\u00e9rieurs :&nbsp;<\/p>\n\n\n\n<ul id=\"block-f846b8e0-66f4-4639-a3c9-fb3ccee8bf77\" class=\"wp-block-list\">\n<li>Date d\u2019examen\u00a0: <strong>23 mai 2026<\/strong><\/li>\n\n\n\n<li>Date limite d\u2019inscription\u00a0: <strong>14 mars 2026<\/strong><\/li>\n\n\n\n<li>Prix&nbsp;: 190 000 KRW<\/li>\n<\/ul>\n\n<\/div><\/div><\/div>\n<\/div>\n\n<div class=\"gb-grid-wrapper gb-grid-wrapper-0cfac2fb animated fadeInRight\">\n<div class=\"gb-grid-column gb-grid-column-19702ffc\"><div class=\"gb-container gb-container-19702ffc\"><div class=\"gb-inside-container\">\n\n<h3 class=\"wp-block-heading has-text-align-center has-text-color\" style=\"color:#d72335;font-size:100px\">B2<\/h3>\n\n<\/div><\/div><\/div>\n\n<div class=\"gb-grid-column gb-grid-column-b2bbf527\"><div class=\"gb-container gb-container-b2bbf527\"><div class=\"gb-inside-container\">\n\n<h1 class=\"wp-block-heading has-text-color has-medium-font-size\" style=\"color:#d72335\"><strong>B2 FIRST (FCE)<\/strong><\/h1>\n\n\n\n<p>Le B2 First offre une qualification linguistique interm\u00e9diaire sup\u00e9rieure, pour ceux d\u00e9sirant travailler ou \u00e9tudier dans un pays anglophone ou \u00eatre capable de communiquer avec aisance. Le niveau B2 est attendu en fin de Terminale.&nbsp;<\/p>\n\n\n\n<p class=\"has-text-color\" style=\"color:#d72335\">Contenu des \u00e9preuves :&nbsp;<\/p>\n\n\n\n<ul class=\"wp-block-list\">\n<li>Compr\u00e9hension \u00e9crite et ma\u00eetrise de l\u2019anglais : 1 heure et 15 minutes&nbsp;<\/li>\n\n\n\n<li>Expression \u00e9crite : 1 heure et 20 minutes&nbsp;<\/li>\n\n\n\n<li>Compr\u00e9hension orale : environ 40 minutes&nbsp;<\/li>\n\n\n\n<li>Expression orale : 14 minutes par paire de candidats&nbsp;<\/li>\n<\/ul>\n\n\n\n<p>Le LFS organise deux sessions d\u2019examen pour ce niveau.<\/p>\n\n\n\n<p class=\"has-text-color\" style=\"color:#d72335\">1- FCE for schools (B2) pour les \u00e9l\u00e8ves du LFS et \u00e9l\u00e8ves ext\u00e9rieurs :<\/p>\n\n\n\n<p><\/p>\n\n\n\n<ul id=\"block-f846b8e0-66f4-4639-a3c9-fb3ccee8bf77\" class=\"wp-block-list\">\n<li>Date d\u2019examen\u00a0: <strong>30 mai 2026<\/strong><\/li>\n\n\n\n<li>Date limite d\u2019inscription\u00a0: <strong>21 mars 2026<\/strong><\/li>\n\n\n\n<li>Prix&nbsp;: 250 000 KRW<\/li>\n<\/ul>\n\n\n\n<p class=\"has-text-color\" style=\"color:#d72335\">2- FCE (B2) pour les \u00e9l\u00e8ves du LFS et \u00e9l\u00e8ves ext\u00e9rieurs \u00e2g\u00e9s de 14 ans et plus ainsi que les adultes :<\/p>\n\n\n\n<p><\/p>\n\n\n\n<ul id=\"block-e9cc95fb-1777-45b0-9534-100951c20404\" class=\"wp-block-list\">\n<li>Date d\u2019examen\u00a0: <strong>13 d\u00e9cembre 2025<\/strong><\/li>\n\n\n\n<li>Date limite d\u2019inscription\u00a0: <strong>19 octobre 2025<\/strong><\/li>\n\n\n\n<li>Prix\u00a0: 250 000 KRW<\/li>\n<\/ul>\n\n\n\n<p><\/p>\n\n<\/div><\/div><\/div>\n<\/div>\n\n<div class=\"gb-grid-wrapper gb-grid-wrapper-96631861 animated fadeInRight\">\n<div class=\"gb-grid-column gb-grid-column-8e466417\"><div class=\"gb-container gb-container-8e466417\"><div class=\"gb-inside-container\">\n\n<h3 class=\"wp-block-heading has-text-align-center has-text-color\" style=\"color:#d72335;font-size:100px\">C1<\/h3>\n\n<\/div><\/div><\/div>\n\n<div class=\"gb-grid-column gb-grid-column-5656322c\"><div class=\"gb-container gb-container-5656322c\"><div class=\"gb-inside-container\">\n\n<h1 class=\"wp-block-heading has-text-color has-medium-font-size\" style=\"color:#d72335\"><strong><strong>C1 Advanced (CAE)&nbsp;<\/strong><\/strong><\/h1>\n\n\n\n<p>Le C1 Advanced s\u2019adresse \u00e0 ceux qui utilisent les ressources de la langue avec souplesse et efficacit\u00e9, saisissent la signification implicite de textes longs et exigeants, s\u2019expriment avec aisance et spontan\u00e9it\u00e9, peuvent aborder des sujets complexes de fa\u00e7on claire, structur\u00e9e et d\u00e9taill\u00e9e.<\/p>\n\n\n\n<p class=\"has-text-color\" style=\"color:#d72335\">Contenu des \u00e9preuves :&nbsp;<\/p>\n\n\n\n<ul class=\"wp-block-list\">\n<li>Compr\u00e9hension \u00e9crite : 1 heure et 30 minutes&nbsp;<\/li>\n\n\n\n<li>Expression \u00e9crite : 1 heure et 30 minutes&nbsp;<\/li>\n\n\n\n<li>Compr\u00e9hension orale : env. 40 minutes&nbsp;<\/li>\n\n\n\n<li>Expression orale : 15 minutes par paire de candidats<\/li>\n<\/ul>\n\n\n\n<p class=\"has-text-color\" style=\"color:#d72335\">CAE (C1) pour les \u00e9l\u00e8ves du LFS et \u00e9l\u00e8ves ext\u00e9rieurs \u00e2g\u00e9s de 16 ans et plus ainsi que les adultes :&nbsp;<\/p>\n\n\n\n<ul id=\"block-f846b8e0-66f4-4639-a3c9-fb3ccee8bf77\" class=\"wp-block-list\">\n<li>Date d\u2019examen\u00a0: <strong>6 d\u00e9cembre 2025<\/strong><\/li>\n\n\n\n<li>Date limite d\u2019inscription\u00a0: <strong>12 octobre 2025<\/strong><\/li>\n\n\n\n<li>Prix&nbsp;: 300 000 KRW<\/li>\n<\/ul>\n\n<\/div><\/div><\/div>\n<\/div>\n<\/div><\/div>\n<\/div><\/div>\n\n<div class=\"gb-container gb-container-35a14bf3\"><div class=\"gb-inside-container\">\n<div class=\"gb-grid-wrapper gb-grid-wrapper-37c27312\">\n<div class=\"gb-grid-column gb-grid-column-d7101fa8\"><div class=\"gb-container gb-container-d7101fa8\"><div class=\"gb-inside-container\">\n\n<p class=\"gb-headline gb-headline-038e23d8\"><span class=\"gb-icon\"><svg aria-hidden=\"true\" height=\"1em\" width=\"1em\" viewBox=\"0 0 384 512\" xmlns=\"http:\/\/www.w3.org\/2000\/svg\"><path fill=\"currentColor\" d=\"M97.12 362.63c-8.69-8.69-4.16-6.24-25.12-11.85-9.51-2.55-17.87-7.45-25.43-13.32L1.2 448.7c-4.39 10.77 3.81 22.47 15.43 22.03l52.69-2.01L105.56 507c8 8.44 22.04 5.81 26.43-4.96l52.05-127.62c-10.84 6.04-22.87 9.58-35.31 9.58-19.5 0-37.82-7.59-51.61-21.37zM382.8 448.7l-45.37-111.24c-7.56 5.88-15.92 10.77-25.43 13.32-21.07 5.64-16.45 3.18-25.12 11.85-13.79 13.78-32.12 21.37-51.62 21.37-12.44 0-24.47-3.55-35.31-9.58L252 502.04c4.39 10.77 18.44 13.4 26.43 4.96l36.25-38.28 52.69 2.01c11.62.44 19.82-11.27 15.43-22.03zM263 340c15.28-15.55 17.03-14.21 38.79-20.14 13.89-3.79 24.75-14.84 28.47-28.98 7.48-28.4 5.54-24.97 25.95-45.75 10.17-10.35 14.14-25.44 10.42-39.58-7.47-28.38-7.48-24.42 0-52.83 3.72-14.14-.25-29.23-10.42-39.58-20.41-20.78-18.47-17.36-25.95-45.75-3.72-14.14-14.58-25.19-28.47-28.98-27.88-7.61-24.52-5.62-44.95-26.41-10.17-10.35-25-14.4-38.89-10.61-27.87 7.6-23.98 7.61-51.9 0-13.89-3.79-28.72.25-38.89 10.61-20.41 20.78-17.05 18.8-44.94 26.41-13.89 3.79-24.75 14.84-28.47 28.98-7.47 28.39-5.54 24.97-25.95 45.75-10.17 10.35-14.15 25.44-10.42 39.58 7.47 28.36 7.48 24.4 0 52.82-3.72 14.14.25 29.23 10.42 39.59 20.41 20.78 18.47 17.35 25.95 45.75 3.72 14.14 14.58 25.19 28.47 28.98C104.6 325.96 106.27 325 121 340c13.23 13.47 33.84 15.88 49.74 5.82a39.676 39.676 0 0 1 42.53 0c15.89 10.06 36.5 7.65 49.73-5.82zM97.66 175.96c0-53.03 42.24-96.02 94.34-96.02s94.34 42.99 94.34 96.02-42.24 96.02-94.34 96.02-94.34-42.99-94.34-96.02z\"><\/path><\/svg><\/span><span class=\"gb-headline-text\"><strong>Pour une \u00e9ducation fran\u00e7aise homologu\u00e9e, <\/strong><br><strong>offrant des parcours plurilingues<\/strong><\/span><\/p>\n\n<\/div><\/div><\/div>\n<\/div>\n\n<div class=\"gb-button-wrapper gb-button-wrapper-a284bc53\">\n\n<a class=\"gb-button gb-button-9d712240 gb-button-text\" href=\"https:\/\/lfseoul.org\/admission\/\" target=\"_blank\" rel=\"noopener noreferrer\">JE M&rsquo;INSCRIS<\/a>\n\n<\/div>\n<\/div><\/div>","protected":false},"excerpt":{"rendered":"<p>Depuis 2009, le Lyc\u00e9e Fran\u00e7ais de S\u00e9oul (LFS) est habilit\u00e9 \u00e0 faire passer les examens Cambridge Assessment English aussi bien \u00e0 ses \u00e9l\u00e8ves qu\u2019\u00e0 des candidats ext\u00e9rieurs.&nbsp; Examens reconnus internationalement aussi bien par les \u00e9tablissements d\u2019\u00e9tudes sup\u00e9rieures qu\u2019au niveau professionnel, &#8230; <\/p>\n<p class=\"read-more-container\"><a title=\"CAMBRIDGE ENGLISH\" class=\"read-more button\" href=\"https:\/\/lfseoul.org\/fr\/cambridge-english\/#more-10335\" aria-label=\"En savoir plus sur CAMBRIDGE ENGLISH\">En savoir plus<\/a><\/p>\n","protected":false},"author":4,"featured_media":20251,"parent":0,"menu_order":0,"comment_status":"closed","ping_status":"closed","template":"","meta":{"qubely_global_settings":"","qubely_interactions":"","inline_featured_image":false,"footnotes":""},"class_list":{"0":"post-10335","1":"page","2":"type-page","3":"status-publish","4":"has-post-thumbnail","6":"infinite-scroll-item","7":"resize-featured-image"},"_links":{"self":[{"href":"https:\/\/lfseoul.org\/fr\/wp-json\/wp\/v2\/pages\/10335","targetHints":{"allow":["GET"]}}],"collection":[{"href":"https:\/\/lfseoul.org\/fr\/wp-json\/wp\/v2\/pages"}],"about":[{"href":"https:\/\/lfseoul.org\/fr\/wp-json\/wp\/v2\/types\/page"}],"author":[{"embeddable":true,"href":"https:\/\/lfseoul.org\/fr\/wp-json\/wp\/v2\/users\/4"}],"replies":[{"embeddable":true,"href":"https:\/\/lfseoul.org\/fr\/wp-json\/wp\/v2\/comments?post=10335"}],"version-history":[{"count":17,"href":"https:\/\/lfseoul.org\/fr\/wp-json\/wp\/v2\/pages\/10335\/revisions"}],"predecessor-version":[{"id":21456,"href":"https:\/\/lfseoul.org\/fr\/wp-json\/wp\/v2\/pages\/10335\/revisions\/21456"}],"wp:featuredmedia":[{"embeddable":true,"href":"https:\/\/lfseoul.org\/fr\/wp-json\/wp\/v2\/media\/20251"}],"wp:attachment":[{"href":"https:\/\/lfseoul.org\/fr\/wp-json\/wp\/v2\/media?parent=10335"}],"curies":[{"name":"wp","href":"https:\/\/api.w.org\/{rel}","templated":true}]}}