{"id":10372,"date":"2021-03-30T08:06:55","date_gmt":"2021-03-30T08:06:55","guid":{"rendered":"https:\/\/54.68.147.74\/~lfs\/?page_id=10372"},"modified":"2025-04-16T05:32:17","modified_gmt":"2025-04-16T05:32:17","slug":"protocoles-sante-securite","status":"publish","type":"page","link":"https:\/\/lfseoul.org\/fr\/protocoles-sante-securite\/","title":{"rendered":"PROTOCOLES SANT\u00c9 &#038; S\u00c9CURIT\u00c9"},"content":{"rendered":"<div class=\"gb-container gb-container-508d52a4\"><div class=\"gb-inside-container\">\n\n<p class=\"has-text-align-left\">Le Lyc\u00e9e Fran\u00e7ais de S\u00e9oul (LFS) dispose de protocoles afin d\u2019assurer la s\u00e9curit\u00e9 de tous ceux pr\u00e9sents dans l\u2019\u00e9tablissement.<\/p>\n\n\n\n<p>Pour la politique de confidentialit\u00e9, veuillez cliquer <a href=\"https:\/\/lfseoul.org\/wp-content\/uploads\/2022\/02\/LFS-Privacy-Policy.pdf\" target=\"_blank\" rel=\"noreferrer noopener\">ici.<\/a><\/p>\n\n<\/div><\/div>\n\n<div class=\"gb-container gb-container-68142e5e\"><div class=\"gb-inside-container\">\n\n<h2 class=\"wp-block-heading has-text-align-center\" id=\"classes\"><strong><strong><strong><strong>PROTOCOLE EN CAS DE POLLUTION<\/strong><\/strong><\/strong><\/strong><\/h2>\n\n\n\n<div style=\"height:20px\" aria-hidden=\"true\" class=\"wp-block-spacer\"><\/div>\n\n\n\n<p class=\"has-text-color\" style=\"color:#434345\">Le LFS utilise la borne professionnelle de Seocho-Gu pour les donn\u00e9es relatives \u00e0 la qualit\u00e9 de l\u2019air. <\/p>\n\n\n\n<p><span style=\"color: #e51818;\" data=\"#e51818\" class=\"qubely-text-has-color\">Quotidiennement, l&rsquo;\u00e9quipe de vie scolaire, l&rsquo;infirmi\u00e8re scolaire et les enseignants consultent les taux de pollution de l&rsquo;air et syst\u00e9matiquement avant les r\u00e9cr\u00e9ations. Les purificateurs d\u2019air install\u00e9s dans l\u2019ensemble des locaux sont activ\u00e9s chaque matin.<\/span><\/p>\n\n\n\n<p>Les enseignants ont acc\u00e8s aux donn\u00e9es actualis\u00e9es toutes les 10 minutes en direct de l\u2019application Air Visual sur leur t\u00e9l\u00e9phone portable. Ils consultent les donn\u00e9es et informent les \u00e9l\u00e8ves de la situation avant qu&rsquo;ils ne sortent de la classe en vue de respecter le protocole de protection.<\/p>\n\n\n\n<p>Ces informations sont compl\u00e9t\u00e9es par la diffusion d\u2019une alerte sonore d\u00e9clench\u00e9e en cas d\u2019AQI &gt; \u00e0 201.<\/p>\n\n\n\n<p><\/p>\n\n\n\n<p class=\"has-text-color\" style=\"color:#d72335\">Les protocoles suivants sont appliqu\u00e9s&nbsp;: &nbsp; &nbsp; &nbsp; &nbsp; &nbsp; &nbsp;<\/p>\n\n\n<div class=\"wp-block-image\">\n<figure class=\"aligncenter size-large is-resized\"><img loading=\"lazy\" decoding=\"async\" width=\"1024\" height=\"779\" src=\"https:\/\/lfseoul.org\/wp-content\/uploads\/2023\/11\/FR-1024x779.jpg\" alt=\"\" class=\"wp-image-18847\" style=\"aspect-ratio:1.3145057766367136;width:1132px;height:auto\" srcset=\"https:\/\/lfseoul.org\/wp-content\/uploads\/2023\/11\/FR-1024x779.jpg 1024w, https:\/\/lfseoul.org\/wp-content\/uploads\/2023\/11\/FR-300x228.jpg 300w, https:\/\/lfseoul.org\/wp-content\/uploads\/2023\/11\/FR-768x584.jpg 768w, https:\/\/lfseoul.org\/wp-content\/uploads\/2023\/11\/FR-1536x1168.jpg 1536w, https:\/\/lfseoul.org\/wp-content\/uploads\/2023\/11\/FR-2048x1557.jpg 2048w, https:\/\/lfseoul.org\/wp-content\/uploads\/2023\/11\/FR-10x8.jpg 10w, https:\/\/lfseoul.org\/wp-content\/uploads\/2023\/11\/FR-15x11.jpg 15w, https:\/\/lfseoul.org\/wp-content\/uploads\/2023\/11\/FR-48x37.jpg 48w\" sizes=\"auto, (max-width: 1024px) 100vw, 1024px\" \/><\/figure><\/div>\n\n\n<div style=\"height:30px\" aria-hidden=\"true\" class=\"wp-block-spacer\"><\/div>\n\n\n<div class=\"gb-container gb-container-a6dfda9f\"><div class=\"gb-inside-container\">\n\n<p>*Lors de l&rsquo;inscription les parents peuvent autoriser leur(s) enfant(s) ayant une pathologie respiratoire \u00e0 sortir en cas de pollution AQI compris entre 100 et 150<\/p>\n\n\n\n<p>AQI&nbsp;(Air Quality Index) R\u00e9f\u00e9rence de la borne : <a href=\"https:\/\/www.iqair.com\/south-korea\/seoul\/seocho-gu\" target=\"_blank\" rel=\"noopener\">https:\/\/www.iqair.com\/south-korea\/seoul\/seocho-gu<\/a><\/p>\n\n\n\n<ul class=\"wp-block-list\">\n<li>Moniteur AQI (mise \u00e0 jour toutes les 15 minutes) : Uniquement sur l&rsquo;application mobile. Cliquez ici pour voir le <a href=\"https:\/\/lfseoul.org\/wp-content\/uploads\/2022\/07\/FR-EN-Tutorial-Application-AirVisual.pdf\" target=\"_blank\" rel=\"noreferrer noopener\">tutoriel comment t\u00e9l\u00e9charger l&rsquo;application mobile<\/a>. <\/li>\n<\/ul>\n\n<\/div><\/div>\n\n\n<div style=\"height:20px\" aria-hidden=\"true\" class=\"wp-block-spacer\"><\/div>\n\n<\/div><\/div>\n\n<div class=\"gb-container gb-container-15629768\"><div class=\"gb-inside-container\">\n\n<h2 class=\"wp-block-heading has-text-align-center\" id=\"5-frais-de-scolarit%C3%A9-lien-vers-la-page-frais-de-scolarit%C3%A9\"><strong><strong>PROTOCOLE D\u2019HYGI\u00c8NE<\/strong><\/strong><\/h2>\n\n\n<div class=\"gb-container gb-container-a5618c83\"><div class=\"gb-inside-container\">\n<div class=\"gb-grid-wrapper gb-grid-wrapper-a781ffdb\">\n<div class=\"gb-grid-column gb-grid-column-017b19a4\"><div class=\"gb-container gb-container-017b19a4\"><div class=\"gb-inside-container\">\n\n<figure class=\"wp-block-image size-large\"><img loading=\"lazy\" decoding=\"async\" width=\"1024\" height=\"683\" src=\"https:\/\/lfseoul.org\/wp-content\/uploads\/2021\/03\/DSC05182-1024x683.jpg\" alt=\"\" class=\"wp-image-10379\" srcset=\"https:\/\/lfseoul.org\/wp-content\/uploads\/2021\/03\/DSC05182-1024x683.jpg 1024w, https:\/\/lfseoul.org\/wp-content\/uploads\/2021\/03\/DSC05182-300x200.jpg 300w, https:\/\/lfseoul.org\/wp-content\/uploads\/2021\/03\/DSC05182-768x512.jpg 768w, https:\/\/lfseoul.org\/wp-content\/uploads\/2021\/03\/DSC05182-1536x1024.jpg 1536w, https:\/\/lfseoul.org\/wp-content\/uploads\/2021\/03\/DSC05182-2048x1365.jpg 2048w, https:\/\/lfseoul.org\/wp-content\/uploads\/2021\/03\/DSC05182-1200x800.jpg 1200w, https:\/\/lfseoul.org\/wp-content\/uploads\/2021\/03\/DSC05182-10x7.jpg 10w, https:\/\/lfseoul.org\/wp-content\/uploads\/2021\/03\/DSC05182-15x10.jpg 15w, https:\/\/lfseoul.org\/wp-content\/uploads\/2021\/03\/DSC05182-48x32.jpg 48w\" sizes=\"auto, (max-width: 1024px) 100vw, 1024px\" \/><\/figure>\n\n<\/div><\/div><\/div>\n\n<div class=\"gb-grid-column gb-grid-column-294afd7c\"><div class=\"gb-container gb-container-294afd7c\"><div class=\"gb-inside-container\">\n\n<p>L\u2019hygi\u00e8ne fait partie des <span style=\"color: #d72335;\" data=\"#d72335\" class=\"qubely-text-has-color\">fondamentaux enseign\u00e9s d\u00e8s la maternelle<\/span>. Les \u00e9l\u00e8ves se lavent les mains apr\u00e8s les r\u00e9cr\u00e9ations, apr\u00e8s \u00eatre all\u00e9s aux toilettes, et avant d\u2019aller d\u00e9jeuner. Au primaire, les r\u00e8gles d\u2019hygi\u00e8ne sont communiqu\u00e9es aux \u00e9l\u00e8ves en classe, et au secondaire, un protocole d\u2019hygi\u00e8ne est remis aux \u00e9l\u00e8ves et envoy\u00e9 aux parents.<\/p>\n\n\n\n<p><span style=\"color: #d72335;\" data=\"#d72335\" class=\"qubely-text-has-color\">Depuis la crise sanitaire du Covid-19, les mesures d\u2019hygi\u00e8ne ont \u00e9t\u00e9 renforc\u00e9es,<\/span> parmi lesquelles : les tables et ustensiles sont d\u00e9sinfect\u00e9s plusieurs fois par jour, toute personne entrant dans l\u2019\u00e9tablissement doit remplir un questionnaire de sant\u00e9 et reporter sa temp\u00e9rature, le port du masque est obligatoire pour tous \u00e0 tout moment de la journ\u00e9e, les tables des salles de classe ont \u00e9t\u00e9 espac\u00e9es et des cloisons ont \u00e9t\u00e9 install\u00e9es au r\u00e9fectoire. Retrouvez le d\u00e9tail du <a href=\"https:\/\/lfseoul.org\/wp-content\/uploads\/2021\/06\/FR-2020-21-LFS-Protocole-Sanitaire-12-MARS.pdf\" target=\"_blank\" rel=\"noreferrer noopener\">protocole Covid-19 du LFS ici<\/a>.<\/p>\n\n<\/div><\/div><\/div>\n<\/div>\n<\/div><\/div>\n<\/div><\/div>\n\n<div class=\"gb-container gb-container-50c3fe0a\"><div class=\"gb-inside-container\">\n\n<h2 class=\"wp-block-heading has-text-align-center\" id=\"5-frais-de-scolarit%C3%A9-lien-vers-la-page-frais-de-scolarit%C3%A9\"><strong><strong><strong>PROTOCOLE EN CAS D\u2019ACCIDENT<\/strong><\/strong><\/strong><\/h2>\n\n\n<div class=\"gb-container gb-container-58c6a217\"><div class=\"gb-inside-container\">\n<div class=\"gb-grid-wrapper gb-grid-wrapper-fd70020e\">\n<div class=\"gb-grid-column gb-grid-column-411d8811\"><div class=\"gb-container gb-container-411d8811\"><div class=\"gb-inside-container\">\n\n<p class=\"has-text-color\" style=\"color:#d72335\"><span style=\"color: #d72335;\" data=\"#d72335\" class=\"qubely-text-has-color\">En cas d\u2019accident dans l\u2019\u00e9tablissement n\u00e9cessitant une intervention m\u00e9dicale ext\u00e9rieure, l\u2019infirmi\u00e8re pr\u00e9vient imm\u00e9diatement les parents<\/span>, ou le contact d\u2019urgence si besoin, et les services d\u2019urgence (119).<\/p>\n\n\n\n<p>En cas d\u2019arriv\u00e9e retard\u00e9e de la famille, un personnel de l\u2019\u00e9tablissement&nbsp; accompagne l\u2019enfant \u00e0 l\u2019h\u00f4pital et attend l\u2019arriv\u00e9e des parents ou du contact d\u2019urgence. En aucun cas, le LFS ne laisse un \u00e9l\u00e8ve aller ou rester seul \u00e0 l\u2019h\u00f4pital.<\/p>\n\n<\/div><\/div><\/div>\n\n<div class=\"gb-grid-column gb-grid-column-f01df479\"><div class=\"gb-container gb-container-f01df479\"><div class=\"gb-inside-container\">\n\n<figure class=\"wp-block-image size-large\"><img loading=\"lazy\" decoding=\"async\" width=\"1024\" height=\"683\" src=\"https:\/\/lfseoul.org\/wp-content\/uploads\/2021\/03\/DSC05130-1024x683.jpg\" alt=\"\" class=\"wp-image-10381\" srcset=\"https:\/\/lfseoul.org\/wp-content\/uploads\/2021\/03\/DSC05130-1024x683.jpg 1024w, https:\/\/lfseoul.org\/wp-content\/uploads\/2021\/03\/DSC05130-300x200.jpg 300w, https:\/\/lfseoul.org\/wp-content\/uploads\/2021\/03\/DSC05130-768x512.jpg 768w, https:\/\/lfseoul.org\/wp-content\/uploads\/2021\/03\/DSC05130-1536x1024.jpg 1536w, https:\/\/lfseoul.org\/wp-content\/uploads\/2021\/03\/DSC05130-2048x1365.jpg 2048w, https:\/\/lfseoul.org\/wp-content\/uploads\/2021\/03\/DSC05130-1200x800.jpg 1200w, https:\/\/lfseoul.org\/wp-content\/uploads\/2021\/03\/DSC05130-10x7.jpg 10w, https:\/\/lfseoul.org\/wp-content\/uploads\/2021\/03\/DSC05130-15x10.jpg 15w, https:\/\/lfseoul.org\/wp-content\/uploads\/2021\/03\/DSC05130-48x32.jpg 48w\" sizes=\"auto, (max-width: 1024px) 100vw, 1024px\" \/><\/figure>\n\n<\/div><\/div><\/div>\n<\/div>\n<\/div><\/div>\n<\/div><\/div>\n\n<div class=\"gb-container gb-container-e9934e93\"><div class=\"gb-inside-container\">\n\n<h2 class=\"wp-block-heading has-text-align-center\" id=\"5-frais-de-scolarit%C3%A9-lien-vers-la-page-frais-de-scolarit%C3%A9\"><strong><strong><strong>PLAN PARTICULIER DE MISE EN S\u00dbRET\u00c9 (PPMS)<\/strong><\/strong><\/strong><\/h2>\n\n\n<div class=\"gb-container gb-container-50002ba6\"><div class=\"gb-inside-container\">\n<div class=\"gb-grid-wrapper gb-grid-wrapper-7825cfc5\">\n<div class=\"gb-grid-column gb-grid-column-322050c2\"><div class=\"gb-container gb-container-322050c2\"><div class=\"gb-inside-container\">\n\n<figure class=\"wp-block-image size-large\"><img loading=\"lazy\" decoding=\"async\" width=\"1024\" height=\"683\" src=\"https:\/\/lfseoul.org\/wp-content\/uploads\/2021\/03\/DSC08093-1-1024x683.jpg\" alt=\"\" class=\"wp-image-10383\" srcset=\"https:\/\/lfseoul.org\/wp-content\/uploads\/2021\/03\/DSC08093-1-1024x683.jpg 1024w, https:\/\/lfseoul.org\/wp-content\/uploads\/2021\/03\/DSC08093-1-300x200.jpg 300w, https:\/\/lfseoul.org\/wp-content\/uploads\/2021\/03\/DSC08093-1-768x512.jpg 768w, https:\/\/lfseoul.org\/wp-content\/uploads\/2021\/03\/DSC08093-1-1536x1024.jpg 1536w, https:\/\/lfseoul.org\/wp-content\/uploads\/2021\/03\/DSC08093-1-2048x1365.jpg 2048w, https:\/\/lfseoul.org\/wp-content\/uploads\/2021\/03\/DSC08093-1-1200x800.jpg 1200w, https:\/\/lfseoul.org\/wp-content\/uploads\/2021\/03\/DSC08093-1-10x7.jpg 10w, https:\/\/lfseoul.org\/wp-content\/uploads\/2021\/03\/DSC08093-1-15x10.jpg 15w, https:\/\/lfseoul.org\/wp-content\/uploads\/2021\/03\/DSC08093-1-48x32.jpg 48w\" sizes=\"auto, (max-width: 1024px) 100vw, 1024px\" \/><\/figure>\n\n<\/div><\/div><\/div>\n\n<div class=\"gb-grid-column gb-grid-column-0d2f0101\"><div class=\"gb-container gb-container-0d2f0101\"><div class=\"gb-inside-container\">\n\n<p>Le PPMS est mis en place par le LFS pour prot\u00e9ger les \u00e9l\u00e8ves et le personnel pr\u00e9sents dans l\u2019\u00e9tablissement <span style=\"color: #d72335;\" data=\"#d72335\" class=\"qubely-text-has-color\">en cas d\u2019incident ou d\u2019accident majeur<\/span>.<\/p>\n\n\n\n<p>Pour atteindre ses objectifs <span style=\"color: #d72335;\" data=\"#d72335\" class=\"qubely-text-has-color\">le PPMS est op\u00e9rationnel et actualis\u00e9 r\u00e9guli\u00e8rement<\/span>. La r\u00e9daction, la mise en oeuvre et la mise \u00e0 jour annuelle du PPMS sont assur\u00e9es en \u00e9troite relation avec le poste diplomatique, et apr\u00e8s validation par l\u2019officier de s\u00e9curit\u00e9 de l\u2019Ambassade de France \u00e0 chaque rentr\u00e9e. Des personnels du LFS ont des missions particuli\u00e8res et participent \u00e0 des sessions de pr\u00e9paration sp\u00e9cifiques.<\/p>\n\n\n\n<p>Des <span style=\"color: #d72335;\" data=\"#d72335\" class=\"qubely-text-has-color\">exercices sont organis\u00e9s dans l\u2019ann\u00e9e<\/span> pour consolider le protocole, comme l\u2019\u00e9vacuation de l\u2019\u00e9tablissement ou le confinement.<\/p>\n\n\n\n<p>Que ce soit en cas d\u2019exercice ou en situation r\u00e9elle, le PPMS pr\u00e9voit une communication aux parents pour les avertir de la situation et de la conduite \u00e0 tenir.<\/p>\n\n<\/div><\/div><\/div>\n<\/div>\n<\/div><\/div>\n<\/div><\/div>\n\n<div class=\"gb-container gb-container-35a14bf3\"><div class=\"gb-inside-container\">\n<div class=\"gb-grid-wrapper gb-grid-wrapper-37c27312\">\n<div class=\"gb-grid-column gb-grid-column-d7101fa8\"><div class=\"gb-container gb-container-d7101fa8\"><div class=\"gb-inside-container\">\n\n<p class=\"gb-headline gb-headline-038e23d8\"><span class=\"gb-icon\"><svg aria-hidden=\"true\" height=\"1em\" width=\"1em\" viewBox=\"0 0 384 512\" xmlns=\"http:\/\/www.w3.org\/2000\/svg\"><path fill=\"currentColor\" d=\"M97.12 362.63c-8.69-8.69-4.16-6.24-25.12-11.85-9.51-2.55-17.87-7.45-25.43-13.32L1.2 448.7c-4.39 10.77 3.81 22.47 15.43 22.03l52.69-2.01L105.56 507c8 8.44 22.04 5.81 26.43-4.96l52.05-127.62c-10.84 6.04-22.87 9.58-35.31 9.58-19.5 0-37.82-7.59-51.61-21.37zM382.8 448.7l-45.37-111.24c-7.56 5.88-15.92 10.77-25.43 13.32-21.07 5.64-16.45 3.18-25.12 11.85-13.79 13.78-32.12 21.37-51.62 21.37-12.44 0-24.47-3.55-35.31-9.58L252 502.04c4.39 10.77 18.44 13.4 26.43 4.96l36.25-38.28 52.69 2.01c11.62.44 19.82-11.27 15.43-22.03zM263 340c15.28-15.55 17.03-14.21 38.79-20.14 13.89-3.79 24.75-14.84 28.47-28.98 7.48-28.4 5.54-24.97 25.95-45.75 10.17-10.35 14.14-25.44 10.42-39.58-7.47-28.38-7.48-24.42 0-52.83 3.72-14.14-.25-29.23-10.42-39.58-20.41-20.78-18.47-17.36-25.95-45.75-3.72-14.14-14.58-25.19-28.47-28.98-27.88-7.61-24.52-5.62-44.95-26.41-10.17-10.35-25-14.4-38.89-10.61-27.87 7.6-23.98 7.61-51.9 0-13.89-3.79-28.72.25-38.89 10.61-20.41 20.78-17.05 18.8-44.94 26.41-13.89 3.79-24.75 14.84-28.47 28.98-7.47 28.39-5.54 24.97-25.95 45.75-10.17 10.35-14.15 25.44-10.42 39.58 7.47 28.36 7.48 24.4 0 52.82-3.72 14.14.25 29.23 10.42 39.59 20.41 20.78 18.47 17.35 25.95 45.75 3.72 14.14 14.58 25.19 28.47 28.98C104.6 325.96 106.27 325 121 340c13.23 13.47 33.84 15.88 49.74 5.82a39.676 39.676 0 0 1 42.53 0c15.89 10.06 36.5 7.65 49.73-5.82zM97.66 175.96c0-53.03 42.24-96.02 94.34-96.02s94.34 42.99 94.34 96.02-42.24 96.02-94.34 96.02-94.34-42.99-94.34-96.02z\"><\/path><\/svg><\/span><span class=\"gb-headline-text\"><strong>Pour une \u00e9ducation fran\u00e7aise homologu\u00e9e, <\/strong><br><strong>offrant des parcours plurilingues<\/strong><\/span><\/p>\n\n<\/div><\/div><\/div>\n<\/div>\n\n<div class=\"gb-button-wrapper gb-button-wrapper-a284bc53\">\n\n<a class=\"gb-button gb-button-9d712240 gb-button-text\" href=\"https:\/\/lfseoul.org\/admission\/\" target=\"_blank\" rel=\"noopener noreferrer\">JE M&rsquo;INSCRIS<\/a>\n\n<\/div>\n<\/div><\/div>","protected":false},"excerpt":{"rendered":"<p>Le Lyc\u00e9e Fran\u00e7ais de S\u00e9oul (LFS) dispose de protocoles afin d\u2019assurer la s\u00e9curit\u00e9 de tous ceux pr\u00e9sents dans l\u2019\u00e9tablissement. Pour la politique de confidentialit\u00e9, veuillez cliquer ici. PROTOCOLE EN CAS DE POLLUTION Le LFS utilise la borne professionnelle de Seocho-Gu &#8230; <\/p>\n<p class=\"read-more-container\"><a title=\"PROTOCOLES SANT\u00c9 &#038; S\u00c9CURIT\u00c9\" class=\"read-more button\" href=\"https:\/\/lfseoul.org\/fr\/protocoles-sante-securite\/#more-10372\" aria-label=\"En savoir plus sur PROTOCOLES SANT\u00c9 &#038; S\u00c9CURIT\u00c9\">En savoir plus<\/a><\/p>\n","protected":false},"author":4,"featured_media":10374,"parent":0,"menu_order":0,"comment_status":"closed","ping_status":"closed","template":"","meta":{"qubely_global_settings":"","qubely_interactions":"","inline_featured_image":false,"footnotes":""},"class_list":{"0":"post-10372","1":"page","2":"type-page","3":"status-publish","4":"has-post-thumbnail","6":"infinite-scroll-item","7":"resize-featured-image"},"_links":{"self":[{"href":"https:\/\/lfseoul.org\/fr\/wp-json\/wp\/v2\/pages\/10372","targetHints":{"allow":["GET"]}}],"collection":[{"href":"https:\/\/lfseoul.org\/fr\/wp-json\/wp\/v2\/pages"}],"about":[{"href":"https:\/\/lfseoul.org\/fr\/wp-json\/wp\/v2\/types\/page"}],"author":[{"embeddable":true,"href":"https:\/\/lfseoul.org\/fr\/wp-json\/wp\/v2\/users\/4"}],"replies":[{"embeddable":true,"href":"https:\/\/lfseoul.org\/fr\/wp-json\/wp\/v2\/comments?post=10372"}],"version-history":[{"count":15,"href":"https:\/\/lfseoul.org\/fr\/wp-json\/wp\/v2\/pages\/10372\/revisions"}],"predecessor-version":[{"id":20979,"href":"https:\/\/lfseoul.org\/fr\/wp-json\/wp\/v2\/pages\/10372\/revisions\/20979"}],"wp:featuredmedia":[{"embeddable":true,"href":"https:\/\/lfseoul.org\/fr\/wp-json\/wp\/v2\/media\/10374"}],"wp:attachment":[{"href":"https:\/\/lfseoul.org\/fr\/wp-json\/wp\/v2\/media?parent=10372"}],"curies":[{"name":"wp","href":"https:\/\/api.w.org\/{rel}","templated":true}]}}