{"id":10431,"date":"2021-03-31T00:50:12","date_gmt":"2021-03-31T00:50:12","guid":{"rendered":"https:\/\/54.68.147.74\/~lfs\/?page_id=10431"},"modified":"2025-04-16T04:50:02","modified_gmt":"2025-04-16T04:50:02","slug":"initiation-aux-technologies","status":"publish","type":"page","link":"https:\/\/lfseoul.org\/fr\/initiation-aux-technologies\/","title":{"rendered":"INITIATION AUX TECHNOLOGIES"},"content":{"rendered":"<div class=\"gb-container gb-container-263cd2c7\"><div class=\"gb-inside-container\">\n\n<p>La technologie et les outils num\u00e9riques sont en \u00e9volution constante, ils font partie de notre quotidien et ont int\u00e9gr\u00e9 aujourd\u2019hui la sph\u00e8re \u00e9ducative fran\u00e7aise. Gr\u00e2ce \u00e0 leur vari\u00e9t\u00e9 et leur flexibilit\u00e9, ils offrent aux \u00e9l\u00e8ves des <span style=\"color: #d72335;\" data=\"#d72335\" class=\"qubely-text-has-color\">supports privil\u00e9gi\u00e9s d\u2019apprentissage, de d\u00e9veloppement de comp\u00e9tences<\/span>, et l\u2019opportunit\u00e9 de participer \u00e0 des comp\u00e9titions scientifiques.<\/p>\n\n\n\n<p>Le Lyc\u00e9e Fran\u00e7ais de S\u00e9oul (LFS) a adopt\u00e9 une <span style=\"color: #d72335;\" data=\"#d72335\" class=\"qubely-text-has-color\">approche \u00e9volutive intelligente de l\u2019utilisation des nouvelles technologies et outils num\u00e9riques<\/span>, initiant ses \u00e9l\u00e8ves d\u00e8s la maternelle \u00e0 un usage mod\u00e9r\u00e9 pour les amener en \u00e9l\u00e9mentaire \u00e0 d\u00e9velopper des comp\u00e9tences de recherche et d\u2019organisation des informations, et finalement au secondaire les guider vers une utilisation ind\u00e9pendante et m\u00e9thodique des ordinateurs et du Fab Lab. <br>Ces comp\u00e9tences acquises au fil de leur scolarit\u00e9 leur donnent les cl\u00e9s pour une poursuite d\u2019\u00e9tudes dans l\u2019enseignement sup\u00e9rieur.<\/p>\n\n\n<div class=\"wp-block-image animated fadeInLeft\">\n<figure class=\"aligncenter size-large\"><img loading=\"lazy\" decoding=\"async\" width=\"1024\" height=\"349\" src=\"https:\/\/lfseoul.org\/wp-content\/uploads\/2021\/03\/Initiation-aux-techno.001-1-1024x349.png\" alt=\"\" class=\"wp-image-10446\" srcset=\"https:\/\/lfseoul.org\/wp-content\/uploads\/2021\/03\/Initiation-aux-techno.001-1-1024x349.png 1024w, https:\/\/lfseoul.org\/wp-content\/uploads\/2021\/03\/Initiation-aux-techno.001-1-300x102.png 300w, https:\/\/lfseoul.org\/wp-content\/uploads\/2021\/03\/Initiation-aux-techno.001-1-768x262.png 768w, https:\/\/lfseoul.org\/wp-content\/uploads\/2021\/03\/Initiation-aux-techno.001-1-1536x523.png 1536w, https:\/\/lfseoul.org\/wp-content\/uploads\/2021\/03\/Initiation-aux-techno.001-1-10x3.png 10w, https:\/\/lfseoul.org\/wp-content\/uploads\/2021\/03\/Initiation-aux-techno.001-1-15x5.png 15w, https:\/\/lfseoul.org\/wp-content\/uploads\/2021\/03\/Initiation-aux-techno.001-1-48x16.png 48w, https:\/\/lfseoul.org\/wp-content\/uploads\/2021\/03\/Initiation-aux-techno.001-1.png 1794w\" sizes=\"auto, (max-width: 1024px) 100vw, 1024px\" \/><\/figure><\/div>\n<\/div><\/div>\n\n<div class=\"gb-container gb-container-6b812668\"><div class=\"gb-inside-container\">\n\n<h2 class=\"wp-block-heading has-text-align-center\" id=\"cycle\"><strong><strong>UNE UTILISATION R\u00c9FL\u00c9CHIE DE LA TECHNOLOGIE<\/strong><\/strong><\/h2>\n\n\n\n<div style=\"height:34px\" aria-hidden=\"true\" class=\"wp-block-spacer\"><\/div>\n\n\n<div class=\"gb-grid-wrapper gb-grid-wrapper-7a1e1378\">\n<div class=\"gb-grid-column gb-grid-column-737d80ef\"><div class=\"gb-container gb-container-737d80ef\">\n\n<figure class=\"wp-block-image size-large\"><img loading=\"lazy\" decoding=\"async\" width=\"1024\" height=\"683\" src=\"https:\/\/lfseoul.org\/wp-content\/uploads\/2024\/09\/R5CC5657_reduced-1024x683.jpg\" alt=\"\" class=\"wp-image-19907\" srcset=\"https:\/\/lfseoul.org\/wp-content\/uploads\/2024\/09\/R5CC5657_reduced-1024x683.jpg 1024w, https:\/\/lfseoul.org\/wp-content\/uploads\/2024\/09\/R5CC5657_reduced-300x200.jpg 300w, https:\/\/lfseoul.org\/wp-content\/uploads\/2024\/09\/R5CC5657_reduced-768x512.jpg 768w, https:\/\/lfseoul.org\/wp-content\/uploads\/2024\/09\/R5CC5657_reduced-1536x1024.jpg 1536w, https:\/\/lfseoul.org\/wp-content\/uploads\/2024\/09\/R5CC5657_reduced-1200x800.jpg 1200w, https:\/\/lfseoul.org\/wp-content\/uploads\/2024\/09\/R5CC5657_reduced-10x7.jpg 10w, https:\/\/lfseoul.org\/wp-content\/uploads\/2024\/09\/R5CC5657_reduced-15x10.jpg 15w, https:\/\/lfseoul.org\/wp-content\/uploads\/2024\/09\/R5CC5657_reduced-48x32.jpg 48w\" sizes=\"auto, (max-width: 1024px) 100vw, 1024px\" \/><\/figure>\n\n<\/div><\/div>\n\n<div class=\"gb-grid-column gb-grid-column-7f23d0ce\"><div class=\"gb-container gb-container-7f23d0ce\">\n\n<ul class=\"wp-block-list animated fadeInRight\">\n<li>Ouverture d\u2019un <span style=\"color: #d72335;\" data=\"#d72335\" class=\"qubely-text-has-color\">Fab Lab<\/span> en 2019 : les \u00e9l\u00e8ves apprennent \u00e0 manipuler une imprimante 3D, des mini perceuses, un poste \u00e0 souder, une cisaille \u00e0 guillotine, une thermoplieuse, une d\u00e9coupe laser, etc.<\/li>\n\n\n\n<li><span style=\"color: #d72335;\" data=\"#d72335\" class=\"qubely-text-has-color\">1 station m\u00e9t\u00e9orologique<\/span> sur les toits du LFS permettant aux \u00e9l\u00e8ves d\u2019analyser les <a href=\"https:\/\/www.infoclimat.fr\/observations-meteo\/temps-reel\/-mae-lycee-francais-de-seoul\/ME142.html?\" target=\"_blank\" rel=\"noreferrer noopener\">donn\u00e9es climatiques en temps r\u00e9el<\/a><\/li>\n\n\n\n<li><span style=\"color: #d72335;\" data=\"#d72335\" class=\"qubely-text-has-color\">1 espace informatique au CDI<\/span> en libre service pour les \u00e9l\u00e8ves du coll\u00e8ge et du lyc\u00e9e<\/li>\n\n\n\n<li>Enseignement hebdomadaire de la <span style=\"color: #d72335;\" data=\"#d72335\" class=\"qubely-text-has-color\">technologie de la 6\u00e8me \u00e0 la Seconde<\/span><\/li>\n\n\n\n<li>Participation \u00e0 des <span style=\"color: #d72335;\" data=\"#d72335\" class=\"qubely-text-has-color\">concours de robotique<\/span> (Zigzag) <span style=\"color: #d72335;\" data=\"#d72335\" class=\"qubely-text-has-color\">et de coding<\/span> (Nuit du cOde) au secondaire<\/li>\n\n\n\n<li>12 <span style=\"color: #d72335;\" data=\"#d72335\" class=\"qubely-text-has-color\">Ipads<\/span> en \u00e9l\u00e9mentaire pour travailler la lecture et les math\u00e9matiques, et participer \u00e0 des projets collaboratifs pluridisciplinaires<\/li>\n\n\n\n<li>Utilisation ponctuelle du num\u00e9rique en maternelle avec une <span style=\"color: #d72335;\" data=\"#d72335\" class=\"qubely-text-has-color\">exposition limit\u00e9e et contr\u00f4l\u00e9e<\/span>&nbsp;<\/li>\n\n\n\n<li>Utilisation de la plateforme en-ligne <span style=\"color: #d72335;\" data=\"#d72335\" class=\"qubely-text-has-color\">Classroom<\/span> pour des projets collaboratifs d\u00e8s l\u2019\u00e9l\u00e9mentaire, et des analyses de donn\u00e9es scientifiques au secondaire<\/li>\n\n\n\n<li><span style=\"color: #d72335;\" data=\"#d72335\" class=\"qubely-text-has-color\">10 robots Mbot, 15 robots Thymio et 2 drones<\/span> \u00e0 piloter et programmer par les \u00e9l\u00e8ves de coll\u00e8ge<\/li>\n\n\n\n<li><span style=\"color: #d72335;\" data=\"#d72335\" class=\"qubely-text-has-color\">1 application mobile EPS d\u00e9velopp\u00e9e au LFS<\/span> pour recenser les donn\u00e9es physiques pendant l\u2019effort<\/li>\n\n\n\n<li>Apprentissage des <span style=\"color: #d72335;\" data=\"#d72335\" class=\"qubely-text-has-color\">langages Scratch et Python<\/span> du CM au lyc\u00e9e<\/li>\n\n\n\n<li><span style=\"color: #de1515;\" data=\"#de1515\" class=\"qubely-text-has-color\">2 tableaux int\u00e9ractifs<\/span> et <span style=\"color: #de1515;\" data=\"#de1515\" class=\"qubely-text-has-color\">1 vid\u00e9o projecteur int\u00e9ractif<\/span> pour les \u00e9l\u00e8ves de l&rsquo;\u00e9cole \u00e9l\u00e9mentaire jusqu&rsquo;au lyc\u00e9e<\/li>\n<\/ul>\n\n<\/div><\/div>\n<\/div>\n<\/div><\/div>\n\n<div class=\"gb-container gb-container-0bd9cf04\"><div class=\"gb-inside-container\">\n\n<h2 class=\"wp-block-heading has-text-align-center\"><strong>UNE SEMAINE ANNUELLE D\u00c9DI\u00c9E \u00c0 LA SCIENCE<\/strong><\/h2>\n\n\n\n<div style=\"height:30px\" aria-hidden=\"true\" class=\"wp-block-spacer\"><\/div>\n\n\n<div class=\"wp-block-image\">\n<figure class=\"aligncenter size-full\"><img loading=\"lazy\" decoding=\"async\" width=\"632\" height=\"422\" src=\"https:\/\/lfseoul.org\/wp-content\/uploads\/2024\/09\/Lab-reduced.png\" alt=\"\" class=\"wp-image-20007\" srcset=\"https:\/\/lfseoul.org\/wp-content\/uploads\/2024\/09\/Lab-reduced.png 632w, https:\/\/lfseoul.org\/wp-content\/uploads\/2024\/09\/Lab-reduced-300x200.png 300w, https:\/\/lfseoul.org\/wp-content\/uploads\/2024\/09\/Lab-reduced-10x7.png 10w, https:\/\/lfseoul.org\/wp-content\/uploads\/2024\/09\/Lab-reduced-15x10.png 15w, https:\/\/lfseoul.org\/wp-content\/uploads\/2024\/09\/Lab-reduced-48x32.png 48w\" sizes=\"auto, (max-width: 632px) 100vw, 632px\" \/><\/figure><\/div>\n\n\n<div style=\"height:30px\" aria-hidden=\"true\" class=\"wp-block-spacer\"><\/div>\n\n\n<div class=\"gb-container gb-container-f2237127\">\n\n<p>Chaque ann\u00e9e, le LFS organise la <span style=\"color: #d72335;\" data=\"#d72335\" class=\"qubely-text-has-color\">Semaine de la science<\/span>, initiative partag\u00e9e par les \u00e9tablissements fran\u00e7ais de France et du r\u00e9seau AEFE.<\/p>\n\n\n\n<p>A l\u2019occasion de cette semaine, les \u00e9l\u00e8ves de la <span style=\"color: #d72335;\" data=\"#d72335\" class=\"qubely-text-has-color\">maternelle au lyc\u00e9e<\/span> participent \u00e0 des projets pr\u00e9par\u00e9s en amont en classe :&nbsp;<\/p>\n\n\n\n<ul class=\"wp-block-list animated fadeInRight\">\n<li>Accueil des \u00e9l\u00e8ves de CM1 et CM2 dans les laboratoires du secondaire par les \u00e9l\u00e8ves de coll\u00e8ge, qui les guident dans l\u2019utilisation de microscopes et partagent avec eux leurs connaissances scientifiques<\/li>\n\n\n\n<li>Exposition dans l\u2019\u00e9tablissement des projets d\u2019\u00e9l\u00e8ves sur un th\u00e8me partag\u00e9 (en 2020\/2021 : th\u00e8me de la m\u00e9t\u00e9o)<\/li>\n\n\n\n<li>Exposition et activit\u00e9s au CDI pour les coll\u00e9giens et lyc\u00e9ens<\/li>\n<\/ul>\n\n<\/div>\n<\/div><\/div>\n\n<div class=\"gb-container gb-container-88c1f8cd\"><div class=\"gb-inside-container\">\n\n<h2 class=\"wp-block-heading has-text-align-center\"><strong>DE NOMBREUX CONCOURS DISPONIBLES PENDANT L&rsquo;ANN\u00c9E SCOLAIRE<\/strong><\/h2>\n\n\n\n<div style=\"height:30px\" aria-hidden=\"true\" class=\"wp-block-spacer\"><\/div>\n\n\n<div class=\"gb-grid-wrapper gb-grid-wrapper-48bcf3b3\">\n<div class=\"gb-grid-column gb-grid-column-5c8f7c42\"><div class=\"gb-container gb-container-5c8f7c42\">\n\n<p>Le Lyc\u00e9e fran\u00e7ais est un centre d&rsquo;examen du test national de math\u00e9matiques, <a href=\"https:\/\/www.aores-sci.fr\/accueil\" target=\"_blank\" rel=\"noreferrer noopener\">TeSciA.<\/a> <\/p>\n\n\n\n<p>Nos \u00e9l\u00e8ves participent \u00e9galement chaque ann\u00e9es \u00e0 des concours de math\u00e9matiques et de sciences national et international, tels que Olympiades de math\u00e9matiques, Kangourou des Mathematiques, Olympiades de g\u00e9osciences, Concours Algor\u00e9a, Concours Zig Zag, Nuit du C0de&#8230;<\/p>\n\n<\/div><\/div>\n\n<div class=\"gb-grid-column gb-grid-column-ad1c2cfa\"><div class=\"gb-container gb-container-ad1c2cfa\">\n\n<figure class=\"wp-block-image size-large\"><img loading=\"lazy\" decoding=\"async\" width=\"1024\" height=\"272\" src=\"https:\/\/lfseoul.org\/wp-content\/uploads\/2024\/09\/tescia-logo-1024x272.png\" alt=\"\" class=\"wp-image-19998\" srcset=\"https:\/\/lfseoul.org\/wp-content\/uploads\/2024\/09\/tescia-logo-1024x272.png 1024w, https:\/\/lfseoul.org\/wp-content\/uploads\/2024\/09\/tescia-logo-300x80.png 300w, https:\/\/lfseoul.org\/wp-content\/uploads\/2024\/09\/tescia-logo-768x204.png 768w, https:\/\/lfseoul.org\/wp-content\/uploads\/2024\/09\/tescia-logo-10x3.png 10w, https:\/\/lfseoul.org\/wp-content\/uploads\/2024\/09\/tescia-logo-15x4.png 15w, https:\/\/lfseoul.org\/wp-content\/uploads\/2024\/09\/tescia-logo-48x13.png 48w, https:\/\/lfseoul.org\/wp-content\/uploads\/2024\/09\/tescia-logo.png 1500w\" sizes=\"auto, (max-width: 1024px) 100vw, 1024px\" \/><\/figure>\n\n<\/div><\/div>\n<\/div>\n<\/div><\/div>\n\n<div class=\"gb-container gb-container-35a14bf3\"><div class=\"gb-inside-container\">\n<div class=\"gb-grid-wrapper gb-grid-wrapper-37c27312\">\n<div class=\"gb-grid-column gb-grid-column-d7101fa8\"><div class=\"gb-container gb-container-d7101fa8\"><div class=\"gb-inside-container\">\n\n<p class=\"gb-headline gb-headline-038e23d8\"><span class=\"gb-icon\"><svg aria-hidden=\"true\" height=\"1em\" width=\"1em\" viewBox=\"0 0 384 512\" xmlns=\"http:\/\/www.w3.org\/2000\/svg\"><path fill=\"currentColor\" d=\"M97.12 362.63c-8.69-8.69-4.16-6.24-25.12-11.85-9.51-2.55-17.87-7.45-25.43-13.32L1.2 448.7c-4.39 10.77 3.81 22.47 15.43 22.03l52.69-2.01L105.56 507c8 8.44 22.04 5.81 26.43-4.96l52.05-127.62c-10.84 6.04-22.87 9.58-35.31 9.58-19.5 0-37.82-7.59-51.61-21.37zM382.8 448.7l-45.37-111.24c-7.56 5.88-15.92 10.77-25.43 13.32-21.07 5.64-16.45 3.18-25.12 11.85-13.79 13.78-32.12 21.37-51.62 21.37-12.44 0-24.47-3.55-35.31-9.58L252 502.04c4.39 10.77 18.44 13.4 26.43 4.96l36.25-38.28 52.69 2.01c11.62.44 19.82-11.27 15.43-22.03zM263 340c15.28-15.55 17.03-14.21 38.79-20.14 13.89-3.79 24.75-14.84 28.47-28.98 7.48-28.4 5.54-24.97 25.95-45.75 10.17-10.35 14.14-25.44 10.42-39.58-7.47-28.38-7.48-24.42 0-52.83 3.72-14.14-.25-29.23-10.42-39.58-20.41-20.78-18.47-17.36-25.95-45.75-3.72-14.14-14.58-25.19-28.47-28.98-27.88-7.61-24.52-5.62-44.95-26.41-10.17-10.35-25-14.4-38.89-10.61-27.87 7.6-23.98 7.61-51.9 0-13.89-3.79-28.72.25-38.89 10.61-20.41 20.78-17.05 18.8-44.94 26.41-13.89 3.79-24.75 14.84-28.47 28.98-7.47 28.39-5.54 24.97-25.95 45.75-10.17 10.35-14.15 25.44-10.42 39.58 7.47 28.36 7.48 24.4 0 52.82-3.72 14.14.25 29.23 10.42 39.59 20.41 20.78 18.47 17.35 25.95 45.75 3.72 14.14 14.58 25.19 28.47 28.98C104.6 325.96 106.27 325 121 340c13.23 13.47 33.84 15.88 49.74 5.82a39.676 39.676 0 0 1 42.53 0c15.89 10.06 36.5 7.65 49.73-5.82zM97.66 175.96c0-53.03 42.24-96.02 94.34-96.02s94.34 42.99 94.34 96.02-42.24 96.02-94.34 96.02-94.34-42.99-94.34-96.02z\"><\/path><\/svg><\/span><span class=\"gb-headline-text\"><strong>Pour une \u00e9ducation fran\u00e7aise homologu\u00e9e, <\/strong><br><strong>offrant des parcours plurilingues<\/strong><\/span><\/p>\n\n<\/div><\/div><\/div>\n<\/div>\n\n<div class=\"gb-button-wrapper gb-button-wrapper-a284bc53\">\n\n<a class=\"gb-button gb-button-9d712240 gb-button-text\" href=\"https:\/\/lfseoul.org\/admission\/\" target=\"_blank\" rel=\"noopener noreferrer\">JE M&rsquo;INSCRIS<\/a>\n\n<\/div>\n<\/div><\/div>","protected":false},"excerpt":{"rendered":"<p>La technologie et les outils num\u00e9riques sont en \u00e9volution constante, ils font partie de notre quotidien et ont int\u00e9gr\u00e9 aujourd\u2019hui la sph\u00e8re \u00e9ducative fran\u00e7aise. Gr\u00e2ce \u00e0 leur vari\u00e9t\u00e9 et leur flexibilit\u00e9, ils offrent aux \u00e9l\u00e8ves des supports privil\u00e9gi\u00e9s d\u2019apprentissage, de &#8230; <\/p>\n<p class=\"read-more-container\"><a title=\"INITIATION AUX TECHNOLOGIES\" class=\"read-more button\" href=\"https:\/\/lfseoul.org\/fr\/initiation-aux-technologies\/#more-10431\" aria-label=\"En savoir plus sur INITIATION AUX TECHNOLOGIES\">En savoir plus<\/a><\/p>\n","protected":false},"author":4,"featured_media":19903,"parent":0,"menu_order":0,"comment_status":"closed","ping_status":"closed","template":"","meta":{"qubely_global_settings":"","qubely_interactions":"","inline_featured_image":false,"footnotes":""},"class_list":{"0":"post-10431","1":"page","2":"type-page","3":"status-publish","4":"has-post-thumbnail","6":"infinite-scroll-item","7":"resize-featured-image"},"_links":{"self":[{"href":"https:\/\/lfseoul.org\/fr\/wp-json\/wp\/v2\/pages\/10431","targetHints":{"allow":["GET"]}}],"collection":[{"href":"https:\/\/lfseoul.org\/fr\/wp-json\/wp\/v2\/pages"}],"about":[{"href":"https:\/\/lfseoul.org\/fr\/wp-json\/wp\/v2\/types\/page"}],"author":[{"embeddable":true,"href":"https:\/\/lfseoul.org\/fr\/wp-json\/wp\/v2\/users\/4"}],"replies":[{"embeddable":true,"href":"https:\/\/lfseoul.org\/fr\/wp-json\/wp\/v2\/comments?post=10431"}],"version-history":[{"count":24,"href":"https:\/\/lfseoul.org\/fr\/wp-json\/wp\/v2\/pages\/10431\/revisions"}],"predecessor-version":[{"id":20962,"href":"https:\/\/lfseoul.org\/fr\/wp-json\/wp\/v2\/pages\/10431\/revisions\/20962"}],"wp:featuredmedia":[{"embeddable":true,"href":"https:\/\/lfseoul.org\/fr\/wp-json\/wp\/v2\/media\/19903"}],"wp:attachment":[{"href":"https:\/\/lfseoul.org\/fr\/wp-json\/wp\/v2\/media?parent=10431"}],"curies":[{"name":"wp","href":"https:\/\/api.w.org\/{rel}","templated":true}]}}