{"id":10456,"date":"2021-03-31T02:22:19","date_gmt":"2021-03-31T02:22:19","guid":{"rendered":"https:\/\/54.68.147.74\/~lfs\/?page_id=10456"},"modified":"2026-01-20T02:29:34","modified_gmt":"2026-01-20T02:29:34","slug":"orientation","status":"publish","type":"page","link":"https:\/\/lfseoul.org\/fr\/orientation\/","title":{"rendered":"ORIENTATION"},"content":{"rendered":"<div class=\"gb-container gb-container-154294be\"><div class=\"gb-inside-container\">\n\n<p>Dans le cadre de son <span style=\"color: #d72335;\" data=\"#d72335\" class=\"qubely-text-has-color\">parcours Avenir<\/span>, le Lyc\u00e9e Fran\u00e7ais de S\u00e9oul (LFS) accompagne les coll\u00e9giens et les lyc\u00e9ens dans la construction de leur parcours d\u2019orientation via la d\u00e9couverte du monde professionnel, la construction de leurs choix pour le baccalaur\u00e9at et la pr\u00e9paration de leur cursus universitaire.<\/p>\n\n\n\n<p>Gr\u00e2ce \u00e0 son \u00e9quipe engag\u00e9e dans l\u2019aide \u00e0 l\u2019orientation, constitu\u00e9e de son PRIO (Personnel R\u00e9f\u00e9rent en Information et Orientation), de son CPE (Conseiller Principal d\u2019Education), de son professeur-documentaliste et de ses professeurs principaux au secondaire, le LFS organise de <span style=\"color: #d72335;\" data=\"#d72335\" class=\"qubely-text-has-color\">nombreux \u00e9v\u00e9nements et r\u00e9unions<\/span> tout au long de l\u2019ann\u00e9e.<\/p>\n\n<\/div><\/div>\n\n<div class=\"gb-container gb-container-358b348a\"><div class=\"gb-inside-container\">\n\n<h2 class=\"wp-block-heading has-text-align-center\" id=\"cycle\"><strong><strong><strong><strong><strong><strong><strong>UNE INTRODUCTION AU MONDE PROFESSIONNEL D\u00c8S LE COLL\u00c8GE<\/strong><\/strong><\/strong><\/strong><\/strong><\/strong><\/strong><\/h2>\n\n\n<div class=\"gb-container gb-container-c6a5957e\"><div class=\"gb-inside-container\">\n<div class=\"gb-grid-wrapper gb-grid-wrapper-d056d23f\">\n<div class=\"gb-grid-column gb-grid-column-65939b8d\"><div class=\"gb-container gb-container-65939b8d\"><div class=\"gb-inside-container\"><\/div><\/div><\/div>\n\n<div class=\"gb-grid-column gb-grid-column-a46cb01b\"><div class=\"gb-container gb-container-a46cb01b\"><div class=\"gb-inside-container\">\n\n<p>Au coll\u00e8ge la construction du parcours d\u2019orientation s\u2019appuie sur les comp\u00e9tences du socle commun telles que l\u2019autonomie, l\u2019initiative, les comp\u00e9tences sociales et civiques. Selon les niveaux, les activit\u00e9s r\u00e9pondent \u00e0 diff\u00e9rents objectifs:<\/p>\n\n\n\n<ul class=\"wp-block-list animated fadeInRight\">\n<li><span style=\"color: #d72335;\" data=\"#d72335\" class=\"qubely-text-has-color\">En 6\u00e8me et 5\u00e8me<\/span> : apprendre \u00e0 conna\u00eetre les caract\u00e9ristiques des m\u00e9tiers, recueillir des informations, chercher \u00e0 d\u00e9couvrir ses int\u00e9r\u00eats, imaginer son futur<\/li>\n\n\n\n<li><span style=\"color: #d72335;\" data=\"#d72335\" class=\"qubely-text-has-color\">En 4\u00e8me<\/span> : mettre en place une d\u00e9marche rationnelle, acqu\u00e9rir des m\u00e9thodes d\u2019analyse et de traitement des donn\u00e9es, d\u00e9velopper son sens critique et sa capacit\u00e9 de questionnement<\/li>\n\n\n\n<li><span style=\"color: #d72335;\" data=\"#d72335\" class=\"qubely-text-has-color\">En 3\u00e8me<\/span> : mettre en coh\u00e9rence ses pr\u00e9f\u00e9rences, s\u2019approprier les connaissances pour se situer et faire des choix<\/li>\n<\/ul>\n\n\n\n<p>Des <span style=\"color: #d72335;\" data=\"#d72335\" class=\"qubely-text-has-color\">actions et projets<\/span> coordonn\u00e9s par le professeur principal tout au long de l\u2019ann\u00e9e permettent aux \u00e9l\u00e8ves de d\u00e9couvrir les m\u00e9tiers et le monde professionnel.<\/p>\n\n\n\n<p>Les \u00e9l\u00e8ves du coll\u00e8ge ont acc\u00e8s aux <span style=\"color: #d72335;\" data=\"#d72335\" class=\"qubely-text-has-color\">ressources disponibles au CDI<\/span>, et assistent aux expositions et \u00e9v\u00e9nements organis\u00e9s par le LFS.&nbsp;&nbsp;&nbsp;<\/p>\n\n<\/div><\/div><\/div>\n<\/div>\n<\/div><\/div>\n<\/div><\/div>\n\n<div class=\"gb-container gb-container-6177bf32\"><div class=\"gb-inside-container\">\n\n<h2 class=\"wp-block-heading has-text-align-center\"><strong><strong>UN ACCOMPAGNEMENT PERSONNALIS\u00c9 AU LYC\u00c9E<\/strong><\/strong><\/h2>\n\n\n\n<div style=\"height:30px\" aria-hidden=\"true\" class=\"wp-block-spacer\"><\/div>\n\n\n<div class=\"gb-container gb-container-2fb04760\"><div class=\"gb-inside-container\">\n\n<p>Au lyc\u00e9e, le parcours d\u2019orientation \u00e9volue vers la pr\u00e9paration de l\u2019apr\u00e8s-baccalaur\u00e9at. Selon les niveaux, les objectifs varient :<\/p>\n\n\n\n<ul class=\"wp-block-list animated fadeInRight\">\n<li><span style=\"color: #d72335;\" data=\"#d72335\" class=\"qubely-text-has-color\">En Seconde<\/span> : rechercher et organiser l\u2019information utile pour d\u00e9crire le parcours du lyc\u00e9e \u00e0 l\u2019apr\u00e8s-baccalaur\u00e9at<\/li>\n\n\n\n<li><span style=\"color: #d72335;\" data=\"#d72335\" class=\"qubely-text-has-color\">En Premi\u00e8re<\/span> : se projeter vers le post-baccalaur\u00e9at<\/li>\n\n\n\n<li><span style=\"color: #d72335;\" data=\"#d72335\" class=\"qubely-text-has-color\">En Terminale<\/span> : finaliser ses choix, pr\u00e9parer son dossier, convaincre les \u00e9tablissements, pr\u00e9parer les concours<\/li>\n<\/ul>\n\n\n\n<p>Au lyc\u00e9e, les \u00e9l\u00e8ves disposent d\u2019heures d\u00e9di\u00e9es chaque semaine \u00e0 la construction du projet d\u2019orientation.<\/p>\n\n\n\n<p>D\u00e8s la Seconde, chaque \u00e9l\u00e8ve b\u00e9n\u00e9ficie d\u2019un <span style=\"color: #d72335;\" data=\"#d72335\" class=\"qubely-text-has-color\">entretien annuel individualis\u00e9 avec le PRIO <\/span>afin d&rsquo;\u00e9changer sur les projets d\u2019orientation. Les familles peuvent \u00e0 tout moment solliciter une rencontre suppl\u00e9mentaire avec le PRIO si elles en \u00e9prouvent le besoin, ou contacter les professeurs principaux pour apporter un autre regard sur les projets de l\u2019\u00e9l\u00e8ve. En Seconde, l\u2019\u00e9l\u00e8ve va d\u00e9finir les sp\u00e9cialit\u00e9s \u00e0 choisir pour les ann\u00e9es de Premi\u00e8re et Terminale en fonction de ses comp\u00e9tences, de ses app\u00e9tences et de son projet universitaire ; en Premi\u00e8re et en Terminale il d\u00e9finit, construit puis concr\u00e9tise son projet et ses dossiers de candidature pour l\u2019enseignement sup\u00e9rieur.<\/p>\n\n\n\n<p>Le projet universitaire est une construction sur plusieurs mois o\u00f9 l\u2019\u00e9l\u00e8ve et la famille, les enseignants et le PRIO s\u2019investissent pour offrir \u00e0 l\u2019\u00e9l\u00e8ve la possibilit\u00e9 de trouver et acc\u00e9der \u00e0 l\u2019avenir de son choix.<\/p>\n\n\n\n<div style=\"height:30px\" aria-hidden=\"true\" class=\"wp-block-spacer\"><\/div>\n\n\n<div class=\"wp-block-image\">\n<figure class=\"aligncenter size-large is-resized\"><img loading=\"lazy\" decoding=\"async\" width=\"1024\" height=\"637\" src=\"https:\/\/lfseoul.org\/wp-content\/uploads\/2025\/09\/Team-orientation-e1757376179669-1024x637.jpg\" alt=\"\" class=\"wp-image-21371\" style=\"width:551px;height:auto\" srcset=\"https:\/\/lfseoul.org\/wp-content\/uploads\/2025\/09\/Team-orientation-e1757376179669-1024x637.jpg 1024w, https:\/\/lfseoul.org\/wp-content\/uploads\/2025\/09\/Team-orientation-e1757376179669-300x186.jpg 300w, https:\/\/lfseoul.org\/wp-content\/uploads\/2025\/09\/Team-orientation-e1757376179669-768x477.jpg 768w, https:\/\/lfseoul.org\/wp-content\/uploads\/2025\/09\/Team-orientation-e1757376179669-1536x955.jpg 1536w, https:\/\/lfseoul.org\/wp-content\/uploads\/2025\/09\/Team-orientation-e1757376179669-10x6.jpg 10w, https:\/\/lfseoul.org\/wp-content\/uploads\/2025\/09\/Team-orientation-e1757376179669-15x9.jpg 15w, https:\/\/lfseoul.org\/wp-content\/uploads\/2025\/09\/Team-orientation-e1757376179669-48x30.jpg 48w, https:\/\/lfseoul.org\/wp-content\/uploads\/2025\/09\/Team-orientation-e1757376179669.jpg 1673w\" sizes=\"auto, (max-width: 1024px) 100vw, 1024px\" \/><\/figure><\/div>\n\n\n<p class=\"has-text-align-center\">Personnels Ressource en Information et Orientation (PRIO)<\/p>\n\n<\/div><\/div>\n<\/div><\/div>\n\n<div class=\"gb-container gb-container-65d3eac5\"><div class=\"gb-inside-container\">\n\n<h2 class=\"wp-block-heading has-text-align-center\" id=\"cycle\"><strong><strong><strong><strong><strong><strong><strong><strong>DE NOMBREUSES RESSOURCES POUR VOUS INFORMER ET VOUS GUIDER<\/strong><\/strong><\/strong><\/strong><\/strong><\/strong><\/strong><\/strong><\/h2>\n\n\n<div class=\"gb-container gb-container-12419ada\"><div class=\"gb-inside-container\">\n<div class=\"gb-container gb-container-05c04cc8 animated fadeInRight\"><div class=\"gb-inside-container\">\n<div class=\"gb-grid-wrapper gb-grid-wrapper-30cdef0c\">\n<div class=\"gb-grid-column gb-grid-column-df94a58d\"><div class=\"gb-container gb-container-df94a58d\"><div class=\"gb-inside-container\">\n\n<h3 class=\"wp-block-heading has-text-align-center has-text-color\" style=\"color:#d72335;font-size:100px\">1<\/h3>\n\n<\/div><\/div><\/div>\n\n<div class=\"gb-grid-column gb-grid-column-e24cd4af\"><div class=\"gb-container gb-container-e24cd4af\"><div class=\"gb-inside-container\">\n\n<h1 class=\"wp-block-heading has-medium-font-size\"><span style=\"color: #d72335;\" data=\"#d72335\" class=\"qubely-text-has-color\">Le CDI et son \u00ab Espace orientation \u00bb <\/span><\/h1>\n\n\n\n<p>est le premier lieu d\u2019information \u00e0 disposition des \u00e9l\u00e8ves : brochures des \u00e9coles et universit\u00e9s, revues de l\u2019ONISEP, revues de l\u2019Etudiant, livres\u2026<\/p>\n\n\n\n<p>Chaque ann\u00e9e, les revues sont mises \u00e0 jour et les \u00e9l\u00e8ves s\u2019y rendent avec leur professeur principal afin de d\u00e9couvrir et d&rsquo;utiliser efficacement ce lieu d\u2019information privil\u00e9gi\u00e9 dans la construction de leur parcours d\u2019orientation.<\/p>\n\n<\/div><\/div><\/div>\n<\/div>\n<\/div><\/div>\n\n<div class=\"gb-container gb-container-f7d1c5d5\"><div class=\"gb-inside-container\">\n<div class=\"gb-grid-wrapper gb-grid-wrapper-55ef66df animated fadeInRight\">\n<div class=\"gb-grid-column gb-grid-column-0bd34b25\"><div class=\"gb-container gb-container-0bd34b25\"><div class=\"gb-inside-container\">\n\n<h3 class=\"wp-block-heading has-text-align-center has-text-color\" style=\"color:#d72335;font-size:100px\">2<\/h3>\n\n<\/div><\/div><\/div>\n\n<div class=\"gb-grid-column gb-grid-column-7f7a5d01\"><div class=\"gb-container gb-container-7f7a5d01\"><div class=\"gb-inside-container\">\n\n<h1 class=\"wp-block-heading has-text-color has-medium-font-size\" style=\"color:#d72335\">Les ressources en ligne<\/h1>\n\n\n\n<ul class=\"wp-block-list\">\n<li>Le site <span style=\"color: #d72335;\" data=\"#d72335\" class=\"qubely-text-has-color\"><a href=\"http:\/\/www.parcoursup.fr\/\" class=\"rank-math-link\" target=\"_blank\" rel=\"noopener\">Parcoursup<\/a><\/span> est la proc\u00e9dure nationale de pr\u00e9inscription dans l&rsquo;enseignement sup\u00e9rieur et d\u2019acc\u00e8s \u00e0 toutes les formations en France<\/li>\n<\/ul>\n\n\n\n<ul class=\"wp-block-list\">\n<li>Simulez vos combinaisons de sp\u00e9cialit\u00e9s et d\u00e9couvrez les perspectives de formations et de m\u00e9tiers qui s&rsquo;offrent \u00e0 vous : <a href=\"https:\/\/www.horizons21.fr\/\" target=\"_blank\" rel=\"noreferrer noopener\">https:\/\/www.horizons21.fr\/<\/a><\/li>\n<\/ul>\n\n\n\n<ul class=\"wp-block-list\">\n<li><span style=\"color: #d72335;\" data=\"#d72335\" class=\"qubely-text-has-color\"><a href=\"http:\/\/www.onisep.fr\/\" class=\"rank-math-link\" target=\"_blank\" rel=\"noopener\">L&rsquo;Onisep<\/a><\/span>,<strong> <\/strong>site officiel de l\u2019orientation pour les \u00e9tudes fran\u00e7aises, fournit toutes les informations sur les \u00e9tapes d\u2019orientation, les \u00e9tudes, les m\u00e9tiers. Ses conseillers r\u00e9pondent \u00e0 vos questions sur l\u2019orientation, les fili\u00e8res de formation et les m\u00e9tiers. En tant que coll\u00e9gien, lyc\u00e9en, \u00e9tudiant, parent, vous pouvez les contacter gratuitement par t\u00e9l\u00e9phone, tchat ou mail : <a href=\"http:\/\/www.monorientationenligne.fr\/\" class=\"rank-math-link\" target=\"_blank\" rel=\"noopener\">http:\/\/www.monorientationenligne.fr\/<\/a><\/li>\n<\/ul>\n\n\n\n<ul class=\"wp-block-list\">\n<li>Le Service orientation et enseignement sup\u00e9rieur de <span style=\"color: #d72335;\" data=\"#d72335\" class=\"qubely-text-has-color\"><a href=\"https:\/\/www.aefe.fr\/orientation\/construire-son-parcours\/parcours-individuel-de-leleve\" class=\"rank-math-link\" target=\"_blank\" rel=\"noopener\">l\u2019AEFE<\/a><\/span> met en ligne de nombreuses informations<a href=\"https:\/\/www.aefe.fr\/orientation\/construire-son-parcours\/parcours-individuel-de-leleve\" class=\"rank-math-link\" target=\"_blank\" rel=\"noopener\">.<\/a><\/li>\n<\/ul>\n\n\n\n<ul class=\"wp-block-list\">\n<li>La plateforme d\u2019\u00e9change<strong> <\/strong><span style=\"color: #d72335;\" data=\"#d72335\" class=\"qubely-text-has-color\"><a href=\"https:\/\/www.agora-aefe.fr\/\" class=\"rank-math-link\" target=\"_blank\" rel=\"noopener\">AGORA<\/a><\/span> : plateforme unique d\u2019\u00e9changes entre les 6000 anciens et futurs anciens \u00e9l\u00e8ves inscrits, provenant des \u00e9tablissements AEFE de par le monde. Nos lyc\u00e9ens y sont inscrits d\u00e8s la Seconde, ils y trouvent de nombreuses interviews et t\u00e9moignages et peuvent poser leurs questions aux autres membres<\/li>\n<\/ul>\n\n<\/div><\/div><\/div>\n<\/div>\n\n<div class=\"gb-container gb-container-d1de3602\"><div class=\"gb-inside-container\">\n\n<figure class=\"wp-block-embed is-type-video is-provider-youtube wp-block-embed-youtube wp-embed-aspect-16-9 wp-has-aspect-ratio\"><div class=\"wp-block-embed__wrapper\">\n<iframe loading=\"lazy\" title=\"AGORA MONDE  - QUI SOMMES-NOUS ?\" width=\"1200\" height=\"675\" src=\"https:\/\/www.youtube.com\/embed\/BgaxqGj3MFs?feature=oembed\" frameborder=\"0\" allow=\"accelerometer; autoplay; clipboard-write; encrypted-media; gyroscope; picture-in-picture; web-share\" allowfullscreen><\/iframe>\n<\/div><\/figure>\n\n<\/div><\/div>\n<\/div><\/div>\n\n<div class=\"gb-container gb-container-b285cc9d animated fadeInRight\"><div class=\"gb-inside-container\">\n<div class=\"gb-grid-wrapper gb-grid-wrapper-2d52637b\">\n<div class=\"gb-grid-column gb-grid-column-ce09af0a\"><div class=\"gb-container gb-container-ce09af0a\"><div class=\"gb-inside-container\">\n\n<h3 class=\"wp-block-heading has-text-align-center has-text-color\" style=\"color:#d72335;font-size:100px\">3<\/h3>\n\n<\/div><\/div><\/div>\n\n<div class=\"gb-grid-column gb-grid-column-93d36b2d\"><div class=\"gb-container gb-container-93d36b2d\"><div class=\"gb-inside-container\">\n\n<h1 class=\"wp-block-heading has-text-color has-medium-font-size\" style=\"color:#d72335\">Les rencontres et les r\u00e9unions au LFS :<\/h1>\n\n\n\n<p>Chaque ann\u00e9e le LFS organise des r\u00e9unions d\u2019information et des rencontres pour comprendre les enjeux de l\u2019orientation et faire les choix pour le post-baccalaur\u00e9at :<\/p>\n\n\n\n<ul class=\"wp-block-list\">\n<li><span style=\"color: #d72335;\" data=\"#d72335\" class=\"qubely-text-has-color\">R\u00e9unions d\u2019information<\/span> \u00e0 destination des parents d\u2019\u00e9l\u00e8ves de la 3\u00e8me \u00e0 la Terminale : elles pr\u00e9sentent, en fran\u00e7ais ou en anglais, l\u2019enseignement au LFS et ses choix d\u2019orientation au lyc\u00e9e, ainsi que le syst\u00e8me universitaire fran\u00e7ais et ses modalit\u00e9s d\u2019inscription sur <a href=\"http:\/\/www.parcoursup.fr\/\" target=\"_blank\" rel=\"noopener\">Parcoursup<\/a>.&nbsp;<\/li>\n\n\n\n<li><span style=\"color: #d72335;\" data=\"#d72335\" class=\"qubely-text-has-color\">Forum des m\u00e9tiers en novembre<\/span> : les \u00e9l\u00e8ves de la 4\u00e8me \u00e0 la Terminale ont l\u2019occasion de recueillir le t\u00e9moignage de 30 \u00e0 40 professionnels.<\/li>\n\n\n\n<li><span style=\"color: #d72335;\" data=\"#d72335\" class=\"qubely-text-has-color\">Semaine de l\u2019orientation en janvier <\/span>: de nombreuses rencontres et activit\u00e9s au CDI sont organis\u00e9es afin de sensibiliser encore plus les \u00e9l\u00e8ves et rappeler le r\u00f4le central de cet espace dans l\u2019information.<\/li>\n\n\n\n<li><span style=\"color: #d72335;\" data=\"#d72335\" class=\"qubely-text-has-color\">Rencontres avec les \u00e9tablissements de l\u2019enseignement sup\u00e9rieur tout au long de l\u2019ann\u00e9e <\/span>: des repr\u00e9sentants d\u2019\u00e9coles et d\u2019universit\u00e9s en France et dans le monde \u00e9changent avec les \u00e9l\u00e8ves dans nos locaux ou en visioconf\u00e9rence, pr\u00e9sentant les \u00e9tudes et les modalit\u00e9s d\u2019inscription, et r\u00e9pondant aux diverses questions.<\/li>\n\n\n\n<li><span style=\"color: #d72335;\" data=\"#d72335\" class=\"qubely-text-has-color\">Forum de l\u2019\u00e9tudiant organis\u00e9 tous les deux ans par Campus France<\/span> : les \u00e9l\u00e8ves peuvent rencontrer des responsables et repr\u00e9sentants d\u2019\u00e9coles et d\u2019universit\u00e9s pour conna\u00eetre les conditions d\u2019entr\u00e9e, d\u2019\u00e9tudes et de vie \u00e9tudiante.<\/li>\n<\/ul>\n\n<\/div><\/div><\/div>\n<\/div>\n<\/div><\/div>\n<\/div><\/div>\n<\/div><\/div>\n\n<div class=\"gb-container gb-container-dc463694\" id=\"postbac\"><div class=\"gb-inside-container\">\n\n<h2 class=\"wp-block-heading has-text-align-center\"><strong><strong><strong>DES DESTINATIONS UNIVERSITAIRES RENOMM\u00c9ES EN FRANCE ET DANS LE MONDE<\/strong><\/strong><\/strong><\/h2>\n\n\n\n<div style=\"height:30px\" aria-hidden=\"true\" class=\"wp-block-spacer\"><\/div>\n\n\n<div class=\"gb-grid-wrapper gb-grid-wrapper-60ecb2a6\">\n<div class=\"gb-grid-column gb-grid-column-63a7f28f\"><div class=\"gb-container gb-container-63a7f28f\"><div class=\"gb-inside-container\">\n\n<figure class=\"wp-block-image size-large\"><img loading=\"lazy\" decoding=\"async\" width=\"1024\" height=\"581\" src=\"https:\/\/lfseoul.org\/wp-content\/uploads\/2026\/01\/Destinations-universite-updated-2025-1024x581.png\" alt=\"\" class=\"wp-image-21637\" srcset=\"https:\/\/lfseoul.org\/wp-content\/uploads\/2026\/01\/Destinations-universite-updated-2025-1024x581.png 1024w, https:\/\/lfseoul.org\/wp-content\/uploads\/2026\/01\/Destinations-universite-updated-2025-300x170.png 300w, https:\/\/lfseoul.org\/wp-content\/uploads\/2026\/01\/Destinations-universite-updated-2025-768x436.png 768w, https:\/\/lfseoul.org\/wp-content\/uploads\/2026\/01\/Destinations-universite-updated-2025-10x6.png 10w, https:\/\/lfseoul.org\/wp-content\/uploads\/2026\/01\/Destinations-universite-updated-2025-15x9.png 15w, https:\/\/lfseoul.org\/wp-content\/uploads\/2026\/01\/Destinations-universite-updated-2025-48x27.png 48w, https:\/\/lfseoul.org\/wp-content\/uploads\/2026\/01\/Destinations-universite-updated-2025.png 1203w\" sizes=\"auto, (max-width: 1024px) 100vw, 1024px\" \/><\/figure>\n\n<\/div><\/div><\/div>\n\n<div class=\"gb-grid-column gb-grid-column-b3aab62d\"><div class=\"gb-container gb-container-b3aab62d\"><div class=\"gb-inside-container\">\n\n<p class=\"has-text-color\" style=\"color:#d72335\">Chaque ann\u00e9e, le LFS a la fiert\u00e9 de compter 100% de r\u00e9ussite au baccalaur\u00e9at avec plus de 90% de mentions.<\/p>\n\n\n\n<p>Les \u00e9l\u00e8ves s\u2019orientent ensuite principalement vers des \u00e9tudes sup\u00e9rieures en France mais aussi \u00e0 l\u2019international (Angleterre, Suisse, Canada\u2026), dans des domaines aussi vari\u00e9s que les sciences, le commerce, l\u2019art, le droit, la litt\u00e9rature, l\u2019h\u00f4tellerie ou les sciences politiques.<br>Retrouvez <span style=\"color: #e11717;\" data=\"#e11717\" class=\"qubely-text-has-color\">les destinations universitaires<\/span> dans ce document.<\/p>\n\n\n\n<div class=\"wp-block-qubely-button qubely-block-06b7df\"><div class=\"qubely-block-btn-wrapper \"><div class=\"qubely-block-btn\"><a class=\"qubely-block-btn-anchor is-large\" href=\"https:\/\/lfseoul.org\/wp-content\/uploads\/2026\/01\/LFS-UNIVERSITY-ORIENTATION_2016-2025.pdf\" target=\"_blank\" rel=\"noopener noreferrer\">Liste des destinations universitaires<\/a><\/div><\/div><\/div>\n\n\n\n<p>Pour les \u00e9l\u00e8ves non fran\u00e7ais, la <span style=\"color: #d72335;\" data=\"#d72335\" class=\"qubely-text-has-color\">Bourse excellence-major<\/span> peut \u00eatre attribu\u00e9e aux \u00e9l\u00e8ves dont le parcours et l\u2019investissement dans l\u2019\u00e9tablissement auront \u00e9t\u00e9 particuli\u00e8rement brillants et exemplaires. Pour b\u00e9n\u00e9ficier de cette bourse, l\u2019\u00e9l\u00e8ve doit s\u2019engager \u00e0 faire ses \u00e9tudes en France pour une p\u00e9riode de 5 ans et doit pr\u00e9senter un projet d\u2019orientation construit et ambitieux. Le professeur principal, en concertation avec l\u2019\u00e9quipe p\u00e9dagogique de la classe, s\u00e9lectionne les profils susceptibles d\u2019\u00eatre \u00e9ligibles \u00e0 cette bourse, qu\u2019il soumet ensuite au chef d\u2019\u00e9tablissement pour validation. Une commission sp\u00e9cifique de l\u2019AEFE d\u00e9cide ensuite de l\u2019attribution des bourses.<\/p>\n\n<\/div><\/div><\/div>\n<\/div>\n<\/div><\/div>\n\n<div class=\"gb-container gb-container-5acbc7e4\"><div class=\"gb-inside-container\">\n\n<h2 class=\"wp-block-heading has-text-align-center\">T\u00c9MOIGNAGE<\/h2>\n\n\n\n<div style=\"height:30px\" aria-hidden=\"true\" class=\"wp-block-spacer\"><\/div>\n\n\n\n<div class=\"wp-block-qubely-testimonial qubely-block-716c13 animated fadeInDown\"><div class=\"qubely-block-testimonial \"><div class=\"qubely-testimonial-content\"><div><em>Quand je suis devenue \u00e9l\u00e8ve en Premi\u00e8re, je ne savais pas comment commencer mes recherches pour trouver une formation qui me conviendrait. Les heures d\u2019accompagnement \u00e0 l&rsquo;orientation et les entretiens individualis\u00e9s avec le PRIO m&rsquo;ont permis de bien conna\u00eetre les diff\u00e9rentes fili\u00e8res apr\u00e8s le bac. J&rsquo;ai pu finalement surmonter mes inqui\u00e9tudes et j&rsquo;ai r\u00e9ussi maintenant \u00e0 construire un projet coh\u00e9rent et r\u00e9aliste.&nbsp;<\/em><\/div><\/div><div class=\"qubely-testimonial-ratings\" style=\"--qubely-testimonial-rating:90%\"><\/div><div class=\"qubely-testimonial-author\"><div class=\"qubely-testimonial-avatar-layout-left\"><img decoding=\"async\" class=\"qubely-testimonial-avatar\" src=\"https:\/\/lfseoul.org\/wp-content\/uploads\/2021\/04\/Lycee-copie-scaled.jpeg\" srcset=\"\" alt=\"\"\/><div class=\"qubely-testimonial-author-info\"><div class=\"qubely-testimonial-author-name\"><span><em>Heymin Suh<\/em><\/span><\/div><div class=\"qubely-testimonial-author-designation\"><span><em><em>\u00e9l\u00e8ve de Terminale<\/em><\/em><\/span><\/div><\/div><\/div><\/div><\/div><\/div>\n\n<\/div><\/div>\n\n<div class=\"gb-container gb-container-424da7a0\"><div class=\"gb-inside-container\">\n<div class=\"gb-grid-wrapper gb-grid-wrapper-a851cf50\">\n<div class=\"gb-grid-column gb-grid-column-6cf9a41f\"><div class=\"gb-container gb-container-6cf9a41f\"><div class=\"gb-inside-container\">\n\n<p class=\"gb-headline gb-headline-04996a74\"><span class=\"gb-icon\"><svg xmlns=\"http:\/\/www.w3.org\/2000\/svg\" viewBox=\"0 0 384 512\" width=\"1em\" height=\"1em\" aria-hidden=\"true\"><path d=\"M97.12 362.63c-8.69-8.69-4.16-6.24-25.12-11.85-9.51-2.55-17.87-7.45-25.43-13.32L1.2 448.7c-4.39 10.77 3.81 22.47 15.43 22.03l52.69-2.01L105.56 507c8 8.44 22.04 5.81 26.43-4.96l52.05-127.62c-10.84 6.04-22.87 9.58-35.31 9.58-19.5 0-37.82-7.59-51.61-21.37zM382.8 448.7l-45.37-111.24c-7.56 5.88-15.92 10.77-25.43 13.32-21.07 5.64-16.45 3.18-25.12 11.85-13.79 13.78-32.12 21.37-51.62 21.37-12.44 0-24.47-3.55-35.31-9.58L252 502.04c4.39 10.77 18.44 13.4 26.43 4.96l36.25-38.28 52.69 2.01c11.62.44 19.82-11.27 15.43-22.03zM263 340c15.28-15.55 17.03-14.21 38.79-20.14 13.89-3.79 24.75-14.84 28.47-28.98 7.48-28.4 5.54-24.97 25.95-45.75 10.17-10.35 14.14-25.44 10.42-39.58-7.47-28.38-7.48-24.42 0-52.83 3.72-14.14-.25-29.23-10.42-39.58-20.41-20.78-18.47-17.36-25.95-45.75-3.72-14.14-14.58-25.19-28.47-28.98-27.88-7.61-24.52-5.62-44.95-26.41-10.17-10.35-25-14.4-38.89-10.61-27.87 7.6-23.98 7.61-51.9 0-13.89-3.79-28.72.25-38.89 10.61-20.41 20.78-17.05 18.8-44.94 26.41-13.89 3.79-24.75 14.84-28.47 28.98-7.47 28.39-5.54 24.97-25.95 45.75-10.17 10.35-14.15 25.44-10.42 39.58 7.47 28.36 7.48 24.4 0 52.82-3.72 14.14.25 29.23 10.42 39.59 20.41 20.78 18.47 17.35 25.95 45.75 3.72 14.14 14.58 25.19 28.47 28.98C104.6 325.96 106.27 325 121 340c13.23 13.47 33.84 15.88 49.74 5.82a39.676 39.676 0 0 1 42.53 0c15.89 10.06 36.5 7.65 49.73-5.82zM97.66 175.96c0-53.03 42.24-96.02 94.34-96.02s94.34 42.99 94.34 96.02-42.24 96.02-94.34 96.02-94.34-42.99-94.34-96.02z\" fill=\"currentColor\"><\/path><\/svg><\/span><span class=\"gb-headline-text\"><strong>Pour une \u00e9ducation fran\u00e7aise homologu\u00e9e, <\/strong><br><strong>offrant des parcours plurilingues<\/strong><\/span><\/p>\n\n<\/div><\/div><\/div>\n<\/div>\n\n<div class=\"gb-button-wrapper gb-button-wrapper-48ee2a30\">\n\n<a class=\"gb-button gb-button-b288f787 gb-button-text\" href=\"https:\/\/lfseoul.org\/admission\/\" target=\"_blank\" rel=\"noopener noreferrer\">JE M&rsquo;INSCRIS<\/a>\n\n<\/div>\n<\/div><\/div>","protected":false},"excerpt":{"rendered":"<p>Dans le cadre de son parcours Avenir, le Lyc\u00e9e Fran\u00e7ais de S\u00e9oul (LFS) accompagne les coll\u00e9giens et les lyc\u00e9ens dans la construction de leur parcours d\u2019orientation via la d\u00e9couverte du monde professionnel, la construction de leurs choix pour le baccalaur\u00e9at &#8230; <\/p>\n<p class=\"read-more-container\"><a title=\"ORIENTATION\" class=\"read-more button\" href=\"https:\/\/lfseoul.org\/fr\/orientation\/#more-10456\" aria-label=\"En savoir plus sur ORIENTATION\">En savoir plus<\/a><\/p>\n","protected":false},"author":4,"featured_media":10460,"parent":0,"menu_order":0,"comment_status":"closed","ping_status":"closed","template":"","meta":{"qubely_global_settings":"","qubely_interactions":"","inline_featured_image":false,"footnotes":""},"class_list":{"0":"post-10456","1":"page","2":"type-page","3":"status-publish","4":"has-post-thumbnail","6":"infinite-scroll-item","7":"resize-featured-image"},"_links":{"self":[{"href":"https:\/\/lfseoul.org\/fr\/wp-json\/wp\/v2\/pages\/10456","targetHints":{"allow":["GET"]}}],"collection":[{"href":"https:\/\/lfseoul.org\/fr\/wp-json\/wp\/v2\/pages"}],"about":[{"href":"https:\/\/lfseoul.org\/fr\/wp-json\/wp\/v2\/types\/page"}],"author":[{"embeddable":true,"href":"https:\/\/lfseoul.org\/fr\/wp-json\/wp\/v2\/users\/4"}],"replies":[{"embeddable":true,"href":"https:\/\/lfseoul.org\/fr\/wp-json\/wp\/v2\/comments?post=10456"}],"version-history":[{"count":23,"href":"https:\/\/lfseoul.org\/fr\/wp-json\/wp\/v2\/pages\/10456\/revisions"}],"predecessor-version":[{"id":21659,"href":"https:\/\/lfseoul.org\/fr\/wp-json\/wp\/v2\/pages\/10456\/revisions\/21659"}],"wp:featuredmedia":[{"embeddable":true,"href":"https:\/\/lfseoul.org\/fr\/wp-json\/wp\/v2\/media\/10460"}],"wp:attachment":[{"href":"https:\/\/lfseoul.org\/fr\/wp-json\/wp\/v2\/media?parent=10456"}],"curies":[{"name":"wp","href":"https:\/\/api.w.org\/{rel}","templated":true}]}}