{"id":10536,"date":"2021-04-02T02:29:42","date_gmt":"2021-04-02T02:29:42","guid":{"rendered":"https:\/\/54.68.147.74\/~lfs\/?page_id=10536"},"modified":"2025-04-16T05:36:05","modified_gmt":"2025-04-16T05:36:05","slug":"systeme-educatif","status":"publish","type":"page","link":"https:\/\/lfseoul.org\/fr\/systeme-educatif\/","title":{"rendered":"SYST\u00c8ME \u00c9DUCATIF"},"content":{"rendered":"<div class=\"gb-container gb-container-2ad69b3a\"><div class=\"gb-inside-container\">\n\n<p>L\u2019enseignement fran\u00e7ais est construit par <span style=\"color: #d72335;\" data=\"#d72335\" class=\"qubely-text-has-color\">cycles de 3 ans<\/span> de la Petite Section (PS) \u00e0 la 3\u00e8me, avec un <span style=\"color: #d72335;\" data=\"#d72335\" class=\"qubely-text-has-color\">socle commun de comp\u00e9tences<\/span> \u00e0 acqu\u00e9rir du CP \u00e0 la 3\u00e8me.<\/p>\n\n\n\n<p>Ce fonctionnement par cycles permet aux \u00e9l\u00e8ves de <span style=\"color: #d72335;\" data=\"#d72335\" class=\"qubely-text-has-color\">d\u00e9velopper des comp\u00e9tences \u00e0 leur rythme<\/span>, tout en acqu\u00e9rant de mani\u00e8re progressive des savoirs, des savoirs-faire et savoirs-\u00eatre.&nbsp;<\/p>\n\n\n\n<p>A la fin de la 3\u00e8me, les \u00e9l\u00e8ves obtiennent leur premier dipl\u00f4me, le Brevet, et font leurs premiers choix d\u2019orientation. En Seconde, apr\u00e8s avoir suivi un tronc commun d&rsquo;enseignements, ils choisissent les sp\u00e9cialit\u00e9s \u00e9tudi\u00e9es en cycle terminal, qui les m\u00e8neront vers le dipl\u00f4me du baccalaur\u00e9at ouvrant l\u2019acc\u00e8s aux \u00e9tudes sup\u00e9rieures en France et\/ou dans le monde.&nbsp;<\/p>\n\n\n\n<div style=\"height:30px\" aria-hidden=\"true\" class=\"wp-block-spacer\"><\/div>\n\n<\/div><\/div>\n\n<div class=\"gb-container gb-container-41831be9\"><div class=\"gb-inside-container\">\n<div class=\"wp-block-image animated fadeInLeft\">\n<figure class=\"aligncenter size-large\"><img loading=\"lazy\" decoding=\"async\" width=\"1024\" height=\"207\" src=\"https:\/\/lfseoul.org\/wp-content\/uploads\/2021\/04\/infographie_cycles_web-1024x207.png\" alt=\"\" class=\"wp-image-10540\" srcset=\"https:\/\/lfseoul.org\/wp-content\/uploads\/2021\/04\/infographie_cycles_web-1024x207.png 1024w, https:\/\/lfseoul.org\/wp-content\/uploads\/2021\/04\/infographie_cycles_web-300x61.png 300w, https:\/\/lfseoul.org\/wp-content\/uploads\/2021\/04\/infographie_cycles_web-768x155.png 768w, https:\/\/lfseoul.org\/wp-content\/uploads\/2021\/04\/infographie_cycles_web-10x2.png 10w, https:\/\/lfseoul.org\/wp-content\/uploads\/2021\/04\/infographie_cycles_web-15x3.png 15w, https:\/\/lfseoul.org\/wp-content\/uploads\/2021\/04\/infographie_cycles_web-48x10.png 48w, https:\/\/lfseoul.org\/wp-content\/uploads\/2021\/04\/infographie_cycles_web.png 1141w\" sizes=\"auto, (max-width: 1024px) 100vw, 1024px\" \/><\/figure><\/div>\n<\/div><\/div>\n\n<div class=\"gb-container gb-container-1666a601\"><div class=\"gb-inside-container\">\n\n<h2 class=\"wp-block-heading has-text-align-center\"><strong>BROCHURE P\u00c9DAGOGIQUE<\/strong><\/h2>\n\n\n\n<div style=\"height:30px\" aria-hidden=\"true\" class=\"wp-block-spacer\"><\/div>\n\n\n\n<p>Consultez la brochure p\u00e9dagogique du LFS pr\u00e9sentant les chiffres cl\u00e9s, l&rsquo;enseignement de la maternelle au lyc\u00e9e avec les deux offres sp\u00e9cifiques au LFS : sa classe passerelle et ses deux parcours anglophones. Vous y retrouverez \u00e9galement les informations concernant l&rsquo;orientation, les activit\u00e9s extra-scolaires et les projets de la zone Asie-Pacifique.<\/p>\n\n\n\n<div style=\"height:30px\" aria-hidden=\"true\" class=\"wp-block-spacer\"><\/div>\n\n\n<div class=\"gb-button-wrapper gb-button-wrapper-d4d82f8b\">\n\n<a class=\"gb-button gb-button-fa9142c7 gb-button-text\" href=\"https:\/\/lfseoul.org\/wp-content\/uploads\/2023\/02\/2023-FR-LFS-Brochure.pdf\" target=\"_blank\" rel=\"noopener noreferrer\"><strong><strong>BROCHURE P\u00c9DAGOGIQUE<\/strong> <\/strong><\/a>\n\n\n\n<a class=\"gb-button gb-button-c8a99ccf gb-button-text\" href=\"https:\/\/lfseoul.org\/wp-content\/uploads\/2023\/02\/2023-EN-LFS-Brochure.pdf\" target=\"_blank\" rel=\"noopener noreferrer\"><strong>PEDAGOGICAL BROCHURE<\/strong><\/a>\n\n\n\n<a class=\"gb-button gb-button-0d238942 gb-button-text\" href=\"https:\/\/lfseoul.org\/wp-content\/uploads\/2023\/02\/2023-KR-LFS-Brochure.pdf\" target=\"_blank\" rel=\"noopener noreferrer\"><strong>\uad50\uc721 \ube0c\ub85c\uc154 <\/strong><\/a>\n\n<\/div>\n<\/div><\/div>\n\n<div class=\"gb-container gb-container-d73c5a90\"><div class=\"gb-inside-container\">\n\n<h2 class=\"wp-block-heading has-text-align-center\" id=\"cycle\"><strong><strong>UN APPRENTISSAGE PROGRESSIF RENFORC\u00c9 TOUT AU LONG DE LA SCOLARIT\u00c9<\/strong><\/strong><\/h2>\n\n\n\n<div style=\"height:30px\" aria-hidden=\"true\" class=\"wp-block-spacer\"><\/div>\n\n\n<div class=\"wp-block-image\">\n<figure class=\"aligncenter size-full is-resized\"><img loading=\"lazy\" decoding=\"async\" width=\"1091\" height=\"1069\" src=\"https:\/\/lfseoul.org\/wp-content\/uploads\/2021\/04\/infographie_soclecommun_web.png\" alt=\"\" class=\"wp-image-10542\" style=\"width:916px;height:896px\" srcset=\"https:\/\/lfseoul.org\/wp-content\/uploads\/2021\/04\/infographie_soclecommun_web.png 1091w, https:\/\/lfseoul.org\/wp-content\/uploads\/2021\/04\/infographie_soclecommun_web-300x294.png 300w, https:\/\/lfseoul.org\/wp-content\/uploads\/2021\/04\/infographie_soclecommun_web-1024x1003.png 1024w, https:\/\/lfseoul.org\/wp-content\/uploads\/2021\/04\/infographie_soclecommun_web-768x753.png 768w, https:\/\/lfseoul.org\/wp-content\/uploads\/2021\/04\/infographie_soclecommun_web-10x10.png 10w, https:\/\/lfseoul.org\/wp-content\/uploads\/2021\/04\/infographie_soclecommun_web-15x15.png 15w, https:\/\/lfseoul.org\/wp-content\/uploads\/2021\/04\/infographie_soclecommun_web-48x48.png 48w\" sizes=\"auto, (max-width: 1091px) 100vw, 1091px\" \/><\/figure><\/div>\n<\/div><\/div>\n\n<div class=\"gb-container gb-container-a1709ce8\"><div class=\"gb-inside-container\"><\/div><\/div>\n\n<div class=\"gb-container gb-container-d60bb5c8\"><div class=\"gb-inside-container\">\n\n<h2 class=\"wp-block-heading has-text-align-center\"><strong>UN PROJET D\u2019\u00c9TABLISSEMENT AMBITIEUX ET INCLUSIF<\/strong><\/h2>\n\n\n\n<div style=\"height:30px\" aria-hidden=\"true\" class=\"wp-block-spacer\"><\/div>\n\n\n\n<p>Chaque \u00e9tablissement construit un <span style=\"color: #d72335;\" data=\"#d72335\" class=\"qubely-text-has-color\">projet d\u2019\u00e9tablissement<\/span> sur 3 ans en vue d\u2019\u00e9tablir ses priorit\u00e9s et ses principes dans l\u2019\u00e9ducation prodigu\u00e9e.<\/p>\n\n\n\n<p>Le Lyc\u00e9e Fran\u00e7ais de S\u00e9oul (LFS) a d\u00e9termin\u00e9 4 grands axes dans son projet d\u2019\u00e9tablissement 2018\/2021,&nbsp; centr\u00e9 autour de l\u2019objectif <span style=\"color: #d72335;\" data=\"#d72335\" class=\"qubely-text-has-color\"><em>Grandir ensemble<\/em><\/span> :<\/p>\n\n<\/div><\/div>\n\n<div class=\"gb-container gb-container-bb850a97\"><div class=\"gb-inside-container\">\n<div class=\"gb-grid-wrapper gb-grid-wrapper-ef4befb7 animated fadeInRight\">\n<div class=\"gb-grid-column gb-grid-column-b02515d8\"><div class=\"gb-container gb-container-b02515d8\"><div class=\"gb-inside-container\">\n\n<h3 class=\"wp-block-heading has-text-align-center has-text-color\" style=\"color:#d72335;font-size:100px\">1<\/h3>\n\n<\/div><\/div><\/div>\n\n<div class=\"gb-grid-column gb-grid-column-f8ab254b\"><div class=\"gb-container gb-container-f8ab254b\"><div class=\"gb-inside-container\">\n\n<h1 class=\"wp-block-heading has-text-color has-medium-font-size\" style=\"color:#d72335\"><strong><strong>Offrir \u00e0 tous les \u00e9l\u00e8ves des parcours d\u2019\u00e9ducation plurilingues<\/strong><\/strong><\/h1>\n\n\n\n<p>Le LFS souhaite garantir \u00e0 tous la <span style=\"color: #d72335;\" data=\"#d72335\" class=\"qubely-text-has-color\">ma\u00eetrise de la langue fran\u00e7aise<\/span>, tout en mettant en place des parcours adapt\u00e9s et renforc\u00e9s en <span style=\"color: #d72335;\" data=\"#d72335\" class=\"qubely-text-has-color\">langues \u00e9trang\u00e8res<\/span> donnant acc\u00e8s \u00e0 des \u00e9tudes sup\u00e9rieures en France et dans le monde.<\/p>\n\n<\/div><\/div><\/div>\n<\/div>\n<\/div><\/div>\n\n<div class=\"gb-container gb-container-8e1978e3\"><div class=\"gb-inside-container\">\n<div class=\"gb-grid-wrapper gb-grid-wrapper-f53adc47 animated fadeInRight\">\n<div class=\"gb-grid-column gb-grid-column-1d434be1\"><div class=\"gb-container gb-container-1d434be1\"><div class=\"gb-inside-container\">\n\n<h3 class=\"wp-block-heading has-text-align-center has-text-color\" style=\"color:#d72335;font-size:100px\">2<\/h3>\n\n<\/div><\/div><\/div>\n\n<div class=\"gb-grid-column gb-grid-column-12c27db0\"><div class=\"gb-container gb-container-12c27db0\"><div class=\"gb-inside-container\">\n\n<h1 class=\"wp-block-heading has-text-color has-medium-font-size\" style=\"color:#d72335\"><strong><strong><strong>Offrir des parcours scolaires pour toutes les formes de r\u00e9ussite<\/strong><\/strong><\/strong><\/h1>\n\n\n\n<p>Le LFS s\u2019est donn\u00e9 pour but \u00e0 la fois d\u2019accompagner les \u00e9l\u00e8ves les plus fragiles et de viser l\u2019excellence pour ceux qui d\u00e9montrent d\u00e9j\u00e0 un haut niveau de performance scolaire, notamment par le <span style=\"color: #d72335;\" data=\"#d72335\" class=\"qubely-text-has-color\">soutien aux \u00e9l\u00e8ves dans leurs diff\u00e9rents parcours<\/span>, le <span style=\"color: #d72335;\" data=\"#d72335\" class=\"qubely-text-has-color\">renforcement des comp\u00e9tences des enseignants<\/span>, et la mise en \u0153uvre du <span style=\"color: #d72335;\" data=\"#d72335\" class=\"qubely-text-has-color\">Parcours Avenir<\/span>.<\/p>\n\n<\/div><\/div><\/div>\n<\/div>\n<\/div><\/div>\n\n<div class=\"gb-container gb-container-35bfd1c6\"><div class=\"gb-inside-container\">\n<div class=\"gb-grid-wrapper gb-grid-wrapper-36bc1bcd animated fadeInRight\">\n<div class=\"gb-grid-column gb-grid-column-ad365de8\"><div class=\"gb-container gb-container-ad365de8\"><div class=\"gb-inside-container\">\n\n<h3 class=\"wp-block-heading has-text-align-center has-text-color\" style=\"color:#d72335;font-size:100px\">3<\/h3>\n\n<\/div><\/div><\/div>\n\n<div class=\"gb-grid-column gb-grid-column-59900609\"><div class=\"gb-container gb-container-59900609\"><div class=\"gb-inside-container\">\n\n<h1 class=\"wp-block-heading has-text-color has-medium-font-size\" style=\"color:#d72335\"><strong><strong><strong><strong>Construire une communaut\u00e9 scolaire pleinement tourn\u00e9e vers le monde<\/strong><\/strong><\/strong><\/strong><\/h1>\n\n\n\n<p>Par la rencontre des autres communaut\u00e9s d\u2019\u00e9l\u00e8ves, la valorisation de la culture du pays d\u2019accueil, la Cor\u00e9e, et les voyages scolaires.<\/p>\n\n<\/div><\/div><\/div>\n<\/div>\n<\/div><\/div>\n\n<div class=\"gb-container gb-container-5207e639\"><div class=\"gb-inside-container\">\n<div class=\"gb-grid-wrapper gb-grid-wrapper-250c09a3 animated fadeInRight\">\n<div class=\"gb-grid-column gb-grid-column-789b89fd\"><div class=\"gb-container gb-container-789b89fd\"><div class=\"gb-inside-container\">\n\n<h3 class=\"wp-block-heading has-text-align-center has-text-color\" style=\"color:#d72335;font-size:100px\">4<\/h3>\n\n<\/div><\/div><\/div>\n\n<div class=\"gb-grid-column gb-grid-column-4f017efb\"><div class=\"gb-container gb-container-4f017efb\"><div class=\"gb-inside-container\">\n\n<h1 class=\"wp-block-heading has-text-color has-medium-font-size\" style=\"color:#d72335\"><strong><strong><strong><strong><strong>Faire du LFS un lieu pour vivre, apprendre et grandir ensemble<\/strong><\/strong><\/strong><\/strong><\/strong><\/h1>\n\n\n\n<p>O\u00f9 les cadres de vie et de travail sont adapt\u00e9s aux activit\u00e9s de chacun, o\u00f9 le dialogue, l\u2019\u00e9coute et l\u2019engagement sont possibles dans un environnement s\u00e9curis\u00e9. Le LFS propose \u00e9galement une offre d\u2019<span style=\"color: #d72335;\" data=\"#d72335\" class=\"qubely-text-has-color\">activit\u00e9s extra-scolaires<\/span> qui renforce sa mission \u00e9ducative, et consolide le sentiment d\u2019appartenance \u00e0 la communaut\u00e9 scolaire.<\/p>\n\n<\/div><\/div><\/div>\n<\/div>\n<\/div><\/div>\n\n<div class=\"gb-container gb-container-0d0d2681\"><div class=\"gb-inside-container\">\n<div class=\"gb-grid-wrapper gb-grid-wrapper-0a948f52\">\n<div class=\"gb-grid-column gb-grid-column-a99d1d98\"><div class=\"gb-container gb-container-a99d1d98\"><div class=\"gb-inside-container\">\n\n<figure class=\"wp-block-image size-large\"><img loading=\"lazy\" decoding=\"async\" width=\"1024\" height=\"683\" src=\"https:\/\/lfseoul.org\/wp-content\/uploads\/2024\/07\/R5CC4748-1024x683.jpg\" alt=\"\" class=\"wp-image-19553\" srcset=\"https:\/\/lfseoul.org\/wp-content\/uploads\/2024\/07\/R5CC4748-1024x683.jpg 1024w, https:\/\/lfseoul.org\/wp-content\/uploads\/2024\/07\/R5CC4748-300x200.jpg 300w, https:\/\/lfseoul.org\/wp-content\/uploads\/2024\/07\/R5CC4748-768x512.jpg 768w, https:\/\/lfseoul.org\/wp-content\/uploads\/2024\/07\/R5CC4748-1536x1025.jpg 1536w, https:\/\/lfseoul.org\/wp-content\/uploads\/2024\/07\/R5CC4748-1200x800.jpg 1200w, https:\/\/lfseoul.org\/wp-content\/uploads\/2024\/07\/R5CC4748-10x7.jpg 10w, https:\/\/lfseoul.org\/wp-content\/uploads\/2024\/07\/R5CC4748-15x10.jpg 15w, https:\/\/lfseoul.org\/wp-content\/uploads\/2024\/07\/R5CC4748-48x32.jpg 48w\" sizes=\"auto, (max-width: 1024px) 100vw, 1024px\" \/><\/figure>\n\n<\/div><\/div><\/div>\n\n<div class=\"gb-grid-column gb-grid-column-7853a09f\"><div class=\"gb-container gb-container-7853a09f\"><div class=\"gb-inside-container\">\n\n<h2 class=\"wp-block-heading\"><strong>QUELLE CLASSE POUR VOTRE ENFANT ?<\/strong><\/h2>\n\n\n\n<div style=\"height:30px\" aria-hidden=\"true\" class=\"wp-block-spacer\"><\/div>\n\n\n\n<p class=\"has-text-color\" style=\"color:#d72335\">Le syst\u00e8me \u00e9ducatif fran\u00e7ais accueille les enfants n\u00e9s une m\u00eame ann\u00e9e civile, entre le 1er janvier et le 31 d\u00e9cembre, avec une rentr\u00e9e scolaire en septembre.<\/p>\n\n\n\n<p>Par exemple, pour une rentr\u00e9e scolaire en Petite Section (PS), un enfant n\u00e9 le 1er novembre qui n\u2019a pas encore 3 ans au moment de la rentr\u00e9e des classes peut rejoindre notre \u00e9tablissement d\u00e8s le mois de septembre.<\/p>\n\n\n\n<p>Retrouvez <a href=\"https:\/\/lfseoul.org\/admission\/#classes\" target=\"_blank\" rel=\"noreferrer noopener\" class=\"rank-math-link\">ici<\/a> la classe de votre enfant en fonction de son ann\u00e9e de naissance, et l\u2019\u00e9quivalence dans le syst\u00e8me am\u00e9ricain et le syst\u00e8me cor\u00e9en.<\/p>\n\n<\/div><\/div><\/div>\n<\/div>\n<\/div><\/div>\n\n<div class=\"gb-container gb-container-86ff5084\"><div class=\"gb-inside-container\">\n<div class=\"gb-grid-wrapper gb-grid-wrapper-17e3a3bc\">\n<div class=\"gb-grid-column gb-grid-column-7e397e2f\"><div class=\"gb-container gb-container-7e397e2f\"><div class=\"gb-inside-container\">\n\n<p class=\"gb-headline gb-headline-ee8af7eb\"><span class=\"gb-icon\"><svg aria-hidden=\"true\" height=\"1em\" width=\"1em\" viewBox=\"0 0 384 512\" xmlns=\"http:\/\/www.w3.org\/2000\/svg\"><path fill=\"currentColor\" d=\"M97.12 362.63c-8.69-8.69-4.16-6.24-25.12-11.85-9.51-2.55-17.87-7.45-25.43-13.32L1.2 448.7c-4.39 10.77 3.81 22.47 15.43 22.03l52.69-2.01L105.56 507c8 8.44 22.04 5.81 26.43-4.96l52.05-127.62c-10.84 6.04-22.87 9.58-35.31 9.58-19.5 0-37.82-7.59-51.61-21.37zM382.8 448.7l-45.37-111.24c-7.56 5.88-15.92 10.77-25.43 13.32-21.07 5.64-16.45 3.18-25.12 11.85-13.79 13.78-32.12 21.37-51.62 21.37-12.44 0-24.47-3.55-35.31-9.58L252 502.04c4.39 10.77 18.44 13.4 26.43 4.96l36.25-38.28 52.69 2.01c11.62.44 19.82-11.27 15.43-22.03zM263 340c15.28-15.55 17.03-14.21 38.79-20.14 13.89-3.79 24.75-14.84 28.47-28.98 7.48-28.4 5.54-24.97 25.95-45.75 10.17-10.35 14.14-25.44 10.42-39.58-7.47-28.38-7.48-24.42 0-52.83 3.72-14.14-.25-29.23-10.42-39.58-20.41-20.78-18.47-17.36-25.95-45.75-3.72-14.14-14.58-25.19-28.47-28.98-27.88-7.61-24.52-5.62-44.95-26.41-10.17-10.35-25-14.4-38.89-10.61-27.87 7.6-23.98 7.61-51.9 0-13.89-3.79-28.72.25-38.89 10.61-20.41 20.78-17.05 18.8-44.94 26.41-13.89 3.79-24.75 14.84-28.47 28.98-7.47 28.39-5.54 24.97-25.95 45.75-10.17 10.35-14.15 25.44-10.42 39.58 7.47 28.36 7.48 24.4 0 52.82-3.72 14.14.25 29.23 10.42 39.59 20.41 20.78 18.47 17.35 25.95 45.75 3.72 14.14 14.58 25.19 28.47 28.98C104.6 325.96 106.27 325 121 340c13.23 13.47 33.84 15.88 49.74 5.82a39.676 39.676 0 0 1 42.53 0c15.89 10.06 36.5 7.65 49.73-5.82zM97.66 175.96c0-53.03 42.24-96.02 94.34-96.02s94.34 42.99 94.34 96.02-42.24 96.02-94.34 96.02-94.34-42.99-94.34-96.02z\"><\/path><\/svg><\/span><span class=\"gb-headline-text\"><strong>Pour une \u00e9ducation fran\u00e7aise homologu\u00e9e, <\/strong><br><strong>offrant des parcours plurilingues<\/strong><\/span><\/p>\n\n<\/div><\/div><\/div>\n<\/div>\n\n<div class=\"gb-button-wrapper gb-button-wrapper-85abd2b2\">\n\n<a class=\"gb-button gb-button-fe840f80 gb-button-text\" href=\"https:\/\/lfseoul.org\/admission\/\" target=\"_blank\" rel=\"noopener noreferrer\">JE M&rsquo;INSCRIS<\/a>\n\n<\/div>\n<\/div><\/div>\n\n\n<p><\/p>\n","protected":false},"excerpt":{"rendered":"<p>L\u2019enseignement fran\u00e7ais est construit par cycles de 3 ans de la Petite Section (PS) \u00e0 la 3\u00e8me, avec un socle commun de comp\u00e9tences \u00e0 acqu\u00e9rir du CP \u00e0 la 3\u00e8me. Ce fonctionnement par cycles permet aux \u00e9l\u00e8ves de d\u00e9velopper des &#8230; <\/p>\n<p class=\"read-more-container\"><a title=\"SYST\u00c8ME \u00c9DUCATIF\" class=\"read-more button\" href=\"https:\/\/lfseoul.org\/fr\/systeme-educatif\/#more-10536\" aria-label=\"En savoir plus sur SYST\u00c8ME \u00c9DUCATIF\">En savoir plus<\/a><\/p>\n","protected":false},"author":4,"featured_media":18540,"parent":0,"menu_order":0,"comment_status":"closed","ping_status":"closed","template":"","meta":{"qubely_global_settings":"","qubely_interactions":"","inline_featured_image":false,"footnotes":""},"class_list":{"0":"post-10536","1":"page","2":"type-page","3":"status-publish","4":"has-post-thumbnail","6":"infinite-scroll-item","7":"resize-featured-image"},"_links":{"self":[{"href":"https:\/\/lfseoul.org\/fr\/wp-json\/wp\/v2\/pages\/10536","targetHints":{"allow":["GET"]}}],"collection":[{"href":"https:\/\/lfseoul.org\/fr\/wp-json\/wp\/v2\/pages"}],"about":[{"href":"https:\/\/lfseoul.org\/fr\/wp-json\/wp\/v2\/types\/page"}],"author":[{"embeddable":true,"href":"https:\/\/lfseoul.org\/fr\/wp-json\/wp\/v2\/users\/4"}],"replies":[{"embeddable":true,"href":"https:\/\/lfseoul.org\/fr\/wp-json\/wp\/v2\/comments?post=10536"}],"version-history":[{"count":9,"href":"https:\/\/lfseoul.org\/fr\/wp-json\/wp\/v2\/pages\/10536\/revisions"}],"predecessor-version":[{"id":20982,"href":"https:\/\/lfseoul.org\/fr\/wp-json\/wp\/v2\/pages\/10536\/revisions\/20982"}],"wp:featuredmedia":[{"embeddable":true,"href":"https:\/\/lfseoul.org\/fr\/wp-json\/wp\/v2\/media\/18540"}],"wp:attachment":[{"href":"https:\/\/lfseoul.org\/fr\/wp-json\/wp\/v2\/media?parent=10536"}],"curies":[{"name":"wp","href":"https:\/\/api.w.org\/{rel}","templated":true}]}}