{"id":11289,"date":"2021-04-17T06:23:57","date_gmt":"2021-04-17T06:23:57","guid":{"rendered":"https:\/\/54.68.147.74\/~lfs\/nos-equipes-2\/"},"modified":"2025-09-11T23:17:54","modified_gmt":"2025-09-11T23:17:54","slug":"nos-equipes","status":"publish","type":"page","link":"https:\/\/lfseoul.org\/fr\/nos-equipes\/","title":{"rendered":"NOS \u00c9QUIPES"},"content":{"rendered":"<div class=\"gb-container gb-container-d73c5a90\"><div class=\"gb-inside-container\">\n\n<h2 class=\"wp-block-heading has-text-align-center\" id=\"cycle\"><strong><strong>EQUIPE DE DIRECTION<\/strong><\/strong><\/h2>\n\n\n\n<div style=\"height:30px\" aria-hidden=\"true\" class=\"wp-block-spacer\"><\/div>\n\n\n<div class=\"gb-grid-wrapper gb-grid-wrapper-a9acab6c\">\n<div class=\"gb-grid-column gb-grid-column-fdb2fe58\"><div class=\"gb-container gb-container-fdb2fe58\"><div class=\"gb-inside-container\">\n\n<div class=\"wp-block-qubely-team qubely-block-84b699\"><div class=\"qubely-block-team  qubely-team-layout-1\"><div class=\"qubely-team-image-wrapper\"><img decoding=\"async\" class=\"qubely-team-image\" src=\"https:\/\/lfseoul.org\/wp-content\/uploads\/2022\/09\/JIK_0067-2.jpg\" srcset=\"\" alt=\"M. TOIRON C\u00e9dric\"\/><\/div><div class=\"qubely-team-content\"><div class=\"qubely-team-content-inner\"><span class=\"qubely-team-name\">M. TOIRON C\u00e9dric<\/span><div class=\"qubely-team-designation-container\"><span class=\"qubely-team-designation\">Proviseur<\/span><\/div><\/div><\/div><\/div><\/div>\n\n<\/div><\/div><\/div>\n\n<div class=\"gb-grid-column gb-grid-column-7b5ee844\"><div class=\"gb-container gb-container-7b5ee844\"><div class=\"gb-inside-container\">\n\n<div class=\"wp-block-qubely-team qubely-block-5d1c95\"><div class=\"qubely-block-team  qubely-team-layout-1\"><div class=\"qubely-team-image-wrapper\"><img decoding=\"async\" class=\"qubely-team-image\" src=\"https:\/\/lfseoul.org\/wp-content\/uploads\/2022\/09\/JIK_0090-1.jpg\" srcset=\"\" alt=\" M. ZANNIER Lionel\"\/><\/div><div class=\"qubely-team-content\"><div class=\"qubely-team-content-inner\"><span class=\"qubely-team-name\"> M. ZANNIER Lionel<\/span><div class=\"qubely-team-designation-container\"><span class=\"qubely-team-designation\">Directeur du primaire<\/span><\/div><\/div><\/div><\/div><\/div>\n\n<\/div><\/div><\/div>\n\n<div class=\"gb-grid-column gb-grid-column-970a9ac3\"><div class=\"gb-container gb-container-970a9ac3\"><div class=\"gb-inside-container\">\n\n<div class=\"wp-block-qubely-team qubely-block-e2785f\"><div class=\"qubely-block-team  qubely-team-layout-1\"><div class=\"qubely-team-image-wrapper\"><img decoding=\"async\" class=\"qubely-team-image\" src=\"https:\/\/lfseoul.org\/wp-content\/uploads\/2022\/09\/JIK_0103-3.jpg\" srcset=\"\" alt=\"Mme LEFRANC Anne-Sophie\"\/><\/div><div class=\"qubely-team-content\"><div class=\"qubely-team-content-inner\"><span class=\"qubely-team-name\">Mme LEFRANC Anne-Sophie<\/span><div class=\"qubely-team-designation-container\"><span class=\"qubely-team-designation\">Directrice administrative et financi\u00e8re<\/span><\/div><\/div><\/div><\/div><\/div>\n\n<\/div><\/div><\/div>\n<\/div>\n<\/div><\/div>\n\n<div class=\"gb-container gb-container-0d0d2681 alignwide\"><div class=\"gb-inside-container\">\n<div class=\"gb-grid-wrapper gb-grid-wrapper-64156d91\">\n<div class=\"gb-grid-column gb-grid-column-5911b8d7\"><div class=\"gb-container gb-container-5911b8d7\"><div class=\"gb-inside-container\">\n<div class=\"wp-block-image\">\n<figure class=\"aligncenter size-large\"><img loading=\"lazy\" decoding=\"async\" width=\"1024\" height=\"649\" src=\"https:\/\/lfseoul.org\/wp-content\/uploads\/2025\/09\/Admin-1-1024x649.jpg\" alt=\"\" class=\"wp-image-21335\" srcset=\"https:\/\/lfseoul.org\/wp-content\/uploads\/2025\/09\/Admin-1-1024x649.jpg 1024w, https:\/\/lfseoul.org\/wp-content\/uploads\/2025\/09\/Admin-1-300x190.jpg 300w, https:\/\/lfseoul.org\/wp-content\/uploads\/2025\/09\/Admin-1-768x486.jpg 768w, https:\/\/lfseoul.org\/wp-content\/uploads\/2025\/09\/Admin-1-1536x973.jpg 1536w, https:\/\/lfseoul.org\/wp-content\/uploads\/2025\/09\/Admin-1-10x6.jpg 10w, https:\/\/lfseoul.org\/wp-content\/uploads\/2025\/09\/Admin-1-15x9.jpg 15w, https:\/\/lfseoul.org\/wp-content\/uploads\/2025\/09\/Admin-1-48x30.jpg 48w, https:\/\/lfseoul.org\/wp-content\/uploads\/2025\/09\/Admin-1.jpg 2048w\" sizes=\"auto, (max-width: 1024px) 100vw, 1024px\" \/><\/figure><\/div>\n\n\n<div style=\"height:29px\" aria-hidden=\"true\" class=\"wp-block-spacer\"><\/div>\n\n\n<div class=\"wp-block-image\">\n<figure class=\"aligncenter size-large\"><img loading=\"lazy\" decoding=\"async\" width=\"1024\" height=\"779\" src=\"https:\/\/lfseoul.org\/wp-content\/uploads\/2025\/09\/Vie-scolaire-1-e1756780639918-1024x779.jpg\" alt=\"\" class=\"wp-image-21338\" srcset=\"https:\/\/lfseoul.org\/wp-content\/uploads\/2025\/09\/Vie-scolaire-1-e1756780639918-1024x779.jpg 1024w, https:\/\/lfseoul.org\/wp-content\/uploads\/2025\/09\/Vie-scolaire-1-e1756780639918-300x228.jpg 300w, https:\/\/lfseoul.org\/wp-content\/uploads\/2025\/09\/Vie-scolaire-1-e1756780639918-768x584.jpg 768w, https:\/\/lfseoul.org\/wp-content\/uploads\/2025\/09\/Vie-scolaire-1-e1756780639918-1536x1169.jpg 1536w, https:\/\/lfseoul.org\/wp-content\/uploads\/2025\/09\/Vie-scolaire-1-e1756780639918-10x8.jpg 10w, https:\/\/lfseoul.org\/wp-content\/uploads\/2025\/09\/Vie-scolaire-1-e1756780639918-15x11.jpg 15w, https:\/\/lfseoul.org\/wp-content\/uploads\/2025\/09\/Vie-scolaire-1-e1756780639918-48x37.jpg 48w, https:\/\/lfseoul.org\/wp-content\/uploads\/2025\/09\/Vie-scolaire-1-e1756780639918.jpg 1853w\" sizes=\"auto, (max-width: 1024px) 100vw, 1024px\" \/><\/figure><\/div>\n<\/div><\/div><\/div>\n\n<div class=\"gb-grid-column gb-grid-column-949de5d3\"><div class=\"gb-container gb-container-949de5d3\"><div class=\"gb-inside-container\">\n\n<h2 class=\"gb-headline gb-headline-1fc19cef gb-headline-text\"><strong><strong>EQUIPE ADMINISTRATIVE<\/strong><\/strong><\/h2>\n\n\n\n<p><strong>Mme DUVAL Jihyun<\/strong> &#8211; Assistante de direction<\/p>\n\n\n\n<p><strong>Mme SON Seung-Hee<\/strong> &#8211; Responsable des achats et des relations avec prestataires<\/p>\n\n\n\n<p><strong>Mme KWON Insook<\/strong> &#8211; Responsable intendance et ressources humaines<\/p>\n\n\n\n<p><strong>Mme KIM L\u00e9a<\/strong> &#8211; Responsable des activit\u00e9s extra-scolaires (AES)<\/p>\n\n\n\n<p><strong>Mme DROUARD Christelle<\/strong> &#8211; Coordinatrice des AES<\/p>\n\n\n\n<p><strong>Mme CORONA C\u00e9cile<\/strong>&#8211; Responsable de la communication et de la promotion<\/p>\n\n\n\n<p><strong>Mme CHEVIGNON Aline<\/strong> &#8211; Comptable, contr\u00f4le de gestion<\/p>\n\n\n\n<p><strong>M. SIMON J\u00e9r\u00e9my<\/strong> &#8211; Responsable IT<\/p>\n\n\n\n<p><strong>Mme ABEGA Emilie<\/strong> &#8211; Infirmi\u00e8re scolaire<\/p>\n\n\n\n<p><strong>Mme WOO Hyun-Jung <\/strong>&#8211; Laborantine<\/p>\n\n\n\n<h2 class=\"gb-headline gb-headline-cfcb8dc2 gb-headline-text\"><strong>EQUIPE VIE DE L\u2019\u00c9L\u00c8VE<\/strong><\/h2>\n\n\n\n<p><strong>M. DELABROSSE Samuel<\/strong> &#8211; Conseiller principal d\u2019\u00e9ducation (CPE)<\/p>\n\n\n\n<p><strong>Mme HOTTON Val\u00e9rie <\/strong>&#8211; Responsable de missions d&rsquo;orientation pour les lyc\u00e9ens<\/p>\n\n\n\n<p><strong>Mme <strong>FAVRE V\u00e9ronique<\/strong><\/strong> &#8211; Documentaliste CDI<\/p>\n\n\n\n<p><strong>Mme JOHN Eva<\/strong> &#8211; Documentaliste BCD<\/p>\n\n\n\n<p><strong>Mme SIFFERLEN Loana <\/strong>&#8211; Point \u00e9coute<\/p>\n\n\n\n<p><strong>Mme PIRONNEAU Camille <\/strong>&#8211; Orthophoniste<\/p>\n\n\n\n<p><strong>Mme AMERI Sihem <\/strong>&#8211; Assistante d\u2019\u00e9ducation<\/p>\n\n\n\n<p><strong>Mme JUN Hyo Kyung<\/strong> &#8211; Assistante d\u2019\u00e9ducation<\/p>\n\n\n\n<p><strong>M. LAPIERRE Julien<\/strong> &#8211; Assistant d&rsquo;\u00e9ducation<\/p>\n\n\n\n<p><strong>Mme LESEAULT Charlotte<\/strong> &#8211; Assistante d\u2019\u00e9ducation<\/p>\n\n\n\n<p><strong>Mme MARCHAL Laure <\/strong>&#8211; Assistante d\u2019\u00e9ducation<\/p>\n\n\n\n<p><strong>Mme REGEREAU Ana\u00efs<\/strong> &#8211; Assistante d\u2019\u00e9ducation<\/p>\n\n\n\n<p><strong>Mme BOUKARAI Nisrine<\/strong> &#8211; Assistante d\u2019\u00e9ducation<\/p>\n\n\n\n<p><strong>Mme MARTI Meggy&nbsp; <\/strong>&#8211; Assistante d\u2019\u00e9ducation<\/p>\n\n\n\n<p><strong>Mme NUNES Claire<\/strong> &#8211; Assistante d\u2019\u00e9ducation<\/p>\n\n\n\n<p><strong>M. RACHEL Jolan<\/strong> &#8211; Assistante d\u2019\u00e9ducation<\/p>\n\n\n\n<p><strong>Mme THOUVIGNON Ambre<\/strong> &#8211; Assistante d\u2019\u00e9ducation<\/p>\n\n<\/div><\/div><\/div>\n<\/div>\n<\/div><\/div>\n\n<div class=\"gb-container gb-container-79462d99\"><div class=\"gb-inside-container\">\n<div class=\"wp-block-image\">\n<figure class=\"aligncenter size-large\"><img loading=\"lazy\" decoding=\"async\" width=\"1024\" height=\"420\" src=\"https:\/\/lfseoul.org\/wp-content\/uploads\/2025\/09\/Primaire-1-e1756780532582-1024x420.jpg\" alt=\"\" class=\"wp-image-21331\" srcset=\"https:\/\/lfseoul.org\/wp-content\/uploads\/2025\/09\/Primaire-1-e1756780532582-1024x420.jpg 1024w, https:\/\/lfseoul.org\/wp-content\/uploads\/2025\/09\/Primaire-1-e1756780532582-300x123.jpg 300w, https:\/\/lfseoul.org\/wp-content\/uploads\/2025\/09\/Primaire-1-e1756780532582-768x315.jpg 768w, https:\/\/lfseoul.org\/wp-content\/uploads\/2025\/09\/Primaire-1-e1756780532582-1536x630.jpg 1536w, https:\/\/lfseoul.org\/wp-content\/uploads\/2025\/09\/Primaire-1-e1756780532582-10x4.jpg 10w, https:\/\/lfseoul.org\/wp-content\/uploads\/2025\/09\/Primaire-1-e1756780532582-15x6.jpg 15w, https:\/\/lfseoul.org\/wp-content\/uploads\/2025\/09\/Primaire-1-e1756780532582-48x20.jpg 48w, https:\/\/lfseoul.org\/wp-content\/uploads\/2025\/09\/Primaire-1-e1756780532582.jpg 2048w\" sizes=\"auto, (max-width: 1024px) 100vw, 1024px\" \/><\/figure><\/div>\n\n\n<div style=\"height:16px\" aria-hidden=\"true\" class=\"wp-block-spacer\"><\/div>\n\n\n\n<h2 class=\"gb-headline gb-headline-e5f4ea1b gb-headline-text\"><strong>EQUIPE ENSEIGNANTE<\/strong> EN PRIMAIRE<\/h2>\n\n\n<div class=\"gb-grid-wrapper gb-grid-wrapper-5bbd3054 animated fadeInDown\">\n<div class=\"gb-grid-column gb-grid-column-69a1442d\"><div class=\"gb-container gb-container-69a1442d\"><div class=\"gb-inside-container\">\n\n<h3 class=\"wp-block-heading\" id=\"enseignement\">Enseignants en maternelle<\/h3>\n\n\n\n<p><strong>Mme ATINDOKPO Elen <\/strong>&#8211; Enseignante PS \/ MS<\/p>\n\n\n\n<p><strong>Mme GANDOIS Lucile<\/strong> &#8211; Enseignante MS \/ GS<\/p>\n\n\n\n<p><strong>Mme RUCHETON Sandy<\/strong> &#8211; Enseignante GS<\/p>\n\n\n\n<p><strong>Mme AN Jeong-Yeon<\/strong> &#8211; Assistante maternelle PS \/ MS<\/p>\n\n\n\n<p><strong>Mme Gu L\u00e9a<\/strong> &#8211; Assistante maternelle MS \/ GS<\/p>\n\n\n\n<p><strong>Mme<\/strong> <strong>NOH Soorin<\/strong> &#8211; Assistante maternelle PS \/ MS<\/p>\n\n\n\n<p><strong>Mme LEE Doemi<\/strong> &#8211; Assistante maternelle GS<\/p>\n\n\n\n<div style=\"height:32px\" aria-hidden=\"true\" class=\"wp-block-spacer\"><\/div>\n\n\n\n<h3 class=\"wp-block-heading\">Enseignants en \u00e9l\u00e9mentaire<\/h3>\n\n\n\n<p><strong><strong>M<\/strong>.<strong> LEDUC Laurent<\/strong> <\/strong>&#8211; Enseignant CP<strong> <\/strong><\/p>\n\n\n\n<p><strong>Mme<\/strong> <strong><strong>GELLEREAU Anne<\/strong><\/strong> &#8211; Enseignante CP <\/p>\n\n\n\n<p><strong>Mme FRANGVILLE C\u00e9cile<\/strong> &#8211; Enseignante CE1<\/p>\n\n\n\n<p><strong>Mme <strong>LEVEQUE Manon<\/strong><\/strong> &#8211; Enseignante CE1<\/p>\n\n\n\n<p><strong>Mme DEPOILLY Aline<\/strong> &#8211; Enseignante CE2 <\/p>\n\n\n\n<p><strong>M. DEVINNE Vincent<\/strong> &#8211; Enseignant CE2<\/p>\n\n\n\n<p><strong>M. LAPUYADE Laurent<\/strong> &#8211; Enseignant CM1<\/p>\n\n\n\n<p><strong>M. VERON Nicolas<\/strong> &#8211; Enseignant CM1<\/p>\n\n\n\n<p><strong>M. ORY Pierre<\/strong> &#8211; Enseignant CM2<\/p>\n\n\n\n<p><strong>M. ROCHET Lionel<\/strong> &#8211; Enseignant CM2<\/p>\n\n\n\n<p><strong>Mme DELGADO Audrey<\/strong> &#8211; Enseignante Classe passerelle<\/p>\n\n<\/div><\/div><\/div>\n\n<div class=\"gb-grid-column gb-grid-column-05518f58\"><div class=\"gb-container gb-container-05518f58\"><div class=\"gb-inside-container\">\n\n<h3 class=\"wp-block-heading\">Enseignants de langues<\/h3>\n\n\n\n<p><strong>M. <strong>BAUGHMAN Andrew<\/strong><\/strong> &#8211; Enseignant d&rsquo;anglais<\/p>\n\n\n\n<p><strong>M. <strong>BERG Jared<\/strong><\/strong> &#8211; Enseignant d&rsquo;anglais<\/p>\n\n\n\n<p><strong>M. BORTNER Robin<\/strong> &#8211; Enseignant d\u2019anglais<\/p>\n\n\n\n<p><strong>M. BROWNING Jonathan<\/strong> &#8211; Enseignant d\u2019anglais<\/p>\n\n\n\n<p><strong>M. LEAVY Alan<\/strong> &#8211; Enseignant d\u2019anglais<\/p>\n\n\n\n<p><strong>M. MCCARTHY Mark<\/strong> &#8211; Enseignant d&rsquo;anglais<\/p>\n\n\n\n<p><strong>Mme FARRELL Megan<\/strong> &#8211; Enseignante d\u2019anglais<\/p>\n\n\n\n<p><strong>Mme HARRIPERSAD Melissa Khavita &#8211; <\/strong>Enseignante d&rsquo;anglais<\/p>\n\n\n\n<p><strong>Mme HOWARD Leah<\/strong> &#8211; Enseignante Section Internationale Am\u00e9ricaine<\/p>\n\n\n\n<p><strong>Mme KIM L\u00e9a<\/strong> &#8211; Enseignante de cor\u00e9en<\/p>\n\n\n\n<p><strong>Mme <strong>LEE Do eun Lys<\/strong><\/strong> &#8211; Enseignante de cor\u00e9en<\/p>\n\n\n\n<p><strong>Mme PARK Ji-Young <\/strong>&#8211; Enseignante de cor\u00e9en<\/p>\n\n<\/div><\/div><\/div>\n\n<div class=\"gb-grid-column gb-grid-column-da662bc1\"><div class=\"gb-container gb-container-da662bc1\"><div class=\"gb-inside-container\">\n\n<p><\/p>\n\n<\/div><\/div><\/div>\n<\/div>\n<\/div><\/div>\n\n<div class=\"gb-container gb-container-a42c69cc\"><div class=\"gb-inside-container\">\n\n<h2 class=\"gb-headline gb-headline-e421eb06 gb-headline-text\"><strong>EQUIPE ENSEIGNANTE AU <\/strong>SECONDAIRE<\/h2>\n\n\n<div class=\"gb-grid-wrapper gb-grid-wrapper-d1373888 animated fadeInDown\">\n<div class=\"gb-grid-column gb-grid-column-46b9b867\"><div class=\"gb-container gb-container-46b9b867 animated slideInDown\"><div class=\"gb-inside-container\">\n\n<h3 class=\"wp-block-heading\">Enseignants de lettres et de langues<\/h3>\n\n\n\n<p><strong>M. REIFENRATH Gerhard<\/strong> &#8211; Enseignant d\u2019allemand<\/p>\n\n\n\n<p><strong>M. BORTNER Robin<\/strong> &#8211; Enseignant d\u2019anglais<\/p>\n\n\n\n<p><strong>Mme LAW-LA\u00cf Ga\u00eblle<\/strong> &#8211; Enseignante d\u2019anglais<\/p>\n\n\n\n<p><strong>M. LEAVY Alan<\/strong> &#8211; Enseignant d\u2019anglais<\/p>\n\n\n\n<p><strong>M. MEURISSE Fr\u00e9d\u00e9ric<\/strong> &#8211; Enseignant d\u2019anglais<\/p>\n\n\n\n<p><strong>Mme MUNN Luana<\/strong> &#8211; Enseignante Section Internationale Am\u00e9ricaine langue et litt\u00e9rature<\/p>\n\n\n\n<p><strong>M. XAVIER Navajeev<\/strong> &#8211; Enseignant d\u2019Anglais et Section Internationale Am\u00e9ricaine histoire-g\u00e9ographie<\/p>\n\n\n\n<p><strong>Mme HUH Ji-Young<\/strong> &#8211; Enseignante de cor\u00e9en<\/p>\n\n\n\n<p><strong>Mme JO Hanbyul<\/strong> &#8211; Enseignante de cor\u00e9en<\/p>\n\n\n\n<p><strong>Mme PARK Ji-Young<\/strong> &#8211; Enseignante de cor\u00e9en<\/p>\n\n\n\n<p><strong>Mme BARBA Claudia<\/strong> &#8211; Enseignante d\u2019espagnol<\/p>\n\n\n\n<p><strong>M. CORTES SURIS Carlos Alberto<\/strong> &#8211; Enseignant d\u2019espagnol<\/p>\n\n\n\n<p><strong>Mme DE MASSARD Caroline<\/strong> &#8211; Enseignante de fran\u00e7ais<\/p>\n\n\n\n<p><strong>Mme BOULAY Marie<\/strong> &#8211; Enseignante de fran\u00e7ais et latin<\/p>\n\n\n\n<p><strong>Mme DURUISSEAU Emilie<\/strong> &#8211; Enseignante de fran\u00e7ais et latin<\/p>\n\n\n\n<p><strong>M. GUIDEZ Thomas<\/strong> &#8211; Enseignant de fran\u00e7ais et fran\u00e7ais langue de scolarisation<\/p>\n\n\n\n<p><strong>M. ZACCARO Olivier<\/strong> &#8211; Enseignant de philosophie et fran\u00e7ais<\/p>\n\n\n\n<div style=\"height:20px\" aria-hidden=\"true\" class=\"wp-block-spacer\"><\/div>\n\n\n\n<h3 class=\"wp-block-heading\">Enseignants d\u2019arts et de sports<\/h3>\n\n\n\n<p><strong>M. BAGARRE Cl\u00e9ment<\/strong> &#8211; Enseignant d\u2019\u00e9ducation physique et sportive<\/p>\n\n\n\n<p><strong>Mme MICHOTTE DE WELLE Blandine <\/strong>&#8211; Enseignante d\u2019\u00e9ducation physique et sportive<\/p>\n\n\n\n<p><strong>M. POMMET Guillaume<\/strong> &#8211; Enseignant d\u2019\u00e9ducation physique et sportive<\/p>\n\n\n\n<p><strong>Mme CHEN Su-Chia <\/strong>&#8211; Enseignante d\u2019arts plastiques<\/p>\n\n\n\n<p><strong>Mme MARCHAL Laure <\/strong>&#8211; Enseignante d&rsquo;arts (sp\u00e9cialit\u00e9 arts plastiques)<\/p>\n\n\n\n<p><strong>M. KO Han-Seung<\/strong> &#8211; Enseignant de musique<\/p>\n\n\n\n<p><strong>Mme MARCELLI Pauline<\/strong> &#8211; Enseignants d&rsquo;arts<\/p>\n\n\n\n<div style=\"height:27px\" aria-hidden=\"true\" class=\"wp-block-spacer\"><\/div>\n\n<\/div><\/div><\/div>\n\n<div class=\"gb-grid-column gb-grid-column-0edf7e85\"><div class=\"gb-container gb-container-0edf7e85 animated slideInDown\"><div class=\"gb-inside-container\">\n\n<h3 class=\"wp-block-heading\">Enseignants de sciences humaines et \u00e9conomiques<\/h3>\n\n\n\n<p><strong>M. GERMAIN Patrice <\/strong>&#8211; Enseignant d\u2019histoire &amp; g\u00e9ographie<\/p>\n\n\n\n<p><strong>M. LEROY Fabien <\/strong>&#8211; Enseignant d\u2019histoire &amp; g\u00e9ographie<\/p>\n\n\n\n<p><strong>Mme AMACH Sofia<\/strong> &#8211; Enseignante de sciences \u00e9conomiques et sociales<\/p>\n\n\n\n<div style=\"height:20px\" aria-hidden=\"true\" class=\"wp-block-spacer\"><\/div>\n\n\n\n<h3 class=\"wp-block-heading\">Enseignants de sciences<\/h3>\n\n\n\n<p><strong>M.<\/strong> <strong>BOURIM El-Mostafa<\/strong> &#8211; Enseignant de math\u00e9matiques<\/p>\n\n\n\n<p><strong>M. COMTET J\u00e9r\u00e9my<\/strong> &#8211; Enseignant de math\u00e9matiques<\/p>\n\n\n\n<p><strong>M. FOSSET Cl\u00e9ment<\/strong> &#8211; Enseignant de math\u00e9matiques<\/p>\n\n\n\n<p><strong>M. HOULET Patrice <\/strong>&#8211;  Enseignant de math\u00e9matiques <\/p>\n\n\n\n<p><strong>Mme CHUN Jee Hae <\/strong>&#8211; Enseignante de physique &amp; chimie<\/p>\n\n\n\n<p><strong>M. <strong>DASCIER Dimitri<\/strong> <\/strong>&#8211; Enseignant de sciences de la vie et de la terre<\/p>\n\n\n\n<p><strong>M. DESPLANCHE Romain<\/strong>&nbsp;\u2013 Enseignant de physique &amp; chimie<\/p>\n\n\n\n<p><strong>Mme GEFFRAY M\u00e9lanie <\/strong>&#8211; Enseignante de sciences de la vie et de la terre<\/p>\n\n\n\n<p><strong>M. OCHS Matthieu <\/strong>&#8211; Enseignant de sciences de la vie et de la terre<\/p>\n\n\n\n<p><strong>Mme CHEN Su-Chia <\/strong>&#8211; Enseignante de technologie<\/p>\n\n<\/div><\/div><\/div>\n<\/div>\n\n<div class=\"wp-block-image\">\n<figure class=\"aligncenter size-large\"><img loading=\"lazy\" decoding=\"async\" width=\"1024\" height=\"449\" src=\"https:\/\/lfseoul.org\/wp-content\/uploads\/2025\/09\/Secondaire-1-e1756780411961-1024x449.jpg\" alt=\"\" class=\"wp-image-21327\" srcset=\"https:\/\/lfseoul.org\/wp-content\/uploads\/2025\/09\/Secondaire-1-e1756780411961-1024x449.jpg 1024w, https:\/\/lfseoul.org\/wp-content\/uploads\/2025\/09\/Secondaire-1-e1756780411961-300x132.jpg 300w, https:\/\/lfseoul.org\/wp-content\/uploads\/2025\/09\/Secondaire-1-e1756780411961-768x337.jpg 768w, https:\/\/lfseoul.org\/wp-content\/uploads\/2025\/09\/Secondaire-1-e1756780411961-1536x674.jpg 1536w, https:\/\/lfseoul.org\/wp-content\/uploads\/2025\/09\/Secondaire-1-e1756780411961-10x4.jpg 10w, https:\/\/lfseoul.org\/wp-content\/uploads\/2025\/09\/Secondaire-1-e1756780411961-15x7.jpg 15w, https:\/\/lfseoul.org\/wp-content\/uploads\/2025\/09\/Secondaire-1-e1756780411961-48x21.jpg 48w, https:\/\/lfseoul.org\/wp-content\/uploads\/2025\/09\/Secondaire-1-e1756780411961.jpg 2048w\" sizes=\"auto, (max-width: 1024px) 100vw, 1024px\" \/><\/figure><\/div>\n<\/div><\/div>\n\n<div class=\"gb-container gb-container-51c59160\"><div class=\"gb-inside-container\">\n<div class=\"gb-grid-wrapper gb-grid-wrapper-e7699710\">\n<div class=\"gb-grid-column gb-grid-column-dda0f1d8\"><div class=\"gb-container gb-container-dda0f1d8\"><div class=\"gb-inside-container\">\n\n<p class=\"gb-headline gb-headline-7724fc69\"><span class=\"gb-icon\"><svg xmlns=\"http:\/\/www.w3.org\/2000\/svg\" viewBox=\"0 0 384 512\" width=\"1em\" height=\"1em\" aria-hidden=\"true\"><path d=\"M97.12 362.63c-8.69-8.69-4.16-6.24-25.12-11.85-9.51-2.55-17.87-7.45-25.43-13.32L1.2 448.7c-4.39 10.77 3.81 22.47 15.43 22.03l52.69-2.01L105.56 507c8 8.44 22.04 5.81 26.43-4.96l52.05-127.62c-10.84 6.04-22.87 9.58-35.31 9.58-19.5 0-37.82-7.59-51.61-21.37zM382.8 448.7l-45.37-111.24c-7.56 5.88-15.92 10.77-25.43 13.32-21.07 5.64-16.45 3.18-25.12 11.85-13.79 13.78-32.12 21.37-51.62 21.37-12.44 0-24.47-3.55-35.31-9.58L252 502.04c4.39 10.77 18.44 13.4 26.43 4.96l36.25-38.28 52.69 2.01c11.62.44 19.82-11.27 15.43-22.03zM263 340c15.28-15.55 17.03-14.21 38.79-20.14 13.89-3.79 24.75-14.84 28.47-28.98 7.48-28.4 5.54-24.97 25.95-45.75 10.17-10.35 14.14-25.44 10.42-39.58-7.47-28.38-7.48-24.42 0-52.83 3.72-14.14-.25-29.23-10.42-39.58-20.41-20.78-18.47-17.36-25.95-45.75-3.72-14.14-14.58-25.19-28.47-28.98-27.88-7.61-24.52-5.62-44.95-26.41-10.17-10.35-25-14.4-38.89-10.61-27.87 7.6-23.98 7.61-51.9 0-13.89-3.79-28.72.25-38.89 10.61-20.41 20.78-17.05 18.8-44.94 26.41-13.89 3.79-24.75 14.84-28.47 28.98-7.47 28.39-5.54 24.97-25.95 45.75-10.17 10.35-14.15 25.44-10.42 39.58 7.47 28.36 7.48 24.4 0 52.82-3.72 14.14.25 29.23 10.42 39.59 20.41 20.78 18.47 17.35 25.95 45.75 3.72 14.14 14.58 25.19 28.47 28.98C104.6 325.96 106.27 325 121 340c13.23 13.47 33.84 15.88 49.74 5.82a39.676 39.676 0 0 1 42.53 0c15.89 10.06 36.5 7.65 49.73-5.82zM97.66 175.96c0-53.03 42.24-96.02 94.34-96.02s94.34 42.99 94.34 96.02-42.24 96.02-94.34 96.02-94.34-42.99-94.34-96.02z\" fill=\"currentColor\"><\/path><\/svg><\/span><span class=\"gb-headline-text\"><strong>Pour une \u00e9ducation fran\u00e7aise homologu\u00e9e, <\/strong><br><strong>offrant des parcours plurilingues<\/strong><\/span><\/p>\n\n<\/div><\/div><\/div>\n<\/div>\n\n<div class=\"gb-button-wrapper gb-button-wrapper-4532169a\">\n\n<a class=\"gb-button gb-button-7f061f2a gb-button-text\" href=\"https:\/\/lfseoul.org\/fr\/admission\/\" target=\"_blank\" rel=\"noopener noreferrer\">JE M&rsquo;INSCRIS<\/a>\n\n<\/div>\n<\/div><\/div>","protected":false},"excerpt":{"rendered":"<p>EQUIPE DE DIRECTION EQUIPE ENSEIGNANTE EN PRIMAIRE EQUIPE ENSEIGNANTE AU SECONDAIRE<\/p>\n","protected":false},"author":4,"featured_media":21310,"parent":0,"menu_order":0,"comment_status":"closed","ping_status":"closed","template":"","meta":{"qubely_global_settings":"","qubely_interactions":"","inline_featured_image":false,"footnotes":""},"class_list":{"0":"post-11289","1":"page","2":"type-page","3":"status-publish","4":"has-post-thumbnail","6":"infinite-scroll-item","7":"resize-featured-image"},"_links":{"self":[{"href":"https:\/\/lfseoul.org\/fr\/wp-json\/wp\/v2\/pages\/11289","targetHints":{"allow":["GET"]}}],"collection":[{"href":"https:\/\/lfseoul.org\/fr\/wp-json\/wp\/v2\/pages"}],"about":[{"href":"https:\/\/lfseoul.org\/fr\/wp-json\/wp\/v2\/types\/page"}],"author":[{"embeddable":true,"href":"https:\/\/lfseoul.org\/fr\/wp-json\/wp\/v2\/users\/4"}],"replies":[{"embeddable":true,"href":"https:\/\/lfseoul.org\/fr\/wp-json\/wp\/v2\/comments?post=11289"}],"version-history":[{"count":60,"href":"https:\/\/lfseoul.org\/fr\/wp-json\/wp\/v2\/pages\/11289\/revisions"}],"predecessor-version":[{"id":21422,"href":"https:\/\/lfseoul.org\/fr\/wp-json\/wp\/v2\/pages\/11289\/revisions\/21422"}],"wp:featuredmedia":[{"embeddable":true,"href":"https:\/\/lfseoul.org\/fr\/wp-json\/wp\/v2\/media\/21310"}],"wp:attachment":[{"href":"https:\/\/lfseoul.org\/fr\/wp-json\/wp\/v2\/media?parent=11289"}],"curies":[{"name":"wp","href":"https:\/\/api.w.org\/{rel}","templated":true}]}}