{"id":11624,"date":"2021-04-22T00:21:30","date_gmt":"2021-04-22T00:21:30","guid":{"rendered":"https:\/\/54.68.147.74\/~lfs\/?page_id=11624"},"modified":"2025-09-09T01:17:56","modified_gmt":"2025-09-09T01:17:56","slug":"espace-parents","status":"publish","type":"page","link":"https:\/\/lfseoul.org\/fr\/espace-parents\/","title":{"rendered":"ESPACE PARENTS"},"content":{"rendered":"\n<style>\n.site-content {\n    display: block !important;\n}\n<\/style>\n\n\n<div class=\"gb-container gb-container-11cc4cd4\"><div class=\"gb-inside-container\">\n\n<p>Le Lyc\u00e9e Fran\u00e7ais de S\u00e9oul (LFS) est riche d&rsquo;une <span style=\"color: #d72335;\" data=\"#d72335\" class=\"qubely-text-has-color\">communaut\u00e9 fran\u00e7aise, cor\u00e9enne et internationale<\/span>, bienveillante et engag\u00e9e au quotidien pour le bien-\u00eatre de tous. Retrouvez dans l&rsquo;Espace parents, les informations et plateformes utiles pour suivre la scolarit\u00e9 de votre enfant, ainsi que les possibilit\u00e9s pour vous impliquer dans la vie de l&rsquo;\u00e9tablissement.<\/p>\n\n<\/div><\/div>\n\n<div class=\"gb-container gb-container-f35a94d1\"><div class=\"gb-inside-container\">\n<div class=\"gb-container gb-container-01a3638a\"><div class=\"gb-inside-container\">\n<div class=\"gb-grid-wrapper gb-grid-wrapper-fc7ea230\">\n<div class=\"gb-grid-column gb-grid-column-2181b0ee\"><div class=\"gb-container gb-container-2181b0ee\"><div class=\"gb-inside-container\"><\/div><\/div><\/div>\n\n<div class=\"gb-grid-column gb-grid-column-48c3227a\"><div class=\"gb-container gb-container-48c3227a\"><div class=\"gb-inside-container\">\n\n<h2 class=\"wp-block-heading\">CALENDRIER SCOLAIRE<\/h2>\n\n\n\n<div style=\"height:20px\" aria-hidden=\"true\" class=\"wp-block-spacer\"><\/div>\n\n\n\n<p>T\u00e9l\u00e9chargez le calendrier scolaire en cours pr\u00e9sentant la date de rentr\u00e9e et de fin d&rsquo;ann\u00e9e, ainsi que les p\u00e9riodes de vacances scolaires.<\/p>\n\n\n\n<p><a href=\"https:\/\/lfseoul.org\/calendrier\/\" target=\"_blank\" rel=\"noreferrer noopener\">Acc\u00e9dez au calendrier scolaire ici.<\/a><\/p>\n\n\n\n<div style=\"height:30px\" aria-hidden=\"true\" class=\"wp-block-spacer\"><\/div>\n\n\n\n<h2 class=\"wp-block-heading\">INFORMATIONS PRATIQUES<\/h2>\n\n\n\n<div style=\"height:20px\" aria-hidden=\"true\" class=\"wp-block-spacer\"><\/div>\n\n\n\n<p>Retrouvez les horaires de l&rsquo;\u00e9cole, les informations et conditions d&rsquo;acc\u00e8s \u00e0 l&rsquo;\u00e9tablissement, et les proc\u00e9dures en cas de retard ou d&rsquo;absence de l&rsquo;\u00e9l\u00e8ve. Un r\u00e9capitulatif des outils de communication vous \u00e9galement pr\u00e9sent\u00e9 afin de conna\u00eetre et d&rsquo;utiliser au mieux les plateformes digitales du LFS. <\/p>\n\n\n\n<p><a href=\"https:\/\/lfseoul.org\/informations-pratiques\/\" target=\"_blank\" rel=\"noreferrer noopener\">Consultez la page Informations pratiques ici.<\/a><\/p>\n\n<\/div><\/div><\/div>\n<\/div>\n<\/div><\/div>\n<\/div><\/div>\n\n<div class=\"gb-container gb-container-8cd2ddf9\"><div class=\"gb-inside-container\">\n\n<h2 class=\"wp-block-heading has-text-align-center\"><strong>LES PLATEFORMES DE SUIVI DE LA SCOLARITE<\/strong><\/h2>\n\n<\/div><\/div>\n\n<div class=\"gb-container gb-container-d09528de\"><div class=\"gb-inside-container\">\n<div class=\"gb-container gb-container-b13966b0\"><div class=\"gb-inside-container\">\n<div class=\"gb-grid-wrapper gb-grid-wrapper-e0e13e05\">\n<div class=\"gb-grid-column gb-grid-column-3898797b\"><div class=\"gb-container gb-container-3898797b\"><div class=\"gb-inside-container\">\n\n<h4 class=\"gb-headline gb-headline-67ed7024 gb-headline-text\">La plateforme Eduka<\/h4>\n\n\n\n<p class=\"gb-headline gb-headline-2dcb0bd1 gb-headline-text\">Vous permet de retrouver vos informations personnelles, d&rsquo;acc\u00e9der au module d&rsquo;inscription ou de radiation, de consulter le catalogue des activit\u00e9s extra-scolaires et d&rsquo;y inscrire votre enfant, d&rsquo;acc\u00e9der \u00e0 vos factures et documents importants (documents relatifs \u00e0 la s\u00e9curit\u00e9 et aux r\u00e8gles internes, comptes-rendus des instances, etc).<br><a href=\"https:\/\/lfseoul.eduka.school\/\" target=\"_blank\" rel=\"noreferrer noopener\">Cliquez ici ou sur le logo pour acc\u00e9der \u00e0 la plateforme Eduka.<\/a><\/p>\n\n<\/div><\/div><\/div>\n\n<div class=\"gb-grid-column gb-grid-column-c1b6941a\"><div class=\"gb-container gb-container-c1b6941a\"><div class=\"gb-inside-container\">\n<div class=\"wp-block-image\">\n<figure class=\"aligncenter size-full is-resized\"><a href=\"https:\/\/lfseoul.eduka.school\" target=\"_blank\" rel=\"noopener\"><img loading=\"lazy\" decoding=\"async\" width=\"290\" height=\"290\" src=\"https:\/\/lfseoul.org\/wp-content\/uploads\/2021\/02\/Practical-information_Eduka.png\" alt=\"\" class=\"wp-image-7110\" style=\"width:150px;height:150px\" srcset=\"https:\/\/lfseoul.org\/wp-content\/uploads\/2021\/02\/Practical-information_Eduka.png 290w, https:\/\/lfseoul.org\/wp-content\/uploads\/2021\/02\/Practical-information_Eduka-150x150.png 150w, https:\/\/lfseoul.org\/wp-content\/uploads\/2021\/02\/Practical-information_Eduka-10x10.png 10w, https:\/\/lfseoul.org\/wp-content\/uploads\/2021\/02\/Practical-information_Eduka-15x15.png 15w, https:\/\/lfseoul.org\/wp-content\/uploads\/2021\/02\/Practical-information_Eduka-48x48.png 48w\" sizes=\"auto, (max-width: 290px) 100vw, 290px\" \/><\/a><\/figure><\/div>\n<\/div><\/div><\/div>\n<\/div>\n\n\n<div style=\"height:10px\" aria-hidden=\"true\" class=\"wp-block-spacer\"><\/div>\n\n\n<div class=\"gb-grid-wrapper gb-grid-wrapper-8da6d948\">\n<div class=\"gb-grid-column gb-grid-column-624d9751\"><div class=\"gb-container gb-container-624d9751\"><div class=\"gb-inside-container\">\n\n<h4 class=\"gb-headline gb-headline-e69e88d2 gb-headline-text\">La plateforme Pronote<\/h4>\n\n\n\n<p class=\"gb-headline gb-headline-408f212e gb-headline-text\"><a href=\"https:\/\/2390001c.index-education.net\/pronote\/\" target=\"_blank\" rel=\"noopener\"><\/a>Vous permet de retrouver vos informations personnelles, d&rsquo;acc\u00e9der au module d&rsquo;inscription ou dVous permet de suivre la scolarit\u00e9 de votre enfant en acc\u00e9dant \u00e0 son emploi du temps et \u00e0 ses devoirs, de recevoir les communications du LFS et de contacter l&rsquo;\u00e9quipe enseignante de votre enfant, de notifier une absence ou un retard&#8230;<br><a href=\"https:\/\/2390001c.index-education.net\/pronote\/\" target=\"_blank\" rel=\"noreferrer noopener\">Cliquez ici ou sur le logo pour acc\u00e9der \u00e0 la plateforme Pronote.<\/a><\/p>\n\n<\/div><\/div><\/div>\n\n<div class=\"gb-grid-column gb-grid-column-cbb28750\"><div class=\"gb-container gb-container-cbb28750\"><div class=\"gb-inside-container\">\n<div class=\"wp-block-image\">\n<figure class=\"aligncenter size-full is-resized\"><a href=\"https:\/\/2390001c.index-education.net\/pronote\/\" target=\"_blank\" rel=\"noopener\"><img loading=\"lazy\" decoding=\"async\" width=\"290\" height=\"290\" src=\"https:\/\/lfseoul.org\/wp-content\/uploads\/2021\/02\/Practical-information_Pronote-1.png\" alt=\"\" class=\"wp-image-7108\" style=\"width:150px;height:150px\" srcset=\"https:\/\/lfseoul.org\/wp-content\/uploads\/2021\/02\/Practical-information_Pronote-1.png 290w, https:\/\/lfseoul.org\/wp-content\/uploads\/2021\/02\/Practical-information_Pronote-1-150x150.png 150w, https:\/\/lfseoul.org\/wp-content\/uploads\/2021\/02\/Practical-information_Pronote-1-10x10.png 10w, https:\/\/lfseoul.org\/wp-content\/uploads\/2021\/02\/Practical-information_Pronote-1-15x15.png 15w, https:\/\/lfseoul.org\/wp-content\/uploads\/2021\/02\/Practical-information_Pronote-1-48x48.png 48w\" sizes=\"auto, (max-width: 290px) 100vw, 290px\" \/><\/a><\/figure><\/div>\n<\/div><\/div><\/div>\n<\/div>\n\n\n<p><a href=\"https:\/\/lfseoul.org\/wp-content\/uploads\/2021\/06\/21-22-LFS-OUTILS-NUM-guide-FR.pdf\" target=\"_blank\" rel=\"noreferrer noopener\">Cliquez ici pour consulter le guide d&rsquo;utilisation de ces plateformes.<\/a><\/p>\n\n<\/div><\/div>\n<\/div><\/div>\n\n<div class=\"gb-container gb-container-cfef8eef\"><div class=\"gb-inside-container\">\n\n<h2 class=\"wp-block-heading has-text-align-center\" id=\"pour\"><a href=\"https:\/\/lfseoul.org\/student-project\/\" class=\"rank-math-link\"><\/a><strong>PARENTS VOLONTAIRES<\/strong><\/h2>\n\n\n<div class=\"gb-grid-wrapper gb-grid-wrapper-05826e3f\">\n<div class=\"gb-grid-column gb-grid-column-3cb04722\"><div class=\"gb-container gb-container-3cb04722\"><div class=\"gb-inside-container\">\n<div class=\"gb-grid-wrapper gb-grid-wrapper-9f6431dd\">\n<div class=\"gb-grid-column gb-grid-column-311d4c04\"><div class=\"gb-container gb-container-311d4c04\">\n\n<figure class=\"wp-block-image size-large\"><img loading=\"lazy\" decoding=\"async\" width=\"1024\" height=\"499\" src=\"https:\/\/lfseoul.org\/wp-content\/uploads\/2025\/02\/IMG_4446_Edited_Compressed_Cropped-1024x499.jpg\" alt=\"\" class=\"wp-image-20571\" srcset=\"https:\/\/lfseoul.org\/wp-content\/uploads\/2025\/02\/IMG_4446_Edited_Compressed_Cropped-1024x499.jpg 1024w, https:\/\/lfseoul.org\/wp-content\/uploads\/2025\/02\/IMG_4446_Edited_Compressed_Cropped-300x146.jpg 300w, https:\/\/lfseoul.org\/wp-content\/uploads\/2025\/02\/IMG_4446_Edited_Compressed_Cropped-768x374.jpg 768w, https:\/\/lfseoul.org\/wp-content\/uploads\/2025\/02\/IMG_4446_Edited_Compressed_Cropped-1536x748.jpg 1536w, https:\/\/lfseoul.org\/wp-content\/uploads\/2025\/02\/IMG_4446_Edited_Compressed_Cropped-10x5.jpg 10w, https:\/\/lfseoul.org\/wp-content\/uploads\/2025\/02\/IMG_4446_Edited_Compressed_Cropped-15x7.jpg 15w, https:\/\/lfseoul.org\/wp-content\/uploads\/2025\/02\/IMG_4446_Edited_Compressed_Cropped-48x23.jpg 48w, https:\/\/lfseoul.org\/wp-content\/uploads\/2025\/02\/IMG_4446_Edited_Compressed_Cropped.jpg 1822w\" sizes=\"auto, (max-width: 1024px) 100vw, 1024px\" \/><\/figure>\n\n<\/div><\/div>\n\n<div class=\"gb-grid-column gb-grid-column-780c72b1\"><div class=\"gb-container gb-container-780c72b1\">\n<div class=\"gb-container gb-container-fe594381\">\n\n<p class=\"has-text-align-center\">\u00c9tablissement de droit local, <span style=\"color: #d72335;\" data=\"#d72335\" class=\"qubely-text-has-color\">le LFS existe et grandit gr\u00e2ce \u00e0 l\u2019engagement associatif des parents <\/span>impliqu\u00e9s dans la gestion et la vie de l\u2019\u00e9tablissement.<\/p>\n\n\n\n<p class=\"has-text-align-center\">Ils sont des acteurs importants du dynamisme et du d\u00e9veloppement du LFS.&nbsp;<\/p>\n\n\n\n<p class=\"has-text-align-center\">D\u00e9couvrez les diff\u00e9rents r\u00f4les et responsabilit\u00e9s inh\u00e9rentes dans lesquels vous pourriez vous engager pour une heure ou une ann\u00e9e.<\/p>\n\n\n\n<p class=\"has-text-align-center\"><a href=\"https:\/\/lfseoul.org\/parents-volontaires\/\" target=\"_blank\" rel=\"noreferrer noopener\">Acc\u00e9dez \u00e0 la page Parents volontaires ici.<\/a><\/p>\n\n\n\n<p><\/p>\n\n<\/div>\n<\/div><\/div>\n<\/div>\n<\/div><\/div><\/div>\n<\/div>\n<\/div><\/div>\n\n<div class=\"gb-container gb-container-eea3fc8d\"><div class=\"gb-inside-container\">\n\n<p class=\"gb-headline gb-headline-01922ae9\"><span class=\"gb-icon\"><svg xmlns=\"http:\/\/www.w3.org\/2000\/svg\" viewBox=\"0 0 384 512\" width=\"1em\" height=\"1em\" aria-hidden=\"true\"><path d=\"M97.12 362.63c-8.69-8.69-4.16-6.24-25.12-11.85-9.51-2.55-17.87-7.45-25.43-13.32L1.2 448.7c-4.39 10.77 3.81 22.47 15.43 22.03l52.69-2.01L105.56 507c8 8.44 22.04 5.81 26.43-4.96l52.05-127.62c-10.84 6.04-22.87 9.58-35.31 9.58-19.5 0-37.82-7.59-51.61-21.37zM382.8 448.7l-45.37-111.24c-7.56 5.88-15.92 10.77-25.43 13.32-21.07 5.64-16.45 3.18-25.12 11.85-13.79 13.78-32.12 21.37-51.62 21.37-12.44 0-24.47-3.55-35.31-9.58L252 502.04c4.39 10.77 18.44 13.4 26.43 4.96l36.25-38.28 52.69 2.01c11.62.44 19.82-11.27 15.43-22.03zM263 340c15.28-15.55 17.03-14.21 38.79-20.14 13.89-3.79 24.75-14.84 28.47-28.98 7.48-28.4 5.54-24.97 25.95-45.75 10.17-10.35 14.14-25.44 10.42-39.58-7.47-28.38-7.48-24.42 0-52.83 3.72-14.14-.25-29.23-10.42-39.58-20.41-20.78-18.47-17.36-25.95-45.75-3.72-14.14-14.58-25.19-28.47-28.98-27.88-7.61-24.52-5.62-44.95-26.41-10.17-10.35-25-14.4-38.89-10.61-27.87 7.6-23.98 7.61-51.9 0-13.89-3.79-28.72.25-38.89 10.61-20.41 20.78-17.05 18.8-44.94 26.41-13.89 3.79-24.75 14.84-28.47 28.98-7.47 28.39-5.54 24.97-25.95 45.75-10.17 10.35-14.15 25.44-10.42 39.58 7.47 28.36 7.48 24.4 0 52.82-3.72 14.14.25 29.23 10.42 39.59 20.41 20.78 18.47 17.35 25.95 45.75 3.72 14.14 14.58 25.19 28.47 28.98C104.6 325.96 106.27 325 121 340c13.23 13.47 33.84 15.88 49.74 5.82a39.676 39.676 0 0 1 42.53 0c15.89 10.06 36.5 7.65 49.73-5.82zM97.66 175.96c0-53.03 42.24-96.02 94.34-96.02s94.34 42.99 94.34 96.02-42.24 96.02-94.34 96.02-94.34-42.99-94.34-96.02z\" fill=\"currentColor\"><\/path><\/svg><\/span><span class=\"gb-headline-text\"><strong>Pour une \u00e9ducation fran\u00e7aise homologu\u00e9e, <\/strong><br><strong>offrant des parcours plurilingues<\/strong><\/span><\/p>\n\n\n<div class=\"gb-button-wrapper gb-button-wrapper-29a7c4d0\">\n\n<a class=\"gb-button gb-button-ec89263c gb-button-text\" href=\"https:\/\/lfseoul.org\/admission\/\" target=\"_blank\" rel=\"noopener noreferrer\">JE M&rsquo;INSCRIS<\/a>\n\n<\/div>\n<\/div><\/div>","protected":false},"excerpt":{"rendered":"<p>Le Lyc\u00e9e Fran\u00e7ais de S\u00e9oul (LFS) est riche d&rsquo;une communaut\u00e9 fran\u00e7aise, cor\u00e9enne et internationale, bienveillante et engag\u00e9e au quotidien pour le bien-\u00eatre de tous. Retrouvez dans l&rsquo;Espace parents, les informations et plateformes utiles pour suivre la scolarit\u00e9 de votre enfant, &#8230; <\/p>\n<p class=\"read-more-container\"><a title=\"ESPACE PARENTS\" class=\"read-more button\" href=\"https:\/\/lfseoul.org\/fr\/espace-parents\/#more-11624\" aria-label=\"En savoir plus sur ESPACE PARENTS\">En savoir plus<\/a><\/p>\n","protected":false},"author":7,"featured_media":10064,"parent":0,"menu_order":0,"comment_status":"closed","ping_status":"closed","template":"qubely_full_width","meta":{"qubely_global_settings":"","qubely_interactions":"","inline_featured_image":false,"footnotes":""},"class_list":{"0":"post-11624","1":"page","2":"type-page","3":"status-publish","4":"has-post-thumbnail","6":"infinite-scroll-item","7":"resize-featured-image"},"_links":{"self":[{"href":"https:\/\/lfseoul.org\/fr\/wp-json\/wp\/v2\/pages\/11624","targetHints":{"allow":["GET"]}}],"collection":[{"href":"https:\/\/lfseoul.org\/fr\/wp-json\/wp\/v2\/pages"}],"about":[{"href":"https:\/\/lfseoul.org\/fr\/wp-json\/wp\/v2\/types\/page"}],"author":[{"embeddable":true,"href":"https:\/\/lfseoul.org\/fr\/wp-json\/wp\/v2\/users\/7"}],"replies":[{"embeddable":true,"href":"https:\/\/lfseoul.org\/fr\/wp-json\/wp\/v2\/comments?post=11624"}],"version-history":[{"count":12,"href":"https:\/\/lfseoul.org\/fr\/wp-json\/wp\/v2\/pages\/11624\/revisions"}],"predecessor-version":[{"id":21392,"href":"https:\/\/lfseoul.org\/fr\/wp-json\/wp\/v2\/pages\/11624\/revisions\/21392"}],"wp:featuredmedia":[{"embeddable":true,"href":"https:\/\/lfseoul.org\/fr\/wp-json\/wp\/v2\/media\/10064"}],"wp:attachment":[{"href":"https:\/\/lfseoul.org\/fr\/wp-json\/wp\/v2\/media?parent=11624"}],"curies":[{"name":"wp","href":"https:\/\/api.w.org\/{rel}","templated":true}]}}