{"id":11892,"date":"2021-04-26T06:14:49","date_gmt":"2021-04-26T06:14:49","guid":{"rendered":"https:\/\/54.68.147.74\/~lfs\/?page_id=11892"},"modified":"2025-04-16T05:35:28","modified_gmt":"2025-04-16T05:35:28","slug":"sante-vie-scolaire","status":"publish","type":"page","link":"https:\/\/lfseoul.org\/fr\/sante-vie-scolaire\/","title":{"rendered":"SANT\u00c9 &#038; VIE SCOLAIRE"},"content":{"rendered":"<div class=\"gb-container gb-container-d08d25ea\"><div class=\"gb-inside-container\">\n\n<p>La sant\u00e9, la s\u00e9curit\u00e9 et le bien-\u00eatre des \u00e9l\u00e8ves sont des priorit\u00e9s absolues pour le Lyc\u00e9e Fran\u00e7ais de S\u00e9oul (LFS).&nbsp;<\/p>\n\n\n\n<p>Une <span style=\"color: #d72335;\" data=\"#d72335\" class=\"qubely-text-has-color\">infirmi\u00e8re scolaire parlant fran\u00e7ais, anglais et cor\u00e9en<\/span> est \u00e0 la disposition des \u00e9l\u00e8ves, des parents et du personnel tous les jours, pour tout motif d\u2019ordre physique, relationnel ou psychologique.<\/p>\n\n\n\n<p>Un <span style=\"color: #d72335;\" data=\"#d72335\" class=\"qubely-text-has-color\">service de vie scolaire<\/span> fait respecter les r\u00e8gles d&rsquo;<span style=\"color: #d72335;\" data=\"#d72335\" class=\"qubely-text-has-color\">hygi\u00e8ne<\/span> et de <span style=\"color: #d72335;\" data=\"#d72335\" class=\"qubely-text-has-color\">s\u00e9curit\u00e9<\/span> par les \u00e9l\u00e8ves et veille \u00e0 ce que chacun puisse suivre sa scolarit\u00e9 dans <span style=\"color: #d72335;\" data=\"#d72335\" class=\"qubely-text-has-color\">des conditions<\/span> <span style=\"color: #d72335;\" data=\"#d72335\" class=\"qubely-text-has-color\">optimales<\/span>.<\/p>\n\n<\/div><\/div>\n\n<div class=\"gb-container gb-container-0c38f7b1\"><div class=\"gb-inside-container\">\n<div class=\"gb-container gb-container-ba6d0f87\"><div class=\"gb-inside-container\">\n<div class=\"wp-block-image\">\n<figure class=\"aligncenter size-large is-resized\"><img loading=\"lazy\" decoding=\"async\" width=\"186\" height=\"120\" src=\"https:\/\/lfseoul.org\/wp-content\/uploads\/2021\/03\/email-icon.jpg\" alt=\"\" class=\"wp-image-8903\" style=\"width:186px;height:120px\" srcset=\"https:\/\/lfseoul.org\/wp-content\/uploads\/2021\/03\/email-icon.jpg 186w, https:\/\/lfseoul.org\/wp-content\/uploads\/2021\/03\/email-icon-10x6.jpg 10w, https:\/\/lfseoul.org\/wp-content\/uploads\/2021\/03\/email-icon-15x10.jpg 15w, https:\/\/lfseoul.org\/wp-content\/uploads\/2021\/03\/email-icon-48x31.jpg 48w\" sizes=\"auto, (max-width: 186px) 100vw, 186px\" \/><\/figure><\/div>\n<\/div><\/div>\n\n<div class=\"gb-grid-wrapper gb-grid-wrapper-da4627f1\">\n<div class=\"gb-grid-column gb-grid-column-126d6be5\"><div class=\"gb-container gb-container-126d6be5\"><div class=\"gb-inside-container\">\n\n<p class=\"gb-headline gb-headline-7fa714b9 gb-headline-text\"><strong>INFIRMERIE<\/strong><\/p>\n\n\n\n<h3 class=\"wp-block-heading has-text-align-center has-text-color has-normal-font-size\" style=\"color:#0f145a\">Lundi au vendredi: 8h \u00e0 17h<br><img loading=\"lazy\" decoding=\"async\" width=\"20\" height=\"17\" class=\"wp-image-7333\" style=\"width: 20px;\" src=\"https:\/\/lfseoul.org\/wp-content\/uploads\/2021\/02\/mail-icon-blue.png\" alt=\"\" srcset=\"https:\/\/lfseoul.org\/wp-content\/uploads\/2021\/02\/mail-icon-blue.png 96w, https:\/\/lfseoul.org\/wp-content\/uploads\/2021\/02\/mail-icon-blue-10x8.png 10w, https:\/\/lfseoul.org\/wp-content\/uploads\/2021\/02\/mail-icon-blue-15x13.png 15w, https:\/\/lfseoul.org\/wp-content\/uploads\/2021\/02\/mail-icon-blue-48x41.png 48w\" sizes=\"auto, (max-width: 20px) 100vw, 20px\" \/> <a href=\"mailto:infirmerie@lfseoul.org\" class=\"rank-math-link\">infirmerie@lfseoul.org<\/a><br><img decoding=\"async\" class=\"wp-image-7444\" style=\"width: 20px;\" src=\"https:\/\/lfseoul.org\/wp-content\/uploads\/2021\/02\/call-icon.png\" alt=\"\"> <a href=\"tel:02-535-1158\" class=\"rank-math-link\">02 535 1158<\/a><\/h3>\n\n<\/div><\/div><\/div>\n\n<div class=\"gb-grid-column gb-grid-column-84c7466f\"><div class=\"gb-container gb-container-84c7466f\"><div class=\"gb-inside-container\">\n\n<p class=\"gb-headline gb-headline-e26b7db0 gb-headline-text\"><strong>VIE SCOLAIRE<\/strong><\/p>\n\n\n\n<h3 class=\"wp-block-heading has-text-align-center has-text-color has-normal-font-size\" id=\"block-6f3ddfe1-f2e4-41b7-a76f-7f41f8df6722\" style=\"color:#0f145a\">Lundi au vendredi: 7h45 \u00e0 18h15<br><img loading=\"lazy\" decoding=\"async\" width=\"20\" height=\"17\" class=\"wp-image-7333\" style=\"width: 20px;\" src=\"https:\/\/lfseoul.org\/wp-content\/uploads\/2021\/02\/mail-icon-blue.png\" alt=\"\" srcset=\"https:\/\/lfseoul.org\/wp-content\/uploads\/2021\/02\/mail-icon-blue.png 96w, https:\/\/lfseoul.org\/wp-content\/uploads\/2021\/02\/mail-icon-blue-10x8.png 10w, https:\/\/lfseoul.org\/wp-content\/uploads\/2021\/02\/mail-icon-blue-15x13.png 15w, https:\/\/lfseoul.org\/wp-content\/uploads\/2021\/02\/mail-icon-blue-48x41.png 48w\" sizes=\"auto, (max-width: 20px) 100vw, 20px\" \/> <a href=\"mailto:viescolaire@lfseoul.org\" class=\"rank-math-link\">viescolaire@lfseoul.org<\/a><br><img decoding=\"async\" class=\"wp-image-7444\" style=\"width: 20px;\" src=\"https:\/\/lfseoul.org\/wp-content\/uploads\/2021\/02\/call-icon.png\" alt=\"\"> <a href=\"tel:02-535-1158\" class=\"rank-math-link\">02 535 1158<\/a><\/h3>\n\n<\/div><\/div><\/div>\n<\/div>\n<\/div><\/div>\n\n<div class=\"gb-container gb-container-d73c5a90\"><div class=\"gb-inside-container\">\n\n<h2 class=\"wp-block-heading has-text-align-center\" id=\"cycle\"><strong>BIEN PR\u00c9PARER LA RENTR\u00c9E DE SON ENFANT AU NIVEAU M\u00c9DICAL<\/strong><\/h2>\n\n\n\n<div style=\"height:20px\" aria-hidden=\"true\" class=\"wp-block-spacer\"><\/div>\n\n<\/div><\/div>\n\n<div class=\"gb-container gb-container-ef49d047\"><div class=\"gb-inside-container\">\n\n<p>Avant chaque rentr\u00e9e scolaire, les <span style=\"color: #d72335;\" data=\"#d72335\" class=\"qubely-text-has-color\">donn\u00e9es m\u00e9dicales doivent \u00eatre indiqu\u00e9es ou actualis\u00e9es<\/span> sur <a href=\"https:\/\/lfseoul.eduka.school\" class=\"rank-math-link\" target=\"_blank\" rel=\"noopener\">Eduka<\/a> afin que nous puissions bien prendre soin de votre enfant. Tout changement durant l\u2019ann\u00e9e doit \u00eatre signal\u00e9 par email \u00e0 l\u2019infirmi\u00e8re et actualis\u00e9 dans <a href=\"https:\/\/lfseoul.eduka.school\" class=\"rank-math-link\" target=\"_blank\" rel=\"noopener\">Eduka<\/a>.<\/p>\n\n\n\n<p>Afin d\u2019int\u00e9grer le LFS, les \u00e9l\u00e8ves doivent \u00eatre <span style=\"color: #d72335;\" data=\"#d72335\" class=\"qubely-text-has-color\">obligatoirement vaccin\u00e9s<\/span> contre&nbsp;<\/p>\n\n\n\n<ul class=\"wp-block-list animated fadeInRight\">\n<li>la dipht\u00e9rie,<\/li>\n\n\n\n<li>le t\u00e9tanos&nbsp;<\/li>\n\n\n\n<li>la poliomy\u00e9lite&nbsp;<\/li>\n<\/ul>\n\n\n\n<p>Les vaccinations ci-dessous sont <span style=\"color: #d72335;\" data=\"#d72335\" class=\"qubely-text-has-color\">fortement recommand\u00e9es<\/span>, et devenues <span style=\"color: #d72335;\" data=\"#d72335\" class=\"qubely-text-has-color\">obligatoires pour les enfants n\u00e9s \u00e0 partir du 1er janvier 2018<\/span>:<\/p>\n\n\n\n<ul class=\"wp-block-list animated fadeInRight\">\n<li>la coqueluche,&nbsp;<\/li>\n\n\n\n<li>l\u2019haemophilus influenzae de type b,&nbsp;<\/li>\n\n\n\n<li>l&rsquo;h\u00e9patite B,&nbsp;<\/li>\n\n\n\n<li>les infections \u00e0 pneumocoque,&nbsp;<\/li>\n\n\n\n<li>les infections invasives \u00e0 m\u00e9ningocoque de s\u00e9rogroupe C,&nbsp;<\/li>\n\n\n\n<li>la rougeole,&nbsp;<\/li>\n\n\n\n<li>les oreillons,<\/li>\n\n\n\n<li>la rub\u00e9ole.<\/li>\n<\/ul>\n\n\n\n<p>Les vaccinations contre le BCG, l\u2019h\u00e9patite A et l\u2019enc\u00e9phalite japonaise sont \u00e9galement conseill\u00e9es pour un s\u00e9jour en Cor\u00e9e.<\/p>\n\n\n\n<p>Retrouvez le <a href=\"https:\/\/lfseoul.org\/wp-content\/uploads\/2021\/03\/calendrier_vaccinations_2020.png\" class=\"rank-math-link\">calendrier des vaccinations en France<\/a> en vigueur.<\/p>\n\n\n\n<p>En cas de traitement au long cours, veuillez contacter l\u2019infirmi\u00e8re pour la mise en place d\u2019un Projet d\u2019Accueil Individualis\u00e9 (PAI).<\/p>\n\n<\/div><\/div>\n\n<div class=\"gb-container gb-container-32094419 alignwide\"><div class=\"gb-inside-container\">\n<div class=\"gb-grid-wrapper gb-grid-wrapper-fb18af66\">\n<div class=\"gb-grid-column gb-grid-column-f2502241\"><div class=\"gb-container gb-container-f2502241\"><div class=\"gb-inside-container\">\n\n<h2 class=\"wp-block-heading has-text-align-center\"><strong><strong>UN SUIVI M\u00c9DICAL ATTENTIF PENDANT LA SCOLARIT\u00c9<\/strong><\/strong><\/h2>\n\n\n<div class=\"gb-container gb-container-65eac021\"><div class=\"gb-inside-container\">\n<div class=\"gb-grid-wrapper gb-grid-wrapper-2152769a\">\n<div class=\"gb-grid-column gb-grid-column-c4de004e\"><div class=\"gb-container gb-container-c4de004e\"><div class=\"gb-inside-container\">\n\n<figure class=\"wp-block-image size-full\"><img loading=\"lazy\" decoding=\"async\" width=\"2560\" height=\"1707\" src=\"https:\/\/lfseoul.org\/wp-content\/uploads\/2021\/03\/DSC05111-scaled.jpg\" alt=\"\" class=\"wp-image-9703\" srcset=\"https:\/\/lfseoul.org\/wp-content\/uploads\/2021\/03\/DSC05111-scaled.jpg 2560w, https:\/\/lfseoul.org\/wp-content\/uploads\/2021\/03\/DSC05111-300x200.jpg 300w, https:\/\/lfseoul.org\/wp-content\/uploads\/2021\/03\/DSC05111-1024x683.jpg 1024w, https:\/\/lfseoul.org\/wp-content\/uploads\/2021\/03\/DSC05111-768x512.jpg 768w, https:\/\/lfseoul.org\/wp-content\/uploads\/2021\/03\/DSC05111-1536x1024.jpg 1536w, https:\/\/lfseoul.org\/wp-content\/uploads\/2021\/03\/DSC05111-2048x1365.jpg 2048w, https:\/\/lfseoul.org\/wp-content\/uploads\/2021\/03\/DSC05111-1200x800.jpg 1200w, https:\/\/lfseoul.org\/wp-content\/uploads\/2021\/03\/DSC05111-10x7.jpg 10w, https:\/\/lfseoul.org\/wp-content\/uploads\/2021\/03\/DSC05111-15x10.jpg 15w, https:\/\/lfseoul.org\/wp-content\/uploads\/2021\/03\/DSC05111-48x32.jpg 48w\" sizes=\"auto, (max-width: 2560px) 100vw, 2560px\" \/><\/figure>\n\n<\/div><\/div><\/div>\n\n<div class=\"gb-grid-column gb-grid-column-933ce315\"><div class=\"gb-container gb-container-933ce315\"><div class=\"gb-inside-container\">\n\n<p>Afin de limiter la propagation des maladies contagieuses, nous appliquons des mesures d\u2019hygi\u00e8ne strictes et vous demandons de vous conformer aux r\u00e8gles suivantes :&nbsp;<\/p>\n\n\n\n<ul class=\"wp-block-list animated fadeInRight\">\n<li>Application des protocoles d\u2019hygi\u00e8ne au LFS : lavage soigneux des mains, a\u00e9ration et d\u00e9sinfection des locaux,<\/li>\n\n\n\n<li>Les enfants malades ne doivent pas entrer ou rester&nbsp; \u00e0 l\u2019\u00e9cole en cas de fi\u00e8vre sup\u00e9rieure \u00e0 37,5\u00b0, vomissement, diarrh\u00e9e\u2026<\/li>\n\n\n\n<li>Si l\u2019\u00e9cole constate tout trouble de sant\u00e9, les parents sont contact\u00e9s et il leur est demand\u00e9 de venir chercher leur enfant au plus vite.<\/li>\n\n\n\n<li>Si votre enfant est atteint d\u2019une maladie contagieuse, vous devez pr\u00e9venir l\u2019\u00e9cole au plus vite par t\u00e9l\u00e9phone ou par email afin que nous puissions prendre les dispositions n\u00e9cessaires pour limiter toute propagation au sein de l\u2019\u00e9tablissement.<\/li>\n<\/ul>\n\n<\/div><\/div><\/div>\n<\/div>\n\n<div class=\"gb-container gb-container-b1178b46\"><div class=\"gb-inside-container\">\n\n<p><span style=\"color: #d72335;\" data=\"#d72335\" class=\"qubely-text-has-color\">Il est interdit aux \u00e9l\u00e8ves de transporter des m\u00e9dicaments dans l\u2019enceinte de l\u2019\u00e9tablissement.<\/span> Si votre enfant doit suivre un traitement pendant le temps de l\u2019\u00e9cole, les m\u00e9dicaments devront \u00eatre d\u00e9pos\u00e9s \u00e0 l\u2019infirmerie, accompagn\u00e9s de la prescription m\u00e9dicale indiquant la posologie et la dur\u00e9e du traitement et du formulaire \u00e0 t\u00e9l\u00e9charger <a href=\"https:\/\/lfseoul.org\/wp-content\/uploads\/2021\/03\/autorisation-dadministrer-des-traitements-medicals.docx\" class=\"rank-math-link\">ici<\/a>.<\/p>\n\n\n\n<p><span style=\"color: #d72335;\" data=\"#d72335\" class=\"qubely-text-has-color\">Les situations d\u2019allergie ou de restriction alimentaire<\/span><strong> <\/strong>sont \u00e0 communiquer \u00e0 l\u2019infirmi\u00e8re qui fera le lien avec le personnel de cantine, de vie scolaire et les enseignants.<\/p>\n\n\n\n<p>Si votre enfant est subitement malade \u00e0 l\u2019\u00e9cole, il est accompagn\u00e9 \u00e0 l\u2019infirmerie pour une \u00e9valuation de son \u00e9tat de sant\u00e9. Il pourra alors soit se reposer quelques instants puis retourner en classe, soit vous serez appel\u00e9 pour venir le r\u00e9cup\u00e9rer.&nbsp;<\/p>\n\n\n\n<p>En cas d\u2019accident, l\u2019\u00e9cole peut appeler l\u2019h\u00f4pital le plus proche si vous avez donn\u00e9 votre accord en d\u00e9but d\u2019ann\u00e9e. Il est primordial que les donn\u00e9es et d\u00e9cisions m\u00e9dicales concernant l\u2019enfant soient correctement renseign\u00e9es sur <a class=\"rank-math-link\" href=\"https:\/\/lfseoul.eduka.school\" target=\"_blank\" rel=\"noopener\">Eduka<\/a> afin de parer \u00e0 ces cas pr\u00e9sent\u00e9s.&nbsp;<\/p>\n\n\n\n<p>Dans le cadre du suivi m\u00e9dical des \u00e9l\u00e8ves, <span style=\"color: #d72335;\" data=\"#d72335\" class=\"qubely-text-has-color\">un premier bilan de sant\u00e9 &#8211; obligatoire &#8211; est conduit en GS<\/span>. La pr\u00e9sence d\u2019un parent est fortement conseill\u00e9e. Cet examen comprend le rep\u00e9rage pr\u00e9coce des signes qui peuvent entra\u00eener des difficult\u00e9s ult\u00e9rieures d\u2019apprentissage : probl\u00e8mes visuels, auditifs, cognitifs\u2026 <span style=\"color: #d72335;\" data=\"#d72335\" class=\"qubely-text-has-color\">Un second bilan est effectu\u00e9 au cours de l\u2019ann\u00e9e de 6\u00e8me.<\/span><\/p>\n\n<\/div><\/div>\n<\/div><\/div>\n<\/div><\/div><\/div>\n<\/div>\n<\/div><\/div>\n\n<div class=\"gb-container gb-container-0c115c5d\"><div class=\"gb-inside-container\">\n\n<div style=\"height:30px\" aria-hidden=\"true\" class=\"wp-block-spacer\"><\/div>\n\n\n\n<h2 class=\"wp-block-heading has-text-align-center\">LA VIE SCOLAIRE, VIVRE ET TRAVAILLER ENSEMBLE<\/h2>\n\n\n<div class=\"gb-container gb-container-7dba7581\"><div class=\"gb-inside-container\">\n<div class=\"gb-grid-wrapper gb-grid-wrapper-d1552291\">\n<div class=\"gb-grid-column gb-grid-column-7eca3eb4\"><div class=\"gb-container gb-container-7eca3eb4\"><div class=\"gb-inside-container\">\n\n<p>Le service de la vie scolaire se compose de huit assistants d&rsquo;\u00e9ducation (AED) et d\u2019un conseiller principal d\u2019\u00e9ducation (CPE). <span style=\"color: #d72335;\" data=\"#d72335\" class=\"qubely-text-has-color\">Sa mission principale est de veiller \u00e0 ce que chaque \u00e9l\u00e8ve suive sa scolarit\u00e9 dans les meilleures conditions, dans le respect des personnes, des biens et des r\u00e8gles de la vie en communaut\u00e9.<\/span><\/p>\n\n\n\n<p>Le bureau de la vie scolaire est un lieu d\u2019accueil o\u00f9 les \u00e9l\u00e8ves peuvent \u00e0 tout moment de la journ\u00e9e aborder leurs probl\u00e8mes scolaires ou personnels, et obtenir des informations sur l\u2019organisation quotidienne du coll\u00e8ge et du lyc\u00e9e. Leur r\u00f4le \u00e9ducatif se d\u00e9cline aupr\u00e8s des \u00e9l\u00e8ves \u00e0 travers le respect du r\u00e8glement int\u00e9rieur, la gestion des absences et retards, l\u2019accompagnement dans la r\u00e9solution des probl\u00e8mes rencontr\u00e9s et la mise en place de projets scolaires\u2026<\/p>\n\n\n\n<p>En collaboration avec les professeurs principaux et l\u2019infirmi\u00e8re scolaire, le CPE, M. Delabrosse, assure le suivi individuel des \u00e9l\u00e8ves et informe r\u00e9guli\u00e8rement les familles de tout probl\u00e8me concernant la scolarit\u00e9 de leurs enfants.<\/p>\n\n<\/div><\/div><\/div>\n\n<div class=\"gb-grid-column gb-grid-column-b8dfdb60\"><div class=\"gb-container gb-container-b8dfdb60\"><div class=\"gb-inside-container\">\n\n<figure class=\"wp-block-image size-large\"><img loading=\"lazy\" decoding=\"async\" width=\"1024\" height=\"682\" src=\"https:\/\/lfseoul.org\/wp-content\/uploads\/2021\/03\/JIK_1800-1024x682.jpg\" alt=\"\" class=\"wp-image-9707\" srcset=\"https:\/\/lfseoul.org\/wp-content\/uploads\/2021\/03\/JIK_1800-1024x682.jpg 1024w, https:\/\/lfseoul.org\/wp-content\/uploads\/2021\/03\/JIK_1800-300x200.jpg 300w, https:\/\/lfseoul.org\/wp-content\/uploads\/2021\/03\/JIK_1800-768x512.jpg 768w, https:\/\/lfseoul.org\/wp-content\/uploads\/2021\/03\/JIK_1800-1536x1023.jpg 1536w, https:\/\/lfseoul.org\/wp-content\/uploads\/2021\/03\/JIK_1800-2048x1365.jpg 2048w, https:\/\/lfseoul.org\/wp-content\/uploads\/2021\/03\/JIK_1800-1200x800.jpg 1200w, https:\/\/lfseoul.org\/wp-content\/uploads\/2021\/03\/JIK_1800-10x7.jpg 10w, https:\/\/lfseoul.org\/wp-content\/uploads\/2021\/03\/JIK_1800-15x10.jpg 15w, https:\/\/lfseoul.org\/wp-content\/uploads\/2021\/03\/JIK_1800-48x32.jpg 48w\" sizes=\"auto, (max-width: 1024px) 100vw, 1024px\" \/><\/figure>\n\n<\/div><\/div><\/div>\n<\/div>\n<\/div><\/div>\n<\/div><\/div>\n\n<div class=\"gb-container gb-container-35a14bf3\"><div class=\"gb-inside-container\">\n<div class=\"gb-grid-wrapper gb-grid-wrapper-37c27312\">\n<div class=\"gb-grid-column gb-grid-column-d7101fa8\"><div class=\"gb-container gb-container-d7101fa8\"><div class=\"gb-inside-container\">\n\n<p class=\"gb-headline gb-headline-038e23d8\"><span class=\"gb-icon\"><svg aria-hidden=\"true\" height=\"1em\" width=\"1em\" viewBox=\"0 0 384 512\" xmlns=\"http:\/\/www.w3.org\/2000\/svg\"><path fill=\"currentColor\" d=\"M97.12 362.63c-8.69-8.69-4.16-6.24-25.12-11.85-9.51-2.55-17.87-7.45-25.43-13.32L1.2 448.7c-4.39 10.77 3.81 22.47 15.43 22.03l52.69-2.01L105.56 507c8 8.44 22.04 5.81 26.43-4.96l52.05-127.62c-10.84 6.04-22.87 9.58-35.31 9.58-19.5 0-37.82-7.59-51.61-21.37zM382.8 448.7l-45.37-111.24c-7.56 5.88-15.92 10.77-25.43 13.32-21.07 5.64-16.45 3.18-25.12 11.85-13.79 13.78-32.12 21.37-51.62 21.37-12.44 0-24.47-3.55-35.31-9.58L252 502.04c4.39 10.77 18.44 13.4 26.43 4.96l36.25-38.28 52.69 2.01c11.62.44 19.82-11.27 15.43-22.03zM263 340c15.28-15.55 17.03-14.21 38.79-20.14 13.89-3.79 24.75-14.84 28.47-28.98 7.48-28.4 5.54-24.97 25.95-45.75 10.17-10.35 14.14-25.44 10.42-39.58-7.47-28.38-7.48-24.42 0-52.83 3.72-14.14-.25-29.23-10.42-39.58-20.41-20.78-18.47-17.36-25.95-45.75-3.72-14.14-14.58-25.19-28.47-28.98-27.88-7.61-24.52-5.62-44.95-26.41-10.17-10.35-25-14.4-38.89-10.61-27.87 7.6-23.98 7.61-51.9 0-13.89-3.79-28.72.25-38.89 10.61-20.41 20.78-17.05 18.8-44.94 26.41-13.89 3.79-24.75 14.84-28.47 28.98-7.47 28.39-5.54 24.97-25.95 45.75-10.17 10.35-14.15 25.44-10.42 39.58 7.47 28.36 7.48 24.4 0 52.82-3.72 14.14.25 29.23 10.42 39.59 20.41 20.78 18.47 17.35 25.95 45.75 3.72 14.14 14.58 25.19 28.47 28.98C104.6 325.96 106.27 325 121 340c13.23 13.47 33.84 15.88 49.74 5.82a39.676 39.676 0 0 1 42.53 0c15.89 10.06 36.5 7.65 49.73-5.82zM97.66 175.96c0-53.03 42.24-96.02 94.34-96.02s94.34 42.99 94.34 96.02-42.24 96.02-94.34 96.02-94.34-42.99-94.34-96.02z\"><\/path><\/svg><\/span><span class=\"gb-headline-text\"><strong>Pour une \u00e9ducation fran\u00e7aise homologu\u00e9e, <\/strong><br><strong>offrant des parcours plurilingues<\/strong><\/span><\/p>\n\n<\/div><\/div><\/div>\n<\/div>\n\n<div class=\"gb-button-wrapper gb-button-wrapper-a284bc53\">\n\n<a class=\"gb-button gb-button-9d712240 gb-button-text\" href=\"https:\/\/lfseoul.org\/admission\/\" target=\"_blank\" rel=\"noopener noreferrer\">JE M&rsquo;INSCRIS<\/a>\n\n<\/div>\n<\/div><\/div>","protected":false},"excerpt":{"rendered":"<p>La sant\u00e9, la s\u00e9curit\u00e9 et le bien-\u00eatre des \u00e9l\u00e8ves sont des priorit\u00e9s absolues pour le Lyc\u00e9e Fran\u00e7ais de S\u00e9oul (LFS).&nbsp; Une infirmi\u00e8re scolaire parlant fran\u00e7ais, anglais et cor\u00e9en est \u00e0 la disposition des \u00e9l\u00e8ves, des parents et du personnel tous &#8230; <\/p>\n<p class=\"read-more-container\"><a title=\"SANT\u00c9 &#038; VIE SCOLAIRE\" class=\"read-more button\" href=\"https:\/\/lfseoul.org\/fr\/sante-vie-scolaire\/#more-11892\" aria-label=\"En savoir plus sur SANT\u00c9 &#038; VIE SCOLAIRE\">En savoir plus<\/a><\/p>\n","protected":false},"author":4,"featured_media":9720,"parent":0,"menu_order":0,"comment_status":"closed","ping_status":"closed","template":"","meta":{"qubely_global_settings":"","qubely_interactions":"","inline_featured_image":false,"footnotes":""},"class_list":{"0":"post-11892","1":"page","2":"type-page","3":"status-publish","4":"has-post-thumbnail","6":"infinite-scroll-item","7":"resize-featured-image"},"_links":{"self":[{"href":"https:\/\/lfseoul.org\/fr\/wp-json\/wp\/v2\/pages\/11892","targetHints":{"allow":["GET"]}}],"collection":[{"href":"https:\/\/lfseoul.org\/fr\/wp-json\/wp\/v2\/pages"}],"about":[{"href":"https:\/\/lfseoul.org\/fr\/wp-json\/wp\/v2\/types\/page"}],"author":[{"embeddable":true,"href":"https:\/\/lfseoul.org\/fr\/wp-json\/wp\/v2\/users\/4"}],"replies":[{"embeddable":true,"href":"https:\/\/lfseoul.org\/fr\/wp-json\/wp\/v2\/comments?post=11892"}],"version-history":[{"count":7,"href":"https:\/\/lfseoul.org\/fr\/wp-json\/wp\/v2\/pages\/11892\/revisions"}],"predecessor-version":[{"id":20981,"href":"https:\/\/lfseoul.org\/fr\/wp-json\/wp\/v2\/pages\/11892\/revisions\/20981"}],"wp:featuredmedia":[{"embeddable":true,"href":"https:\/\/lfseoul.org\/fr\/wp-json\/wp\/v2\/media\/9720"}],"wp:attachment":[{"href":"https:\/\/lfseoul.org\/fr\/wp-json\/wp\/v2\/media?parent=11892"}],"curies":[{"name":"wp","href":"https:\/\/api.w.org\/{rel}","templated":true}]}}