{"id":9252,"date":"2021-03-13T14:28:49","date_gmt":"2021-03-13T14:28:49","guid":{"rendered":"https:\/\/54.68.147.74\/~lfs\/?page_id=9252"},"modified":"2025-04-22T07:50:13","modified_gmt":"2025-04-22T07:50:13","slug":"nos-specificites","status":"publish","type":"page","link":"https:\/\/lfseoul.org\/fr\/nos-specificites\/","title":{"rendered":"NOS SP\u00c9CIFICIT\u00c9S"},"content":{"rendered":"\n<style>\n.site-content {\n    display: block !important;\n}\n<\/style>\n\n\n<div class=\"gb-container gb-container-11cc4cd4\"><div class=\"gb-inside-container\">\n\n<p class=\"has-normal-font-size\">Le Lyc\u00e9e Fran\u00e7ais de S\u00e9oul (LFS) propose un <span style=\"color: #d72335;\" data=\"#d72335\" class=\"qubely-text-has-color\">enseignement fran\u00e7ais reconnu et certifi\u00e9 par le Minist\u00e8re de l\u2019Education Nationale fran\u00e7ais<\/span>, tout en proposant des parcours adapt\u00e9s \u00e0 sa communaut\u00e9 d\u2019\u00e9l\u00e8ves, en termes d\u2019apprentissage du fran\u00e7ais, de l\u2019anglais et du cor\u00e9en.<br><br>Les connaissances et valeurs transmises par le LFS se d\u00e9veloppent \u00e9galement par les rencontres et comp\u00e9titions organis\u00e9es tout au long de l\u2019ann\u00e9e, au sein de notre lyc\u00e9e, entre \u00e9tablissements de S\u00e9oul ou de la zone Asie-Pacifique. Elles renforcent l\u2019esprit d\u2019initiative et les comp\u00e9tences de nos \u00e9l\u00e8ves, tout en cr\u00e9ant une communaut\u00e9 soud\u00e9e et collaborative.<\/p>\n\n<\/div><\/div>\n\n<div class=\"gb-container gb-container-f35a94d1\"><div class=\"gb-inside-container\">\n\n<h2 class=\"wp-block-heading has-text-align-center\"><strong>UNE \u00c9DUCATION PLURILINGUE<\/strong><\/h2>\n\n\n\n<div style=\"height:30px\" aria-hidden=\"true\" class=\"wp-block-spacer\"><\/div>\n\n\n<div class=\"gb-grid-wrapper gb-grid-wrapper-6a268e48\">\n<div class=\"gb-grid-column gb-grid-column-0ce56bfb\"><div class=\"gb-container gb-container-0ce56bfb\"><div class=\"gb-inside-container\"><\/div><\/div><\/div>\n\n<div class=\"gb-grid-column gb-grid-column-7adf3ba9\"><div class=\"gb-container gb-container-7adf3ba9\"><div class=\"gb-inside-container\">\n\n<p class=\"has-normal-font-size\">Le LFS offre un programme scolaire bas\u00e9 sur le curriculum de l\u2019\u00c9ducation nationale, renforc\u00e9 par une <span style=\"color: #d72335;\" data=\"#d72335\" class=\"qubely-text-has-color\">approche linguistique forte<\/span> : <\/p>\n\n\n\n<ul class=\"wp-block-list animated fadeInRight\">\n<li>le <span style=\"color: #d72335;\" data=\"#d72335\" class=\"qubely-text-has-color\">parcours PARLE<\/span> d\u00e8s la PS, <\/li>\n\n\n\n<li>la <span style=\"color: #d72335;\" data=\"#d72335\" class=\"qubely-text-has-color\">Section Internationale Am\u00e9ricaine<\/span> de la GS au lyc\u00e9e,<\/li>\n\n\n\n<li>l\u2019apprentissage du <span style=\"color: #d72335;\" data=\"#d72335\" class=\"qubely-text-has-color\">cor\u00e9en<\/span> d\u00e8s la maternelle, <\/li>\n\n\n\n<li>l&rsquo;enseignement de l\u2019<span style=\"color: #d72335;\" data=\"#d72335\" class=\"qubely-text-has-color\">espagnol<\/span><strong> <\/strong>ou de l\u2019<span style=\"color: #d72335;\" data=\"#d72335\" class=\"qubely-text-has-color\">allemand<\/span> d\u00e8s la 6\u00e8me, <\/li>\n\n\n\n<li>le <span style=\"color: #d72335;\" data=\"#d72335\" class=\"qubely-text-has-color\">latin<\/span> en option \u00e0 partir de la 5\u00e8me.<\/li>\n<\/ul>\n\n\n\n<p class=\"has-normal-font-size\">Le LFS est \u00e9galement centre d\u2019examen pour le Cambridge Assessment, pour ses \u00e9l\u00e8ves comme pour les candidats ext\u00e9rieurs. Nos \u00e9l\u00e8ves ont la possibilit\u00e9 de passer cet examen trois fois au cours de leur scolarit\u00e9. <\/p>\n\n\n\n<p class=\"has-normal-font-size\"><span style=\"color: #deb52e;\" data=\"#deb52e\" class=\"qubely-text-has-color\"><a href=\"https:\/\/lfseoul.org\/fr\/politique-des-langues\/\" target=\"_blank\" rel=\"noreferrer noopener\">En savoir plus sur l&rsquo;enseignement des langues<\/a><\/span><\/p>\n\n<\/div><\/div><\/div>\n<\/div>\n<\/div><\/div>\n\n<div class=\"gb-container gb-container-8cd2ddf9\"><div class=\"gb-inside-container\">\n\n<h2 class=\"wp-block-heading has-text-align-center\"><strong>UNE CLASSE D\u00c9DI\u00c9E POUR LES \u00c9L\u00c8VES NON FRANCOPHONES<\/strong><\/h2>\n\n<\/div><\/div>\n\n<div class=\"gb-container gb-container-d09528de\"><div class=\"gb-inside-container\">\n<div class=\"gb-grid-wrapper gb-grid-wrapper-4ded30c5\">\n<div class=\"gb-grid-column gb-grid-column-7946faf3\"><div class=\"gb-container gb-container-7946faf3\"><div class=\"gb-inside-container\">\n\n<p class=\"has-text-color has-normal-font-size\" style=\"color:#d72335\">Le LFS a lanc\u00e9 en 2019 une classe passerelle pour les \u00e9l\u00e8ves en \u00e9l\u00e9mentaire (CP au CM2) afin qu\u2019ils puissent apprendre le fran\u00e7ais avec un enseignant sp\u00e9cialis\u00e9 tout en int\u00e9grant leur classe r\u00e9f\u00e9rente.<\/p>\n\n\n\n<p class=\"has-normal-font-size\">En maternelle, les \u00e9l\u00e8ves apprennent le fran\u00e7ais en classe, avec l\u2019aide de leur enseignant de langue maternelle fran\u00e7aise, et d\u2019une assistante maternelle parlant fran\u00e7ais et cor\u00e9en.<\/p>\n\n\n\n<p class=\"has-normal-font-size\">Enfin au secondaire, les \u00e9l\u00e8ves doivent obtenir un niveau B1 pour rejoindre le LFS. <\/p>\n\n\n\n<p class=\"has-text-color has-normal-font-size\" style=\"color:#deb52e\"><a href=\"https:\/\/lfseoul.org\/fr\/eleve-peu-ou-pas-francophone\/\" target=\"_blank\" rel=\"noreferrer noopener\">En savoir plus sur l&rsquo;apprentissage du fran\u00e7ais.<\/a><\/p>\n\n<\/div><\/div><\/div>\n\n<div class=\"gb-grid-column gb-grid-column-14058672\"><div class=\"gb-container gb-container-14058672\"><\/div><\/div>\n\n<div class=\"gb-grid-column gb-grid-column-9c36e170\"><div class=\"gb-container gb-container-9c36e170\">\n<div class=\"gb-container gb-container-b9b41554\">\n\n<figure class=\"wp-block-image size-large is-resized\"><img loading=\"lazy\" decoding=\"async\" width=\"1024\" height=\"682\" src=\"https:\/\/lfseoul.org\/wp-content\/uploads\/2023\/09\/JIK_5770-1024x682.jpg\" alt=\"\" class=\"wp-image-18413\" style=\"aspect-ratio:1.501466275659824;width:522px;height:auto\" srcset=\"https:\/\/lfseoul.org\/wp-content\/uploads\/2023\/09\/JIK_5770-1024x682.jpg 1024w, https:\/\/lfseoul.org\/wp-content\/uploads\/2023\/09\/JIK_5770-300x200.jpg 300w, https:\/\/lfseoul.org\/wp-content\/uploads\/2023\/09\/JIK_5770-768x512.jpg 768w, https:\/\/lfseoul.org\/wp-content\/uploads\/2023\/09\/JIK_5770-1536x1023.jpg 1536w, https:\/\/lfseoul.org\/wp-content\/uploads\/2023\/09\/JIK_5770-2048x1365.jpg 2048w, https:\/\/lfseoul.org\/wp-content\/uploads\/2023\/09\/JIK_5770-1200x800.jpg 1200w, https:\/\/lfseoul.org\/wp-content\/uploads\/2023\/09\/JIK_5770-10x7.jpg 10w, https:\/\/lfseoul.org\/wp-content\/uploads\/2023\/09\/JIK_5770-15x10.jpg 15w, https:\/\/lfseoul.org\/wp-content\/uploads\/2023\/09\/JIK_5770-48x32.jpg 48w\" sizes=\"auto, (max-width: 1024px) 100vw, 1024px\" \/><\/figure>\n\n<\/div>\n<\/div><\/div>\n<\/div>\n<\/div><\/div>\n\n<div class=\"gb-container gb-container-cfef8eef\"><div class=\"gb-inside-container\">\n<div class=\"gb-container gb-container-697cf58b\"><a class=\"gb-container-link\" href=\"https:\/\/lfseoul.org\/projets-des-eleves\/\" rel=\"noopener noreferrer\" target=\"_blank\"><\/a><div class=\"gb-inside-container\">\n\n<h2 class=\"wp-block-heading has-text-align-center\"><strong>DES PROJETS D&rsquo;\u00c9L\u00c8VES TOUT AU LONG DE L&rsquo;ANN\u00c9E<\/strong><\/h2>\n\n<\/div><\/div>\n\n<div  class=\"ultp-post-grid-block wp-block-ultimate-post-post-grid-6 ultp-block-5194ad\"><div class=\"ultp-block-wrapper\"><div class=\"ultp-loading\"><div class=\"ultp-loading-blocks\" style=\"width:100%;height:100%;\"><div style=\"left: 0;top: 0;animation-delay:0s;\"><\/div><div style=\"left: 21px;top: 0;animation-delay:0.125s;\"><\/div><div style=\"left: 42px;top: 0;animation-delay:0.25s;\"><\/div><div style=\"left: 0;top: 21px;animation-delay:0.875s;\"><\/div><div style=\"left: 42px;top: 21px;animation-delay:0.375s;\"><\/div><div style=\"left: 0;top: 42px;animation-delay:0.75s;\"><\/div><div style=\"left: 42px;top: 42px;animation-delay:0.625s;\"><\/div><div style=\"left: 21px;top: 42px;animation-delay:0.5s;\"><\/div><\/div><\/div><div class=\"ultp-block-items-wrap ultp-block-row ultp-layout1 ultp-block-content-false\"><div class=\"ultp-block-item post-id-21906 ultp-block-item-0\"><div class=\"ultp-block-content-wrap ultp-block-content-overlay\"><div class=\"ultp-block-image ultp-block-image-zoomIn ultp-block-image-overlay ultp-block-image-simgleGradient\"><a href=\"https:\/\/lfseoul.org\/fr\/gazette-du-primaire-2026-2027\/\" target=\"_blank\"><img decoding=\"async\"   alt=\"Gazette du primaire 2025 &amp; 2026\" src=\"https:\/\/lfseoul.org\/wp-content\/uploads\/2026\/02\/groupe-en-reportage-1-870x570.jpg\" \/><\/a><\/div><div class=\"ultp-block-content ultp-block-content-bottomPosition\"><div class=\"ultp-block-content-inner\"><h3 class=\"ultp-block-title \"><a href=\"https:\/\/lfseoul.org\/fr\/gazette-du-primaire-2026-2027\/\" target=\"_blank\">Gazette du primaire 2025 &amp; 2026<\/a><\/h3><div class=\"ultp-block-excerpt\"><p>L&rsquo;AES Gazette rassemble un petit groupe de journalistes en herbe en charge du magazine \u00ab\u00a0Ma vie au LFS \u00ab\u00a0. Ces\u2026<\/p>\n<\/div><div class=\"ultp-block-readmore\"><a aria-label=\"Gazette du primaire 2025 &amp; 2026\" href=\"https:\/\/lfseoul.org\/fr\/gazette-du-primaire-2026-2027\/\" target=\"_blank\">En savoir plus<svg xmlns=\"http:\/\/www.w3.org\/2000\/svg\" fill=\"none\" viewBox=\"0 0 24 24\">\n  <path stroke=\"currentColor\" stroke-linecap=\"round\" stroke-linejoin=\"round\" stroke-width=\"1.5\" d=\"m12 20.5 8.5-8.5m0 0L12 3.5m8.5 8.5h-17\"\/>\n<\/svg>\n<\/a><\/div><\/div><\/div><\/div><\/div><div class=\"ultp-block-item post-id-20837 ultp-block-item-1\"><div class=\"ultp-block-content-wrap ultp-block-content-overlay\"><div class=\"ultp-block-image ultp-block-image-zoomIn ultp-block-image-overlay ultp-block-image-simgleGradient\"><a href=\"https:\/\/lfseoul.org\/fr\/gazette-du-primaire-2024-2025-ma-vie-au-lfs\/\" target=\"_blank\"><img decoding=\"async\"   alt=\"Gazette du primaire 2024-2025 : Ma Vie au LFS\" src=\"https:\/\/lfseoul.org\/wp-content\/uploads\/2025\/03\/IMG_8828-Copie-600x600.jpg\" \/><\/a><\/div><div class=\"ultp-block-content ultp-block-content-bottomPosition\"><div class=\"ultp-block-content-inner\"><h3 class=\"ultp-block-title \"><a href=\"https:\/\/lfseoul.org\/fr\/gazette-du-primaire-2024-2025-ma-vie-au-lfs\/\" target=\"_blank\">Gazette du primaire 2024-2025 : Ma Vie au LFS<\/a><\/h3><\/div><\/div><\/div><\/div><div class=\"ultp-block-item post-id-19632 ultp-block-item-2\"><div class=\"ultp-block-content-wrap ultp-block-content-overlay\"><div class=\"ultp-block-image ultp-block-image-zoomIn ultp-block-image-overlay ultp-block-image-simgleGradient\"><a href=\"https:\/\/lfseoul.org\/fr\/lfs-gazette-du-secondaire-2\/\" target=\"_blank\"><img decoding=\"async\"   alt=\"LFS Gazette du Secondaire\" src=\"https:\/\/lfseoul.org\/wp-content\/uploads\/2023\/09\/JIK_5706-600x600.jpg\" \/><\/a><\/div><div class=\"ultp-block-content ultp-block-content-bottomPosition\"><div class=\"ultp-block-content-inner\"><h3 class=\"ultp-block-title \"><a href=\"https:\/\/lfseoul.org\/fr\/lfs-gazette-du-secondaire-2\/\" target=\"_blank\">LFS Gazette du Secondaire<\/a><\/h3><\/div><\/div><\/div><\/div><div class=\"ultp-block-item post-id-18911 ultp-block-item-3\"><div class=\"ultp-block-content-wrap ultp-block-content-overlay\"><div class=\"ultp-block-image ultp-block-image-zoomIn ultp-block-image-overlay ultp-block-image-simgleGradient\"><a href=\"https:\/\/lfseoul.org\/fr\/radio-lfs-2023-2024-2\/\" target=\"_blank\"><img decoding=\"async\"   alt=\"Radio LFS 2023-2024\" src=\"https:\/\/lfseoul.org\/wp-content\/uploads\/2023\/12\/Banner-600x600.jpg\" \/><\/a><\/div><div class=\"ultp-block-content ultp-block-content-bottomPosition\"><div class=\"ultp-block-content-inner\"><h3 class=\"ultp-block-title \"><a href=\"https:\/\/lfseoul.org\/fr\/radio-lfs-2023-2024-2\/\" target=\"_blank\">Radio LFS 2023-2024<\/a><\/h3><\/div><\/div><\/div><\/div><div class=\"ultp-block-item post-id-18871 ultp-block-item-4\"><div class=\"ultp-block-content-wrap ultp-block-content-overlay\"><div class=\"ultp-block-image ultp-block-image-zoomIn ultp-block-image-overlay ultp-block-image-simgleGradient\"><a href=\"https:\/\/lfseoul.org\/fr\/gazette-du-primaire-ma-vie-au-lfs\/\" target=\"_blank\"><img decoding=\"async\"   alt=\"Gazette du primaire : Ma Vie au LFS\" src=\"https:\/\/lfseoul.org\/wp-content\/uploads\/2023\/12\/Gazette-photo-600x600.jpg\" \/><\/a><\/div><div class=\"ultp-block-content ultp-block-content-bottomPosition\"><div class=\"ultp-block-content-inner\"><h3 class=\"ultp-block-title \"><a href=\"https:\/\/lfseoul.org\/fr\/gazette-du-primaire-ma-vie-au-lfs\/\" target=\"_blank\">Gazette du primaire : Ma Vie au LFS<\/a><\/h3><\/div><\/div><\/div><\/div><\/div><\/div><div class=\"pagination-block-html\" aria-hidden=\"true\" style=\"display: none;\"><\/div><\/div>\n<\/div><\/div>\n\n<div class=\"gb-container gb-container-a34b4d1b\"><div class=\"gb-inside-container\">\n\n<h2 class=\"wp-block-heading has-text-align-center\" id=\"4-une-approche-intelligente-des-sciences\"><strong>UNE APPROCHE INTELLIGENTE DES TECHNOLOGIES<\/strong><\/h2>\n\n<\/div><\/div>\n\n<div class=\"gb-container gb-container-e5cb257b\"><div class=\"gb-inside-container\">\n<div class=\"gb-grid-wrapper gb-grid-wrapper-ac7c4248\">\n<div class=\"gb-grid-column gb-grid-column-6011e1f0\"><div class=\"gb-container gb-container-6011e1f0\"><div class=\"gb-inside-container\"><\/div><\/div><\/div>\n\n<div class=\"gb-grid-column gb-grid-column-6280f427\"><div class=\"gb-container gb-container-6280f427\"><div class=\"gb-inside-container\">\n\n<p class=\"has-normal-font-size\">A l\u2019\u00e9cole primaire, les \u00e9l\u00e8ves sont <span style=\"color: #d72335;\" data=\"#d72335\" class=\"qubely-text-has-color\">initi\u00e9s de mani\u00e8re progressive et contr\u00f4l\u00e9e \u00e0 l\u2019usage des outils num\u00e9riques<\/span> qui viennent apporter une valeur ajout\u00e9e \u00e0 l\u2019enseignement dispens\u00e9.<\/p>\n\n\n\n<p class=\"has-normal-font-size\">Au secondaire, les \u00e9l\u00e8ves <span style=\"color: #d72335;\" data=\"#d72335\" class=\"qubely-text-has-color\">utilisent r\u00e9guli\u00e8rement les outils num\u00e9riques et technologiques, comme sujet et support d\u2019enseignement.<\/span> <\/p>\n\n\n\n<p class=\"has-normal-font-size\">Un <span style=\"color: #d72335;\" data=\"#d72335\" class=\"qubely-text-has-color\">Fab Lab<\/span> a ouvert en 2019 dans lequel ils finalisent leurs projets en art et en technologie. <\/p>\n\n\n\n<p class=\"has-normal-font-size\"><a href=\"https:\/\/lfseoul.org\/fr\/initiation-aux-technologies\/\" target=\"_blank\" aria-label=\"Plus d'informations sur l'initiation aux technologies au LFS ici. (opens in a new tab)\" rel=\"noreferrer noopener\" class=\"rank-math-link\">Plus d&rsquo;informations sur l&rsquo;initiation aux technologies au LFS ici.<\/a><\/p>\n\n<\/div><\/div><\/div>\n<\/div>\n<\/div><\/div>\n\n<div class=\"gb-container gb-container-bf385f12\"><div class=\"gb-inside-container\">\n<div class=\"gb-grid-wrapper gb-grid-wrapper-bc389152\">\n<div class=\"gb-grid-column gb-grid-column-370a0ad7\"><div class=\"gb-container gb-container-370a0ad7\"><div class=\"gb-inside-container\">\n\n<p class=\"gb-headline gb-headline-033f6cbc\"><span class=\"gb-icon\"><svg xmlns=\"http:\/\/www.w3.org\/2000\/svg\" viewBox=\"0 0 384 512\" width=\"1em\" height=\"1em\" aria-hidden=\"true\"><path d=\"M97.12 362.63c-8.69-8.69-4.16-6.24-25.12-11.85-9.51-2.55-17.87-7.45-25.43-13.32L1.2 448.7c-4.39 10.77 3.81 22.47 15.43 22.03l52.69-2.01L105.56 507c8 8.44 22.04 5.81 26.43-4.96l52.05-127.62c-10.84 6.04-22.87 9.58-35.31 9.58-19.5 0-37.82-7.59-51.61-21.37zM382.8 448.7l-45.37-111.24c-7.56 5.88-15.92 10.77-25.43 13.32-21.07 5.64-16.45 3.18-25.12 11.85-13.79 13.78-32.12 21.37-51.62 21.37-12.44 0-24.47-3.55-35.31-9.58L252 502.04c4.39 10.77 18.44 13.4 26.43 4.96l36.25-38.28 52.69 2.01c11.62.44 19.82-11.27 15.43-22.03zM263 340c15.28-15.55 17.03-14.21 38.79-20.14 13.89-3.79 24.75-14.84 28.47-28.98 7.48-28.4 5.54-24.97 25.95-45.75 10.17-10.35 14.14-25.44 10.42-39.58-7.47-28.38-7.48-24.42 0-52.83 3.72-14.14-.25-29.23-10.42-39.58-20.41-20.78-18.47-17.36-25.95-45.75-3.72-14.14-14.58-25.19-28.47-28.98-27.88-7.61-24.52-5.62-44.95-26.41-10.17-10.35-25-14.4-38.89-10.61-27.87 7.6-23.98 7.61-51.9 0-13.89-3.79-28.72.25-38.89 10.61-20.41 20.78-17.05 18.8-44.94 26.41-13.89 3.79-24.75 14.84-28.47 28.98-7.47 28.39-5.54 24.97-25.95 45.75-10.17 10.35-14.15 25.44-10.42 39.58 7.47 28.36 7.48 24.4 0 52.82-3.72 14.14.25 29.23 10.42 39.59 20.41 20.78 18.47 17.35 25.95 45.75 3.72 14.14 14.58 25.19 28.47 28.98C104.6 325.96 106.27 325 121 340c13.23 13.47 33.84 15.88 49.74 5.82a39.676 39.676 0 0 1 42.53 0c15.89 10.06 36.5 7.65 49.73-5.82zM97.66 175.96c0-53.03 42.24-96.02 94.34-96.02s94.34 42.99 94.34 96.02-42.24 96.02-94.34 96.02-94.34-42.99-94.34-96.02z\" fill=\"currentColor\"><\/path><\/svg><\/span><span class=\"gb-headline-text\"><strong>Pour une \u00e9ducation fran\u00e7aise homologu\u00e9e, <\/strong><br><strong>offrant des parcours plurilingues<\/strong><\/span><\/p>\n\n<\/div><\/div><\/div>\n<\/div>\n\n<div class=\"gb-button-wrapper gb-button-wrapper-be1e2701\">\n\n<a class=\"gb-button gb-button-256ef65c gb-button-text\" href=\"https:\/\/lfseoul.org\/fr\/admission\/\" target=\"_blank\" rel=\"noopener noreferrer\">JE M&rsquo;INSCRIS<\/a>\n\n<\/div>\n<\/div><\/div>","protected":false},"excerpt":{"rendered":"<p>Le Lyc\u00e9e Fran\u00e7ais de S\u00e9oul (LFS) propose un enseignement fran\u00e7ais reconnu et certifi\u00e9 par le Minist\u00e8re de l\u2019Education Nationale fran\u00e7ais, tout en proposant des parcours adapt\u00e9s \u00e0 sa communaut\u00e9 d\u2019\u00e9l\u00e8ves, en termes d\u2019apprentissage du fran\u00e7ais, de l\u2019anglais et du cor\u00e9en. &#8230; <\/p>\n<p class=\"read-more-container\"><a title=\"NOS SP\u00c9CIFICIT\u00c9S\" class=\"read-more button\" href=\"https:\/\/lfseoul.org\/fr\/nos-specificites\/#more-9252\" aria-label=\"En savoir plus sur NOS SP\u00c9CIFICIT\u00c9S\">En savoir plus<\/a><\/p>\n","protected":false},"author":4,"featured_media":7153,"parent":0,"menu_order":0,"comment_status":"closed","ping_status":"closed","template":"qubely_full_width","meta":{"qubely_global_settings":"","qubely_interactions":"","inline_featured_image":false,"footnotes":""},"class_list":{"0":"post-9252","1":"page","2":"type-page","3":"status-publish","4":"has-post-thumbnail","6":"infinite-scroll-item","7":"resize-featured-image"},"_links":{"self":[{"href":"https:\/\/lfseoul.org\/fr\/wp-json\/wp\/v2\/pages\/9252","targetHints":{"allow":["GET"]}}],"collection":[{"href":"https:\/\/lfseoul.org\/fr\/wp-json\/wp\/v2\/pages"}],"about":[{"href":"https:\/\/lfseoul.org\/fr\/wp-json\/wp\/v2\/types\/page"}],"author":[{"embeddable":true,"href":"https:\/\/lfseoul.org\/fr\/wp-json\/wp\/v2\/users\/4"}],"replies":[{"embeddable":true,"href":"https:\/\/lfseoul.org\/fr\/wp-json\/wp\/v2\/comments?post=9252"}],"version-history":[{"count":8,"href":"https:\/\/lfseoul.org\/fr\/wp-json\/wp\/v2\/pages\/9252\/revisions"}],"predecessor-version":[{"id":21039,"href":"https:\/\/lfseoul.org\/fr\/wp-json\/wp\/v2\/pages\/9252\/revisions\/21039"}],"wp:featuredmedia":[{"embeddable":true,"href":"https:\/\/lfseoul.org\/fr\/wp-json\/wp\/v2\/media\/7153"}],"wp:attachment":[{"href":"https:\/\/lfseoul.org\/fr\/wp-json\/wp\/v2\/media?parent=9252"}],"curies":[{"name":"wp","href":"https:\/\/api.w.org\/{rel}","templated":true}]}}