{"id":9254,"date":"2021-03-13T14:30:03","date_gmt":"2021-03-13T14:30:03","guid":{"rendered":"https:\/\/54.68.147.74\/~lfs\/?page_id=9254"},"modified":"2025-04-16T04:34:44","modified_gmt":"2025-04-16T04:34:44","slug":"contacts","status":"publish","type":"page","link":"https:\/\/lfseoul.org\/fr\/contacts\/","title":{"rendered":"CONTACTS"},"content":{"rendered":"<div class=\"gb-container gb-container-58b8d9af\"><div class=\"gb-inside-container\">\n\n<h4 class=\"gb-headline gb-headline-4809682a gb-headline-text\"><span style=\"color: #0f145a;\" data=\"#0f145a\" class=\"qubely-text-has-color\">Le lfs est ouvert du lundi au vendredi de 8h a 18h<br><br>nous parlons fran\u00e7ais, anglais et cor\u00e9en<br><\/span><\/h4>\n\n\n<div class=\"wp-block-image\">\n<figure class=\"aligncenter size-full\"><img loading=\"lazy\" decoding=\"async\" width=\"186\" height=\"120\" src=\"https:\/\/lfseoul.org\/wp-content\/uploads\/2021\/03\/email-icon.jpg\" alt=\"\" class=\"wp-image-8902\" srcset=\"https:\/\/lfseoul.org\/wp-content\/uploads\/2021\/03\/email-icon.jpg 186w, https:\/\/lfseoul.org\/wp-content\/uploads\/2021\/03\/email-icon-10x6.jpg 10w, https:\/\/lfseoul.org\/wp-content\/uploads\/2021\/03\/email-icon-15x10.jpg 15w, https:\/\/lfseoul.org\/wp-content\/uploads\/2021\/03\/email-icon-48x31.jpg 48w\" sizes=\"auto, (max-width: 186px) 100vw, 186px\" \/><\/figure><\/div>\n\n\n<p class=\"gb-headline gb-headline-f83bc444 gb-headline-text\"><img loading=\"lazy\" decoding=\"async\" width=\"20\" height=\"17\" class=\"wp-image-7332\" style=\"width: 20px;\" src=\"https:\/\/lfseoul.org\/wp-content\/uploads\/2021\/02\/mail-icon-blue.png\" alt=\"\" srcset=\"https:\/\/lfseoul.org\/wp-content\/uploads\/2021\/02\/mail-icon-blue.png 96w, https:\/\/lfseoul.org\/wp-content\/uploads\/2021\/02\/mail-icon-blue-10x8.png 10w, https:\/\/lfseoul.org\/wp-content\/uploads\/2021\/02\/mail-icon-blue-15x13.png 15w, https:\/\/lfseoul.org\/wp-content\/uploads\/2021\/02\/mail-icon-blue-48x41.png 48w\" sizes=\"auto, (max-width: 20px) 100vw, 20px\" \/> <a href=\"mailto:secretariat@lfseoul.org\" target=\"_blank\" rel=\"noreferrer noopener\">secretariat@lfseoul.org<\/a>         <img loading=\"lazy\" decoding=\"async\" width=\"20\" height=\"17\" class=\"wp-image-7443\" style=\"width: 20px;\" src=\"https:\/\/lfseoul.org\/wp-content\/uploads\/2021\/02\/call-icon.png\" alt=\"\" srcset=\"https:\/\/lfseoul.org\/wp-content\/uploads\/2021\/02\/call-icon.png 96w, https:\/\/lfseoul.org\/wp-content\/uploads\/2021\/02\/call-icon-10x8.png 10w, https:\/\/lfseoul.org\/wp-content\/uploads\/2021\/02\/call-icon-15x13.png 15w, https:\/\/lfseoul.org\/wp-content\/uploads\/2021\/02\/call-icon-48x41.png 48w\" sizes=\"auto, (max-width: 20px) 100vw, 20px\" \/><strong> <\/strong><a class=\"rank-math-link\" href=\"tel:82-2-535-1158\">(+82)-2-535-1158<\/a><\/p>\n\n\n\n<p class=\"has-text-align-center has-normal-font-size\">* contact pendant les vacances scolaires: <a href=\"mailto:contact@lfseoul.org\" target=\"_blank\" rel=\"noreferrer noopener\">contact@lfseoul.org<\/a><\/p>\n\n<\/div><\/div>\n\n<div class=\"gb-container gb-container-f5364af2\"><div class=\"gb-inside-container\">\n<div class=\"gb-container gb-container-60de1c28\"><div class=\"gb-inside-container\">\n\n<h2 class=\"gb-headline gb-headline-49779133 gb-headline-text\"><strong>CONTACTS CL\u00c9S<\/strong><\/h2>\n\n\n\n<div style=\"height:30px\" aria-hidden=\"true\" class=\"wp-block-spacer\"><\/div>\n\n\n<div class=\"gb-grid-wrapper gb-grid-wrapper-67e61e06\">\n<div class=\"gb-grid-column gb-grid-column-8bcf1b1b\"><div class=\"gb-container gb-container-8bcf1b1b\"><div class=\"gb-inside-container\">\n\n<p class=\"gb-headline gb-headline-95d258c8 gb-headline-text\">INSCRIPTION<\/p>\n\n<\/div><\/div><\/div>\n\n<div class=\"gb-grid-column gb-grid-column-b00a9ad2\"><div class=\"gb-container gb-container-b00a9ad2\"><div class=\"gb-inside-container\">\n\n<p class=\"gb-headline gb-headline-c226149e gb-headline-text\">Inscription, questions sur le formulaire d\u2019inscription<\/p>\n\n<\/div><\/div><\/div>\n\n<div class=\"gb-grid-column gb-grid-column-00ee615a\"><div class=\"gb-container gb-container-00ee615a\"><div class=\"gb-inside-container\">\n\n<p class=\"gb-headline gb-headline-78855c41 gb-headline-text\"><img loading=\"lazy\" decoding=\"async\" width=\"20\" height=\"17\" class=\"wp-image-7328\" style=\"width: 20px;\" src=\"https:\/\/lfseoul.org\/wp-content\/uploads\/2021\/02\/mail-icon-1.png\" alt=\"\" srcset=\"https:\/\/lfseoul.org\/wp-content\/uploads\/2021\/02\/mail-icon-1.png 96w, https:\/\/lfseoul.org\/wp-content\/uploads\/2021\/02\/mail-icon-1-10x8.png 10w, https:\/\/lfseoul.org\/wp-content\/uploads\/2021\/02\/mail-icon-1-15x13.png 15w, https:\/\/lfseoul.org\/wp-content\/uploads\/2021\/02\/mail-icon-1-48x41.png 48w\" sizes=\"auto, (max-width: 20px) 100vw, 20px\" \/> <span style=\"color: var(--qubely-color-5);\" data=\"var(--qubely-color-5)\" class=\"qubely-text-has-color\"><a href=\"mailto:admission@lfseoul.org\" target=\"_blank\" rel=\"noreferrer noopener\">admission@lfseoul.org<\/a><\/span><\/p>\n\n<\/div><\/div><\/div>\n\n<div class=\"gb-grid-column gb-grid-column-6474d7b1\"><div class=\"gb-container gb-container-6474d7b1\"><div class=\"gb-inside-container\">\n\n<p class=\"gb-headline gb-headline-ee1ed469 gb-headline-text\">PORTES OUVERTES<\/p>\n\n<\/div><\/div><\/div>\n\n<div class=\"gb-grid-column gb-grid-column-672b9832\"><div class=\"gb-container gb-container-672b9832\"><div class=\"gb-inside-container\">\n\n<p class=\"gb-headline gb-headline-48d76799 gb-headline-text\">Portes ouvertes, visite de l\u2019\u00e9tablissement<\/p>\n\n<\/div><\/div><\/div>\n\n<div class=\"gb-grid-column gb-grid-column-26ae73b4\"><div class=\"gb-container gb-container-26ae73b4\"><div class=\"gb-inside-container\">\n\n<p class=\"gb-headline gb-headline-524be0e7 gb-headline-text\"><img loading=\"lazy\" decoding=\"async\" width=\"20\" height=\"17\" class=\"wp-image-7328\" style=\"width: 20px;\" src=\"https:\/\/lfseoul.org\/wp-content\/uploads\/2021\/02\/mail-icon-1.png\" alt=\"\" srcset=\"https:\/\/lfseoul.org\/wp-content\/uploads\/2021\/02\/mail-icon-1.png 96w, https:\/\/lfseoul.org\/wp-content\/uploads\/2021\/02\/mail-icon-1-10x8.png 10w, https:\/\/lfseoul.org\/wp-content\/uploads\/2021\/02\/mail-icon-1-15x13.png 15w, https:\/\/lfseoul.org\/wp-content\/uploads\/2021\/02\/mail-icon-1-48x41.png 48w\" sizes=\"auto, (max-width: 20px) 100vw, 20px\" \/> <span style=\"color: var(--qubely-color-5);\" data=\"var(--qubely-color-5)\" class=\"qubely-text-has-color\"><a href=\"mailto:openhouse@lfseoul.org\" target=\"_blank\" rel=\"noreferrer noopener\">openhouse@lfseoul.org<\/a><\/span><\/p>\n\n<\/div><\/div><\/div>\n\n<div class=\"gb-grid-column gb-grid-column-4f2eb59d\"><div class=\"gb-container gb-container-4f2eb59d\"><div class=\"gb-inside-container\">\n\n<p class=\"gb-headline gb-headline-3cb50e4f gb-headline-text\">FINANCE<\/p>\n\n<\/div><\/div><\/div>\n\n<div class=\"gb-grid-column gb-grid-column-b1c5a795\"><div class=\"gb-container gb-container-b1c5a795\"><div class=\"gb-inside-container\">\n\n<p class=\"gb-headline gb-headline-b4edc319 gb-headline-text\">Factures, frais de scolarit\u00e9, frais compl\u00e9mentaires<\/p>\n\n<\/div><\/div><\/div>\n\n<div class=\"gb-grid-column gb-grid-column-82c2a140\"><div class=\"gb-container gb-container-82c2a140\"><div class=\"gb-inside-container\">\n\n<p class=\"gb-headline gb-headline-5e60c132 gb-headline-text\"><img loading=\"lazy\" decoding=\"async\" width=\"20\" height=\"17\" class=\"wp-image-7328\" style=\"width: 20px;\" src=\"https:\/\/lfseoul.org\/wp-content\/uploads\/2021\/02\/mail-icon-1.png\" alt=\"\" srcset=\"https:\/\/lfseoul.org\/wp-content\/uploads\/2021\/02\/mail-icon-1.png 96w, https:\/\/lfseoul.org\/wp-content\/uploads\/2021\/02\/mail-icon-1-10x8.png 10w, https:\/\/lfseoul.org\/wp-content\/uploads\/2021\/02\/mail-icon-1-15x13.png 15w, https:\/\/lfseoul.org\/wp-content\/uploads\/2021\/02\/mail-icon-1-48x41.png 48w\" sizes=\"auto, (max-width: 20px) 100vw, 20px\" \/> <span style=\"color: var(--qubely-color-5);\" data=\"var(--qubely-color-5)\" class=\"qubely-text-has-color\"><a href=\"mailto:finance@lfseoul.org\" target=\"_blank\" rel=\"noreferrer noopener\">finance@lfseoul.org<\/a><\/span><\/p>\n\n<\/div><\/div><\/div>\n\n<div class=\"gb-grid-column gb-grid-column-a13dfa53\"><div class=\"gb-container gb-container-a13dfa53\"><div class=\"gb-inside-container\">\n\n<p class=\"gb-headline gb-headline-eb4c3772 gb-headline-text\">ACTIVITES EXTRA SCOLAIRES<\/p>\n\n<\/div><\/div><\/div>\n\n<div class=\"gb-grid-column gb-grid-column-648c0f98\"><div class=\"gb-container gb-container-648c0f98\"><div class=\"gb-inside-container\">\n\n<p class=\"gb-headline gb-headline-683c4224 gb-headline-text\">Inscription aux AES, garderie le matin, soutien scolaire<\/p>\n\n<\/div><\/div><\/div>\n\n<div class=\"gb-grid-column gb-grid-column-b7ecfb62\"><div class=\"gb-container gb-container-b7ecfb62\"><div class=\"gb-inside-container\">\n\n<p class=\"gb-headline gb-headline-33dada89 gb-headline-text\"><img loading=\"lazy\" decoding=\"async\" width=\"20\" height=\"17\" class=\"wp-image-7328\" style=\"width: 20px;\" src=\"https:\/\/lfseoul.org\/wp-content\/uploads\/2021\/02\/mail-icon-1.png\" alt=\"\" srcset=\"https:\/\/lfseoul.org\/wp-content\/uploads\/2021\/02\/mail-icon-1.png 96w, https:\/\/lfseoul.org\/wp-content\/uploads\/2021\/02\/mail-icon-1-10x8.png 10w, https:\/\/lfseoul.org\/wp-content\/uploads\/2021\/02\/mail-icon-1-15x13.png 15w, https:\/\/lfseoul.org\/wp-content\/uploads\/2021\/02\/mail-icon-1-48x41.png 48w\" sizes=\"auto, (max-width: 20px) 100vw, 20px\" \/> <span style=\"color: var(--qubely-color-5);\" data=\"var(--qubely-color-5)\" class=\"qubely-text-has-color\"><a class=\"rank-math-link\" href=\"mailto:communication@lfseoul.org\"><\/a><a href=\"mailto:aes@lfseoul.org\" target=\"_blank\" rel=\"noreferrer noopener\">aes@lfseoul.org<\/a><\/span><\/p>\n\n<\/div><\/div><\/div>\n\n<div class=\"gb-grid-column gb-grid-column-b67920d1\"><div class=\"gb-container gb-container-b67920d1\"><div class=\"gb-inside-container\">\n\n<p class=\"gb-headline gb-headline-5af9ebd9 gb-headline-text\">SECTION INTERNATIONALE AMERICAINE<\/p>\n\n<\/div><\/div><\/div>\n\n<div class=\"gb-grid-column gb-grid-column-95f2a93b\"><div class=\"gb-container gb-container-95f2a93b\"><div class=\"gb-inside-container\">\n\n<p class=\"gb-headline gb-headline-a8edf9bc gb-headline-text\">Question sur la SIA, conditions d\u2019entr\u00e9e et examen<\/p>\n\n<\/div><\/div><\/div>\n\n<div class=\"gb-grid-column gb-grid-column-9e81352d\"><div class=\"gb-container gb-container-9e81352d\"><div class=\"gb-inside-container\">\n\n<p class=\"gb-headline gb-headline-6be8bf7b gb-headline-text\"><img loading=\"lazy\" decoding=\"async\" width=\"20\" height=\"17\" class=\"wp-image-7328\" style=\"width: 20px;\" src=\"https:\/\/lfseoul.org\/wp-content\/uploads\/2021\/02\/mail-icon-1.png\" alt=\"\" srcset=\"https:\/\/lfseoul.org\/wp-content\/uploads\/2021\/02\/mail-icon-1.png 96w, https:\/\/lfseoul.org\/wp-content\/uploads\/2021\/02\/mail-icon-1-10x8.png 10w, https:\/\/lfseoul.org\/wp-content\/uploads\/2021\/02\/mail-icon-1-15x13.png 15w, https:\/\/lfseoul.org\/wp-content\/uploads\/2021\/02\/mail-icon-1-48x41.png 48w\" sizes=\"auto, (max-width: 20px) 100vw, 20px\" \/> <span style=\"color: var(--qubely-color-5);\" data=\"var(--qubely-color-5)\" class=\"qubely-text-has-color\"><a href=\"mailto:international-section@lfseoul.org\" target=\"_blank\" rel=\"noreferrer noopener\">international-section@lfseoul.org<\/a><\/span><\/p>\n\n<\/div><\/div><\/div>\n\n<div class=\"gb-grid-column gb-grid-column-216ba903\"><div class=\"gb-container gb-container-216ba903\"><div class=\"gb-inside-container\">\n\n<p class=\"gb-headline gb-headline-e972c32d gb-headline-text\">CAMBRIDGE ENGLISH<\/p>\n\n<\/div><\/div><\/div>\n\n<div class=\"gb-grid-column gb-grid-column-751452bc\"><div class=\"gb-container gb-container-751452bc\"><div class=\"gb-inside-container\">\n\n<p class=\"gb-headline gb-headline-8e6d8845 gb-headline-text\">Inscription aux examens, questions<\/p>\n\n<\/div><\/div><\/div>\n\n<div class=\"gb-grid-column gb-grid-column-abf81540\"><div class=\"gb-container gb-container-abf81540\"><div class=\"gb-inside-container\">\n\n<p class=\"gb-headline gb-headline-54e6662e gb-headline-text\"><img loading=\"lazy\" decoding=\"async\" width=\"20\" height=\"17\" class=\"wp-image-7328\" style=\"width: 20px;\" src=\"https:\/\/lfseoul.org\/wp-content\/uploads\/2021\/02\/mail-icon-1.png\" alt=\"\" srcset=\"https:\/\/lfseoul.org\/wp-content\/uploads\/2021\/02\/mail-icon-1.png 96w, https:\/\/lfseoul.org\/wp-content\/uploads\/2021\/02\/mail-icon-1-10x8.png 10w, https:\/\/lfseoul.org\/wp-content\/uploads\/2021\/02\/mail-icon-1-15x13.png 15w, https:\/\/lfseoul.org\/wp-content\/uploads\/2021\/02\/mail-icon-1-48x41.png 48w\" sizes=\"auto, (max-width: 20px) 100vw, 20px\" \/> <span style=\"color: var(--qubely-color-5);\" data=\"var(--qubely-color-5)\" class=\"qubely-text-has-color\"><a href=\"mailto:examinations@lfseoul.org\" target=\"_blank\" rel=\"noreferrer noopener\">examinations@lfseoul.org<\/a><\/span><\/p>\n\n<\/div><\/div><\/div>\n\n<div class=\"gb-grid-column gb-grid-column-515d27ad\"><div class=\"gb-container gb-container-515d27ad\"><div class=\"gb-inside-container\">\n\n<p class=\"gb-headline gb-headline-58ce9490 gb-headline-text\">PARTENARIAT<\/p>\n\n<\/div><\/div><\/div>\n\n<div class=\"gb-grid-column gb-grid-column-f49100a2\"><div class=\"gb-container gb-container-f49100a2\"><div class=\"gb-inside-container\">\n\n<p class=\"gb-headline gb-headline-c03b79d1 gb-headline-text\">Sponsor, m\u00e9c\u00e9nat, partenariat<\/p>\n\n<\/div><\/div><\/div>\n\n<div class=\"gb-grid-column gb-grid-column-7a647a55\"><div class=\"gb-container gb-container-7a647a55\"><div class=\"gb-inside-container\">\n\n<p class=\"gb-headline gb-headline-b16e93b8 gb-headline-text\"><img loading=\"lazy\" decoding=\"async\" width=\"20\" height=\"17\" class=\"wp-image-7328\" style=\"width: 20px;\" src=\"https:\/\/lfseoul.org\/wp-content\/uploads\/2021\/02\/mail-icon-1.png\" alt=\"\" srcset=\"https:\/\/lfseoul.org\/wp-content\/uploads\/2021\/02\/mail-icon-1.png 96w, https:\/\/lfseoul.org\/wp-content\/uploads\/2021\/02\/mail-icon-1-10x8.png 10w, https:\/\/lfseoul.org\/wp-content\/uploads\/2021\/02\/mail-icon-1-15x13.png 15w, https:\/\/lfseoul.org\/wp-content\/uploads\/2021\/02\/mail-icon-1-48x41.png 48w\" sizes=\"auto, (max-width: 20px) 100vw, 20px\" \/> <span style=\"color: var(--qubely-color-5);\" data=\"var(--qubely-color-5)\" class=\"qubely-text-has-color\"><a href=\"mailto:communication@lfseoul.org\" target=\"_blank\" rel=\"noreferrer noopener\">communication@lfseoul.org<\/a><\/span><\/p>\n\n<\/div><\/div><\/div>\n<\/div>\n<\/div><\/div>\n<\/div><\/div>\n\n<div class=\"gb-container gb-container-f2500744\"><div class=\"gb-inside-container\">\n\n<h2 class=\"wp-block-heading has-text-align-center\"><strong>ADRESSE<\/strong><\/h2>\n\n<\/div><\/div>\n\n<div class=\"gb-container gb-container-20760f8c\"><div class=\"gb-inside-container\">\n<div class=\"gb-grid-wrapper gb-grid-wrapper-51722e61\">\n<div class=\"gb-grid-column gb-grid-column-33f9bbd2\"><div class=\"gb-container gb-container-33f9bbd2\"><div class=\"gb-inside-container\">\n<div class=\"gb-container gb-container-9f0714eb\"><div class=\"gb-inside-container\">\n\n<p>\uc11c\uc6b8\ud2b9\ubcc4\uc2dc \uc11c\ucd08\uad6c \uc11c\ub798\ub85c 7, \uc11c\uc6b8\ud504\ub791\uc2a4\ud559\uad50 (06581).<\/p>\n\n\n\n<p class=\"has-text-align-left\">7, Seorae-ro, Seocho-Gu, S\u00e9oul 06581, Cor\u00e9e du Sud.&nbsp;<\/p>\n\n<\/div><\/div>\n\n\n<div style=\"height:30px\" aria-hidden=\"true\" class=\"wp-block-spacer\"><\/div>\n\n\n\n<p><img loading=\"lazy\" decoding=\"async\" width=\"30\" height=\"30\" class=\"wp-image-9107\" style=\"width: 30px;\" src=\"https:\/\/lfseoul.org\/wp-content\/uploads\/2021\/03\/icones_website_metro.png\" alt=\"\" srcset=\"https:\/\/lfseoul.org\/wp-content\/uploads\/2021\/03\/icones_website_metro.png 313w, https:\/\/lfseoul.org\/wp-content\/uploads\/2021\/03\/icones_website_metro-300x300.png 300w, https:\/\/lfseoul.org\/wp-content\/uploads\/2021\/03\/icones_website_metro-150x150.png 150w, https:\/\/lfseoul.org\/wp-content\/uploads\/2021\/03\/icones_website_metro-10x10.png 10w, https:\/\/lfseoul.org\/wp-content\/uploads\/2021\/03\/icones_website_metro-15x15.png 15w, https:\/\/lfseoul.org\/wp-content\/uploads\/2021\/03\/icones_website_metro-48x48.png 48w\" sizes=\"auto, (max-width: 30px) 100vw, 30px\" \/> <strong>Acc\u00e8s par m\u00e9tro<\/strong>: stations Express Bus Terminal, sortie 5 (lignes 3, 7 et 9) ou Seocho sortie 5 (ligne 2) <\/p>\n\n\n\n<p><\/p>\n\n\n\n<p><img loading=\"lazy\" decoding=\"async\" width=\"30\" height=\"30\" class=\"wp-image-9073\" style=\"width: 30px;\" src=\"https:\/\/lfseoul.org\/wp-content\/uploads\/2021\/03\/icones_website_bus.png\" alt=\"\" srcset=\"https:\/\/lfseoul.org\/wp-content\/uploads\/2021\/03\/icones_website_bus.png 313w, https:\/\/lfseoul.org\/wp-content\/uploads\/2021\/03\/icones_website_bus-300x300.png 300w, https:\/\/lfseoul.org\/wp-content\/uploads\/2021\/03\/icones_website_bus-150x150.png 150w, https:\/\/lfseoul.org\/wp-content\/uploads\/2021\/03\/icones_website_bus-10x10.png 10w, https:\/\/lfseoul.org\/wp-content\/uploads\/2021\/03\/icones_website_bus-15x15.png 15w, https:\/\/lfseoul.org\/wp-content\/uploads\/2021\/03\/icones_website_bus-48x48.png 48w\" sizes=\"auto, (max-width: 30px) 100vw, 30px\" \/> <strong>Acc\u00e8s par bus<\/strong>: le bus 13 (bus vert) a un arr\u00eat en face du LFS, et les bus 10, 14 et 21 (bus verts) et 142 (bus bleu) ont un arr\u00eat en bas de la rue de Seorae-ro \u00e0 10 min \u00e0 pied.<\/p>\n\n\n\n<p><\/p>\n\n\n\n<p><img loading=\"lazy\" decoding=\"async\" width=\"30\" height=\"30\" class=\"wp-image-9119\" style=\"width: 30px;\" src=\"https:\/\/lfseoul.org\/wp-content\/uploads\/2021\/03\/icones_website_voiture.png\" alt=\"\" srcset=\"https:\/\/lfseoul.org\/wp-content\/uploads\/2021\/03\/icones_website_voiture.png 313w, https:\/\/lfseoul.org\/wp-content\/uploads\/2021\/03\/icones_website_voiture-300x300.png 300w, https:\/\/lfseoul.org\/wp-content\/uploads\/2021\/03\/icones_website_voiture-150x150.png 150w, https:\/\/lfseoul.org\/wp-content\/uploads\/2021\/03\/icones_website_voiture-10x10.png 10w, https:\/\/lfseoul.org\/wp-content\/uploads\/2021\/03\/icones_website_voiture-15x15.png 15w, https:\/\/lfseoul.org\/wp-content\/uploads\/2021\/03\/icones_website_voiture-48x48.png 48w\" sizes=\"auto, (max-width: 30px) 100vw, 30px\" \/> <strong>Acc\u00e8s par voiture<\/strong>: le LFS n\u2019a pas de parking mais il existe deux parking payants publics \u00e0 moins de 5 min \u00e0 pied.<\/p>\n\n<\/div><\/div><\/div>\n\n<div class=\"gb-grid-column gb-grid-column-f48ad937\"><div class=\"gb-container gb-container-f48ad937\"><div class=\"gb-inside-container\">\n<div class=\"gb-container gb-container-276607b1\"><div class=\"gb-inside-container\">\n\n<div class=\"wp-block-columns is-layout-flex wp-container-core-columns-is-layout-9d6595d7 wp-block-columns-is-layout-flex\">\n<div class=\"wp-block-column is-layout-flow wp-block-column-is-layout-flow\" style=\"flex-basis:100%\">\n<iframe src=\"https:\/\/www.google.com\/maps\/embed?pb=!1m18!1m12!1m3!1d3165.516644018!2d126.99573441471803!3d37.49573117981123!2m3!1f0!2f0!3f0!3m2!1i1024!2i768!4f13.1!3m3!1m2!1s0x357ca1756916e9d3%3A0xe0057f090f218261!2sFrench%20School%20of%20Seoul!5e0!3m2!1sen!2sin!4v1623841013266!5m2!1sen!2sin\" width=\"600\" height=\"450\" style=\"border:0;\" allowfullscreen=\"\" loading=\"lazy\"><\/iframe>\n<\/div>\n<\/div>\n\n<\/div><\/div>\n<\/div><\/div><\/div>\n<\/div>\n<\/div><\/div>\n\n<div class=\"gb-container gb-container-35a14bf3\"><div class=\"gb-inside-container\">\n<div class=\"gb-grid-wrapper gb-grid-wrapper-37c27312\">\n<div class=\"gb-grid-column gb-grid-column-d7101fa8\"><div class=\"gb-container gb-container-d7101fa8\"><div class=\"gb-inside-container\">\n\n<p class=\"gb-headline gb-headline-038e23d8\"><span class=\"gb-icon\"><svg aria-hidden=\"true\" height=\"1em\" width=\"1em\" viewBox=\"0 0 384 512\" xmlns=\"http:\/\/www.w3.org\/2000\/svg\"><path fill=\"currentColor\" d=\"M97.12 362.63c-8.69-8.69-4.16-6.24-25.12-11.85-9.51-2.55-17.87-7.45-25.43-13.32L1.2 448.7c-4.39 10.77 3.81 22.47 15.43 22.03l52.69-2.01L105.56 507c8 8.44 22.04 5.81 26.43-4.96l52.05-127.62c-10.84 6.04-22.87 9.58-35.31 9.58-19.5 0-37.82-7.59-51.61-21.37zM382.8 448.7l-45.37-111.24c-7.56 5.88-15.92 10.77-25.43 13.32-21.07 5.64-16.45 3.18-25.12 11.85-13.79 13.78-32.12 21.37-51.62 21.37-12.44 0-24.47-3.55-35.31-9.58L252 502.04c4.39 10.77 18.44 13.4 26.43 4.96l36.25-38.28 52.69 2.01c11.62.44 19.82-11.27 15.43-22.03zM263 340c15.28-15.55 17.03-14.21 38.79-20.14 13.89-3.79 24.75-14.84 28.47-28.98 7.48-28.4 5.54-24.97 25.95-45.75 10.17-10.35 14.14-25.44 10.42-39.58-7.47-28.38-7.48-24.42 0-52.83 3.72-14.14-.25-29.23-10.42-39.58-20.41-20.78-18.47-17.36-25.95-45.75-3.72-14.14-14.58-25.19-28.47-28.98-27.88-7.61-24.52-5.62-44.95-26.41-10.17-10.35-25-14.4-38.89-10.61-27.87 7.6-23.98 7.61-51.9 0-13.89-3.79-28.72.25-38.89 10.61-20.41 20.78-17.05 18.8-44.94 26.41-13.89 3.79-24.75 14.84-28.47 28.98-7.47 28.39-5.54 24.97-25.95 45.75-10.17 10.35-14.15 25.44-10.42 39.58 7.47 28.36 7.48 24.4 0 52.82-3.72 14.14.25 29.23 10.42 39.59 20.41 20.78 18.47 17.35 25.95 45.75 3.72 14.14 14.58 25.19 28.47 28.98C104.6 325.96 106.27 325 121 340c13.23 13.47 33.84 15.88 49.74 5.82a39.676 39.676 0 0 1 42.53 0c15.89 10.06 36.5 7.65 49.73-5.82zM97.66 175.96c0-53.03 42.24-96.02 94.34-96.02s94.34 42.99 94.34 96.02-42.24 96.02-94.34 96.02-94.34-42.99-94.34-96.02z\"><\/path><\/svg><\/span><span class=\"gb-headline-text\"><strong>Pour une \u00e9ducation fran\u00e7aise homologu\u00e9e, <\/strong><br><strong>offrant des parcours plurilingues<\/strong><\/span><\/p>\n\n<\/div><\/div><\/div>\n<\/div>\n\n<div class=\"gb-button-wrapper gb-button-wrapper-a284bc53\">\n\n<a class=\"gb-button gb-button-9d712240 gb-button-text\" href=\"https:\/\/lfseoul.org\/fr\/admission\/\" target=\"_blank\" rel=\"noopener noreferrer\">JE M&rsquo;INSCRIS<\/a>\n\n<\/div>\n<\/div><\/div>\n\n\n<p><\/p>\n","protected":false},"excerpt":{"rendered":"<p>Le lfs est ouvert du lundi au vendredi de 8h a 18h nous parlons fran\u00e7ais, anglais et cor\u00e9en secretariat@lfseoul.org (+82)-2-535-1158 * contact pendant les vacances scolaires: contact@lfseoul.org CONTACTS CL\u00c9S ADRESSE<\/p>\n","protected":false},"author":4,"featured_media":6996,"parent":0,"menu_order":0,"comment_status":"closed","ping_status":"closed","template":"","meta":{"qubely_global_settings":"","qubely_interactions":"","inline_featured_image":false,"footnotes":""},"class_list":{"0":"post-9254","1":"page","2":"type-page","3":"status-publish","4":"has-post-thumbnail","6":"infinite-scroll-item","7":"resize-featured-image"},"_links":{"self":[{"href":"https:\/\/lfseoul.org\/fr\/wp-json\/wp\/v2\/pages\/9254","targetHints":{"allow":["GET"]}}],"collection":[{"href":"https:\/\/lfseoul.org\/fr\/wp-json\/wp\/v2\/pages"}],"about":[{"href":"https:\/\/lfseoul.org\/fr\/wp-json\/wp\/v2\/types\/page"}],"author":[{"embeddable":true,"href":"https:\/\/lfseoul.org\/fr\/wp-json\/wp\/v2\/users\/4"}],"replies":[{"embeddable":true,"href":"https:\/\/lfseoul.org\/fr\/wp-json\/wp\/v2\/comments?post=9254"}],"version-history":[{"count":8,"href":"https:\/\/lfseoul.org\/fr\/wp-json\/wp\/v2\/pages\/9254\/revisions"}],"predecessor-version":[{"id":20954,"href":"https:\/\/lfseoul.org\/fr\/wp-json\/wp\/v2\/pages\/9254\/revisions\/20954"}],"wp:featuredmedia":[{"embeddable":true,"href":"https:\/\/lfseoul.org\/fr\/wp-json\/wp\/v2\/media\/6996"}],"wp:attachment":[{"href":"https:\/\/lfseoul.org\/fr\/wp-json\/wp\/v2\/media?parent=9254"}],"curies":[{"name":"wp","href":"https:\/\/api.w.org\/{rel}","templated":true}]}}