{"id":9260,"date":"2021-03-13T14:33:39","date_gmt":"2021-03-13T14:33:39","guid":{"rendered":"https:\/\/54.68.147.74\/~lfs\/?page_id=9260"},"modified":"2025-09-08T23:58:32","modified_gmt":"2025-09-08T23:58:32","slug":"notre-enseignement","status":"publish","type":"page","link":"https:\/\/lfseoul.org\/fr\/notre-enseignement\/","title":{"rendered":"NOTRE ENSEIGNEMENT"},"content":{"rendered":"<div class=\"gb-container gb-container-1560f5d8\"><div class=\"gb-inside-container\">\n\n<p class=\"has-normal-font-size\">Le Lyc\u00e9e Fran\u00e7ais de S\u00e9oul (LFS) accueille les \u00e9l\u00e8ves de toutes nationalit\u00e9s \u00e0 partir de 3 ans, pour une scolarit\u00e9 <span style=\"color: #d72335;\" data=\"#d72335\" class=\"qubely-text-has-color\">de la Petite Section de maternelle \u00e0 la Terminale<\/span>.<br><br><span style=\"color: #d72335;\" data=\"#d72335\" class=\"qubely-text-has-color\">Toutes les classes sont homologu\u00e9es par le Minist\u00e8re de l\u2019Education Nationale fran\u00e7ais<\/span>, garantissant un enseignement conforme aux programmes scolaires fran\u00e7ais. Tout au long de leur apprentissage, les \u00e9l\u00e8ves \u00e9tudient le fran\u00e7ais, les langues, les math\u00e9matiques et les sciences, les sciences humaines et sociales, le sport et l\u2019art. Ils acqui\u00e8rent des savoirs, des m\u00e9thodes et des outils, ils d\u00e9veloppent des comp\u00e9tences et des valeurs, et construisent leur projet d\u2019avenir.<\/p>\n\n<\/div><\/div>\n\n<div class=\"gb-container gb-container-a5c70978\"><div class=\"gb-inside-container\">\n\n<h2 class=\"wp-block-heading has-text-align-center\" id=\"1-une-%C3%A9ducation-plurilingue\"><strong>UN SYST\u00c8ME \u00c9DUCATIF ORGANIS\u00c9 PAR CYCLES<\/strong><\/h2>\n\n<\/div><\/div>\n\n<div class=\"gb-container gb-container-a06b1d3f\"><div class=\"gb-inside-container\">\n\n<p class=\"has-normal-font-size\">Le syst\u00e8me \u00e9ducatif fran\u00e7ais est construit par cycles de 3 ans d\u00e8s la maternelle, afin de favoriser l\u2019<span style=\"color: #d72335;\" data=\"#d72335\" class=\"qubely-text-has-color\">acquisition des comp\u00e9tences selon le rythme et les besoins de chaque \u00e9l\u00e8ve<\/span>, tout en garantissant la continuit\u00e9 p\u00e9dagogique entre chaque niveau. Son articulation autour d\u2019un socle de 5 comp\u00e9tences offre une \u00e9ducation riche et multidisciplinaire.<\/p>\n\n\n\n<p class=\"has-normal-font-size\">Le LFS a \u00e9tabli son projet d\u2019\u00e9tablissement 2018 &#8211; 2021 dont les axes prioritaires favorisent l\u2019\u00e9panouissement de chacun et l\u2019ouverture sur le monde.<\/p>\n\n\n\n<p class=\"has-text-color has-normal-font-size\" style=\"color:#deb52e\"><a href=\"https:\/\/lfseoul.org\/fr\/systeme-educatif\/\" target=\"_blank\" rel=\"noreferrer noopener\" class=\"rank-math-link\">Retrouvez plus d\u2019informations sur notre syst\u00e8me \u00e9ducatif et le projet d\u2019\u00e9tablissement ici.<\/a><\/p>\n\n\n<div class=\"gb-container gb-container-f32eeda3\"><div class=\"gb-inside-container\">\n<div class=\"gb-container gb-container-0849be01\"><div class=\"gb-inside-container\">\n<div class=\"gb-grid-wrapper gb-grid-wrapper-db1a015a\">\n<div class=\"gb-grid-column gb-grid-column-c2a2f4da\"><div class=\"gb-container gb-container-c2a2f4da\"><a class=\"gb-container-link\" href=\"https:\/\/lfseoul.org\/maternelle\/\" rel=\"noopener noreferrer\" target=\"_blank\"><\/a><div class=\"gb-inside-container\">\n<div class=\"gb-container gb-container-b4a5196d\"><div class=\"gb-inside-container\">\n\n<h3 class=\"wp-block-heading has-text-align-center has-white-color has-text-color\"><span style=\"color: var(--qubely-color-5);\" data=\"var(--qubely-color-5)\" class=\"qubely-text-has-color\"><strong>Maternelle<\/strong><br><strong>3-5 ans<\/strong><\/span><\/h3>\n\n<\/div><\/div>\n\n<div class=\"gb-container gb-container-e24bda00 animated fadeInUp\"><div class=\"gb-inside-container\">\n\n<p><strong>Cycle des apprentissages<\/strong><br><strong>premiers<\/strong><\/p>\n\n\n\n<p>Le LFS guide votre enfant vers l\u2019acquisition du langage, de l\u2019autonomie et de la socialisation, vers les diverses exp\u00e9riences et d\u00e9couvertes \u00e0 travers le jeu, principal vecteur d\u2019apprentissage.<\/p>\n\n<\/div><\/div>\n<\/div><\/div><\/div>\n\n<div class=\"gb-grid-column gb-grid-column-ada2d84d\"><div class=\"gb-container gb-container-ada2d84d\"><a class=\"gb-container-link\" href=\"https:\/\/lfseoul.org\/elementaire\/\" rel=\"noopener noreferrer\" target=\"_blank\"><\/a><div class=\"gb-inside-container\">\n<div class=\"gb-container gb-container-6a961854\"><div class=\"gb-inside-container\">\n\n<h3 class=\"wp-block-heading has-text-align-center has-white-color has-text-color\"><span style=\"color: var(--qubely-color-5);\" data=\"var(--qubely-color-5)\" class=\"qubely-text-has-color\"><strong><strong>El\u00e9mentaire<\/strong><br><strong>6-10 ans<\/strong><\/strong><\/span><\/h3>\n\n<\/div><\/div>\n\n<div class=\"gb-container gb-container-6ea15567 animated fadeInUp\"><div class=\"gb-inside-container\">\n\n<p class=\"animated fadeInUp delay-200ms\"><strong>Cycle des apprentissages fondamentaux<\/strong><br><strong>Cycle de consolidation<\/strong><\/p>\n\n\n\n<p>Le LFS veille \u00e0 la structuration des acquis et des premi\u00e8res connaissances, en assurant la ma\u00eetrise du fran\u00e7ais et des math\u00e9matiques. Les \u00e9l\u00e8ves commencent \u00e0 \u00e9laborer des strat\u00e9gies de pens\u00e9e et d\u00e9veloppent leur esprit critique et d\u2019argumentation.<\/p>\n\n<\/div><\/div>\n<\/div><\/div><\/div>\n\n<div class=\"gb-grid-column gb-grid-column-22d16c6c\"><div class=\"gb-container gb-container-22d16c6c\"><a class=\"gb-container-link\" href=\"https:\/\/lfseoul.org\/college\/\" rel=\"noopener noreferrer\" target=\"_blank\"><\/a><div class=\"gb-inside-container\">\n<div class=\"gb-container gb-container-6ea6c549\"><div class=\"gb-inside-container\">\n\n<h3 class=\"wp-block-heading has-text-align-center has-white-color has-text-color\"><span style=\"color: var(--qubely-color-5);\" data=\"var(--qubely-color-5)\" class=\"qubely-text-has-color\"><strong><strong><strong>Coll\u00e8ge<\/strong><br><strong>11-14 ans<\/strong><\/strong><\/strong><\/span><\/h3>\n\n<\/div><\/div>\n\n<div class=\"gb-container gb-container-de6549f6 animated fadeInUp\"><div class=\"gb-inside-container\">\n\n<p class=\"animated fadeInUp delay-200ms\"><strong><strong>Cycle d\u2019approfondissement des connaissances<\/strong><\/strong><\/p>\n\n\n\n<p>Le LFS assure le d\u00e9veloppement, l\u2019approfondissement des comp\u00e9tences disciplinaires et la constitution d\u2019une culture g\u00e9n\u00e9rale commune. Le cycle offre la possibilit\u00e9 des premiers choix d\u2019enseignements optionnels.<\/p>\n\n<\/div><\/div>\n<\/div><\/div><\/div>\n\n<div class=\"gb-grid-column gb-grid-column-e3a6fc77\"><div class=\"gb-container gb-container-e3a6fc77\"><a class=\"gb-container-link\" href=\"https:\/\/lfseoul.org\/lycee\/\" rel=\"noopener noreferrer\" target=\"_blank\"><\/a><div class=\"gb-inside-container\">\n<div class=\"gb-container gb-container-272b9995\"><a class=\"gb-container-link\" href=\"https:\/\/lfseoul.org\/lycee\/\" rel=\"noopener noreferrer\" target=\"_blank\"><\/a><div class=\"gb-inside-container\">\n\n<h3 class=\"wp-block-heading has-text-align-center has-white-color has-text-color\"><span style=\"color: var(--qubely-color-5);\" data=\"var(--qubely-color-5)\" class=\"qubely-text-has-color\"><strong><strong><strong><strong>Lyc\u00e9e<\/strong><br><strong>15-17 ans<\/strong><\/strong><\/strong><\/strong><\/span><\/h3>\n\n<\/div><\/div>\n\n<div class=\"gb-container gb-container-3a26d042 animated fadeInUp\"><div class=\"gb-inside-container\">\n\n<p class=\"animated fadeInUp delay-100ms\"><strong><strong>Cycle des choix<br>d\u2019orientation sup\u00e9rieure<\/strong><\/strong><\/p>\n\n\n\n<p>Le LFS pr\u00e9pare les \u00e9l\u00e8ves \u00e0 la r\u00e9ussite au baccalaur\u00e9at, les accompagne dans la construction de leur parcours universitaire, permettant la poursuite vers les \u00e9tudes sup\u00e9rieures.<\/p>\n\n<\/div><\/div>\n<\/div><\/div><\/div>\n<\/div>\n<\/div><\/div>\n<\/div><\/div>\n<\/div><\/div>\n\n<div class=\"gb-container gb-container-ad694a2b\"><div class=\"gb-inside-container\">\n\n<h2 class=\"wp-block-heading has-text-align-center\" id=\"2-une-classe-d%C3%A9di%C3%A9e-pour-les-non-francophones-\"><strong>UN ACCOMPAGNEMENT \u00c0 L\u2019ORIENTATION UNIVERSITAIRE<\/strong><\/h2>\n\n<\/div><\/div>\n\n<div class=\"gb-container gb-container-95e119f2\"><div class=\"gb-inside-container\">\n<div class=\"gb-grid-wrapper gb-grid-wrapper-92a1d1fc\">\n<div class=\"gb-grid-column gb-grid-column-3187f742\"><div class=\"gb-container gb-container-3187f742\"><div class=\"gb-inside-container\">\n\n<figure class=\"wp-block-image size-large\"><img loading=\"lazy\" decoding=\"async\" width=\"1024\" height=\"556\" src=\"https:\/\/lfseoul.org\/wp-content\/uploads\/2024\/10\/Carte-universitare-1-1024x556.png\" alt=\"\" class=\"wp-image-20203\" srcset=\"https:\/\/lfseoul.org\/wp-content\/uploads\/2024\/10\/Carte-universitare-1-1024x556.png 1024w, https:\/\/lfseoul.org\/wp-content\/uploads\/2024\/10\/Carte-universitare-1-300x163.png 300w, https:\/\/lfseoul.org\/wp-content\/uploads\/2024\/10\/Carte-universitare-1-768x417.png 768w, https:\/\/lfseoul.org\/wp-content\/uploads\/2024\/10\/Carte-universitare-1-10x5.png 10w, https:\/\/lfseoul.org\/wp-content\/uploads\/2024\/10\/Carte-universitare-1-15x8.png 15w, https:\/\/lfseoul.org\/wp-content\/uploads\/2024\/10\/Carte-universitare-1-48x26.png 48w, https:\/\/lfseoul.org\/wp-content\/uploads\/2024\/10\/Carte-universitare-1.png 1321w\" sizes=\"auto, (max-width: 1024px) 100vw, 1024px\" \/><\/figure>\n\n<\/div><\/div><\/div>\n\n<div class=\"gb-grid-column gb-grid-column-d2089262\"><div class=\"gb-container gb-container-d2089262\"><div class=\"gb-inside-container\">\n\n<p class=\"has-normal-font-size\"><span style=\"color: #d72335;\" data=\"#d72335\" class=\"qubely-text-has-color\">Le LFS accompagne les \u00e9l\u00e8ves du secondaire dans leur parcours Avenir et leur choix d\u2019orientation<\/span>, \u00e0 travers de nombreux \u00e9v\u00e9nements tout au long de l\u2019ann\u00e9e, un espace documentaire d\u00e9di\u00e9 \u00e0 l\u2019orientation, et un personnel sp\u00e9cialis\u00e9 assurant des entretiens avec les \u00e9l\u00e8ves et les parents. <\/p>\n\n\n\n<p class=\"has-normal-font-size\">Gr\u00e2ce aux <span style=\"color: #d72335;\" data=\"#d72335\" class=\"qubely-text-has-color\">100% de r\u00e9ussite au baccalaur\u00e9at<\/span>, nos \u00e9l\u00e8ves partent ensuite pour des \u00e9tudes sup\u00e9rieures dans les meilleurs universit\u00e9s de France et du monde.<\/p>\n\n\n\n<p><a href=\"https:\/\/lfseoul.org\/fr\/orientation\/\" target=\"_blank\" rel=\"noreferrer noopener\">Pour en savoir plus sur l&rsquo;orientation et les destinations universitaires, cliquez ici.<\/a><\/p>\n\n<\/div><\/div><\/div>\n<\/div>\n<\/div><\/div>\n\n<div class=\"gb-container gb-container-e802b629\"><div class=\"gb-inside-container\">\n<div class=\"gb-grid-wrapper gb-grid-wrapper-17031cf4\">\n<div class=\"gb-grid-column gb-grid-column-49c384f0\"><div class=\"gb-container gb-container-49c384f0\"><div class=\"gb-inside-container\">\n\n<p class=\"gb-headline gb-headline-f3370c71\"><span class=\"gb-icon\"><svg xmlns=\"http:\/\/www.w3.org\/2000\/svg\" viewBox=\"0 0 384 512\" width=\"1em\" height=\"1em\" aria-hidden=\"true\"><path d=\"M97.12 362.63c-8.69-8.69-4.16-6.24-25.12-11.85-9.51-2.55-17.87-7.45-25.43-13.32L1.2 448.7c-4.39 10.77 3.81 22.47 15.43 22.03l52.69-2.01L105.56 507c8 8.44 22.04 5.81 26.43-4.96l52.05-127.62c-10.84 6.04-22.87 9.58-35.31 9.58-19.5 0-37.82-7.59-51.61-21.37zM382.8 448.7l-45.37-111.24c-7.56 5.88-15.92 10.77-25.43 13.32-21.07 5.64-16.45 3.18-25.12 11.85-13.79 13.78-32.12 21.37-51.62 21.37-12.44 0-24.47-3.55-35.31-9.58L252 502.04c4.39 10.77 18.44 13.4 26.43 4.96l36.25-38.28 52.69 2.01c11.62.44 19.82-11.27 15.43-22.03zM263 340c15.28-15.55 17.03-14.21 38.79-20.14 13.89-3.79 24.75-14.84 28.47-28.98 7.48-28.4 5.54-24.97 25.95-45.75 10.17-10.35 14.14-25.44 10.42-39.58-7.47-28.38-7.48-24.42 0-52.83 3.72-14.14-.25-29.23-10.42-39.58-20.41-20.78-18.47-17.36-25.95-45.75-3.72-14.14-14.58-25.19-28.47-28.98-27.88-7.61-24.52-5.62-44.95-26.41-10.17-10.35-25-14.4-38.89-10.61-27.87 7.6-23.98 7.61-51.9 0-13.89-3.79-28.72.25-38.89 10.61-20.41 20.78-17.05 18.8-44.94 26.41-13.89 3.79-24.75 14.84-28.47 28.98-7.47 28.39-5.54 24.97-25.95 45.75-10.17 10.35-14.15 25.44-10.42 39.58 7.47 28.36 7.48 24.4 0 52.82-3.72 14.14.25 29.23 10.42 39.59 20.41 20.78 18.47 17.35 25.95 45.75 3.72 14.14 14.58 25.19 28.47 28.98C104.6 325.96 106.27 325 121 340c13.23 13.47 33.84 15.88 49.74 5.82a39.676 39.676 0 0 1 42.53 0c15.89 10.06 36.5 7.65 49.73-5.82zM97.66 175.96c0-53.03 42.24-96.02 94.34-96.02s94.34 42.99 94.34 96.02-42.24 96.02-94.34 96.02-94.34-42.99-94.34-96.02z\" fill=\"currentColor\"><\/path><\/svg><\/span><span class=\"gb-headline-text\"><strong>Pour une \u00e9ducation fran\u00e7aise homologu\u00e9e, <\/strong><br><strong>offrant des parcours plurilingues<\/strong><\/span><\/p>\n\n<\/div><\/div><\/div>\n<\/div>\n\n<div class=\"gb-button-wrapper gb-button-wrapper-02a1f921\">\n\n<a class=\"gb-button gb-button-a10f1ea2 gb-button-text\" href=\"https:\/\/lfseoul.org\/fr\/admission\/\" target=\"_blank\" rel=\"noopener noreferrer\">JE M&rsquo;INSCRIS<\/a>\n\n<\/div>\n<\/div><\/div>","protected":false},"excerpt":{"rendered":"<p>Le Lyc\u00e9e Fran\u00e7ais de S\u00e9oul (LFS) accueille les \u00e9l\u00e8ves de toutes nationalit\u00e9s \u00e0 partir de 3 ans, pour une scolarit\u00e9 de la Petite Section de maternelle \u00e0 la Terminale. Toutes les classes sont homologu\u00e9es par le Minist\u00e8re de l\u2019Education Nationale &#8230; <\/p>\n<p class=\"read-more-container\"><a title=\"NOTRE ENSEIGNEMENT\" class=\"read-more button\" href=\"https:\/\/lfseoul.org\/fr\/notre-enseignement\/#more-9260\" aria-label=\"En savoir plus sur NOTRE ENSEIGNEMENT\">En savoir plus<\/a><\/p>\n","protected":false},"author":4,"featured_media":8655,"parent":0,"menu_order":0,"comment_status":"closed","ping_status":"closed","template":"","meta":{"qubely_global_settings":"","qubely_interactions":"","inline_featured_image":false,"footnotes":""},"class_list":{"0":"post-9260","1":"page","2":"type-page","3":"status-publish","4":"has-post-thumbnail","6":"infinite-scroll-item","7":"resize-featured-image"},"_links":{"self":[{"href":"https:\/\/lfseoul.org\/fr\/wp-json\/wp\/v2\/pages\/9260","targetHints":{"allow":["GET"]}}],"collection":[{"href":"https:\/\/lfseoul.org\/fr\/wp-json\/wp\/v2\/pages"}],"about":[{"href":"https:\/\/lfseoul.org\/fr\/wp-json\/wp\/v2\/types\/page"}],"author":[{"embeddable":true,"href":"https:\/\/lfseoul.org\/fr\/wp-json\/wp\/v2\/users\/4"}],"replies":[{"embeddable":true,"href":"https:\/\/lfseoul.org\/fr\/wp-json\/wp\/v2\/comments?post=9260"}],"version-history":[{"count":10,"href":"https:\/\/lfseoul.org\/fr\/wp-json\/wp\/v2\/pages\/9260\/revisions"}],"predecessor-version":[{"id":21370,"href":"https:\/\/lfseoul.org\/fr\/wp-json\/wp\/v2\/pages\/9260\/revisions\/21370"}],"wp:featuredmedia":[{"embeddable":true,"href":"https:\/\/lfseoul.org\/fr\/wp-json\/wp\/v2\/media\/8655"}],"wp:attachment":[{"href":"https:\/\/lfseoul.org\/fr\/wp-json\/wp\/v2\/media?parent=9260"}],"curies":[{"name":"wp","href":"https:\/\/api.w.org\/{rel}","templated":true}]}}