{"id":9266,"date":"2021-03-13T14:37:15","date_gmt":"2021-03-13T14:37:15","guid":{"rendered":"https:\/\/54.68.147.74\/~lfs\/?page_id=9266"},"modified":"2025-11-14T00:23:32","modified_gmt":"2025-11-14T00:23:32","slug":"visite-du-lfs","status":"publish","type":"page","link":"https:\/\/lfseoul.org\/fr\/visite-du-lfs\/","title":{"rendered":"VISITE DU LFS"},"content":{"rendered":"<div class=\"gb-container gb-container-508d52a4\"><div class=\"gb-inside-container\">\n\n<p class=\"has-text-align-left has-text-color has-normal-font-size\" style=\"color:#434345\">Le Lyc\u00e9e Fran\u00e7ais de S\u00e9oul (LFS) organise r\u00e9guli\u00e8rement des <span style=\"color: #d72335;\" data=\"#d72335\" class=\"qubely-text-has-color\">portes ouvertes<\/span> accessibles uniquement sur r\u00e9servation en ligne, \u00e0 toutes les familles int\u00e9ress\u00e9es par l\u2019\u00e9ducation fran\u00e7aise.<\/p>\n\n\n\n<p class=\"has-text-align-left has-text-color has-normal-font-size\" style=\"color:#434345\"><br>Vous d\u00e9couvrirez notre offre p\u00e9dagogique unique, nos parcours linguistiques ainsi que notre classe passerelle pour les enfants non francophones. L\u2019occasion vous sera \u00e9galement donn\u00e9e de visiter les salles de classe et les diff\u00e9rentes installations de l\u2019\u00e9tablissement, et de recueillir diverses informations \u00e0 propos de notre offre d\u2019activit\u00e9s et de services extra-scolaires. Nous prenons \u00e9galement le temps de r\u00e9pondre \u00e0 toutes vos questions.<\/p>\n\n\n\n<p class=\"has-text-align-left has-text-color has-normal-font-size\" style=\"color:#434345\">Pour toute question sur les portes ouvertes ou sur une visite de l\u2019\u00e9tablissement merci de nous contacter :<\/p>\n\n<\/div><\/div>\n\n<div class=\"gb-container gb-container-58b8d9af\"><div class=\"gb-inside-container\">\n\n<p class=\"gb-headline gb-headline-d234263b\"><span class=\"gb-icon\"><svg xmlns=\"http:\/\/www.w3.org\/2000\/svg\" viewBox=\"0 0 512 512\" width=\"1em\" height=\"1em\" aria-hidden=\"true\"><path d=\"M464 64H48C21.49 64 0 85.49 0 112v288c0 26.51 21.49 48 48 48h416c26.51 0 48-21.49 48-48V112c0-26.51-21.49-48-48-48zm0 48v40.805c-22.422 18.259-58.168 46.651-134.587 106.49-16.841 13.247-50.201 45.072-73.413 44.701-23.208.375-56.579-31.459-73.413-44.701C106.18 199.465 70.425 171.067 48 152.805V112h416zM48 400V214.398c22.914 18.251 55.409 43.862 104.938 82.646 21.857 17.205 60.134 55.186 103.062 54.955 42.717.231 80.509-37.199 103.053-54.947 49.528-38.783 82.032-64.401 104.947-82.653V400H48z\" fill=\"currentColor\"><\/path><\/svg><\/span><span class=\"gb-headline-text\"><strong>service des visites et des portes ouvertes<\/strong><\/span><\/p>\n\n\n<div class=\"gb-grid-wrapper gb-grid-wrapper-9bf47d31\">\n<div class=\"gb-grid-column gb-grid-column-13df12ee\"><div class=\"gb-container gb-container-13df12ee\"><div class=\"gb-inside-container\">\n\n<p class=\"gb-headline gb-headline-4e4f2c80\"><span class=\"gb-icon\"><svg aria-hidden=\"true\" role=\"img\" height=\"1em\" width=\"1em\" viewBox=\"0 0 512 512\" xmlns=\"http:\/\/www.w3.org\/2000\/svg\"><path fill=\"currentColor\" d=\"M464 64H48C21.49 64 0 85.49 0 112v288c0 26.51 21.49 48 48 48h416c26.51 0 48-21.49 48-48V112c0-26.51-21.49-48-48-48zm0 48v40.805c-22.422 18.259-58.168 46.651-134.587 106.49-16.841 13.247-50.201 45.072-73.413 44.701-23.208.375-56.579-31.459-73.413-44.701C106.18 199.465 70.425 171.067 48 152.805V112h416zM48 400V214.398c22.914 18.251 55.409 43.862 104.938 82.646 21.857 17.205 60.134 55.186 103.062 54.955 42.717.231 80.509-37.199 103.053-54.947 49.528-38.783 82.032-64.401 104.947-82.653V400H48z\"><\/path><\/svg><\/span><span class=\"gb-headline-text\"> <a href=\"mailto:communication@lfseoul.org\">communication@lfseoul.org<\/a>  <\/span><\/p>\n\n<\/div><\/div><\/div>\n\n<div class=\"gb-grid-column gb-grid-column-c93608f9\"><div class=\"gb-container gb-container-c93608f9\"><div class=\"gb-inside-container\">\n\n<p class=\"gb-headline gb-headline-194568bc\"><span class=\"gb-icon\"><svg aria-hidden=\"true\" role=\"img\" height=\"1em\" width=\"1em\" viewBox=\"0 0 512 512\" xmlns=\"http:\/\/www.w3.org\/2000\/svg\"><path fill=\"currentColor\" d=\"M493.4 24.6l-104-24c-11.3-2.6-22.9 3.3-27.5 13.9l-48 112c-4.2 9.8-1.4 21.3 6.9 28l60.6 49.6c-36 76.7-98.9 140.5-177.2 177.2l-49.6-60.6c-6.8-8.3-18.2-11.1-28-6.9l-112 48C3.9 366.5-2 378.1.6 389.4l24 104C27.1 504.2 36.7 512 48 512c256.1 0 464-207.5 464-464 0-11.2-7.7-20.9-18.6-23.4z\"><\/path><\/svg><\/span><span class=\"gb-headline-text\"><a class=\"rank-math-link\" href=\"tel:82-2-535-1158\">(+82) 070-4457-7908<\/a><\/span><\/p>\n\n<\/div><\/div><\/div>\n<\/div>\n<\/div><\/div>\n\n<div class=\"gb-container gb-container-f2500744\"><div class=\"gb-inside-container\">\n\n<h2 class=\"wp-block-heading has-text-align-center\">DECOUVREZ LE LFS LORS DE NOS PORTES OUVERTES<\/h2>\n\n<\/div><\/div>\n\n<div class=\"gb-container gb-container-2f700e7f\"><div class=\"gb-inside-container\">\n<div class=\"gb-grid-wrapper gb-grid-wrapper-75b32420\">\n<div class=\"gb-grid-column gb-grid-column-d5af91d3\"><div class=\"gb-container gb-container-d5af91d3\"><div class=\"gb-inside-container\">\n\n<h4 class=\"wp-block-heading has-text-color\" style=\"color:#d72335\">Ces portes ouvertes sont l\u2019occasion de<\/h4>\n\n\n\n<ul class=\"wp-block-list\">\n<li><span data-fontsize=\"16\" style=\"font-size: 16px;\" class=\"qubely-custom-font\"><span style=\"color: #d72335;\" data=\"#d72335\" class=\"qubely-text-has-color\">Se renseigner<\/span> sur le programme \u00e9ducatif du LFS et ses parcours linguistiques<\/span><\/li>\n<\/ul>\n\n\n\n<ul class=\"wp-block-list\">\n<li><span data-fontsize=\"16\" style=\"font-size: 16px;\" class=\"qubely-custom-font\"><span style=\"color: #d72335;\" data=\"#d72335\" class=\"qubely-text-has-color\">D\u00e9couvrir<\/span> les activit\u00e9s et services extra-scolaires avant et apr\u00e8s la classe<\/span><\/li>\n<\/ul>\n\n\n\n<ul class=\"wp-block-list\">\n<li><span data-fontsize=\"16\" style=\"font-size: 16px;\" class=\"qubely-custom-font\"><span style=\"color: #d72335;\" data=\"#d72335\" class=\"qubely-text-has-color\">\u00c9changer<\/span> et poser vos questions \u00e0 l\u2019\u00e9quipe p\u00e9dagogique<\/span><\/li>\n<\/ul>\n\n\n\n<ul class=\"wp-block-list\">\n<li><span data-fontsize=\"16\" style=\"font-size: 16px;\" class=\"qubely-custom-font\"><span style=\"color: #d72335;\" data=\"#d72335\" class=\"qubely-text-has-color\">Visiter<\/span> les salles de classe et \u00e9quipements de l\u2019\u00e9tablissement<\/span><\/li>\n<\/ul>\n\n\n\n<p><\/p>\n\n<\/div><\/div><\/div>\n\n<div class=\"gb-grid-column gb-grid-column-20b9d3a2\"><div class=\"gb-container gb-container-20b9d3a2\"><div class=\"gb-inside-container\">\n\n<figure class=\"wp-block-image size-large\"><img loading=\"lazy\" decoding=\"async\" width=\"1024\" height=\"682\" src=\"https:\/\/lfseoul.org\/wp-content\/uploads\/2023\/09\/JIK_4674-1-1-1024x682.jpg\" alt=\"\" class=\"wp-image-18462\" srcset=\"https:\/\/lfseoul.org\/wp-content\/uploads\/2023\/09\/JIK_4674-1-1-1024x682.jpg 1024w, https:\/\/lfseoul.org\/wp-content\/uploads\/2023\/09\/JIK_4674-1-1-300x200.jpg 300w, https:\/\/lfseoul.org\/wp-content\/uploads\/2023\/09\/JIK_4674-1-1-768x511.jpg 768w, https:\/\/lfseoul.org\/wp-content\/uploads\/2023\/09\/JIK_4674-1-1-1536x1023.jpg 1536w, https:\/\/lfseoul.org\/wp-content\/uploads\/2023\/09\/JIK_4674-1-1-2048x1364.jpg 2048w, https:\/\/lfseoul.org\/wp-content\/uploads\/2023\/09\/JIK_4674-1-1-1200x800.jpg 1200w, https:\/\/lfseoul.org\/wp-content\/uploads\/2023\/09\/JIK_4674-1-1-10x7.jpg 10w, https:\/\/lfseoul.org\/wp-content\/uploads\/2023\/09\/JIK_4674-1-1-15x10.jpg 15w, https:\/\/lfseoul.org\/wp-content\/uploads\/2023\/09\/JIK_4674-1-1-48x32.jpg 48w\" sizes=\"auto, (max-width: 1024px) 100vw, 1024px\" \/><\/figure>\n\n<\/div><\/div><\/div>\n<\/div>\n<\/div><\/div>\n\n<div class=\"gb-container gb-container-ddb3d910\"><div class=\"gb-inside-container\">\n\n<h4 class=\"wp-block-heading has-text-color\" style=\"color:#d72335\">Inscrivez-vous d\u00e8s maintenant !<\/h4>\n\n\n<div class=\"gb-grid-wrapper gb-grid-wrapper-68a0044d\">\n<div class=\"gb-grid-column gb-grid-column-3f3623c4\"><div class=\"gb-container gb-container-3f3623c4\"><div class=\"gb-inside-container\">\n\n<p class=\"gb-headline gb-headline-f909ec5d gb-headline-text\"><span style=\"color: #d72335;\" data=\"#d72335\" class=\"qubely-text-has-color\">Veuillez contacter communication@lfseoul.org pour plus d&rsquo;informations.<\/span><\/p>\n\n\n\n<p class=\"gb-headline gb-headline-91f9f221 gb-headline-text\"><\/p>\n\n\n\n<p class=\"gb-headline gb-headline-7a588b6c gb-headline-text\">Elles seront principalement orient\u00e9es sur l&rsquo;\u00e9cole primaire, avec une pr\u00e9sentation des programmes scolaires en maternelle et en \u00e9l\u00e9mentaire, l&rsquo;offre linguistique et les activit\u00e9s extra-scolaires. <br>Ces portes ouvertes seront l&rsquo;occasion de rencontrer la Directeur du primaire, M. Zannier, et de poser vos questions.<br>Merci de compl\u00e9ter le formulaire ci-dessous.<\/p>\n\n\n\n<div style=\"height:20px\" aria-hidden=\"true\" class=\"wp-block-spacer\"><\/div>\n\n<\/div><\/div><\/div>\n\n<div class=\"gb-grid-column gb-grid-column-0b1ad735\"><div class=\"gb-container gb-container-0b1ad735\"><div class=\"gb-inside-container\">\n\n<p class=\"gb-headline gb-headline-c0b088fe gb-headline-text\">Pour \u00eatre inform\u00e9 des prochaines portes ouvertes ou demander un rendez-vous pour une visite de l&rsquo;\u00e9tablissement, merci de compl\u00e9ter le formulaire en ligne ci-dessous. Un membre de notre \u00e9quipe vous contactera rapidement.<\/p>\n\n\n\n<p><\/p>\n\n\n\n<div style=\"height:20px\" aria-hidden=\"true\" class=\"wp-block-spacer\"><\/div>\n\n<\/div><\/div><\/div>\n<\/div>\n\n<script>\nvar gform;gform||(document.addEventListener(\"gform_main_scripts_loaded\",function(){gform.scriptsLoaded=!0}),document.addEventListener(\"gform\/theme\/scripts_loaded\",function(){gform.themeScriptsLoaded=!0}),window.addEventListener(\"DOMContentLoaded\",function(){gform.domLoaded=!0}),gform={domLoaded:!1,scriptsLoaded:!1,themeScriptsLoaded:!1,isFormEditor:()=>\"function\"==typeof InitializeEditor,callIfLoaded:function(o){return!(!gform.domLoaded||!gform.scriptsLoaded||!gform.themeScriptsLoaded&&!gform.isFormEditor()||(gform.isFormEditor()&&console.warn(\"The use of gform.initializeOnLoaded() is deprecated in the form editor context and will be removed in Gravity Forms 3.1.\"),o(),0))},initializeOnLoaded:function(o){gform.callIfLoaded(o)||(document.addEventListener(\"gform_main_scripts_loaded\",()=>{gform.scriptsLoaded=!0,gform.callIfLoaded(o)}),document.addEventListener(\"gform\/theme\/scripts_loaded\",()=>{gform.themeScriptsLoaded=!0,gform.callIfLoaded(o)}),window.addEventListener(\"DOMContentLoaded\",()=>{gform.domLoaded=!0,gform.callIfLoaded(o)}))},hooks:{action:{},filter:{}},addAction:function(o,r,e,t){gform.addHook(\"action\",o,r,e,t)},addFilter:function(o,r,e,t){gform.addHook(\"filter\",o,r,e,t)},doAction:function(o){gform.doHook(\"action\",o,arguments)},applyFilters:function(o){return gform.doHook(\"filter\",o,arguments)},removeAction:function(o,r){gform.removeHook(\"action\",o,r)},removeFilter:function(o,r,e){gform.removeHook(\"filter\",o,r,e)},addHook:function(o,r,e,t,n){null==gform.hooks[o][r]&&(gform.hooks[o][r]=[]);var d=gform.hooks[o][r];null==n&&(n=r+\"_\"+d.length),gform.hooks[o][r].push({tag:n,callable:e,priority:t=null==t?10:t})},doHook:function(r,o,e){var t;if(e=Array.prototype.slice.call(e,1),null!=gform.hooks[r][o]&&((o=gform.hooks[r][o]).sort(function(o,r){return o.priority-r.priority}),o.forEach(function(o){\"function\"!=typeof(t=o.callable)&&(t=window[t]),\"action\"==r?t.apply(null,e):e[0]=t.apply(null,e)})),\"filter\"==r)return e[0]},removeHook:function(o,r,t,n){var e;null!=gform.hooks[o][r]&&(e=(e=gform.hooks[o][r]).filter(function(o,r,e){return!!(null!=n&&n!=o.tag||null!=t&&t!=o.priority)}),gform.hooks[o][r]=e)}});\n<\/script>\n\n                <div class='gf_browser_gecko gform_wrapper gform_legacy_markup_wrapper gform-theme--no-framework' data-form-theme='legacy' data-form-index='0' id='gform_wrapper_1' >\n                        <div class='gform_heading'>\n                            <h3 class=\"gform_title\">Planifier une visite<\/h3>\n                            <p class='gform_description'><\/p>\n                        <\/div><form method='post' enctype='multipart\/form-data'  id='gform_1'  action='\/fr\/wp-json\/wp\/v2\/pages\/9266' data-formid='1' novalidate> \r\n <input type='hidden' class='gforms-pum' value='{\"closepopup\":false,\"closedelay\":0,\"openpopup\":false,\"openpopup_id\":0}' \/>\n                        <div class='gform-body gform_body'><ul id='gform_fields_1' class='gform_fields top_label form_sublabel_below description_below validation_below'><li id=\"field_1_5\" class=\"gfield gfield--type-honeypot gform_validation_container field_sublabel_below gfield--has-description field_description_below field_validation_below gfield_visibility_visible\"  ><label class='gfield_label gform-field-label' for='input_1_5'>Comments<\/label><div class='ginput_container'><input name='input_5' id='input_1_5' type='text' value='' autocomplete='new-password'\/><\/div><div class='gfield_description' id='gfield_description_1_5'>Ce champ n\u2019est utilis\u00e9 qu\u2019\u00e0 des fins de validation et devrait rester inchang\u00e9.<\/div><\/li><li id=\"field_1_4\" class=\"gfield gfield--type-name gfield--width-full field_sublabel_below gfield--no-description field_description_below field_validation_below gfield_visibility_visible\"  ><label class='gfield_label gform-field-label gfield_label_before_complex' >Nom<\/label><div class='ginput_complex ginput_container ginput_container--name no_prefix has_first_name no_middle_name has_last_name no_suffix gf_name_has_2 ginput_container_name gform-grid-row' id='input_1_4'>\n                            \n                            <span id='input_1_4_3_container' class='name_first gform-grid-col gform-grid-col--size-auto' >\n                                                    <input type='text' name='input_4.3' id='input_1_4_3' value=''   aria-required='false'     \/>\n                                                    <label for='input_1_4_3' class='gform-field-label gform-field-label--type-sub '>Pr\u00e9nom<\/label>\n                                                <\/span>\n                            \n                            <span id='input_1_4_6_container' class='name_last gform-grid-col gform-grid-col--size-auto' >\n                                                    <input type='text' name='input_4.6' id='input_1_4_6' value=''   aria-required='false'     \/>\n                                                    <label for='input_1_4_6' class='gform-field-label gform-field-label--type-sub '>Nom<\/label>\n                                                <\/span>\n                            \n                        <\/div><\/li><li id=\"field_1_2\" class=\"gfield gfield--type-email gfield--width-full field_sublabel_below gfield--no-description field_description_below field_validation_below gfield_visibility_visible\"  ><label class='gfield_label gform-field-label' for='input_1_2'>Email<\/label><div class='ginput_container ginput_container_email'>\n                            <input name='input_2' id='input_1_2' type='email' value='' class='large'     aria-invalid=\"false\"  \/>\n                        <\/div><\/li><li id=\"field_1_3\" class=\"gfield gfield--type-textarea gfield--width-full field_sublabel_below gfield--no-description field_description_below field_validation_below gfield_visibility_visible\"  ><label class='gfield_label gform-field-label' for='input_1_3'>Message<\/label><div class='ginput_container ginput_container_textarea'><textarea name='input_3' id='input_1_3' class='textarea large'      aria-invalid=\"false\"   rows='10' cols='50'><\/textarea><\/div><\/li><\/ul><\/div>\n        <div class='gform-footer gform_footer top_label'> <input type='submit' id='gform_submit_button_1' class='gform_button button' onclick='gform.submission.handleButtonClick(this);' data-submission-type='submit' value='Envoyer'  \/> \n            <input type='hidden' class='gform_hidden' name='gform_submission_method' data-js='gform_submission_method_1' value='postback' \/>\n            <input type='hidden' class='gform_hidden' name='gform_theme' data-js='gform_theme_1' id='gform_theme_1' value='legacy' \/>\n            <input type='hidden' class='gform_hidden' name='gform_style_settings' data-js='gform_style_settings_1' id='gform_style_settings_1' value='{&quot;inputPrimaryColor&quot;:&quot;#204ce5&quot;}' \/>\n            <input type='hidden' class='gform_hidden' name='is_submit_1' value='1' \/>\n            <input type='hidden' class='gform_hidden' name='gform_submit' value='1' \/>\n            \n            <input type='hidden' class='gform_hidden' name='gform_currency' data-currency='CHF' value='msT8RzvUPX\/pkzeEeb6Qh+lgvzwbGFnwSoQQWqnSO08cIbKSl72FI3TN+T7vsQqe9J9b05cMPK4ORF4LxR6lnX36rG4hccUa\/vm643I78j+1FSY=' \/>\n            <input type='hidden' class='gform_hidden' name='gform_unique_id' value='' \/>\n            <input type='hidden' class='gform_hidden' name='state_1' value='WyJbXSIsIjRhZWZiZmFlYWZmOGVkYTViOWU0ZjQ0OTJmMGIyNThiIl0=' \/>\n            <input type='hidden' autocomplete='off' class='gform_hidden' name='gform_target_page_number_1' id='gform_target_page_number_1' value='0' \/>\n            <input type='hidden' autocomplete='off' class='gform_hidden' name='gform_source_page_number_1' id='gform_source_page_number_1' value='1' \/>\n            <input type='hidden' name='gform_field_values' value='' \/>\n            \n        <\/div>\n                        <\/form>\n                        <\/div><script>\ngform.initializeOnLoaded( function() {gformInitSpinner( 1, 'https:\/\/lfseoul.org\/wp-content\/plugins\/gravityforms\/images\/spinner.svg', true );jQuery('#gform_ajax_frame_1').on('load',function(){var contents = jQuery(this).contents().find('*').html();var is_postback = contents.indexOf('GF_AJAX_POSTBACK') >= 0;if(!is_postback){return;}var form_content = jQuery(this).contents().find('#gform_wrapper_1');var is_confirmation = jQuery(this).contents().find('#gform_confirmation_wrapper_1').length > 0;var is_redirect = contents.indexOf('gformRedirect(){') >= 0;var is_form = form_content.length > 0 && ! is_redirect && ! is_confirmation;var mt = parseInt(jQuery('html').css('margin-top'), 10) + parseInt(jQuery('body').css('margin-top'), 10) + 100;if(is_form){jQuery('#gform_wrapper_1').html(form_content.html());if(form_content.hasClass('gform_validation_error')){jQuery('#gform_wrapper_1').addClass('gform_validation_error');} else {jQuery('#gform_wrapper_1').removeClass('gform_validation_error');}setTimeout( function() { \/* delay the scroll by 50 milliseconds to fix a bug in chrome *\/  }, 50 );if(window['gformInitDatepicker']) {gformInitDatepicker();}if(window['gformInitPriceFields']) {gformInitPriceFields();}var current_page = jQuery('#gform_source_page_number_1').val();gformInitSpinner( 1, 'https:\/\/lfseoul.org\/wp-content\/plugins\/gravityforms\/images\/spinner.svg', true );jQuery(document).trigger('gform_page_loaded', [1, current_page]);window['gf_submitting_1'] = false;}else if(!is_redirect){var confirmation_content = jQuery(this).contents().find('.GF_AJAX_POSTBACK').html();if(!confirmation_content){confirmation_content = contents;}jQuery('#gform_wrapper_1').replaceWith(confirmation_content);jQuery(document).trigger('gform_confirmation_loaded', [1]);window['gf_submitting_1'] = false;wp.a11y.speak(jQuery('#gform_confirmation_message_1').text());}else{jQuery('#gform_1').append(contents);if(window['gformRedirect']) {gformRedirect();}}jQuery(document).trigger(\"gform_pre_post_render\", [{ formId: \"1\", currentPage: \"current_page\", abort: function() { this.preventDefault(); } }]);        if (event && event.defaultPrevented) {                return;        }        const gformWrapperDiv = document.getElementById( \"gform_wrapper_1\" );        if ( gformWrapperDiv ) {            const visibilitySpan = document.createElement( \"span\" );            visibilitySpan.id = \"gform_visibility_test_1\";            gformWrapperDiv.insertAdjacentElement( \"afterend\", visibilitySpan );        }        const visibilityTestDiv = document.getElementById( \"gform_visibility_test_1\" );        let postRenderFired = false;        function triggerPostRender() {            if ( postRenderFired ) {                return;            }            postRenderFired = true;            gform.core.triggerPostRenderEvents( 1, current_page );            if ( visibilityTestDiv ) {                visibilityTestDiv.parentNode.removeChild( visibilityTestDiv );            }        }        function debounce( func, wait, immediate ) {            var timeout;            return function() {                var context = this, args = arguments;                var later = function() {                    timeout = null;                    if ( !immediate ) func.apply( context, args );                };                var callNow = immediate && !timeout;                clearTimeout( timeout );                timeout = setTimeout( later, wait );                if ( callNow ) func.apply( context, args );            };        }        const debouncedTriggerPostRender = debounce( function() {            triggerPostRender();        }, 200 );        if ( visibilityTestDiv && visibilityTestDiv.offsetParent === null ) {            const observer = new MutationObserver( ( mutations ) => {                mutations.forEach( ( mutation ) => {                    if ( mutation.type === 'attributes' && visibilityTestDiv.offsetParent !== null ) {                        debouncedTriggerPostRender();                        observer.disconnect();                    }                });            });            observer.observe( document.body, {                attributes: true,                childList: false,                subtree: true,                attributeFilter: [ 'style', 'class' ],            });        } else {            triggerPostRender();        }    } );} );\n<\/script>\n\n<\/div><\/div>\n\n<div class=\"gb-container gb-container-1bba370a\"><div class=\"gb-inside-container\">\n\n<h2 class=\"wp-block-heading has-text-align-center\"><strong>D\u00c9COUVREZ D\u00c8S MAINTENANT NOS LOCAUX <\/strong><\/h2>\n\n\n\n<div style=\"height:30px\" aria-hidden=\"true\" class=\"wp-block-spacer\"><\/div>\n\n\n\n<figure class=\"wp-block-embed is-type-video is-provider-youtube wp-block-embed-youtube wp-embed-aspect-16-9 wp-has-aspect-ratio\"><div class=\"wp-block-embed__wrapper\">\n<iframe loading=\"lazy\" title=\"Le Lyc\u00e9e Fran\u00e7ais de S\u00e9oul : former l\u2019avenir, construire ensemble\" width=\"1200\" height=\"675\" src=\"https:\/\/www.youtube.com\/embed\/HmyLqIJC-WU?feature=oembed\" frameborder=\"0\" allow=\"accelerometer; autoplay; clipboard-write; encrypted-media; gyroscope; picture-in-picture; web-share\" referrerpolicy=\"strict-origin-when-cross-origin\" allowfullscreen><\/iframe>\n<\/div><\/figure>\n\n<\/div><\/div>\n\n<div class=\"gb-container gb-container-7127f36c\"><div class=\"gb-inside-container\">\n<div class=\"gb-grid-wrapper gb-grid-wrapper-88f23896\">\n<div class=\"gb-grid-column gb-grid-column-0e814e0c\"><div class=\"gb-container gb-container-0e814e0c\"><div class=\"gb-inside-container\">\n\n<p class=\"gb-headline gb-headline-faad5e1c\"><span class=\"gb-icon\"><svg xmlns=\"http:\/\/www.w3.org\/2000\/svg\" viewBox=\"0 0 384 512\" width=\"1em\" height=\"1em\" aria-hidden=\"true\"><path d=\"M97.12 362.63c-8.69-8.69-4.16-6.24-25.12-11.85-9.51-2.55-17.87-7.45-25.43-13.32L1.2 448.7c-4.39 10.77 3.81 22.47 15.43 22.03l52.69-2.01L105.56 507c8 8.44 22.04 5.81 26.43-4.96l52.05-127.62c-10.84 6.04-22.87 9.58-35.31 9.58-19.5 0-37.82-7.59-51.61-21.37zM382.8 448.7l-45.37-111.24c-7.56 5.88-15.92 10.77-25.43 13.32-21.07 5.64-16.45 3.18-25.12 11.85-13.79 13.78-32.12 21.37-51.62 21.37-12.44 0-24.47-3.55-35.31-9.58L252 502.04c4.39 10.77 18.44 13.4 26.43 4.96l36.25-38.28 52.69 2.01c11.62.44 19.82-11.27 15.43-22.03zM263 340c15.28-15.55 17.03-14.21 38.79-20.14 13.89-3.79 24.75-14.84 28.47-28.98 7.48-28.4 5.54-24.97 25.95-45.75 10.17-10.35 14.14-25.44 10.42-39.58-7.47-28.38-7.48-24.42 0-52.83 3.72-14.14-.25-29.23-10.42-39.58-20.41-20.78-18.47-17.36-25.95-45.75-3.72-14.14-14.58-25.19-28.47-28.98-27.88-7.61-24.52-5.62-44.95-26.41-10.17-10.35-25-14.4-38.89-10.61-27.87 7.6-23.98 7.61-51.9 0-13.89-3.79-28.72.25-38.89 10.61-20.41 20.78-17.05 18.8-44.94 26.41-13.89 3.79-24.75 14.84-28.47 28.98-7.47 28.39-5.54 24.97-25.95 45.75-10.17 10.35-14.15 25.44-10.42 39.58 7.47 28.36 7.48 24.4 0 52.82-3.72 14.14.25 29.23 10.42 39.59 20.41 20.78 18.47 17.35 25.95 45.75 3.72 14.14 14.58 25.19 28.47 28.98C104.6 325.96 106.27 325 121 340c13.23 13.47 33.84 15.88 49.74 5.82a39.676 39.676 0 0 1 42.53 0c15.89 10.06 36.5 7.65 49.73-5.82zM97.66 175.96c0-53.03 42.24-96.02 94.34-96.02s94.34 42.99 94.34 96.02-42.24 96.02-94.34 96.02-94.34-42.99-94.34-96.02z\" fill=\"currentColor\"><\/path><\/svg><\/span><span class=\"gb-headline-text\"><strong>Pour une \u00e9ducation fran\u00e7aise homologu\u00e9e, <\/strong><br><strong>offrant des parcours plurilingues<\/strong><\/span><\/p>\n\n<\/div><\/div><\/div>\n<\/div>\n\n<div class=\"gb-button-wrapper gb-button-wrapper-cefdb417\">\n\n<a class=\"gb-button gb-button-d7e1aa60 gb-button-text\" href=\"https:\/\/lfseoul.org\/fr\/admission\/\" target=\"_blank\" rel=\"noopener noreferrer\">JE M&rsquo;INSCRIS<\/a>\n\n<\/div>\n<\/div><\/div>","protected":false},"excerpt":{"rendered":"<p>Le Lyc\u00e9e Fran\u00e7ais de S\u00e9oul (LFS) organise r\u00e9guli\u00e8rement des portes ouvertes accessibles uniquement sur r\u00e9servation en ligne, \u00e0 toutes les familles int\u00e9ress\u00e9es par l\u2019\u00e9ducation fran\u00e7aise. Vous d\u00e9couvrirez notre offre p\u00e9dagogique unique, nos parcours linguistiques ainsi que notre classe passerelle pour &#8230; <\/p>\n<p class=\"read-more-container\"><a title=\"VISITE DU LFS\" class=\"read-more button\" href=\"https:\/\/lfseoul.org\/fr\/visite-du-lfs\/#more-9266\" aria-label=\"En savoir plus sur VISITE DU LFS\">En savoir plus<\/a><\/p>\n","protected":false},"author":4,"featured_media":18588,"parent":0,"menu_order":0,"comment_status":"closed","ping_status":"closed","template":"","meta":{"qubely_global_settings":"","qubely_interactions":"","inline_featured_image":false,"footnotes":""},"class_list":{"0":"post-9266","1":"page","2":"type-page","3":"status-publish","4":"has-post-thumbnail","6":"infinite-scroll-item","7":"resize-featured-image"},"_links":{"self":[{"href":"https:\/\/lfseoul.org\/fr\/wp-json\/wp\/v2\/pages\/9266","targetHints":{"allow":["GET"]}}],"collection":[{"href":"https:\/\/lfseoul.org\/fr\/wp-json\/wp\/v2\/pages"}],"about":[{"href":"https:\/\/lfseoul.org\/fr\/wp-json\/wp\/v2\/types\/page"}],"author":[{"embeddable":true,"href":"https:\/\/lfseoul.org\/fr\/wp-json\/wp\/v2\/users\/4"}],"replies":[{"embeddable":true,"href":"https:\/\/lfseoul.org\/fr\/wp-json\/wp\/v2\/comments?post=9266"}],"version-history":[{"count":29,"href":"https:\/\/lfseoul.org\/fr\/wp-json\/wp\/v2\/pages\/9266\/revisions"}],"predecessor-version":[{"id":21462,"href":"https:\/\/lfseoul.org\/fr\/wp-json\/wp\/v2\/pages\/9266\/revisions\/21462"}],"wp:featuredmedia":[{"embeddable":true,"href":"https:\/\/lfseoul.org\/fr\/wp-json\/wp\/v2\/media\/18588"}],"wp:attachment":[{"href":"https:\/\/lfseoul.org\/fr\/wp-json\/wp\/v2\/media?parent=9266"}],"curies":[{"name":"wp","href":"https:\/\/api.w.org\/{rel}","templated":true}]}}