{"id":9268,"date":"2021-03-13T14:38:21","date_gmt":"2021-03-13T14:38:21","guid":{"rendered":"https:\/\/54.68.147.74\/~lfs\/?page_id=9268"},"modified":"2026-03-30T05:38:22","modified_gmt":"2026-03-30T05:38:22","slug":"recrutement","status":"publish","type":"page","link":"https:\/\/lfseoul.org\/fr\/recrutement\/","title":{"rendered":"RECRUTEMENT"},"content":{"rendered":"<div class=\"gb-container gb-container-cc318b1c\"><div class=\"gb-inside-container\">\n\n<p class=\"has-normal-font-size\">Rejoignez une <span style=\"color: #d72335;\" data=\"#d72335\" class=\"qubely-text-has-color\">\u00e9quipe dynamique dans une \u00e9cole \u00e0 taille humaine<\/span> offrant le double avantage d\u2019une \u00e9quipe soud\u00e9e et porteuse de projets.<\/p>\n\n\n\n<p class=\"has-normal-font-size\">Le Lyc\u00e9e Fran\u00e7ais de S\u00e9oul (LFS) est \u00e9tabli depuis 1974 \u00e0 S\u00e9oul et accueille des \u00e9l\u00e8ves d&rsquo;une communaut\u00e9 fran\u00e7aise et internationale d\u2019expatri\u00e9s et de r\u00e9sidents. Son emplacement en plein coeur de la communaut\u00e9 fran\u00e7aise et de la ville de S\u00e9oul, dans un quartier commer\u00e7ant et familial, en fait un <span style=\"color: #d72335;\" data=\"#d72335\" class=\"qubely-text-has-color\">lieu id\u00e9al pour travailler et s\u2019\u00e9panouir<\/span>.<\/p>\n\n\n\n<p class=\"has-normal-font-size\">Pour toute question, merci de contacter notre \u00e9quipe<\/p>\n\n\n<div class=\"wp-block-image\">\n<figure class=\"aligncenter size-large\"><img loading=\"lazy\" decoding=\"async\" width=\"186\" height=\"120\" src=\"https:\/\/lfseoul.org\/wp-content\/uploads\/2021\/03\/email-icon.jpg\" alt=\"\" class=\"wp-image-8902\" srcset=\"https:\/\/lfseoul.org\/wp-content\/uploads\/2021\/03\/email-icon.jpg 186w, https:\/\/lfseoul.org\/wp-content\/uploads\/2021\/03\/email-icon-10x6.jpg 10w, https:\/\/lfseoul.org\/wp-content\/uploads\/2021\/03\/email-icon-15x10.jpg 15w, https:\/\/lfseoul.org\/wp-content\/uploads\/2021\/03\/email-icon-48x31.jpg 48w\" sizes=\"auto, (max-width: 186px) 100vw, 186px\" \/><\/figure><\/div>\n\n\n<p class=\"has-text-align-center\"><strong><strong><span style=\"color: #0f145a;\" data=\"#0f145a\" class=\"qubely-text-has-color\">EQUIPE DES RESSOURCES HUMAINES<\/span><\/strong><\/strong><\/p>\n\n\n\n<p class=\"has-text-align-center\"><img loading=\"lazy\" decoding=\"async\" width=\"20\" height=\"17\" class=\"wp-image-7332\" style=\"width: 20px;\" src=\"https:\/\/lfseoul.org\/wp-content\/uploads\/2021\/02\/mail-icon-blue.png\" alt=\"\" srcset=\"https:\/\/lfseoul.org\/wp-content\/uploads\/2021\/02\/mail-icon-blue.png 96w, https:\/\/lfseoul.org\/wp-content\/uploads\/2021\/02\/mail-icon-blue-10x8.png 10w, https:\/\/lfseoul.org\/wp-content\/uploads\/2021\/02\/mail-icon-blue-15x13.png 15w, https:\/\/lfseoul.org\/wp-content\/uploads\/2021\/02\/mail-icon-blue-48x41.png 48w\" sizes=\"auto, (max-width: 20px) 100vw, 20px\" \/><a href=\"mailto:recrutement@lfseoul.org\" class=\"rank-math-link\"> recrutement@lfseoul.org<\/a><\/p>\n\n<\/div><\/div>\n\n<div class=\"gb-container gb-container-97fcf15c\"><div class=\"gb-inside-container\">\n\n<p><\/p>\n\n\n<div class=\"gb-container gb-container-9bebd3f8\"><div class=\"gb-inside-container\">\n\n<h2 class=\"wp-block-heading has-text-align-center\" id=\"1--offres-demploi--et-de-service\"><strong>OFFRES D&rsquo;EMPLOI<\/strong> ET DE SERVICE<\/h2>\n\n\n\n<div style=\"height:31px\" aria-hidden=\"true\" class=\"wp-block-spacer\"><\/div>\n\n\n\n<p>Tout recrutement ou prestation de service s&rsquo;inscrit dans le cadre de la l\u00e9gislation cor\u00e9enne en mati\u00e8re de droit du travail, n\u00e9cessitant un visa de travail, et du r\u00e8glement du travail propre au LFS, dans le cas des salari\u00e9s en contrat local uniquement, avec un premier contrat en CDD d\u2019un an, renouvelable une fois, qui pourra se transformer en CDI \u00e0 la fin du deuxi\u00e8me CDD.<\/p>\n\n\n\n<div style=\"height:20px\" aria-hidden=\"true\" class=\"wp-block-spacer\"><\/div>\n\n\n\n<div class=\"wp-block-getwid-tabs\" data-active-tab=\"0\"><ul class=\"wp-block-getwid-tabs__nav-links\"><\/ul>\n<div class=\"wp-block-getwid-tabs__nav-link\"><span class=\"wp-block-getwid-tabs__title-wrapper\"><a href=\"#\"><span class=\"wp-block-getwid-tabs__title\"><mark style=\"background-color:rgba(0, 0, 0, 0);color:#0f145a\" class=\"has-inline-color\"><strong>Postes contrat local&nbsp; <\/strong><\/mark><\/span><\/a><\/span><\/div><div class=\"wp-block-getwid-tabs__tab-content-wrapper\"><div class=\"wp-block-getwid-tabs__tab-content\">\n<p class=\"has-text-color has-link-color wp-elements-42a855ebb654bf62e69eaebc99b854d9\" style=\"color:#0f145a\">Les postes sont publi\u00e9s au fur et \u00e0 mesure des besoins, nous vous conseillons de consulter r\u00e9guli\u00e8rement cette rubrique.<\/p>\n\n\n\n<p class=\"has-text-color\" style=\"color:#0f145a\">Les recrutements propos\u00e9s sous statut de CONTRAT LOCAL de droit cor\u00e9en n&rsquo;ouvrent pas de droit \u00e0 un d\u00e9tachement pour les enseignants titulaires de l&rsquo;Education nationale.<\/p>\n\n\n\n<p class=\"has-text-color\" style=\"color:#0f145a\"><span style=\"color: #de1515;\" data=\"#de1515\" class=\"qubely-text-has-color\">Cliquez sur le titre du poste pour plus de d\u00e9tails.<\/span><\/p>\n\n\n\n<figure class=\"wp-block-table is-style-regular\"><table class=\"has-text-color has-link-color\" style=\"color:#1a0f53\"><tbody><tr><td><strong>Poste ouvert<\/strong><\/td><td><strong>Statut du poste<\/strong><\/td><td><strong>Date de d\u00e9but du contrat<\/strong><\/td><td><strong>Date limite de candidature<\/strong><\/td><\/tr><tr><td><strong><a href=\"https:\/\/lfseoul.org\/wp-content\/uploads\/2026\/03\/2026.03.-Analyste-comptable-3.pdf\" target=\"_blank\" data-type=\"link\" data-id=\"https:\/\/lfseoul.org\/wp-content\/uploads\/2026\/03\/2026.03.-Analyste-comptable-1.pdf\" rel=\"noreferrer noopener\">Analyste Comptable<\/a><\/strong><\/td><td>CDD<\/td><td>19 ao\u00fbt 2026<\/td><td>24 avril 2026<\/td><\/tr><\/tbody><\/table><\/figure>\n<\/div><\/div>\n\n\n\n<div class=\"wp-block-getwid-tabs__nav-link\"><span class=\"wp-block-getwid-tabs__title-wrapper\"><a href=\"#\"><span class=\"wp-block-getwid-tabs__title\"><strong><strong><span style=\"color:#d72335\" class=\"has-inline-color\">Candidatures spontan\u00e9es<\/span><\/strong><\/strong><\/span><\/a><\/span><\/div><div class=\"wp-block-getwid-tabs__tab-content-wrapper\"><div class=\"wp-block-getwid-tabs__tab-content\">\n<p class=\"has-text-color\" style=\"color:#d72335\">N&rsquo;h\u00e9sitez pas \u00e0 envoyer votre candidature spontan\u00e9e. Nous pouvons notamment avoir besoin des postes suivants tout au long de l&rsquo;ann\u00e9e.<\/p>\n\n\n\n<p class=\"has-text-color\" style=\"color:#d72335\"><span style=\"color: #0f145a;\" data=\"#0f145a\" class=\"qubely-text-has-color\">Cliquez sur le titre du poste pour plus de d\u00e9tails.<\/span><\/p>\n\n\n\n<div class=\"wp-block-qubely-table alignwide qubely-block-f2809e\"><div class=\"qubely-block-table column-stripe fixed-width\"><figure class=\"qubely-table-figure\"><table style=\"width:100%\" class=\"qubely-table no-vertical-border\"><thead><tr class=\"head-row\"><th class=\"qubely-block-table_cell-content\"><strong><span style=\"color: #0f145a;\" data=\"#0f145a\" class=\"qubely-text-has-color\">Poste<\/span><\/strong><\/th><th class=\"qubely-block-table_cell-content\"> Statut du poste <\/th><th class=\"qubely-block-table_cell-content\" rowspan=\"1\">Type de prestations<\/th><\/tr><\/thead><tbody><tr class=\"\"><td class=\"qubely-block-table_cell-content align-center\" rowspan=\"3\"><strong><a href=\"https:\/\/lfseoul.org\/wp-content\/uploads\/2021\/06\/LFS-OFFRE-PERMANENTE-EMPLOI-tout-poste-enseignant-susceptible.pdf\" data-type=\"URL\" data-id=\"https:\/\/lfseoul.org\/wp-content\/uploads\/2021\/06\/LFS-OFFRE-PERMANENTE-EMPLOI-tout-poste-enseignant-susceptible.pdf\" target=\"_blank\" rel=\"noreferrer noopener\">1er &amp; 2nde degr\u00e9 : Tout professeur<\/a><\/strong> <\/td><td class=\"qubely-block-table_cell-content\" rowspan=\"1\">  susceptible d&rsquo;\u00eatre vacant  <\/td><td class=\"qubely-block-table_cell-content\" rowspan=\"3\">Contrat local<\/td><\/tr><\/tbody><\/table><\/figure><\/div><\/div>\n\n\n\n<p class=\"has-text-color\" style=\"color:#d72335\">Nous recevons de nombreuses candidatures tout au long de l&rsquo;ann\u00e9e, vous voudrez bien noter qu&rsquo;une r\u00e9ponse individuelle n&rsquo;est pas n\u00e9cessairement apport\u00e9e.<\/p>\n<\/div><\/div>\n\n\n\n<div class=\"wp-block-getwid-tabs__nav-link\"><span class=\"wp-block-getwid-tabs__title-wrapper\"><a href=\"#\"><span class=\"wp-block-getwid-tabs__title\"><strong><span style=\"color:#0f145a\" class=\"has-inline-color\">Postes de r\u00e9sident<\/span><\/strong><\/span><\/a><\/span><\/div><div class=\"wp-block-getwid-tabs__tab-content-wrapper\"><div class=\"wp-block-getwid-tabs__tab-content\">\n<p><span style=\"color: #0f145a;\" data=\"#0f145a\" class=\"qubely-text-has-color\">Il n&rsquo;y a pas de poste susceptible <span style=\"color: #0f145a;\" data=\"#0f145a\" class=\"qubely-text-has-color\">d&rsquo;\u00eatre vacant<\/span> pour le moment.<\/span><\/p>\n\n\n\n<p><\/p>\n<\/div><\/div>\n<\/div>\n\n<\/div><\/div>\n<\/div><\/div>\n\n<div class=\"gb-container gb-container-ccbe4312\" id=\"contratlocal\"><div class=\"gb-inside-container\">\n<div class=\"gb-container gb-container-ca729043\"><div class=\"gb-inside-container\">\n\n<h2 class=\"wp-block-heading has-text-align-center\" id=\"2---documents-%C3%A0-fournir-pour-toute-candidature--\"><strong><strong>DOCUMENTS \u00c0 FOURNIR POUR LES CANDIDATURE<\/strong><\/strong>S EN CONTRAT LOCAL<\/h2>\n\n\n\n<div style=\"height:30px\" aria-hidden=\"true\" class=\"wp-block-spacer\"><\/div>\n\n\n\n<p class=\"has-text-color\" style=\"color:#434345\">En raison de la l\u00e9gislation cor\u00e9enne, les candidats au poste d\u2019enseignement doivent justifier obligatoirement de <span style=\"color: #d72335;\" data=\"#d72335\" class=\"qubely-text-has-color\">2 ans d\u2019exp\u00e9rience<\/span> cumul\u00e9s et attest\u00e9e en lien avec le poste pour obtenir un visa.<br><br>Merci de respecter le format suivant et d\u2019envoyer les pi\u00e8ces justificatives ci-dessous sous un seul document, votre dossier ne sera pas pris en consid\u00e9ration dans le cas contraire.<\/p>\n\n\n\n<div style=\"height:20px\" aria-hidden=\"true\" class=\"wp-block-spacer\"><\/div>\n\n\n\n<p><\/p>\n\n\n\n<p class=\"has-text-color\" style=\"color:#d72335\">1. Envoyer votre candidature \u00e0 <a href=\"mailto:recrutement@lfseoul.org\" class=\"rank-math-link\">recrutement@lfseoul.org<\/a> \/ Objet de l\u2019email: Recrutement &#8211; Poste sollicit\u00e9 &#8211; Votre nom<\/p>\n\n\n\n<p><\/p>\n\n\n\n<p>Merci de bien vouloir recopier le message suivant dans le corps de votre email, pour se conformer aux l\u00e9gislations cor\u00e9ennes en mati\u00e8re de collecte et d\u2019utilisation des donn\u00e9es personnelles :<\/p>\n\n\n\n<p>\u00ab <em>J&rsquo;ai lu et accepte la <a href=\"https:\/\/lfseoul.org\/wp-content\/uploads\/2021\/04\/LFS-Privacy-Policy-external-2021.03.23.pdf\" target=\"_blank\" rel=\"noreferrer noopener\">Politique de Confidentialit\u00e9 du LFS<\/a> et j\u2019accepte que le LFS collecte et utilise, tel que d\u00e9crit ci-dessous, mes donn\u00e9es personnelles que je transmets dans cet email, y compris les donn\u00e9es personnelles et uniques d\u2019identification incluses dans le passeport, le visa et sur la carte de r\u00e9sident : ces donn\u00e9es personnelles sont collect\u00e9es, conserv\u00e9es et utilis\u00e9es pour les besoins de la gestion des ressources humaines (RH), des proc\u00e9dures administratives, et notamment pour les \u00e9ventuelles formalit\u00e9s de visa, pendant la proc\u00e9dure de recrutement, la p\u00e9riode de travail au sein du LFS, le cas \u00e9ch\u00e9ant, et pendant 3 ann\u00e9es apr\u00e8s la cl\u00f4ture de la proc\u00e9dure de recrutement ou apr\u00e8s le d\u00e9part du salari\u00e9 du LFS ; je sais que, si je souhaite retirer mon consentement, je peux exercer mon droit en en informant le d\u00e9partement RH du LFS; cependant, j\u2019ai conscience que le retrait de ces informations pourrait conduire \u00e0 l\u2019impossibilit\u00e9 de candidater ou d\u2019exercer mon emploi au LFS.<\/em> \u00bb<\/p>\n\n\n\n<p><\/p>\n\n\n\n<p class=\"has-text-color\" style=\"color:#d72335\">2. Documents \u00e0 envoyer pour toute candidature (1 seul pdf)<\/p>\n\n\n\n<ol class=\"wp-block-list\">\n<li>Curriculum vitae<\/li>\n\n\n\n<li>Lettre de motivation manuscrite<\/li>\n\n\n\n<li>Attestation d\u2019emploi actuel<\/li>\n\n\n\n<li>Copie du passeport<\/li>\n\n\n\n<li>Copie du livret de famille ou certificat d\u2019acte de naissance <\/li>\n\n\n\n<li>Extrait de casier judiciaire<\/li>\n\n\n\n<li>Carte de r\u00e9sident (Alien Registration Card) pour les candidats install\u00e9s en Cor\u00e9e<\/li>\n\n\n\n<li>Copies des dipl\u00f4mes mentionn\u00e9s dans le CV<\/li>\n\n\n\n<li>Tous les documents pouvant appuyer la candidature (attestations, lettres de recommandation, compte-rendus d\u2019exp\u00e9riences, rapports de visite etc.)<\/li>\n<\/ol>\n\n\n\n<p class=\"has-text-color\" style=\"color:#d72335\">3. Pour les candidats titulaires de l\u2019\u00c9ducation nationale<\/p>\n\n\n\n<ol class=\"wp-block-list\">\n<li>Copie du dernier arr\u00eat\u00e9 de promotion<\/li>\n\n\n\n<li>Copie du dernier arr\u00eat\u00e9 de notation<\/li>\n\n\n\n<li>Copies des 2 derniers rapports d\u2019inspection<\/li>\n\n\n\n<li>Copie du contrat en cours pour les agents en poste \u00e0 l\u2019\u00e9tranger<\/li>\n\n\n\n<li>Fiche de synth\u00e8se iPROF<\/li>\n<\/ol>\n\n<\/div><\/div>\n<\/div><\/div>\n\n<div class=\"gb-container gb-container-ef0bf83d\"><div class=\"gb-inside-container\">\n<div class=\"gb-container gb-container-07cbd45b\"><div class=\"gb-inside-container\">\n\n<h2 class=\"wp-block-heading has-text-align-center\" id=\"3----traitement-des-candidatures---\"><strong><strong><strong>TRAITEMENT DES CANDIDATURES<\/strong><\/strong><\/strong><\/h2>\n\n\n<div class=\"gb-container gb-container-8e3ac5ca\"><div class=\"gb-inside-container\">\n\n<div style=\"height:20px\" aria-hidden=\"true\" class=\"wp-block-spacer\"><\/div>\n\n\n<div class=\"gb-grid-wrapper gb-grid-wrapper-8cf748b1\">\n<div class=\"gb-grid-column gb-grid-column-1ba830a1\"><div class=\"gb-container gb-container-1ba830a1 animated fadeInUp\"><div class=\"gb-inside-container\">\n\n<p class=\"has-drop-cap\"><span style=\"color: #0f145a;\" data=\"#0f145a\" class=\"qubely-text-has-color\">1<\/span> La date d\u2019envoi de l\u2019email fait foi lorsqu\u2019une date limite est pr\u00e9cis\u00e9e.<\/p>\n\n<\/div><\/div><\/div>\n\n<div class=\"gb-grid-column gb-grid-column-0abbb64a\"><div class=\"gb-container gb-container-0abbb64a animated fadeInUp slow\"><div class=\"gb-inside-container\">\n\n<p class=\"has-drop-cap\"><span style=\"color: #d72335;\" data=\"#d72335\" class=\"qubely-text-has-color\">2<\/span> L\u2019\u00e9tablissement envoie un accus\u00e9 de r\u00e9ception.<\/p>\n\n<\/div><\/div><\/div>\n\n<div class=\"gb-grid-column gb-grid-column-6778c14a\"><div class=\"gb-container gb-container-6778c14a animated fadeInUp slower\"><div class=\"gb-inside-container\">\n\n<p class=\"has-drop-cap\"><span style=\"color: #0f145a;\" data=\"#0f145a\" class=\"qubely-text-has-color\">3<\/span> Les candidats pr\u00e9s\u00e9lectionn\u00e9s sont invit\u00e9s \u00e0 un entretien (par visioconf\u00e9rence si le candidat n\u2019est pas en Cor\u00e9e).<\/p>\n\n<\/div><\/div><\/div>\n\n<div class=\"gb-grid-column gb-grid-column-f52c9605\"><div class=\"gb-container gb-container-f52c9605 animated fadeInUp slower\"><div class=\"gb-inside-container\">\n\n<p class=\"has-drop-cap\"><span style=\"color: #d72335;\" data=\"#d72335\" class=\"qubely-text-has-color\">4<\/span> Les candidats ayant pass\u00e9 un entretien sont inform\u00e9s de l\u2019issue de leur candidature.<\/p>\n\n<\/div><\/div><\/div>\n<\/div>\n\n\n<div style=\"height:20px\" aria-hidden=\"true\" class=\"wp-block-spacer\"><\/div>\n\n\n<div class=\"gb-grid-wrapper gb-grid-wrapper-8f5dcb39\">\n<div class=\"gb-grid-column gb-grid-column-31c706d4\"><div class=\"gb-container gb-container-31c706d4 animated fadeInUp\"><div class=\"gb-inside-container\">\n\n<p class=\"has-drop-cap\"><span style=\"color: #d72335;\" data=\"#d72335\" class=\"qubely-text-has-color\">5<\/span> Une proposition de poste est formul\u00e9e par le chef d\u2019\u00e9tablissement, avec le mod\u00e8le de contrat.<\/p>\n\n\n\n<div style=\"height:20px\" aria-hidden=\"true\" class=\"wp-block-spacer\"><\/div>\n\n<\/div><\/div><\/div>\n\n<div class=\"gb-grid-column gb-grid-column-10e2cc8e\"><div class=\"gb-container gb-container-10e2cc8e animated fadeInUp slow\"><div class=\"gb-inside-container\">\n\n<p class=\"has-drop-cap\"><span style=\"color: #0f145a;\" data=\"#0f145a\" class=\"qubely-text-has-color\">6<\/span> Une fois accept\u00e9e, la proposition est soumise \u00e0 l\u2019agr\u00e9ment d\u00e9finitif du comit\u00e9 RH et du pr\u00e9sident de l\u2019APE, signataire du contrat de travail.<\/p>\n\n\n\n<div style=\"height:20px\" aria-hidden=\"true\" class=\"wp-block-spacer\"><\/div>\n\n<\/div><\/div><\/div>\n\n<div class=\"gb-grid-column gb-grid-column-d3d9179c\"><div class=\"gb-container gb-container-d3d9179c animated fadeInUp slower\"><div class=\"gb-inside-container\">\n\n<p class=\"has-drop-cap\"><span style=\"color: #d72335;\" data=\"#d72335\" class=\"qubely-text-has-color\">7<\/span> Pour les titulaires de l\u2019\u00c9ducation nationale, une demande de mise en disponibilit\u00e9 aupr\u00e8s du service gestionnaire de la DSDEN ou du rectorat doit \u00eatre envoy\u00e9e.<\/p>\n\n\n\n<div style=\"height:20px\" aria-hidden=\"true\" class=\"wp-block-spacer\"><\/div>\n\n<\/div><\/div><\/div>\n\n<div class=\"gb-grid-column gb-grid-column-c9e94cbb\"><div class=\"gb-container gb-container-c9e94cbb animated fadeInUp slower\"><div class=\"gb-inside-container\">\n\n<p class=\"has-drop-cap\"><span style=\"color: #0f145a;\" data=\"#0f145a\" class=\"qubely-text-has-color\">8<\/span> L\u2019\u00e9tablissement communique, par email, les informations relatives \u00e0 la proc\u00e9dure de demande de visa et des \u00e9l\u00e9ments d\u2019information et de pr\u00e9sentation de l\u2019\u00e9tablissement.<\/p>\n\n<\/div><\/div><\/div>\n<\/div>\n<\/div><\/div>\n\n\n<p class=\"has-text-color\" style=\"color:#434345\">La r\u00e9glementation cor\u00e9enne en termes d\u2019obtention de permis de travail et de visa varie selon le type d\u2019emploi. Les pi\u00e8ces \u00e0 fournir personnalis\u00e9es et les modalit\u00e9s sont communiqu\u00e9es par l\u2019\u00e9tablissement \u00e0 chaque personnel. Les d\u00e9marches ensuite aupr\u00e8s des services de l\u2019immigration sont individuelles.<\/p>\n\n\n\n<p class=\"has-text-color\" style=\"color:#434345\"><br>Le candidat n\u2019est d\u00e9finitivement recrut\u00e9 que lorsque l\u2019arr\u00eat\u00e9 de mise en disponibilit\u00e9 (enseignants titulaires de l\u2019\u00c9ducation nationale) est parvenu \u00e0 l\u2019\u00e9tablissement, le contrat sign\u00e9 par les deux parties et le visa de travail obtenu.<\/p>\n\n\n\n<p>Un test sanguin est r\u00e9alis\u00e9 \u00e0 l\u2019arriv\u00e9e en Cor\u00e9e, suite \u00e0 la demande des autorit\u00e9s cor\u00e9ennes.<\/p>\n\n<\/div><\/div>\n<\/div><\/div>","protected":false},"excerpt":{"rendered":"<p>Rejoignez une \u00e9quipe dynamique dans une \u00e9cole \u00e0 taille humaine offrant le double avantage d\u2019une \u00e9quipe soud\u00e9e et porteuse de projets. Le Lyc\u00e9e Fran\u00e7ais de S\u00e9oul (LFS) est \u00e9tabli depuis 1974 \u00e0 S\u00e9oul et accueille des \u00e9l\u00e8ves d&rsquo;une communaut\u00e9 fran\u00e7aise &#8230; <\/p>\n<p class=\"read-more-container\"><a title=\"RECRUTEMENT\" class=\"read-more button\" href=\"https:\/\/lfseoul.org\/fr\/recrutement\/#more-9268\" aria-label=\"En savoir plus sur RECRUTEMENT\">En savoir plus<\/a><\/p>\n","protected":false},"author":4,"featured_media":16834,"parent":0,"menu_order":0,"comment_status":"closed","ping_status":"closed","template":"","meta":{"qubely_global_settings":"","qubely_interactions":"","inline_featured_image":false,"footnotes":""},"class_list":{"0":"post-9268","1":"page","2":"type-page","3":"status-publish","4":"has-post-thumbnail","6":"infinite-scroll-item","7":"resize-featured-image"},"_links":{"self":[{"href":"https:\/\/lfseoul.org\/fr\/wp-json\/wp\/v2\/pages\/9268","targetHints":{"allow":["GET"]}}],"collection":[{"href":"https:\/\/lfseoul.org\/fr\/wp-json\/wp\/v2\/pages"}],"about":[{"href":"https:\/\/lfseoul.org\/fr\/wp-json\/wp\/v2\/types\/page"}],"author":[{"embeddable":true,"href":"https:\/\/lfseoul.org\/fr\/wp-json\/wp\/v2\/users\/4"}],"replies":[{"embeddable":true,"href":"https:\/\/lfseoul.org\/fr\/wp-json\/wp\/v2\/comments?post=9268"}],"version-history":[{"count":84,"href":"https:\/\/lfseoul.org\/fr\/wp-json\/wp\/v2\/pages\/9268\/revisions"}],"predecessor-version":[{"id":22026,"href":"https:\/\/lfseoul.org\/fr\/wp-json\/wp\/v2\/pages\/9268\/revisions\/22026"}],"wp:featuredmedia":[{"embeddable":true,"href":"https:\/\/lfseoul.org\/fr\/wp-json\/wp\/v2\/media\/16834"}],"wp:attachment":[{"href":"https:\/\/lfseoul.org\/fr\/wp-json\/wp\/v2\/media?parent=9268"}],"curies":[{"name":"wp","href":"https:\/\/api.w.org\/{rel}","templated":true}]}}