{"id":9578,"date":"2023-07-03T00:04:15","date_gmt":"2023-07-03T00:04:15","guid":{"rendered":"https:\/\/54.68.147.74\/~lfs\/?page_id=9578"},"modified":"2026-04-09T00:23:02","modified_gmt":"2026-04-09T00:23:02","slug":"calendrier","status":"publish","type":"page","link":"https:\/\/lfseoul.org\/fr\/calendrier\/","title":{"rendered":"CALENDRIER"},"content":{"rendered":"<div class=\"gb-container gb-container-ef49d047\"><div class=\"gb-inside-container\">\n\n<p class=\"has-text-color\" style=\"color:#d72335\">L\u2019ann\u00e9e scolaire du Lyc\u00e9e Fran\u00e7ais de S\u00e9oul (LFS) commence d\u00e9but septembre et se termine d\u00e9but juillet.&nbsp;<\/p>\n\n\n\n<p>Elle est construite par trimestres : septembre \u00e0 d\u00e9cembre, janvier \u00e0 mars, avril \u00e0 juin.<\/p>\n\n\n\n<p>Elle est \u00e9galement d\u00e9coup\u00e9e en cinq p\u00e9riodes, s\u00e9par\u00e9es entre elles par des vacances scolaires de deux semaines. Les f\u00eates cor\u00e9ennes de Seollal et Chuseok sont f\u00e9ri\u00e9es.<\/p>\n\n\n\n<p>Veuillez t\u00e9l\u00e9charger le calendrier 2026-2027 <a href=\"https:\/\/lfseoul.org\/wp-content\/uploads\/2025\/05\/Calendrier_2025-2026.pdf\" data-type=\"link\" data-id=\"https:\/\/lfseoul.org\/wp-content\/uploads\/2025\/05\/Calendrier_2025-2026.pdf\">i<\/a><a href=\"https:\/\/lfseoul.org\/wp-content\/uploads\/2025\/05\/Calendrier_2025-2026.pdf\" data-type=\"link\" data-id=\"https:\/\/lfseoul.org\/wp-content\/uploads\/2025\/05\/Calendrier_2025-2026.pdf\" target=\"_blank\" rel=\"noreferrer noopener\">c<\/a><a href=\"https:\/\/lfseoul.org\/wp-content\/uploads\/2026\/04\/Calendrier-2026-2027-2.pdf\" target=\"_blank\" data-type=\"link\" data-id=\"https:\/\/lfseoul.org\/wp-content\/uploads\/2025\/05\/Calendrier_2025-2026.pdf\" rel=\"noreferrer noopener\">i<\/a><\/p>\n\n<\/div><\/div>\n\n<div class=\"gb-container gb-container-d9aa69fe\">\n<div class=\"wp-block-image\">\n<figure class=\"aligncenter size-full is-resized\"><img loading=\"lazy\" decoding=\"async\" width=\"2560\" height=\"1811\" src=\"https:\/\/lfseoul.org\/wp-content\/uploads\/2026\/04\/Calendrier-2026-2027-1-scaled.jpg\" alt=\"\" class=\"wp-image-22057\" style=\"width:1115px;height:auto\" srcset=\"https:\/\/lfseoul.org\/wp-content\/uploads\/2026\/04\/Calendrier-2026-2027-1-scaled.jpg 2560w, https:\/\/lfseoul.org\/wp-content\/uploads\/2026\/04\/Calendrier-2026-2027-1-300x212.jpg 300w, https:\/\/lfseoul.org\/wp-content\/uploads\/2026\/04\/Calendrier-2026-2027-1-1024x724.jpg 1024w, https:\/\/lfseoul.org\/wp-content\/uploads\/2026\/04\/Calendrier-2026-2027-1-768x543.jpg 768w, https:\/\/lfseoul.org\/wp-content\/uploads\/2026\/04\/Calendrier-2026-2027-1-1536x1086.jpg 1536w, https:\/\/lfseoul.org\/wp-content\/uploads\/2026\/04\/Calendrier-2026-2027-1-2048x1449.jpg 2048w, https:\/\/lfseoul.org\/wp-content\/uploads\/2026\/04\/Calendrier-2026-2027-1-140x100.jpg 140w, https:\/\/lfseoul.org\/wp-content\/uploads\/2026\/04\/Calendrier-2026-2027-1-10x7.jpg 10w, https:\/\/lfseoul.org\/wp-content\/uploads\/2026\/04\/Calendrier-2026-2027-1-15x11.jpg 15w, https:\/\/lfseoul.org\/wp-content\/uploads\/2026\/04\/Calendrier-2026-2027-1-48x34.jpg 48w\" sizes=\"auto, (max-width: 2560px) 100vw, 2560px\" \/><\/figure><\/div>\n\n<div class=\"wp-block-image\">\n<figure class=\"aligncenter size-full is-resized\"><img loading=\"lazy\" decoding=\"async\" width=\"1250\" height=\"858\" src=\"https:\/\/lfseoul.org\/wp-content\/uploads\/2026\/04\/Calendrier_2025-2026-3.jpg\" alt=\"\" class=\"wp-image-22073\" style=\"width:1100px;height:auto\" srcset=\"https:\/\/lfseoul.org\/wp-content\/uploads\/2026\/04\/Calendrier_2025-2026-3.jpg 1250w, https:\/\/lfseoul.org\/wp-content\/uploads\/2026\/04\/Calendrier_2025-2026-3-300x206.jpg 300w, https:\/\/lfseoul.org\/wp-content\/uploads\/2026\/04\/Calendrier_2025-2026-3-1024x703.jpg 1024w, https:\/\/lfseoul.org\/wp-content\/uploads\/2026\/04\/Calendrier_2025-2026-3-768x527.jpg 768w, https:\/\/lfseoul.org\/wp-content\/uploads\/2026\/04\/Calendrier_2025-2026-3-10x7.jpg 10w, https:\/\/lfseoul.org\/wp-content\/uploads\/2026\/04\/Calendrier_2025-2026-3-15x10.jpg 15w, https:\/\/lfseoul.org\/wp-content\/uploads\/2026\/04\/Calendrier_2025-2026-3-48x33.jpg 48w\" sizes=\"auto, (max-width: 1250px) 100vw, 1250px\" \/><\/figure><\/div>\n<\/div>\n\n<div class=\"gb-container gb-container-35a14bf3\"><div class=\"gb-inside-container\">\n<div class=\"gb-grid-wrapper gb-grid-wrapper-37c27312\">\n<div class=\"gb-grid-column gb-grid-column-d7101fa8\"><div class=\"gb-container gb-container-d7101fa8\"><div class=\"gb-inside-container\">\n\n<p class=\"gb-headline gb-headline-038e23d8\"><span class=\"gb-icon\"><svg aria-hidden=\"true\" height=\"1em\" width=\"1em\" viewBox=\"0 0 384 512\" xmlns=\"http:\/\/www.w3.org\/2000\/svg\"><path fill=\"currentColor\" d=\"M97.12 362.63c-8.69-8.69-4.16-6.24-25.12-11.85-9.51-2.55-17.87-7.45-25.43-13.32L1.2 448.7c-4.39 10.77 3.81 22.47 15.43 22.03l52.69-2.01L105.56 507c8 8.44 22.04 5.81 26.43-4.96l52.05-127.62c-10.84 6.04-22.87 9.58-35.31 9.58-19.5 0-37.82-7.59-51.61-21.37zM382.8 448.7l-45.37-111.24c-7.56 5.88-15.92 10.77-25.43 13.32-21.07 5.64-16.45 3.18-25.12 11.85-13.79 13.78-32.12 21.37-51.62 21.37-12.44 0-24.47-3.55-35.31-9.58L252 502.04c4.39 10.77 18.44 13.4 26.43 4.96l36.25-38.28 52.69 2.01c11.62.44 19.82-11.27 15.43-22.03zM263 340c15.28-15.55 17.03-14.21 38.79-20.14 13.89-3.79 24.75-14.84 28.47-28.98 7.48-28.4 5.54-24.97 25.95-45.75 10.17-10.35 14.14-25.44 10.42-39.58-7.47-28.38-7.48-24.42 0-52.83 3.72-14.14-.25-29.23-10.42-39.58-20.41-20.78-18.47-17.36-25.95-45.75-3.72-14.14-14.58-25.19-28.47-28.98-27.88-7.61-24.52-5.62-44.95-26.41-10.17-10.35-25-14.4-38.89-10.61-27.87 7.6-23.98 7.61-51.9 0-13.89-3.79-28.72.25-38.89 10.61-20.41 20.78-17.05 18.8-44.94 26.41-13.89 3.79-24.75 14.84-28.47 28.98-7.47 28.39-5.54 24.97-25.95 45.75-10.17 10.35-14.15 25.44-10.42 39.58 7.47 28.36 7.48 24.4 0 52.82-3.72 14.14.25 29.23 10.42 39.59 20.41 20.78 18.47 17.35 25.95 45.75 3.72 14.14 14.58 25.19 28.47 28.98C104.6 325.96 106.27 325 121 340c13.23 13.47 33.84 15.88 49.74 5.82a39.676 39.676 0 0 1 42.53 0c15.89 10.06 36.5 7.65 49.73-5.82zM97.66 175.96c0-53.03 42.24-96.02 94.34-96.02s94.34 42.99 94.34 96.02-42.24 96.02-94.34 96.02-94.34-42.99-94.34-96.02z\"><\/path><\/svg><\/span><span class=\"gb-headline-text\"><strong>Pour une \u00e9ducation fran\u00e7aise homologu\u00e9e, <\/strong><br><strong>offrant des parcours plurilingues<\/strong><\/span><\/p>\n\n<\/div><\/div><\/div>\n<\/div>\n\n<div class=\"gb-button-wrapper gb-button-wrapper-a284bc53\">\n\n<a class=\"gb-button gb-button-9d712240 gb-button-text\" href=\"https:\/\/lfseoul.org\/admission\/\" target=\"_blank\" rel=\"noopener noreferrer\">JE M&rsquo;INSCRIS<\/a>\n\n<\/div>\n<\/div><\/div>","protected":false},"excerpt":{"rendered":"<p>L\u2019ann\u00e9e scolaire du Lyc\u00e9e Fran\u00e7ais de S\u00e9oul (LFS) commence d\u00e9but septembre et se termine d\u00e9but juillet.&nbsp; Elle est construite par trimestres : septembre \u00e0 d\u00e9cembre, janvier \u00e0 mars, avril \u00e0 juin. Elle est \u00e9galement d\u00e9coup\u00e9e en cinq p\u00e9riodes, s\u00e9par\u00e9es entre &#8230; <\/p>\n<p class=\"read-more-container\"><a title=\"CALENDRIER\" class=\"read-more button\" href=\"https:\/\/lfseoul.org\/fr\/calendrier\/#more-9578\" aria-label=\"En savoir plus sur CALENDRIER\">En savoir plus<\/a><\/p>\n","protected":false},"author":4,"featured_media":18405,"parent":0,"menu_order":0,"comment_status":"closed","ping_status":"closed","template":"","meta":{"qubely_global_settings":"","qubely_interactions":"","inline_featured_image":false,"footnotes":""},"class_list":{"0":"post-9578","1":"page","2":"type-page","3":"status-publish","4":"has-post-thumbnail","6":"infinite-scroll-item","7":"resize-featured-image"},"_links":{"self":[{"href":"https:\/\/lfseoul.org\/fr\/wp-json\/wp\/v2\/pages\/9578","targetHints":{"allow":["GET"]}}],"collection":[{"href":"https:\/\/lfseoul.org\/fr\/wp-json\/wp\/v2\/pages"}],"about":[{"href":"https:\/\/lfseoul.org\/fr\/wp-json\/wp\/v2\/types\/page"}],"author":[{"embeddable":true,"href":"https:\/\/lfseoul.org\/fr\/wp-json\/wp\/v2\/users\/4"}],"replies":[{"embeddable":true,"href":"https:\/\/lfseoul.org\/fr\/wp-json\/wp\/v2\/comments?post=9578"}],"version-history":[{"count":34,"href":"https:\/\/lfseoul.org\/fr\/wp-json\/wp\/v2\/pages\/9578\/revisions"}],"predecessor-version":[{"id":22080,"href":"https:\/\/lfseoul.org\/fr\/wp-json\/wp\/v2\/pages\/9578\/revisions\/22080"}],"wp:featuredmedia":[{"embeddable":true,"href":"https:\/\/lfseoul.org\/fr\/wp-json\/wp\/v2\/media\/18405"}],"wp:attachment":[{"href":"https:\/\/lfseoul.org\/fr\/wp-json\/wp\/v2\/media?parent=9578"}],"curies":[{"name":"wp","href":"https:\/\/api.w.org\/{rel}","templated":true}]}}