{"id":9775,"date":"2021-03-23T07:00:35","date_gmt":"2021-03-23T07:00:35","guid":{"rendered":"https:\/\/54.68.147.74\/~lfs\/?page_id=9775"},"modified":"2026-03-27T06:14:25","modified_gmt":"2026-03-27T06:14:25","slug":"cantine-bus-fournitures","status":"publish","type":"page","link":"https:\/\/lfseoul.org\/fr\/cantine-bus-fournitures\/","title":{"rendered":"CANTINE &amp; UNIFORMES"},"content":{"rendered":"<div class=\"gb-container gb-container-154294be\"><div class=\"gb-inside-container\">\n\n<p>Le Lyc\u00e9e Fran\u00e7ais de S\u00e9oul (LFS) met \u00e0 la disposition des familles des <span style=\"color: #d72335;\" data=\"#d72335\" class=\"qubely-text-has-color\">services de restauration<\/span> op\u00e9r\u00e9 par des professionnels du m\u00e9tier. Nous souhaitons que les \u00e9l\u00e8ves b\u00e9n\u00e9ficient de conditions optimales pour leur \u00e9panouissement, tant dans les temps d\u2019enseignement que hors des temps d\u2019\u00e9tude.<\/p>\n\n<\/div><\/div>\n\n<div class=\"gb-container gb-container-762911f0\"><div class=\"gb-inside-container\">\n\n<h2 class=\"wp-block-heading has-text-align-center\">DES REPAS FRAN\u00c7AIS ET \u00c9QUILIBR\u00c9S <br>DANS UN ENVIRONNEMENT R\u00c9NOV\u00c9<\/h2>\n\n\n\n<div style=\"height:30px\" aria-hidden=\"true\" class=\"wp-block-spacer\"><\/div>\n\n\n<div class=\"gb-grid-wrapper gb-grid-wrapper-dcac8a74\">\n<div class=\"gb-grid-column gb-grid-column-2c5de52d\"><div class=\"gb-container gb-container-2c5de52d\"><div class=\"gb-inside-container\">\n\n<figure class=\"wp-block-image size-large\"><img loading=\"lazy\" decoding=\"async\" width=\"1024\" height=\"682\" src=\"https:\/\/lfseoul.org\/wp-content\/uploads\/2023\/09\/JIK_5953-1-1024x682.jpg\" alt=\"\" class=\"wp-image-18577\" srcset=\"https:\/\/lfseoul.org\/wp-content\/uploads\/2023\/09\/JIK_5953-1-1024x682.jpg 1024w, https:\/\/lfseoul.org\/wp-content\/uploads\/2023\/09\/JIK_5953-1-300x200.jpg 300w, https:\/\/lfseoul.org\/wp-content\/uploads\/2023\/09\/JIK_5953-1-768x512.jpg 768w, https:\/\/lfseoul.org\/wp-content\/uploads\/2023\/09\/JIK_5953-1-1536x1023.jpg 1536w, https:\/\/lfseoul.org\/wp-content\/uploads\/2023\/09\/JIK_5953-1-2048x1365.jpg 2048w, https:\/\/lfseoul.org\/wp-content\/uploads\/2023\/09\/JIK_5953-1-1200x800.jpg 1200w, https:\/\/lfseoul.org\/wp-content\/uploads\/2023\/09\/JIK_5953-1-10x7.jpg 10w, https:\/\/lfseoul.org\/wp-content\/uploads\/2023\/09\/JIK_5953-1-15x10.jpg 15w, https:\/\/lfseoul.org\/wp-content\/uploads\/2023\/09\/JIK_5953-1-48x32.jpg 48w\" sizes=\"auto, (max-width: 1024px) 100vw, 1024px\" \/><\/figure>\n\n<\/div><\/div><\/div>\n\n<div class=\"gb-grid-column gb-grid-column-daa43def\"><div class=\"gb-container gb-container-daa43def animated slideInRight\"><div class=\"gb-inside-container\">\n\n<p><strong><strong>Inscription obligatoire \u00e0 la cantine :<\/strong><\/strong><\/p>\n\n\n\n<ul class=\"wp-block-list\">\n<li><strong>Septembre<\/strong> : Tous les \u00e9l\u00e8ves de maternelle et \u00e9l\u00e9mentaire doivent s&rsquo;inscrire \u00e0 la cantine du lundi au vendredi. Les coll\u00e9giens et lyc\u00e9ens doivent aussi s&rsquo;inscrire pour tous les jours de la semaine. Le mercredi, c&rsquo;est obligatoire pour les \u00e9l\u00e8ves du programme SIA.<br><\/li>\n\n\n\n<li><strong>Toute l&rsquo;ann\u00e9e le mercredi<\/strong> : Obligatoire pour les \u00e9l\u00e8ves utilisant le bus scolaire.<\/li>\n<\/ul>\n\n\n\n<p><strong>Inscription optionnelle \u00e0 la cantine :<\/strong><\/p>\n\n\n\n<ul class=\"wp-block-list\">\n<li><strong>\u00c0 partir d&rsquo;octobre<\/strong> : \n<ul class=\"wp-block-list\">\n<li>Les \u00e9l\u00e8ves de maternelle et \u00e9l\u00e9mentaire peuvent choisir de d\u00e9jeuner \u00e0 la cantine tous les jours ou pas du tout, sans possibilit\u00e9 de changer en cours d&rsquo;ann\u00e9e. <\/li>\n\n\n\n<li>Les coll\u00e9giens et \u00e9l\u00e8ves de seconde peuvent aussi choisir de d\u00e9jeuner tous les jours ou pas du tout. <\/li>\n\n\n\n<li>Les \u00e9l\u00e8ves de premi\u00e8re et terminale peuvent choisir des jours sp\u00e9cifiques pour d\u00e9jeuner, mais le choix est fixe pour l&rsquo;ann\u00e9e.<\/li>\n<\/ul>\n<\/li>\n<\/ul>\n\n<\/div><\/div><\/div>\n<\/div>\n\n<div class=\"gb-container gb-container-b1964f31\"><div class=\"gb-inside-container\">\n<div class=\"gb-grid-wrapper gb-grid-wrapper-4e239c44\">\n<div class=\"gb-grid-column gb-grid-column-aebbe3d8\"><div class=\"gb-container gb-container-aebbe3d8\"><div class=\"gb-inside-container\">\n\n<p>Les menus \u00e9quilibr\u00e9s, et de qualit\u00e9 gustative appr\u00e9ci\u00e9e par les \u00e9l\u00e8ves, offrent chaque jour \u00e0 vos enfants une alimentation saine et un repas traditionnel fran\u00e7ais. Parce que l\u2019\u00e9ducation passe \u00e9galement par l\u2019apprentissage du go\u00fbt et l&rsquo;ouverture aux saveurs du monde, nous mettons \u00e0 l\u2019honneur chaque mois un menu th\u00e9matique autour d\u2019un pays, et deux fois par mois les \u00e9l\u00e8ves retrouvent des <span style=\"color: #d72335;\" data=\"#d72335\" class=\"qubely-text-has-color\">sp\u00e9cialit\u00e9s cor\u00e9ennes<\/span> dans leur assiette.<\/p>\n\n\n\n<p>Les menus sont \u00e9labor\u00e9s par la commission cantine \u00e0 laquelle une di\u00e9t\u00e9ticienne, l\u2019infirmi\u00e8re de l\u2019\u00e9cole, des repr\u00e9sentants des \u00e9l\u00e8ves, du personnel et des parents participent. Les plats sont tous pr\u00e9par\u00e9s sur place par notre prestataire<a href=\"https:\/\/www.cjfreshway.com\/en\/index.jsp\" target=\"_blank\" data-type=\"link\" data-id=\"https:\/\/www.cjfreshway.com\/en\/index.jsp\" rel=\"noreferrer noopener\"> CJ Freshway<\/a>. Vous pouvez retrouver les menus en ligne via l\u2019application <a class=\"rank-math-link\" href=\"https:\/\/2390001c.index-education.net\/pronote\/\" target=\"_blank\" rel=\"noopener\">Pronote<\/a>.&nbsp;Ci-contre un exemple de menu, cliquez dessus pour l&rsquo;agrandir.<\/p>\n\n\n\n<p><em>Nota Bene: les situations d\u2019allergie alimentaire doivent \u00eatre communiqu\u00e9es \u00e0 l\u2019infirmi\u00e8re qui fait le lien avec le personnel de cantine et les enseignants. Pour la sant\u00e9 et la s\u00e9curit\u00e9 de tous nos \u00e9l\u00e8ves, aucun fruit \u00e0 coque n\u2019est utilis\u00e9 en cuisine.<\/em><\/p>\n\n<\/div><\/div><\/div>\n\n<div class=\"gb-grid-column gb-grid-column-51450b00\"><div class=\"gb-container gb-container-51450b00\">\n\n<figure class=\"wp-block-image size-large\"><a href=\"https:\/\/lfseoul.org\/wp-content\/uploads\/2025\/02\/menu.png\" target=\"_blank\" rel=\"noreferrer noopener\"><img loading=\"lazy\" decoding=\"async\" width=\"1024\" height=\"554\" src=\"https:\/\/lfseoul.org\/wp-content\/uploads\/2025\/02\/menu-1024x554.png\" alt=\"\" class=\"wp-image-20421\" srcset=\"https:\/\/lfseoul.org\/wp-content\/uploads\/2025\/02\/menu-1024x554.png 1024w, https:\/\/lfseoul.org\/wp-content\/uploads\/2025\/02\/menu-300x162.png 300w, https:\/\/lfseoul.org\/wp-content\/uploads\/2025\/02\/menu-768x415.png 768w, https:\/\/lfseoul.org\/wp-content\/uploads\/2025\/02\/menu-1536x831.png 1536w, https:\/\/lfseoul.org\/wp-content\/uploads\/2025\/02\/menu-10x5.png 10w, https:\/\/lfseoul.org\/wp-content\/uploads\/2025\/02\/menu-15x8.png 15w, https:\/\/lfseoul.org\/wp-content\/uploads\/2025\/02\/menu-48x26.png 48w, https:\/\/lfseoul.org\/wp-content\/uploads\/2025\/02\/menu.png 1559w\" sizes=\"auto, (max-width: 1024px) 100vw, 1024px\" \/><\/a><\/figure>\n\n<\/div><\/div>\n<\/div>\n<\/div><\/div>\n<\/div><\/div>\n\n<div class=\"gb-container gb-container-6177bf32\"><div class=\"gb-inside-container\">\n\n<h2 class=\"wp-block-heading has-text-align-center\"><strong>FOURNITURES ET LIVRES SCOLAIRES&nbsp;<\/strong><\/h2>\n\n\n<div class=\"gb-container gb-container-2fb04760\"><div class=\"gb-inside-container\">\n\n<p><span style=\"color: #e11717;\" data=\"#e11717\" class=\"qubely-text-has-color\">En primaire, les fournitures sont mises \u00e0 disposition gratuitement en classe<\/span>, \u00e0 l\u2019exception de la trousse et de son contenu pour les \u00e9l\u00e8ves du CP et CM2. Seul un sac de rechange est demand\u00e9 en maternelle ; un cartable et une trousse (incluant des petites fournitures : stylos, colle, crayons de couleur, crayons \u00e0 papier, ciseaux, etc.) sont \u00e0 apporter en \u00e9l\u00e9mentaire du CP au CM2.<\/p>\n\n\n\n<p><span style=\"color: #d72335;\" data=\"#d72335\" class=\"qubely-text-has-color\">Au secondaire, les fournitures scolaires et livres de lecture suivie<\/span> (oeuvres litt\u00e9raires, fictions) <span style=\"color: #d72335;\" data=\"#d72335\" class=\"qubely-text-has-color\">sont list\u00e9s<\/span> par chaque enseignant et communiqu\u00e9s en juin. Pour une rentr\u00e9e en septembre, les parents peuvent commander les fournitures scolaires directement aupr\u00e8s de <a class=\"rank-math-link\" href=\"https:\/\/www.lde.fr\" target=\"_blank\" rel=\"noopener\">LDE<\/a>, avant la fin de l&rsquo;ann\u00e9e scolaire. Elles sont livr\u00e9es au LFS puis distribu\u00e9es \u00e0 la rentr\u00e9e.<\/p>\n\n\n\n<p>Pour les parents du LFS, vous trouverez la liste des fournitures \/ manuels scolaires et le guide de commande \u00e0 LDE sur <a href=\"https:\/\/lfseoul.eduka.school\/documents\/main\" target=\"_blank\" rel=\"noreferrer noopener\">EDUKA Documents<\/a>, apr\u00e8s connexion au compte parent.<\/p>\n\n\n\n<p>En cours d\u2019ann\u00e9e, des fournitures sont disponibles \u00e0 l\u2019achat via la vie scolaire : <a href=\"mailto:viescolaire@lfseoul.org\" class=\"rank-math-link\">viescolaire@lfseoul.org<\/a>.<\/p>\n\n\n\n<p><span style=\"color: #d72335;\" data=\"#d72335\" class=\"qubely-text-has-color\">Les manuels scolaires sont pr\u00eat\u00e9s par l\u2019\u00e9tablissement<\/span> en d\u00e9but d\u2019ann\u00e9e scolaire et \u00e0 retourner en fin d\u2019ann\u00e9e scolaire. <\/p>\n\n<\/div><\/div>\n\n<div class=\"gb-container gb-container-1e4a30bf\">\n\n<p><\/p>\n\n\n\n<div style=\"height:0px\" aria-hidden=\"true\" class=\"wp-block-spacer\"><\/div>\n\n<\/div>\n<\/div><\/div>\n\n<div class=\"gb-container gb-container-638474fb\"><div class=\"gb-inside-container\">\n\n<h2 class=\"wp-block-heading has-text-align-center\">UNIFORMES SCOLAIRES<\/h2>\n\n\n<div class=\"gb-container gb-container-d4001734\">\n<div class=\"gb-container gb-container-b26e5893\"><div class=\"gb-inside-container\">\n\n<p>Le Lyc\u00e9e Fran\u00e7ais de S\u00e9oul introduit un uniforme scolaire \u00e0 compter de la rentr\u00e9e 2026\/2027. <span style=\"color: #dd1111;\" data=\"#dd1111\" class=\"qubely-text-has-color\">L\u2019achat d\u2019un kit d\u2019uniforme minimum est obligatoire pour valider toute inscription ou r\u00e9inscription.<\/span><br><\/p>\n\n\n\n<p><span style=\"color: #e31717;\" data=\"#e31717\" class=\"qubely-text-has-color\"><strong>Kit minimum obligatoire (par \u00e9l\u00e8ve) :<\/strong><\/span><\/p>\n\n\n\n<div class=\"wp-block-columns is-layout-flex wp-container-core-columns-is-layout-9d6595d7 wp-block-columns-is-layout-flex\">\n<div class=\"wp-block-column is-layout-flow wp-block-column-is-layout-flow\">\n<figure class=\"wp-block-gallery has-nested-images columns-default is-cropped wp-block-gallery-1 is-layout-flex wp-block-gallery-is-layout-flex\">\n<figure class=\"wp-block-image size-large\"><img loading=\"lazy\" decoding=\"async\" width=\"1024\" height=\"970\" data-id=\"21993\" src=\"https:\/\/lfseoul.org\/wp-content\/uploads\/2026\/03\/Untitled-2-6-1024x970.jpeg\" alt=\"\" class=\"wp-image-21993\" srcset=\"https:\/\/lfseoul.org\/wp-content\/uploads\/2026\/03\/Untitled-2-6-1024x970.jpeg 1024w, https:\/\/lfseoul.org\/wp-content\/uploads\/2026\/03\/Untitled-2-6-300x284.jpeg 300w, https:\/\/lfseoul.org\/wp-content\/uploads\/2026\/03\/Untitled-2-6-768x728.jpeg 768w, https:\/\/lfseoul.org\/wp-content\/uploads\/2026\/03\/Untitled-2-6-1536x1455.jpeg 1536w, https:\/\/lfseoul.org\/wp-content\/uploads\/2026\/03\/Untitled-2-6-2048x1940.jpeg 2048w, https:\/\/lfseoul.org\/wp-content\/uploads\/2026\/03\/Untitled-2-6-10x10.jpeg 10w, https:\/\/lfseoul.org\/wp-content\/uploads\/2026\/03\/Untitled-2-6-15x15.jpeg 15w, https:\/\/lfseoul.org\/wp-content\/uploads\/2026\/03\/Untitled-2-6-48x45.jpeg 48w\" sizes=\"auto, (max-width: 1024px) 100vw, 1024px\" \/><\/figure>\n<\/figure>\n\n\n\n<p class=\"has-text-align-center\">2 polos manches longues (blancs)<\/p>\n<\/div>\n\n\n\n<div class=\"wp-block-column is-layout-flow wp-block-column-is-layout-flow\"><div class=\"wp-block-image\">\n<figure class=\"aligncenter size-large is-resized\"><img loading=\"lazy\" decoding=\"async\" width=\"1015\" height=\"1024\" src=\"https:\/\/lfseoul.org\/wp-content\/uploads\/2026\/03\/Untitled-1-5-1015x1024.jpeg\" alt=\"\" class=\"wp-image-21992\" style=\"width:355px;height:auto\" srcset=\"https:\/\/lfseoul.org\/wp-content\/uploads\/2026\/03\/Untitled-1-5-1015x1024.jpeg 1015w, https:\/\/lfseoul.org\/wp-content\/uploads\/2026\/03\/Untitled-1-5-297x300.jpeg 297w, https:\/\/lfseoul.org\/wp-content\/uploads\/2026\/03\/Untitled-1-5-150x150.jpeg 150w, https:\/\/lfseoul.org\/wp-content\/uploads\/2026\/03\/Untitled-1-5-768x775.jpeg 768w, https:\/\/lfseoul.org\/wp-content\/uploads\/2026\/03\/Untitled-1-5-1523x1536.jpeg 1523w, https:\/\/lfseoul.org\/wp-content\/uploads\/2026\/03\/Untitled-1-5-2030x2048.jpeg 2030w, https:\/\/lfseoul.org\/wp-content\/uploads\/2026\/03\/Untitled-1-5-10x10.jpeg 10w, https:\/\/lfseoul.org\/wp-content\/uploads\/2026\/03\/Untitled-1-5-15x15.jpeg 15w, https:\/\/lfseoul.org\/wp-content\/uploads\/2026\/03\/Untitled-1-5-48x48.jpeg 48w, https:\/\/lfseoul.org\/wp-content\/uploads\/2026\/03\/Untitled-1-5.jpeg 2048w\" sizes=\"auto, (max-width: 1015px) 100vw, 1015px\" \/><\/figure><\/div>\n\n<div class=\"gb-container gb-container-395a1952\">\n\n<p class=\"has-text-align-center\">2 polos manches courtes (blancs)<\/p>\n\n<\/div><\/div>\n\n\n\n<div class=\"wp-block-column is-layout-flow wp-block-column-is-layout-flow\"><div class=\"wp-block-image\">\n<figure class=\"aligncenter size-large is-resized\"><img loading=\"lazy\" decoding=\"async\" width=\"864\" height=\"1024\" src=\"https:\/\/lfseoul.org\/wp-content\/uploads\/2026\/03\/Untitled-8-864x1024.jpeg\" alt=\"\" class=\"wp-image-21996\" style=\"width:303px;height:auto\" srcset=\"https:\/\/lfseoul.org\/wp-content\/uploads\/2026\/03\/Untitled-8-864x1024.jpeg 864w, https:\/\/lfseoul.org\/wp-content\/uploads\/2026\/03\/Untitled-8-253x300.jpeg 253w, https:\/\/lfseoul.org\/wp-content\/uploads\/2026\/03\/Untitled-8-768x910.jpeg 768w, https:\/\/lfseoul.org\/wp-content\/uploads\/2026\/03\/Untitled-8-1296x1536.jpeg 1296w, https:\/\/lfseoul.org\/wp-content\/uploads\/2026\/03\/Untitled-8-1728x2048.jpeg 1728w, https:\/\/lfseoul.org\/wp-content\/uploads\/2026\/03\/Untitled-8-8x10.jpeg 8w, https:\/\/lfseoul.org\/wp-content\/uploads\/2026\/03\/Untitled-8-13x15.jpeg 13w, https:\/\/lfseoul.org\/wp-content\/uploads\/2026\/03\/Untitled-8-40x48.jpeg 40w, https:\/\/lfseoul.org\/wp-content\/uploads\/2026\/03\/Untitled-8.jpeg 1888w\" sizes=\"auto, (max-width: 864px) 100vw, 864px\" \/><\/figure><\/div>\n\n\n<p class=\"has-text-align-center\">1 sweat-shirt \u00e0 capuche zipp\u00e9 (bleu marine)<\/p>\n<\/div>\n<\/div>\n\n\n\n<p>Commande exclusivement via la boutique en ligne sur <a href=\"https:\/\/lfseoul.eduka.school\/login\" target=\"_blank\" data-type=\"link\" data-id=\"https:\/\/lfseoul.eduka.school\/login\" rel=\"noreferrer noopener\">EDUKA<\/a>.<\/p>\n\n\n\n<p><br><strong>Conseils :<\/strong><br>Retrouvez le guide complet des uniformes scolaires du LFS (fiches produits, guide des tailles, conseils d&rsquo;entretien, FAQ d\u00e9taill\u00e9e sur les \u00e9changes, la livraison, les aides financi\u00e8res, etc.) sur <a href=\"https:\/\/lfseoul.org\/wp-content\/uploads\/2026\/03\/Uniformes-Francais.pdf\" target=\"_blank\" data-type=\"link\" data-id=\"https:\/\/lfseoul.eduka.school\/documents\/download\/534\/48dcd50b19531c6b\/Guide%20uniformes%202026-27%20Fran%C3%A7ais\" rel=\"noreferrer noopener\">EDUKA<\/a>.<br><br>Pour toute question suppl\u00e9mentaire : <a href=\"mailto:uniform@lfseoul.org\">uniform@lfseoul.org<\/a>.<\/p>\n\n<\/div><\/div>\n<\/div>\n<\/div><\/div>\n\n<div class=\"gb-container gb-container-35a14bf3\"><div class=\"gb-inside-container\">\n<div class=\"gb-grid-wrapper gb-grid-wrapper-37c27312\">\n<div class=\"gb-grid-column gb-grid-column-d7101fa8\"><div class=\"gb-container gb-container-d7101fa8\"><div class=\"gb-inside-container\">\n\n<p class=\"gb-headline gb-headline-038e23d8\"><span class=\"gb-icon\"><svg aria-hidden=\"true\" height=\"1em\" width=\"1em\" viewBox=\"0 0 384 512\" xmlns=\"http:\/\/www.w3.org\/2000\/svg\"><path fill=\"currentColor\" d=\"M97.12 362.63c-8.69-8.69-4.16-6.24-25.12-11.85-9.51-2.55-17.87-7.45-25.43-13.32L1.2 448.7c-4.39 10.77 3.81 22.47 15.43 22.03l52.69-2.01L105.56 507c8 8.44 22.04 5.81 26.43-4.96l52.05-127.62c-10.84 6.04-22.87 9.58-35.31 9.58-19.5 0-37.82-7.59-51.61-21.37zM382.8 448.7l-45.37-111.24c-7.56 5.88-15.92 10.77-25.43 13.32-21.07 5.64-16.45 3.18-25.12 11.85-13.79 13.78-32.12 21.37-51.62 21.37-12.44 0-24.47-3.55-35.31-9.58L252 502.04c4.39 10.77 18.44 13.4 26.43 4.96l36.25-38.28 52.69 2.01c11.62.44 19.82-11.27 15.43-22.03zM263 340c15.28-15.55 17.03-14.21 38.79-20.14 13.89-3.79 24.75-14.84 28.47-28.98 7.48-28.4 5.54-24.97 25.95-45.75 10.17-10.35 14.14-25.44 10.42-39.58-7.47-28.38-7.48-24.42 0-52.83 3.72-14.14-.25-29.23-10.42-39.58-20.41-20.78-18.47-17.36-25.95-45.75-3.72-14.14-14.58-25.19-28.47-28.98-27.88-7.61-24.52-5.62-44.95-26.41-10.17-10.35-25-14.4-38.89-10.61-27.87 7.6-23.98 7.61-51.9 0-13.89-3.79-28.72.25-38.89 10.61-20.41 20.78-17.05 18.8-44.94 26.41-13.89 3.79-24.75 14.84-28.47 28.98-7.47 28.39-5.54 24.97-25.95 45.75-10.17 10.35-14.15 25.44-10.42 39.58 7.47 28.36 7.48 24.4 0 52.82-3.72 14.14.25 29.23 10.42 39.59 20.41 20.78 18.47 17.35 25.95 45.75 3.72 14.14 14.58 25.19 28.47 28.98C104.6 325.96 106.27 325 121 340c13.23 13.47 33.84 15.88 49.74 5.82a39.676 39.676 0 0 1 42.53 0c15.89 10.06 36.5 7.65 49.73-5.82zM97.66 175.96c0-53.03 42.24-96.02 94.34-96.02s94.34 42.99 94.34 96.02-42.24 96.02-94.34 96.02-94.34-42.99-94.34-96.02z\"><\/path><\/svg><\/span><span class=\"gb-headline-text\"><strong>Pour une \u00e9ducation fran\u00e7aise homologu\u00e9e, <\/strong><br><strong>offrant des parcours plurilingues<\/strong><\/span><\/p>\n\n<\/div><\/div><\/div>\n<\/div>\n\n<div class=\"gb-button-wrapper gb-button-wrapper-a284bc53\">\n\n<a class=\"gb-button gb-button-9d712240 gb-button-text\" href=\"https:\/\/lfseoul.org\/admission\/\" target=\"_blank\" rel=\"noopener noreferrer\">JE M&rsquo;INSCRIS<\/a>\n\n<\/div>\n<\/div><\/div>","protected":false},"excerpt":{"rendered":"<p>Le Lyc\u00e9e Fran\u00e7ais de S\u00e9oul (LFS) met \u00e0 la disposition des familles des services de restauration op\u00e9r\u00e9 par des professionnels du m\u00e9tier. Nous souhaitons que les \u00e9l\u00e8ves b\u00e9n\u00e9ficient de conditions optimales pour leur \u00e9panouissement, tant dans les temps d\u2019enseignement que &#8230; <\/p>\n<p class=\"read-more-container\"><a title=\"CANTINE &amp; UNIFORMES\" class=\"read-more button\" href=\"https:\/\/lfseoul.org\/fr\/cantine-bus-fournitures\/#more-9775\" aria-label=\"En savoir plus sur CANTINE &amp; UNIFORMES\">En savoir plus<\/a><\/p>\n","protected":false},"author":4,"featured_media":18580,"parent":0,"menu_order":0,"comment_status":"closed","ping_status":"closed","template":"","meta":{"qubely_global_settings":"","qubely_interactions":"","inline_featured_image":false,"footnotes":""},"class_list":{"0":"post-9775","1":"page","2":"type-page","3":"status-publish","4":"has-post-thumbnail","6":"infinite-scroll-item","7":"resize-featured-image"},"_links":{"self":[{"href":"https:\/\/lfseoul.org\/fr\/wp-json\/wp\/v2\/pages\/9775","targetHints":{"allow":["GET"]}}],"collection":[{"href":"https:\/\/lfseoul.org\/fr\/wp-json\/wp\/v2\/pages"}],"about":[{"href":"https:\/\/lfseoul.org\/fr\/wp-json\/wp\/v2\/types\/page"}],"author":[{"embeddable":true,"href":"https:\/\/lfseoul.org\/fr\/wp-json\/wp\/v2\/users\/4"}],"replies":[{"embeddable":true,"href":"https:\/\/lfseoul.org\/fr\/wp-json\/wp\/v2\/comments?post=9775"}],"version-history":[{"count":38,"href":"https:\/\/lfseoul.org\/fr\/wp-json\/wp\/v2\/pages\/9775\/revisions"}],"predecessor-version":[{"id":22021,"href":"https:\/\/lfseoul.org\/fr\/wp-json\/wp\/v2\/pages\/9775\/revisions\/22021"}],"wp:featuredmedia":[{"embeddable":true,"href":"https:\/\/lfseoul.org\/fr\/wp-json\/wp\/v2\/media\/18580"}],"wp:attachment":[{"href":"https:\/\/lfseoul.org\/fr\/wp-json\/wp\/v2\/media?parent=9775"}],"curies":[{"name":"wp","href":"https:\/\/api.w.org\/{rel}","templated":true}]}}