{"id":9876,"date":"2021-03-24T06:06:25","date_gmt":"2021-03-24T06:06:25","guid":{"rendered":"https:\/\/54.68.147.74\/~lfs\/?page_id=9876"},"modified":"2025-11-18T07:03:19","modified_gmt":"2025-11-18T07:03:19","slug":"parents-volontaires","status":"publish","type":"page","link":"https:\/\/lfseoul.org\/fr\/parents-volontaires\/","title":{"rendered":"PARENTS VOLONTAIRES"},"content":{"rendered":"<div class=\"gb-container gb-container-d08d25ea\"><div class=\"gb-inside-container\">\n\n<p>Au Lyc\u00e9e Fran\u00e7ais de S\u00e9oul (LFS) les parents peuvent s\u2019investir au service de l\u2019ensemble de la communaut\u00e9 scolaire, dans un cadre institutionnel et\/ou \u00e9ducatif.&nbsp;<\/p>\n\n\n\n<p>Pour toute demande d\u2019information, vous pouvez contacter notre \u00e9quipe:<\/p>\n\n<\/div><\/div>\n\n<div class=\"gb-container gb-container-0c38f7b1\"><div class=\"gb-inside-container\">\n<div class=\"gb-container gb-container-ba6d0f87\"><div class=\"gb-inside-container\">\n<div class=\"wp-block-image\">\n<figure class=\"aligncenter size-large is-resized\"><img loading=\"lazy\" decoding=\"async\" width=\"186\" height=\"120\" src=\"https:\/\/lfseoul.org\/wp-content\/uploads\/2021\/03\/email-icon.jpg\" alt=\"\" class=\"wp-image-8903\" style=\"width:186px;height:120px\" srcset=\"https:\/\/lfseoul.org\/wp-content\/uploads\/2021\/03\/email-icon.jpg 186w, https:\/\/lfseoul.org\/wp-content\/uploads\/2021\/03\/email-icon-10x6.jpg 10w, https:\/\/lfseoul.org\/wp-content\/uploads\/2021\/03\/email-icon-15x10.jpg 15w, https:\/\/lfseoul.org\/wp-content\/uploads\/2021\/03\/email-icon-48x31.jpg 48w\" sizes=\"auto, (max-width: 186px) 100vw, 186px\" \/><\/figure><\/div>\n<\/div><\/div>\n\n<div class=\"gb-grid-wrapper gb-grid-wrapper-da4627f1\">\n<div class=\"gb-grid-column gb-grid-column-84c7466f\"><div class=\"gb-container gb-container-84c7466f\"><div class=\"gb-inside-container\">\n\n<p class=\"gb-headline gb-headline-e26b7db0 gb-headline-text\"><strong><strong>Secr\u00e9tariat du LFS<\/strong><\/strong><\/p>\n\n\n\n<h3 class=\"wp-block-heading has-text-align-center has-text-color has-normal-font-size\" id=\"block-6f3ddfe1-f2e4-41b7-a76f-7f41f8df6722\" style=\"color:#0f145a\"><img loading=\"lazy\" decoding=\"async\" width=\"20\" height=\"17\" class=\"wp-image-7333\" style=\"width: 20px;\" src=\"https:\/\/lfseoul.org\/wp-content\/uploads\/2021\/02\/mail-icon-blue.png\" alt=\"\" srcset=\"https:\/\/lfseoul.org\/wp-content\/uploads\/2021\/02\/mail-icon-blue.png 96w, https:\/\/lfseoul.org\/wp-content\/uploads\/2021\/02\/mail-icon-blue-10x8.png 10w, https:\/\/lfseoul.org\/wp-content\/uploads\/2021\/02\/mail-icon-blue-15x13.png 15w, https:\/\/lfseoul.org\/wp-content\/uploads\/2021\/02\/mail-icon-blue-48x41.png 48w\" sizes=\"auto, (max-width: 20px) 100vw, 20px\" \/> <a href=\"mailto:Secretariat@lfseoul.org\" class=\"rank-math-link\">Secretariat@lfseoul.org<\/a><br><img decoding=\"async\" class=\"wp-image-7444\" style=\"width: 20px;\" src=\"https:\/\/lfseoul.org\/wp-content\/uploads\/2021\/02\/call-icon.png\" alt=\"\"> <a href=\"tel:02-535-1158\" class=\"rank-math-link\">02 535 1158<\/a><\/h3>\n\n<\/div><\/div><\/div>\n<\/div>\n<\/div><\/div>\n\n<div class=\"gb-container gb-container-574af366\"><div class=\"gb-inside-container\">\n<div class=\"gb-grid-wrapper gb-grid-wrapper-833e90d8\">\n<div class=\"gb-grid-column gb-grid-column-1139f842\"><div class=\"gb-container gb-container-1139f842\"><div class=\"gb-inside-container\">\n\n<h1 class=\"wp-block-heading has-text-color has-medium-font-size\" style=\"color:#d72335\">Engagement institutionnel<\/h1>\n\n\n\n<div style=\"height:30px\" aria-hidden=\"true\" class=\"wp-block-spacer\"><\/div>\n\n\n\n<p>Le fonctionnement des \u00e9tablissements scolaires pr\u00e9voit la participation des parents aux instances de <a href=\"https:\/\/lfseoul.org\/gouvernance\/\" target=\"_blank\" rel=\"noreferrer noopener\">gouvernance<\/a> suivantes :<\/p>\n\n\n\n<ul id=\"block-0c462520-12ad-4278-a429-72f383b294d1\" class=\"wp-block-list animated fadeInDown\">\n<li>parents \u00e9lus au <span style=\"color: #d72335;\" data=\"#d72335\" class=\"qubely-text-has-color\">Bureau de l\u2019Association des Parents d\u2019El\u00e8ves<\/span> (APE), si\u00e9geant au Conseil de gestion. Pour contacter l&rsquo;APE, envoyer un mail \u00e0 &nbsp;<a href=\"mailto:ape@lfseoul.org\" target=\"_blank\" rel=\"noreferrer noopener\">ape@lfseoul.org<\/a>&nbsp;;<\/li>\n\n\n\n<li>repr\u00e9sentants des parents \u00e9lus au <span style=\"color: #d72335;\" data=\"#d72335\" class=\"qubely-text-has-color\">Conseil d\u2019\u00e9tablissement <\/span>; au secondaire les repr\u00e9sentants des parents sont \u00e9galement membres de plusieurs commissions &#8211; disciplinaire, \u00e9ducative, \u00e9ducation \u00e0 la sant\u00e9 et \u00e0 la citoyennet\u00e9, restauration, voyage ;<\/li>\n\n\n\n<li>repr\u00e9sentants des parents \u00e9lus au <span style=\"color: #d72335;\" data=\"#d72335\" class=\"qubely-text-has-color\">Conseil d\u2019\u00e9cole<\/span>, faisant le relais entre les parents de la classe et l\u2019enseignant, et si\u00e9geant au Conseil d\u2019\u00e9cole. Pour \u00eatre parent d\u00e9l\u00e9gu\u00e9, merci de vous manifester d\u00e9but octobre \u00e0 <a href=\"mailto:secretariat@lfseoul.org\">secretariat@lfseoul.org<\/a> ;<\/li>\n\n\n\n<li>parents volontaires d\u00e9l\u00e9gu\u00e9s de chaque classe au secondaire, si\u00e9geant aux <span style=\"color: #d72335;\" data=\"#d72335\" class=\"qubely-text-has-color\">conseils de classe<\/span> et assurant l\u2019interface entre l\u2019\u00e9tablissement et les autres parents. Pour \u00eatre parent d\u00e9l\u00e9gu\u00e9, merci de vous manifester d\u00e9but octobre \u00e0 <a href=\"mailto:cpe@lfseoul.org\">cpe@lfseoul.org<\/a>.<\/li>\n<\/ul>\n\n<\/div><\/div><\/div>\n\n<div class=\"gb-grid-column gb-grid-column-49f95900\"><div class=\"gb-container gb-container-49f95900\"><div class=\"gb-inside-container\">\n\n<h2 class=\"wp-block-heading has-text-color has-medium-font-size\" id=\"block-8a81201d-71fc-4b2e-a5fe-a5a0f9c9bc0d\" style=\"color:#d72335\"><strong>ENGAGEMENT \u00c9DUCATIF<\/strong><\/h2>\n\n\n\n<div style=\"height:30px\" aria-hidden=\"true\" class=\"wp-block-spacer\"><\/div>\n\n\n\n<p>Les parents d&rsquo;\u00e9l\u00e8ves peuvent participer \u00e0 la vie de l&rsquo;\u00e9tablissement de mani\u00e8re plus ponctuelle :<\/p>\n\n\n\n<ul class=\"wp-block-list animated fadeInDown\">\n<li><span style=\"color: #d72335;\" data=\"#d72335\" class=\"qubely-text-has-color\">encadrement<\/span> des \u00e9l\u00e8ves lors de sorties ou voyages scolaires ;<\/li>\n\n\n\n<li>\u201c<span style=\"color: #d72335;\" data=\"#d72335\" class=\"qubely-text-has-color\">r\u00e9serve citoyenne<\/span>\u201d : pour un partage d\u2019exp\u00e9riences avec les \u00e9l\u00e8ves lors du forum des m\u00e9tiers ou des interventions sp\u00e9cifiques dans le cadre de projets p\u00e9dagogiques ;<\/li>\n\n\n\n<li>participation \u00e0 des <span style=\"color: #d72335;\" data=\"#d72335\" class=\"qubely-text-has-color\">activit\u00e9s \u00e9ducatives, festives et p\u00e9dagogiques<\/span> \u00e0 l\u2019\u00e9cole primaire, comme la f\u00eate de No\u00ebl et la Kermesse de fin d\u2019ann\u00e9e&nbsp;;<\/li>\n\n\n\n<li>membre du <span style=\"color: #d72335;\" data=\"#d72335\" class=\"qubely-text-has-color\">Comit\u00e9 d\u2019accueil de l\u2019APE<\/span> pour r\u00e9pondre aux questions des nouveaux parents. Cliquez sur le bouton ci-dessous pour retrouver l\u2019\u00e9quipe du comit\u00e9 d\u2019accueil 2032-2024 et leurs contacts:<\/li>\n<\/ul>\n\n\n\n<div class=\"wp-block-qubely-button qubely-block-7f0179\"><div class=\"qubely-block-btn-wrapper \"><div class=\"qubely-block-btn\"><a class=\"qubely-block-btn-anchor is-large\" href=\"https:\/\/lfseoul.org\/wp-content\/uploads\/2025\/11\/WC-Leaflet-Final-8.7.25_compressed.pdf\" target=\"_blank\" rel=\"noopener noreferrer\">LIVRET DE COMIT\u00c9 D&rsquo;ACCUEIL DE L&rsquo;APE 2025-2026<\/a><\/div><\/div><\/div>\n\n<\/div><\/div><\/div>\n<\/div>\n<\/div><\/div>\n\n<div class=\"gb-container gb-container-76af44f5\"><div class=\"gb-inside-container\">\n\n<h1 class=\"wp-block-heading has-text-align-center has-text-color\" style=\"color:#0f145a\">t\u00e9moignage<\/h1>\n\n<\/div><\/div>\n\n\n<div class=\"wp-block-qubely-testimonial qubely-block-3e04b4 animated fadeInDown\"><div class=\"qubely-block-testimonial \"><div class=\"qubely-testimonial-content\"><div><em>La co-gestion Parents &#8211; LFS est un atout crucial participant au bien-\u00eatre de la communaut\u00e9 et \u00e0 la r\u00e9ussite dans l\u2019organisation de l\u2019\u00e9tablissement. Etre membre de l\u2019APE m\u2019a permis de mieux comprendre les enjeux du LFS, de contribuer \u00e0 promouvoir les \u00e9changes entre les parents et le LFS tout en mettant \u00e0 profit mes comp\u00e9tences en gestion de projets avec les \u00e9quipes du LFS.<br><\/em><\/div><\/div><div class=\"qubely-testimonial-ratings\" style=\"--qubely-testimonial-rating:90%\"><\/div><div class=\"qubely-testimonial-author\"><div class=\"qubely-testimonial-avatar-layout-left\"><img decoding=\"async\" class=\"qubely-testimonial-avatar\" src=\"https:\/\/lfseoul.org\/wp-content\/uploads\/2021\/03\/Jessica-1.jpg\" srcset=\"\" alt=\"\"\/><div class=\"qubely-testimonial-author-info\"><div class=\"qubely-testimonial-author-name\"><span><em>Jessica Diaw<\/em><\/span><\/div><div class=\"qubely-testimonial-author-designation\"><span>Parente \u00e9lue au Bureau de l&rsquo;APE, et<br><em>membre du Comit\u00e9 communication et marketing <\/em><\/span><\/div><\/div><\/div><\/div><\/div><\/div>\n\n\n\n<div style=\"height:40px\" aria-hidden=\"true\" class=\"wp-block-spacer\"><\/div>\n","protected":false},"excerpt":{"rendered":"<p>Au Lyc\u00e9e Fran\u00e7ais de S\u00e9oul (LFS) les parents peuvent s\u2019investir au service de l\u2019ensemble de la communaut\u00e9 scolaire, dans un cadre institutionnel et\/ou \u00e9ducatif.&nbsp; Pour toute demande d\u2019information, vous pouvez contacter notre \u00e9quipe: t\u00e9moignage<\/p>\n","protected":false},"author":4,"featured_media":18431,"parent":0,"menu_order":0,"comment_status":"closed","ping_status":"closed","template":"","meta":{"qubely_global_settings":"","qubely_interactions":"","inline_featured_image":false,"footnotes":""},"class_list":{"0":"post-9876","1":"page","2":"type-page","3":"status-publish","4":"has-post-thumbnail","6":"infinite-scroll-item","7":"resize-featured-image"},"_links":{"self":[{"href":"https:\/\/lfseoul.org\/fr\/wp-json\/wp\/v2\/pages\/9876","targetHints":{"allow":["GET"]}}],"collection":[{"href":"https:\/\/lfseoul.org\/fr\/wp-json\/wp\/v2\/pages"}],"about":[{"href":"https:\/\/lfseoul.org\/fr\/wp-json\/wp\/v2\/types\/page"}],"author":[{"embeddable":true,"href":"https:\/\/lfseoul.org\/fr\/wp-json\/wp\/v2\/users\/4"}],"replies":[{"embeddable":true,"href":"https:\/\/lfseoul.org\/fr\/wp-json\/wp\/v2\/comments?post=9876"}],"version-history":[{"count":14,"href":"https:\/\/lfseoul.org\/fr\/wp-json\/wp\/v2\/pages\/9876\/revisions"}],"predecessor-version":[{"id":21568,"href":"https:\/\/lfseoul.org\/fr\/wp-json\/wp\/v2\/pages\/9876\/revisions\/21568"}],"wp:featuredmedia":[{"embeddable":true,"href":"https:\/\/lfseoul.org\/fr\/wp-json\/wp\/v2\/media\/18431"}],"wp:attachment":[{"href":"https:\/\/lfseoul.org\/fr\/wp-json\/wp\/v2\/media?parent=9876"}],"curies":[{"name":"wp","href":"https:\/\/api.w.org\/{rel}","templated":true}]}}