{"id":9901,"date":"2021-03-24T07:48:21","date_gmt":"2021-03-24T07:48:21","guid":{"rendered":"https:\/\/54.68.147.74\/~lfs\/?page_id=9901"},"modified":"2025-09-09T01:21:27","modified_gmt":"2025-09-09T01:21:27","slug":"vie-au-lycee","status":"publish","type":"page","link":"https:\/\/lfseoul.org\/fr\/vie-au-lycee\/","title":{"rendered":"VIE AU LYC\u00c9E"},"content":{"rendered":"\n<style>\n.site-content {\n    display: block !important;\n}\n<\/style>\n\n\n<div class=\"gb-container gb-container-11cc4cd4\"><div class=\"gb-inside-container\">\n\n<p>Le Lyc\u00e9e Fran\u00e7ais de S\u00e9oul (LFS) offre un <span style=\"color: #d72335;\" data=\"#d72335\" class=\"qubely-text-has-color\">environnement stimulant et valorisant<\/span> pour les \u00e9l\u00e8ves. <\/p>\n\n\n\n<p>Ils participent \u00e0 des <span style=\"color: #d72335;\" data=\"#d72335\" class=\"qubely-text-has-color\">projets collaboratifs<\/span>, des <span style=\"color: #d72335;\" data=\"#d72335\" class=\"qubely-text-has-color\">comp\u00e9titions sportives<\/span>, des <span style=\"color: #d72335;\" data=\"#d72335\" class=\"qubely-text-has-color\">rencontres \u00e9ducatives<\/span>, des <span style=\"color: #d72335;\" data=\"#d72335\" class=\"qubely-text-has-color\">\u00e9v\u00e9nements culturels<\/span> \u00e0 l\u2019occasion de projets en classe ou d\u2019activit\u00e9s extra-scolaires. Les \u00e9l\u00e8ves ont l\u2019opportunit\u00e9 de d\u00e9couvrir de nombreuses disciplines et de se perfectionner dans leurs domaines de pr\u00e9dilection.&nbsp;<\/p>\n\n\n\n<p>Les \u00e9quipes p\u00e9dagogiques et administratives encouragent les \u00e9l\u00e8ves dans leurs projets tout en apportant une attention particuli\u00e8re \u00e0 chacun d&rsquo;eux afin qu&rsquo;ils grandissent et se d\u00e9veloppent dans les meilleures conditions possibles.<\/p>\n\n<\/div><\/div>\n\n<div class=\"gb-container gb-container-cfef8eef\"><div class=\"gb-inside-container\">\n\n<h2 class=\"wp-block-heading has-text-align-center\" id=\"pour\"><a href=\"https:\/\/lfseoul.org\/student-project\/\" class=\"rank-math-link\"><\/a><strong><strong>ACTIVIT\u00c9S EXTRA-SCOLAIRES<\/strong><\/strong><\/h2>\n\n\n<div class=\"gb-container gb-container-dc9ccaf4\"><div class=\"gb-inside-container\">\n<div class=\"gb-grid-wrapper gb-grid-wrapper-7897b0ea\">\n<div class=\"gb-grid-column gb-grid-column-859885b6\"><div class=\"gb-container gb-container-859885b6\"><div class=\"gb-inside-container\">\n\n<figure class=\"wp-block-image alignfull size-large\"><img loading=\"lazy\" decoding=\"async\" width=\"1024\" height=\"568\" src=\"https:\/\/lfseoul.org\/wp-content\/uploads\/2021\/03\/JIK_2832-copie-1024x568.jpg\" alt=\"\" class=\"wp-image-9994\" srcset=\"https:\/\/lfseoul.org\/wp-content\/uploads\/2021\/03\/JIK_2832-copie-1024x568.jpg 1024w, https:\/\/lfseoul.org\/wp-content\/uploads\/2021\/03\/JIK_2832-copie-300x166.jpg 300w, https:\/\/lfseoul.org\/wp-content\/uploads\/2021\/03\/JIK_2832-copie-768x426.jpg 768w, https:\/\/lfseoul.org\/wp-content\/uploads\/2021\/03\/JIK_2832-copie-1536x852.jpg 1536w, https:\/\/lfseoul.org\/wp-content\/uploads\/2021\/03\/JIK_2832-copie-2048x1136.jpg 2048w, https:\/\/lfseoul.org\/wp-content\/uploads\/2021\/03\/JIK_2832-copie-10x6.jpg 10w, https:\/\/lfseoul.org\/wp-content\/uploads\/2021\/03\/JIK_2832-copie-15x8.jpg 15w, https:\/\/lfseoul.org\/wp-content\/uploads\/2021\/03\/JIK_2832-copie-48x27.jpg 48w\" sizes=\"auto, (max-width: 1024px) 100vw, 1024px\" \/><\/figure>\n\n<\/div><\/div><\/div>\n\n<div class=\"gb-grid-column gb-grid-column-411bd688\"><div class=\"gb-container gb-container-411bd688\"><div class=\"gb-inside-container\">\n\n<p>Le LFS propose des <span style=\"color: #d72335;\" data=\"#d72335\" class=\"qubely-text-has-color\">activit\u00e9s extra-scolaires<\/span> apr\u00e8s l&rsquo;\u00e9cole, aux \u00e9l\u00e8ves <span style=\"color: #d72335;\" data=\"#d72335\" class=\"qubely-text-has-color\">de la PS \u00e0 la Terminale<\/span>. Par la pratique du sport, de la musique, de l&rsquo;art, d&rsquo;activit\u00e9s p\u00e9dagogiques, scientifiques ou culturelles, ils d\u00e9veloppent des comp\u00e9tences compl\u00e9mentaires \u00e0 leur apprentissage scolaire et rencontrent les \u00e9l\u00e8ves des autres classes.<\/p>\n\n\n\n<p>Les \u00e9l\u00e8ves de primaire ont \u00e9galement l&rsquo;opportunit\u00e9 de s&rsquo;inscrire aux services extra-scolaires, proposant une <span style=\"color: #d72335;\" data=\"#d72335\" class=\"qubely-text-has-color\">garderie<\/span> avant l&rsquo;\u00e9cole, des <span style=\"color: #d72335;\" data=\"#d72335\" class=\"qubely-text-has-color\">\u00e9tudes surveill\u00e9es<\/span> ou des <span style=\"color: #d72335;\" data=\"#d72335\" class=\"qubely-text-has-color\">cours de fran\u00e7ais langue \u00e9trang\u00e8re<\/span> apr\u00e8s la classe.<\/p>\n\n\n\n<p>Enfin, un <span style=\"color: #d72335;\" data=\"#d72335\" class=\"qubely-text-has-color\">camp estival<\/span> est propos\u00e9 aux \u00e9l\u00e8ves internes et externes du LFS, pendant le mois de juillet.<\/p>\n\n\n\n<p><a href=\"https:\/\/lfseoul.org\/activites-extrascolaires\/\" target=\"_blank\" rel=\"noreferrer noopener\">Plus d&rsquo;informations sur la page des Activit\u00e9s extra-scolaires.<\/a><\/p>\n\n<\/div><\/div><\/div>\n<\/div>\n<\/div><\/div>\n<\/div><\/div>\n\n<div class=\"gb-container gb-container-9551e87e\"><div class=\"gb-inside-container\">\n\n<h2 class=\"wp-block-heading has-text-align-center\" id=\"pour\"><a href=\"https:\/\/lfseoul.org\/student-project\/\" class=\"rank-math-link\"><\/a><strong>SANT<strong>\u00c9<\/strong> &amp; VIE SCOLAIRE<\/strong><\/h2>\n\n\n<div class=\"gb-container gb-container-7d8f82a7\"><div class=\"gb-inside-container\">\n<div class=\"gb-grid-wrapper gb-grid-wrapper-5bd634b8\">\n<div class=\"gb-grid-column gb-grid-column-d7f0a38a\"><div class=\"gb-container gb-container-d7f0a38a\"><div class=\"gb-inside-container\">\n\n<p>L&rsquo;infirmi\u00e8re scolaire coordonne l\u2019<span style=\"color: #d72335;\" data=\"#d72335\" class=\"qubely-text-has-color\">\u00e9ducation \u00e0 la sant\u00e9<\/span> et les <span style=\"color: #d72335;\" data=\"#d72335\" class=\"qubely-text-has-color\">actions de pr\u00e9vention-sant\u00e9<\/span> pour tous. Elle contribue \u00e0 assurer le suivi de la sant\u00e9 physique, \u00e9motionnelle et psychologique de tous.<\/p>\n\n\n\n<p>Le LFS est \u00e9galement un lieu s\u00e9curisant et bienveillant o\u00f9 les \u00e9quipes p\u00e9dagogiques et administratives veillent au bien-\u00eatre et \u00e0 l\u2019\u00e9panouissement de chacun. L\u2019\u00e9quipe de la Vie scolaire assure l&rsquo;<span style=\"color: #d72335;\" data=\"#d72335\" class=\"qubely-text-has-color\">encadrement<\/span>, la surveillance et la <span style=\"color: #d72335;\" data=\"#d72335\" class=\"qubely-text-has-color\">s\u00e9curit\u00e9<\/span> des \u00e9l\u00e8ves \u00e0 tout moment en dehors du temps de classe. Elle joue aussi un r\u00f4le essentiel d\u2019interlocuteurs et de relais entre les \u00e9l\u00e8ves et l\u2019institution.<\/p>\n\n\n\n<p><a href=\"https:\/\/lfseoul.org\/sante-vie-scolaire\/\" target=\"_blank\" rel=\"noreferrer noopener\">Plus d&rsquo;informations sur la page Sant\u00e9 &amp; vie scolaire<\/a> <\/p>\n\n<\/div><\/div><\/div>\n\n<div class=\"gb-grid-column gb-grid-column-29b3f48d\"><div class=\"gb-container gb-container-29b3f48d\"><div class=\"gb-inside-container\">\n\n<figure class=\"wp-block-image alignfull size-large\"><img loading=\"lazy\" decoding=\"async\" width=\"1024\" height=\"779\" src=\"https:\/\/lfseoul.org\/wp-content\/uploads\/2025\/09\/Vie-scolaire-1-e1756780639918-1024x779.jpg\" alt=\"\" class=\"wp-image-21338\" srcset=\"https:\/\/lfseoul.org\/wp-content\/uploads\/2025\/09\/Vie-scolaire-1-e1756780639918-1024x779.jpg 1024w, https:\/\/lfseoul.org\/wp-content\/uploads\/2025\/09\/Vie-scolaire-1-e1756780639918-300x228.jpg 300w, https:\/\/lfseoul.org\/wp-content\/uploads\/2025\/09\/Vie-scolaire-1-e1756780639918-768x584.jpg 768w, https:\/\/lfseoul.org\/wp-content\/uploads\/2025\/09\/Vie-scolaire-1-e1756780639918-1536x1169.jpg 1536w, https:\/\/lfseoul.org\/wp-content\/uploads\/2025\/09\/Vie-scolaire-1-e1756780639918-10x8.jpg 10w, https:\/\/lfseoul.org\/wp-content\/uploads\/2025\/09\/Vie-scolaire-1-e1756780639918-15x11.jpg 15w, https:\/\/lfseoul.org\/wp-content\/uploads\/2025\/09\/Vie-scolaire-1-e1756780639918-48x37.jpg 48w, https:\/\/lfseoul.org\/wp-content\/uploads\/2025\/09\/Vie-scolaire-1-e1756780639918.jpg 1853w\" sizes=\"auto, (max-width: 1024px) 100vw, 1024px\" \/><\/figure>\n\n<\/div><\/div><\/div>\n<\/div>\n<\/div><\/div>\n<\/div><\/div>\n\n<div class=\"gb-container gb-container-e4bde444\"><div class=\"gb-inside-container\">\n\n<h2 class=\"wp-block-heading has-text-align-center\" id=\"pour\"><strong>CANTINE, BUS &amp; FOURNITURES SCOLAIRES<\/strong><\/h2>\n\n\n\n<div style=\"height:20px\" aria-hidden=\"true\" class=\"wp-block-spacer\"><\/div>\n\n\n<div class=\"gb-grid-wrapper gb-grid-wrapper-34cd0b68\">\n<div class=\"gb-grid-column gb-grid-column-439a12b5\"><div class=\"gb-container gb-container-439a12b5\"><div class=\"gb-inside-container\">\n<div class=\"wp-block-image\">\n<figure class=\"aligncenter size-large\"><img loading=\"lazy\" decoding=\"async\" width=\"1024\" height=\"682\" src=\"https:\/\/lfseoul.org\/wp-content\/uploads\/2021\/03\/JIK_5023-1024x682.jpg\" alt=\"\" class=\"wp-image-9910\" srcset=\"https:\/\/lfseoul.org\/wp-content\/uploads\/2021\/03\/JIK_5023-1024x682.jpg 1024w, https:\/\/lfseoul.org\/wp-content\/uploads\/2021\/03\/JIK_5023-300x200.jpg 300w, https:\/\/lfseoul.org\/wp-content\/uploads\/2021\/03\/JIK_5023-768x512.jpg 768w, https:\/\/lfseoul.org\/wp-content\/uploads\/2021\/03\/JIK_5023-1536x1024.jpg 1536w, https:\/\/lfseoul.org\/wp-content\/uploads\/2021\/03\/JIK_5023-2048x1365.jpg 2048w, https:\/\/lfseoul.org\/wp-content\/uploads\/2021\/03\/JIK_5023-1200x800.jpg 1200w, https:\/\/lfseoul.org\/wp-content\/uploads\/2021\/03\/JIK_5023-10x7.jpg 10w, https:\/\/lfseoul.org\/wp-content\/uploads\/2021\/03\/JIK_5023-15x10.jpg 15w, https:\/\/lfseoul.org\/wp-content\/uploads\/2021\/03\/JIK_5023-48x32.jpg 48w\" sizes=\"auto, (max-width: 1024px) 100vw, 1024px\" \/><\/figure><\/div>\n<\/div><\/div><\/div>\n\n<div class=\"gb-grid-column gb-grid-column-4388ce35\"><div class=\"gb-container gb-container-4388ce35\"><div class=\"gb-inside-container\">\n\n<p>Les \u00e9l\u00e8ves du LFS ont acc\u00e8s \u00e0 un <span style=\"color: #d72335;\" data=\"#d72335\" class=\"qubely-text-has-color\">r\u00e9fectoire r\u00e9nov\u00e9<\/span> en 2019 o\u00f9 des <span style=\"color: #d72335;\" data=\"#d72335\" class=\"qubely-text-has-color\">repas fran\u00e7ais traditionnels<\/span> sont pr\u00e9par\u00e9s sur place. R\u00e9guli\u00e8rement un menu cor\u00e9en ou un menu \u00e9tranger est cuisin\u00e9 afin que les \u00e9l\u00e8ves d\u00e9couvrent les saveurs du monde.<\/p>\n\n\n\n<p>Aujourd&rsquo;hui le r\u00e9fectoire a \u00e9t\u00e9 am\u00e9nag\u00e9 pour r\u00e9pondre aux conditions sanitaires actuelles et permettre aux \u00e9l\u00e8ves de manger en collectivit\u00e9. <\/p>\n\n\n\n<p>Un service de <span style=\"color: #d72335;\" data=\"#d72335\" class=\"qubely-text-has-color\">bus<\/span> est assur\u00e9 du lundi au vendredi par la compagnie Tazyo. Un accompagnant est pr\u00e9sent tout au long du trajet.<\/p>\n\n\n\n<p>Les <span style=\"color: #d72335;\" data=\"#d72335\" class=\"qubely-text-has-color\">fournitures scolaires<\/span> sont fournies au primaire, et les manuels scolaires pr\u00eat\u00e9s au secondaire.<\/p>\n\n\n\n<p><a href=\"https:\/\/lfseoul.org\/cantine-bus-fournitures\/\" target=\"_blank\" rel=\"noreferrer noopener\">Plus d&rsquo;informations sur la page Cantine, bus et fournitures scolaires.<\/a><\/p>\n\n<\/div><\/div><\/div>\n<\/div>\n<\/div><\/div>\n\n<div class=\"gb-container gb-container-218631fc\"><div class=\"gb-inside-container\">\n\n<h2 class=\"wp-block-heading has-text-align-center\" id=\"pour\"><a href=\"https:\/\/lfseoul.org\/student-project\/\" class=\"rank-math-link\"><\/a><strong><strong>PROTOCOLE SANT\u00c9 &amp; S\u00c9CURIT\u00c9<\/strong><\/strong><\/h2>\n\n\n<div class=\"gb-container gb-container-468442a1\"><div class=\"gb-inside-container\">\n<div class=\"gb-grid-wrapper gb-grid-wrapper-58943664\">\n<div class=\"gb-grid-column gb-grid-column-3c7042b5\"><div class=\"gb-container gb-container-3c7042b5\"><div class=\"gb-inside-container\">\n\n<p>La sant\u00e9 et la s\u00e9curit\u00e9 de tous les membres du LFS font l&rsquo;objet de <span style=\"color: #d72335;\" data=\"#d72335\" class=\"qubely-text-has-color\">protocoles adapt\u00e9s \u00e0 l&rsquo;\u00e9tablissement et \u00e0 son environnement<\/span>, mis \u00e0 l&rsquo;\u00e9preuve r\u00e9guli\u00e8rement et r\u00e9vis\u00e9s en cas de besoin.<\/p>\n\n\n\n<p>L&rsquo;ensemble du personnel du LFS est inform\u00e9 des protocoles :<\/p>\n\n\n\n<ul id=\"block-47b5d13a-6684-4dcb-ac1d-0a6e26653b9a\" class=\"wp-block-list animated fadeInRight\">\n<li><span style=\"color: #d72335;\" data=\"#d72335\" class=\"qubely-text-has-color\">protocole en cas de pollution atmosph\u00e9rique<\/span> adaptant l&rsquo;activit\u00e9 ext\u00e9rieure des \u00e9l\u00e8ves en fonction de l&rsquo;indice AQI<\/li>\n\n\n\n<li><span style=\"color: #d72335;\" data=\"#d72335\" class=\"qubely-text-has-color\">protocole d&rsquo;hygi\u00e8ne<\/span> pour toute personne entrant dans l&rsquo;\u00e9tablissement, en particulier le protocole d\u00e9di\u00e9 \u00e0 la situation sanitaire du COVID-19<\/li>\n\n\n\n<li><span style=\"color: #d72335;\" data=\"#d72335\" class=\"qubely-text-has-color\">protocole en cas d&rsquo;accident<\/span> dans et hors de l&rsquo;\u00e9tablissement<\/li>\n\n\n\n<li><span style=\"color: #d72335;\" data=\"#d72335\" class=\"qubely-text-has-color\">protocole de s\u00e9curit\u00e9<\/span>, dit le Plan Particulier de Mise en S\u00fbret\u00e9, prot\u00e9geant les personnes dans l&rsquo;\u00e9tablissement en cas d&rsquo;incident ou d&rsquo;accident majeur<\/li>\n<\/ul>\n\n\n\n<p><a href=\"https:\/\/lfseoul.org\/protocoles-sante-securite\/\" target=\"_blank\" rel=\"noreferrer noopener\">Plus d&rsquo;informations sur la page Protocoles sant\u00e9 &amp; s\u00e9curit\u00e9<\/a><\/p>\n\n<\/div><\/div><\/div>\n\n<div class=\"gb-grid-column gb-grid-column-88c4040a\"><div class=\"gb-container gb-container-88c4040a\"><div class=\"gb-inside-container\">\n\n<figure class=\"wp-block-image alignfull size-large\"><img loading=\"lazy\" decoding=\"async\" width=\"1024\" height=\"682\" src=\"https:\/\/lfseoul.org\/wp-content\/uploads\/2021\/03\/JIK_5895-1024x682.jpg\" alt=\"\" class=\"wp-image-10390\" srcset=\"https:\/\/lfseoul.org\/wp-content\/uploads\/2021\/03\/JIK_5895-1024x682.jpg 1024w, https:\/\/lfseoul.org\/wp-content\/uploads\/2021\/03\/JIK_5895-300x200.jpg 300w, https:\/\/lfseoul.org\/wp-content\/uploads\/2021\/03\/JIK_5895-768x512.jpg 768w, https:\/\/lfseoul.org\/wp-content\/uploads\/2021\/03\/JIK_5895-1536x1024.jpg 1536w, https:\/\/lfseoul.org\/wp-content\/uploads\/2021\/03\/JIK_5895-2048x1365.jpg 2048w, https:\/\/lfseoul.org\/wp-content\/uploads\/2021\/03\/JIK_5895-1200x800.jpg 1200w, https:\/\/lfseoul.org\/wp-content\/uploads\/2021\/03\/JIK_5895-10x7.jpg 10w, https:\/\/lfseoul.org\/wp-content\/uploads\/2021\/03\/JIK_5895-15x10.jpg 15w, https:\/\/lfseoul.org\/wp-content\/uploads\/2021\/03\/JIK_5895-48x32.jpg 48w\" sizes=\"auto, (max-width: 1024px) 100vw, 1024px\" \/><\/figure>\n\n<\/div><\/div><\/div>\n<\/div>\n<\/div><\/div>\n<\/div><\/div>\n\n<div class=\"gb-container gb-container-eee5867a\"><div class=\"gb-inside-container\">\n<div class=\"gb-grid-wrapper gb-grid-wrapper-58035dbe\">\n<div class=\"gb-grid-column gb-grid-column-2029b30c\"><div class=\"gb-container gb-container-2029b30c\"><div class=\"gb-inside-container\">\n\n<p class=\"gb-headline gb-headline-7e9e601e\"><span class=\"gb-icon\"><svg xmlns=\"http:\/\/www.w3.org\/2000\/svg\" viewBox=\"0 0 384 512\" width=\"1em\" height=\"1em\" aria-hidden=\"true\"><path d=\"M97.12 362.63c-8.69-8.69-4.16-6.24-25.12-11.85-9.51-2.55-17.87-7.45-25.43-13.32L1.2 448.7c-4.39 10.77 3.81 22.47 15.43 22.03l52.69-2.01L105.56 507c8 8.44 22.04 5.81 26.43-4.96l52.05-127.62c-10.84 6.04-22.87 9.58-35.31 9.58-19.5 0-37.82-7.59-51.61-21.37zM382.8 448.7l-45.37-111.24c-7.56 5.88-15.92 10.77-25.43 13.32-21.07 5.64-16.45 3.18-25.12 11.85-13.79 13.78-32.12 21.37-51.62 21.37-12.44 0-24.47-3.55-35.31-9.58L252 502.04c4.39 10.77 18.44 13.4 26.43 4.96l36.25-38.28 52.69 2.01c11.62.44 19.82-11.27 15.43-22.03zM263 340c15.28-15.55 17.03-14.21 38.79-20.14 13.89-3.79 24.75-14.84 28.47-28.98 7.48-28.4 5.54-24.97 25.95-45.75 10.17-10.35 14.14-25.44 10.42-39.58-7.47-28.38-7.48-24.42 0-52.83 3.72-14.14-.25-29.23-10.42-39.58-20.41-20.78-18.47-17.36-25.95-45.75-3.72-14.14-14.58-25.19-28.47-28.98-27.88-7.61-24.52-5.62-44.95-26.41-10.17-10.35-25-14.4-38.89-10.61-27.87 7.6-23.98 7.61-51.9 0-13.89-3.79-28.72.25-38.89 10.61-20.41 20.78-17.05 18.8-44.94 26.41-13.89 3.79-24.75 14.84-28.47 28.98-7.47 28.39-5.54 24.97-25.95 45.75-10.17 10.35-14.15 25.44-10.42 39.58 7.47 28.36 7.48 24.4 0 52.82-3.72 14.14.25 29.23 10.42 39.59 20.41 20.78 18.47 17.35 25.95 45.75 3.72 14.14 14.58 25.19 28.47 28.98C104.6 325.96 106.27 325 121 340c13.23 13.47 33.84 15.88 49.74 5.82a39.676 39.676 0 0 1 42.53 0c15.89 10.06 36.5 7.65 49.73-5.82zM97.66 175.96c0-53.03 42.24-96.02 94.34-96.02s94.34 42.99 94.34 96.02-42.24 96.02-94.34 96.02-94.34-42.99-94.34-96.02z\" fill=\"currentColor\"><\/path><\/svg><\/span><span class=\"gb-headline-text\"><strong>Pour une \u00e9ducation fran\u00e7aise homologu\u00e9e, <\/strong><br><strong>offrant des parcours plurilingues<\/strong><\/span><\/p>\n\n<\/div><\/div><\/div>\n<\/div>\n\n<div class=\"gb-button-wrapper gb-button-wrapper-70c5cc84\">\n\n<a class=\"gb-button gb-button-fada6491 gb-button-text\" href=\"https:\/\/lfseoul.org\/admission\/\" target=\"_blank\" rel=\"noopener noreferrer\">JE M&rsquo;INSCRIS<\/a>\n\n<\/div>\n<\/div><\/div>","protected":false},"excerpt":{"rendered":"<p>Le Lyc\u00e9e Fran\u00e7ais de S\u00e9oul (LFS) offre un environnement stimulant et valorisant pour les \u00e9l\u00e8ves. Ils participent \u00e0 des projets collaboratifs, des comp\u00e9titions sportives, des rencontres \u00e9ducatives, des \u00e9v\u00e9nements culturels \u00e0 l\u2019occasion de projets en classe ou d\u2019activit\u00e9s extra-scolaires. Les &#8230; <\/p>\n<p class=\"read-more-container\"><a title=\"VIE AU LYC\u00c9E\" class=\"read-more button\" href=\"https:\/\/lfseoul.org\/fr\/vie-au-lycee\/#more-9901\" aria-label=\"En savoir plus sur VIE AU LYC\u00c9E\">En savoir plus<\/a><\/p>\n","protected":false},"author":4,"featured_media":18525,"parent":0,"menu_order":0,"comment_status":"closed","ping_status":"closed","template":"qubely_full_width","meta":{"qubely_global_settings":"","qubely_interactions":"","inline_featured_image":false,"footnotes":""},"class_list":{"0":"post-9901","1":"page","2":"type-page","3":"status-publish","4":"has-post-thumbnail","6":"infinite-scroll-item","7":"resize-featured-image"},"_links":{"self":[{"href":"https:\/\/lfseoul.org\/fr\/wp-json\/wp\/v2\/pages\/9901","targetHints":{"allow":["GET"]}}],"collection":[{"href":"https:\/\/lfseoul.org\/fr\/wp-json\/wp\/v2\/pages"}],"about":[{"href":"https:\/\/lfseoul.org\/fr\/wp-json\/wp\/v2\/types\/page"}],"author":[{"embeddable":true,"href":"https:\/\/lfseoul.org\/fr\/wp-json\/wp\/v2\/users\/4"}],"replies":[{"embeddable":true,"href":"https:\/\/lfseoul.org\/fr\/wp-json\/wp\/v2\/comments?post=9901"}],"version-history":[{"count":11,"href":"https:\/\/lfseoul.org\/fr\/wp-json\/wp\/v2\/pages\/9901\/revisions"}],"predecessor-version":[{"id":21396,"href":"https:\/\/lfseoul.org\/fr\/wp-json\/wp\/v2\/pages\/9901\/revisions\/21396"}],"wp:featuredmedia":[{"embeddable":true,"href":"https:\/\/lfseoul.org\/fr\/wp-json\/wp\/v2\/media\/18525"}],"wp:attachment":[{"href":"https:\/\/lfseoul.org\/fr\/wp-json\/wp\/v2\/media?parent=9901"}],"curies":[{"name":"wp","href":"https:\/\/api.w.org\/{rel}","templated":true}]}}